{"id":1462459,"date":"2026-05-06T21:17:01","date_gmt":"2026-05-06T18:17:01","guid":{"rendered":"https:\/\/kruze.ee\/product\/fare-mini-kerge-vihmavari-88cm\/"},"modified":"2026-05-06T21:20:51","modified_gmt":"2026-05-06T18:20:51","slug":"fare-mini-kerge-vihmavari-88cm","status":"publish","type":"product","link":"https:\/\/kruze.ee\/et\/toode\/fare-mini-kerge-vihmavari-88cm\/","title":{"rendered":"Fare Mini kerge vihmavari 88cm"},"content":{"rendered":"<p>kvaliteetne Windproof PLUS s\u00fcsteem tagab maksimaalse raami paindlikkuse tormistes ilmastikutingimustes, must alumiiniumvars, taaskasutatud plastist valmistatud pol\u00fcesterpongee kate, eriti kerge konstruktsioon, mattmusta viimistlusega taaskasutatud ABS-plastist (rABS) k\u00e4epide v\u00f5imalusega lisada reklaamtr\u00fckk. T\u00e4nu \u00fclikergele kaalule ja kompaktsele suurusele sobib h\u00e4sti k\u00e4ekotti.<\/p>\n","protected":false},"excerpt":{"rendered":"<p>kvaliteetne Windproof PLUS s\u00fcsteem tagab maksimaalse raami paindlikkuse tormistes ilmastikutingimustes, must alumiiniumvars, taaskasutatud plastist valmistatud&#8230;<\/p>\n","protected":false},"featured_media":0,"template":"","meta":[],"product_brand":[],"product_cat":[5364],"product_tag":[],"class_list":{"0":"post-1462459","1":"product","2":"type-product","3":"status-publish","5":"product_cat-vihmavarjud","6":"pa_brand-fare","7":"pa_color-cream","8":"pa_color-hall","9":"pa_color-laimiroheline","10":"pa_color-magenta","11":"pa_color-black-2","12":"pa_color-punane","13":"pa_color-tumesinine","14":"pa_gender-uniseks","15":"pa_gender-unisex","19":"first","20":"instock","21":"taxable","22":"shipping-taxable","23":"purchasable","24":"product-type-variable"},"acf":[],"yoast_head":"<!-- This site is optimized with the Yoast SEO plugin v26.0 - https:\/\/yoast.com\/wordpress\/plugins\/seo\/ -->\n<title>Kerge kokkupandav vihmavari logoga | Kruze Disain<\/title>\n<meta name=\"description\" content=\"Kerge ja kompaktne kokkupandav vihmavari logotr\u00fckiga. Windproof PLUS s\u00fcsteem, taaskasutatud materjalid ning mugav kaasaskandmiseks. Sobib reklaamkingituseks\" \/>\n<meta name=\"robots\" content=\"index, follow, max-snippet:-1, max-image-preview:large, max-video-preview:-1\" \/>\n<link rel=\"canonical\" href=\"https:\/\/kruze.ee\/et\/toode\/fare-mini-kerge-vihmavari-88cm\/\" \/>\n<meta property=\"og:locale\" content=\"et_EE\" \/>\n<meta property=\"og:type\" content=\"article\" \/>\n<meta property=\"og:title\" content=\"Kerge kokkupandav vihmavari logoga | Kruze Disain\" \/>\n<meta property=\"og:description\" content=\"Kerge ja kompaktne kokkupandav vihmavari logotr\u00fckiga. Windproof PLUS s\u00fcsteem, taaskasutatud materjalid ning mugav kaasaskandmiseks. Sobib reklaamkingituseks\" \/>\n<meta property=\"og:url\" content=\"https:\/\/kruze.ee\/et\/toode\/fare-mini-kerge-vihmavari-88cm\/\" \/>\n<meta property=\"og:site_name\" content=\"Kruze.ee\" \/>\n<meta property=\"article:modified_time\" content=\"2026-05-06T18:20:51+00:00\" \/>\n<meta name=\"twitter:card\" content=\"summary_large_image\" \/>\n<meta name=\"twitter:label1\" content=\"Est. reading time\" \/>\n\t<meta name=\"twitter:data1\" content=\"1 minut\" \/>\n<script type=\"application\/ld+json\" class=\"yoast-schema-graph\">{\"@context\":\"https:\/\/schema.org\",\"@graph\":[{\"@type\":\"WebPage\",\"@id\":\"https:\/\/kruze.ee\/et\/toode\/fare-mini-kerge-vihmavari-88cm\/\",\"url\":\"https:\/\/kruze.ee\/et\/toode\/fare-mini-kerge-vihmavari-88cm\/\",\"name\":\"Kerge kokkupandav vihmavari logoga | Kruze Disain\",\"isPartOf\":{\"@id\":\"https:\/\/kruze.ee\/et\/#website\"},\"datePublished\":\"2026-05-06T18:17:01+00:00\",\"dateModified\":\"2026-05-06T18:20:51+00:00\",\"description\":\"Kerge ja kompaktne kokkupandav vihmavari logotr\u00fckiga. Windproof PLUS s\u00fcsteem, taaskasutatud materjalid ning mugav kaasaskandmiseks. Sobib reklaamkingituseks\",\"breadcrumb\":{\"@id\":\"https:\/\/kruze.ee\/et\/toode\/fare-mini-kerge-vihmavari-88cm\/#breadcrumb\"},\"inLanguage\":\"et\",\"potentialAction\":[{\"@type\":\"ReadAction\",\"target\":[\"https:\/\/kruze.ee\/et\/toode\/fare-mini-kerge-vihmavari-88cm\/\"]}]},{\"@type\":\"BreadcrumbList\",\"@id\":\"https:\/\/kruze.ee\/et\/toode\/fare-mini-kerge-vihmavari-88cm\/#breadcrumb\",\"itemListElement\":[{\"@type\":\"ListItem\",\"position\":1,\"name\":\"Home\",\"item\":\"https:\/\/kruze.ee\/et\/\"},{\"@type\":\"ListItem\",\"position\":2,\"name\":\"Tooted\",\"item\":\"https:\/\/kruze.ee\/et\/tooted\/\"},{\"@type\":\"ListItem\",\"position\":3,\"name\":\"Fare Mini kerge vihmavari 88cm\"}]},{\"@type\":\"WebSite\",\"@id\":\"https:\/\/kruze.ee\/et\/#website\",\"url\":\"https:\/\/kruze.ee\/et\/\",\"name\":\"Kruze.ee\",\"description\":\"Reklaamkingitused, tr&uuml;kiga T-s&auml;rgid, fliisid, dressipluused, tekstiil, joped ja paljud teised logoga meened, &Auml;rikingitused sinu partnerile! Telli juba t&auml;na.\",\"potentialAction\":[{\"@type\":\"SearchAction\",\"target\":{\"@type\":\"EntryPoint\",\"urlTemplate\":\"https:\/\/kruze.ee\/et\/?s={search_term_string}\"},\"query-input\":{\"@type\":\"PropertyValueSpecification\",\"valueRequired\":true,\"valueName\":\"search_term_string\"}}],\"inLanguage\":\"et\"}]}<\/script>\n<!-- \/ Yoast SEO plugin. -->","yoast_head_json":{"title":"Kerge kokkupandav vihmavari logoga | Kruze Disain","description":"Kerge ja kompaktne kokkupandav vihmavari logotr\u00fckiga. Windproof PLUS s\u00fcsteem, taaskasutatud materjalid ning mugav kaasaskandmiseks. Sobib reklaamkingituseks","robots":{"index":"index","follow":"follow","max-snippet":"max-snippet:-1","max-image-preview":"max-image-preview:large","max-video-preview":"max-video-preview:-1"},"canonical":"https:\/\/kruze.ee\/et\/toode\/fare-mini-kerge-vihmavari-88cm\/","og_locale":"et_EE","og_type":"article","og_title":"Kerge kokkupandav vihmavari logoga | Kruze Disain","og_description":"Kerge ja kompaktne kokkupandav vihmavari logotr\u00fckiga. Windproof PLUS s\u00fcsteem, taaskasutatud materjalid ning mugav kaasaskandmiseks. Sobib reklaamkingituseks","og_url":"https:\/\/kruze.ee\/et\/toode\/fare-mini-kerge-vihmavari-88cm\/","og_site_name":"Kruze.ee","article_modified_time":"2026-05-06T18:20:51+00:00","twitter_card":"summary_large_image","twitter_misc":{"Est. reading time":"1 minut"},"schema":{"@context":"https:\/\/schema.org","@graph":[{"@type":"WebPage","@id":"https:\/\/kruze.ee\/et\/toode\/fare-mini-kerge-vihmavari-88cm\/","url":"https:\/\/kruze.ee\/et\/toode\/fare-mini-kerge-vihmavari-88cm\/","name":"Kerge kokkupandav vihmavari logoga | Kruze Disain","isPartOf":{"@id":"https:\/\/kruze.ee\/et\/#website"},"datePublished":"2026-05-06T18:17:01+00:00","dateModified":"2026-05-06T18:20:51+00:00","description":"Kerge ja kompaktne kokkupandav vihmavari logotr\u00fckiga. Windproof PLUS s\u00fcsteem, taaskasutatud materjalid ning mugav kaasaskandmiseks. Sobib reklaamkingituseks","breadcrumb":{"@id":"https:\/\/kruze.ee\/et\/toode\/fare-mini-kerge-vihmavari-88cm\/#breadcrumb"},"inLanguage":"et","potentialAction":[{"@type":"ReadAction","target":["https:\/\/kruze.ee\/et\/toode\/fare-mini-kerge-vihmavari-88cm\/"]}]},{"@type":"BreadcrumbList","@id":"https:\/\/kruze.ee\/et\/toode\/fare-mini-kerge-vihmavari-88cm\/#breadcrumb","itemListElement":[{"@type":"ListItem","position":1,"name":"Home","item":"https:\/\/kruze.ee\/et\/"},{"@type":"ListItem","position":2,"name":"Tooted","item":"https:\/\/kruze.ee\/et\/tooted\/"},{"@type":"ListItem","position":3,"name":"Fare Mini kerge vihmavari 88cm"}]},{"@type":"WebSite","@id":"https:\/\/kruze.ee\/et\/#website","url":"https:\/\/kruze.ee\/et\/","name":"Kruze.ee","description":"Reklaamkingitused, tr&uuml;kiga T-s&auml;rgid, fliisid, dressipluused, tekstiil, joped ja paljud teised logoga meened, &Auml;rikingitused sinu partnerile! Telli juba t&auml;na.","potentialAction":[{"@type":"SearchAction","target":{"@type":"EntryPoint","urlTemplate":"https:\/\/kruze.ee\/et\/?s={search_term_string}"},"query-input":{"@type":"PropertyValueSpecification","valueRequired":true,"valueName":"search_term_string"}}],"inLanguage":"et"}]}},"_links":{"self":[{"href":"https:\/\/kruze.ee\/et\/wp-json\/wp\/v2\/product\/1462459","targetHints":{"allow":["GET"]}}],"collection":[{"href":"https:\/\/kruze.ee\/et\/wp-json\/wp\/v2\/product"}],"about":[{"href":"https:\/\/kruze.ee\/et\/wp-json\/wp\/v2\/types\/product"}],"wp:attachment":[{"href":"https:\/\/kruze.ee\/et\/wp-json\/wp\/v2\/media?parent=1462459"}],"wp:term":[{"taxonomy":"product_brand","embeddable":true,"href":"https:\/\/kruze.ee\/et\/wp-json\/wp\/v2\/product_brand?post=1462459"},{"taxonomy":"product_cat","embeddable":true,"href":"https:\/\/kruze.ee\/et\/wp-json\/wp\/v2\/product_cat?post=1462459"},{"taxonomy":"product_tag","embeddable":true,"href":"https:\/\/kruze.ee\/et\/wp-json\/wp\/v2\/product_tag?post=1462459"}],"curies":[{"name":"wp","href":"https:\/\/api.w.org\/{rel}","templated":true}]}}