{"id":1462439,"date":"2026-05-06T20:40:46","date_gmt":"2026-05-06T17:40:46","guid":{"rendered":"https:\/\/kruze.ee\/product\/fare-okobrella-vihmavari-98cm\/"},"modified":"2026-05-06T20:46:08","modified_gmt":"2026-05-06T17:46:08","slug":"okoloogiline-vihmavari-logoga-98cm","status":"publish","type":"product","link":"https:\/\/kruze.ee\/et\/toode\/okoloogiline-vihmavari-logoga-98cm\/","title":{"rendered":"Fare \u00d6koBrella vihmavari 98cm"},"content":{"rendered":"<p>Lihtsasti k\u00e4sitsetav t\u00e4nu turvalisele avamiss\u00fcsteemile, kvaliteetne Windproof PLUS s\u00fcsteem tagab maksimaalse raami paindlikkuse tormistes ilmastikutingimustes, \u00fcmbris valmistatud taaskasutatud plastist pol\u00fcesterpongee materjalist, sulgemisrihmal waterSAVE\u00ae m\u00e4rgis, puidust k\u00e4epide v\u00f5imalusega lisada reklaamtr\u00fckk.<\/p>\n","protected":false},"excerpt":{"rendered":"<p>Lihtsasti k\u00e4sitsetav t\u00e4nu turvalisele avamiss\u00fcsteemile, kvaliteetne Windproof PLUS s\u00fcsteem tagab maksimaalse raami paindlikkuse tormistes ilmastikutingimustes,&#8230;<\/p>\n","protected":false},"featured_media":0,"template":"","meta":[],"product_brand":[],"product_cat":[5364],"product_tag":[],"class_list":{"0":"post-1462439","1":"product","2":"type-product","3":"status-publish","5":"product_cat-vihmavarjud","6":"pa_brand-fare","7":"pa_color-hall","8":"pa_color-laim","9":"pa_color-black-2","10":"pa_color-natural","11":"pa_color-punane","12":"pa_color-tumesinine","13":"pa_gender-uniseks","14":"pa_gender-unisex","18":"first","19":"instock","20":"taxable","21":"shipping-taxable","22":"purchasable","23":"product-type-variable"},"acf":[],"yoast_head":"<!-- This site is optimized with the Yoast SEO plugin v26.0 - https:\/\/yoast.com\/wordpress\/plugins\/seo\/ -->\n<title>\u00d6koloogiline vihmavari logoga 98 cm | Kruze Disain<\/title>\n<meta name=\"description\" content=\"Kvaliteetne 98 cm \u00f6koloogiline vihmavari logotr\u00fckiga. Windproof PLUS s\u00fcsteem, taaskasutatud materjalid ja puidust k\u00e4epide. K\u00fcsi pakkumist Kruze Disainist.\" \/>\n<meta name=\"robots\" content=\"index, follow, max-snippet:-1, max-image-preview:large, max-video-preview:-1\" \/>\n<link rel=\"canonical\" href=\"https:\/\/kruze.ee\/et\/toode\/okoloogiline-vihmavari-logoga-98cm\/\" \/>\n<meta property=\"og:locale\" content=\"et_EE\" \/>\n<meta property=\"og:type\" content=\"article\" \/>\n<meta property=\"og:title\" content=\"\u00d6koloogiline vihmavari logoga 98 cm | Kruze Disain\" \/>\n<meta property=\"og:description\" content=\"Kvaliteetne 98 cm \u00f6koloogiline vihmavari logotr\u00fckiga. Windproof PLUS s\u00fcsteem, taaskasutatud materjalid ja puidust k\u00e4epide. K\u00fcsi pakkumist Kruze Disainist.\" \/>\n<meta property=\"og:url\" content=\"https:\/\/kruze.ee\/et\/toode\/okoloogiline-vihmavari-logoga-98cm\/\" \/>\n<meta property=\"og:site_name\" content=\"Kruze.ee\" \/>\n<meta property=\"article:modified_time\" content=\"2026-05-06T17:46:08+00:00\" \/>\n<meta name=\"twitter:card\" content=\"summary_large_image\" \/>\n<meta name=\"twitter:label1\" content=\"Est. reading time\" \/>\n\t<meta name=\"twitter:data1\" content=\"1 minut\" \/>\n<script type=\"application\/ld+json\" class=\"yoast-schema-graph\">{\"@context\":\"https:\/\/schema.org\",\"@graph\":[{\"@type\":\"WebPage\",\"@id\":\"https:\/\/kruze.ee\/et\/toode\/okoloogiline-vihmavari-logoga-98cm\/\",\"url\":\"https:\/\/kruze.ee\/et\/toode\/okoloogiline-vihmavari-logoga-98cm\/\",\"name\":\"\u00d6koloogiline vihmavari logoga 98 cm | Kruze Disain\",\"isPartOf\":{\"@id\":\"https:\/\/kruze.ee\/et\/#website\"},\"datePublished\":\"2026-05-06T17:40:46+00:00\",\"dateModified\":\"2026-05-06T17:46:08+00:00\",\"description\":\"Kvaliteetne 98 cm \u00f6koloogiline vihmavari logotr\u00fckiga. Windproof PLUS s\u00fcsteem, taaskasutatud materjalid ja puidust k\u00e4epide. K\u00fcsi pakkumist Kruze Disainist.\",\"breadcrumb\":{\"@id\":\"https:\/\/kruze.ee\/et\/toode\/okoloogiline-vihmavari-logoga-98cm\/#breadcrumb\"},\"inLanguage\":\"et\",\"potentialAction\":[{\"@type\":\"ReadAction\",\"target\":[\"https:\/\/kruze.ee\/et\/toode\/okoloogiline-vihmavari-logoga-98cm\/\"]}]},{\"@type\":\"BreadcrumbList\",\"@id\":\"https:\/\/kruze.ee\/et\/toode\/okoloogiline-vihmavari-logoga-98cm\/#breadcrumb\",\"itemListElement\":[{\"@type\":\"ListItem\",\"position\":1,\"name\":\"Home\",\"item\":\"https:\/\/kruze.ee\/et\/\"},{\"@type\":\"ListItem\",\"position\":2,\"name\":\"Tooted\",\"item\":\"https:\/\/kruze.ee\/et\/tooted\/\"},{\"@type\":\"ListItem\",\"position\":3,\"name\":\"Fare \u00d6koBrella vihmavari 98cm\"}]},{\"@type\":\"WebSite\",\"@id\":\"https:\/\/kruze.ee\/et\/#website\",\"url\":\"https:\/\/kruze.ee\/et\/\",\"name\":\"Kruze.ee\",\"description\":\"Reklaamkingitused, tr&uuml;kiga T-s&auml;rgid, fliisid, dressipluused, tekstiil, joped ja paljud teised logoga meened, &Auml;rikingitused sinu partnerile! Telli juba t&auml;na.\",\"potentialAction\":[{\"@type\":\"SearchAction\",\"target\":{\"@type\":\"EntryPoint\",\"urlTemplate\":\"https:\/\/kruze.ee\/et\/?s={search_term_string}\"},\"query-input\":{\"@type\":\"PropertyValueSpecification\",\"valueRequired\":true,\"valueName\":\"search_term_string\"}}],\"inLanguage\":\"et\"}]}<\/script>\n<!-- \/ Yoast SEO plugin. -->","yoast_head_json":{"title":"\u00d6koloogiline vihmavari logoga 98 cm | Kruze Disain","description":"Kvaliteetne 98 cm \u00f6koloogiline vihmavari logotr\u00fckiga. Windproof PLUS s\u00fcsteem, taaskasutatud materjalid ja puidust k\u00e4epide. K\u00fcsi pakkumist Kruze Disainist.","robots":{"index":"index","follow":"follow","max-snippet":"max-snippet:-1","max-image-preview":"max-image-preview:large","max-video-preview":"max-video-preview:-1"},"canonical":"https:\/\/kruze.ee\/et\/toode\/okoloogiline-vihmavari-logoga-98cm\/","og_locale":"et_EE","og_type":"article","og_title":"\u00d6koloogiline vihmavari logoga 98 cm | Kruze Disain","og_description":"Kvaliteetne 98 cm \u00f6koloogiline vihmavari logotr\u00fckiga. Windproof PLUS s\u00fcsteem, taaskasutatud materjalid ja puidust k\u00e4epide. K\u00fcsi pakkumist Kruze Disainist.","og_url":"https:\/\/kruze.ee\/et\/toode\/okoloogiline-vihmavari-logoga-98cm\/","og_site_name":"Kruze.ee","article_modified_time":"2026-05-06T17:46:08+00:00","twitter_card":"summary_large_image","twitter_misc":{"Est. reading time":"1 minut"},"schema":{"@context":"https:\/\/schema.org","@graph":[{"@type":"WebPage","@id":"https:\/\/kruze.ee\/et\/toode\/okoloogiline-vihmavari-logoga-98cm\/","url":"https:\/\/kruze.ee\/et\/toode\/okoloogiline-vihmavari-logoga-98cm\/","name":"\u00d6koloogiline vihmavari logoga 98 cm | Kruze Disain","isPartOf":{"@id":"https:\/\/kruze.ee\/et\/#website"},"datePublished":"2026-05-06T17:40:46+00:00","dateModified":"2026-05-06T17:46:08+00:00","description":"Kvaliteetne 98 cm \u00f6koloogiline vihmavari logotr\u00fckiga. Windproof PLUS s\u00fcsteem, taaskasutatud materjalid ja puidust k\u00e4epide. K\u00fcsi pakkumist Kruze Disainist.","breadcrumb":{"@id":"https:\/\/kruze.ee\/et\/toode\/okoloogiline-vihmavari-logoga-98cm\/#breadcrumb"},"inLanguage":"et","potentialAction":[{"@type":"ReadAction","target":["https:\/\/kruze.ee\/et\/toode\/okoloogiline-vihmavari-logoga-98cm\/"]}]},{"@type":"BreadcrumbList","@id":"https:\/\/kruze.ee\/et\/toode\/okoloogiline-vihmavari-logoga-98cm\/#breadcrumb","itemListElement":[{"@type":"ListItem","position":1,"name":"Home","item":"https:\/\/kruze.ee\/et\/"},{"@type":"ListItem","position":2,"name":"Tooted","item":"https:\/\/kruze.ee\/et\/tooted\/"},{"@type":"ListItem","position":3,"name":"Fare \u00d6koBrella vihmavari 98cm"}]},{"@type":"WebSite","@id":"https:\/\/kruze.ee\/et\/#website","url":"https:\/\/kruze.ee\/et\/","name":"Kruze.ee","description":"Reklaamkingitused, tr&uuml;kiga T-s&auml;rgid, fliisid, dressipluused, tekstiil, joped ja paljud teised logoga meened, &Auml;rikingitused sinu partnerile! Telli juba t&auml;na.","potentialAction":[{"@type":"SearchAction","target":{"@type":"EntryPoint","urlTemplate":"https:\/\/kruze.ee\/et\/?s={search_term_string}"},"query-input":{"@type":"PropertyValueSpecification","valueRequired":true,"valueName":"search_term_string"}}],"inLanguage":"et"}]}},"_links":{"self":[{"href":"https:\/\/kruze.ee\/et\/wp-json\/wp\/v2\/product\/1462439","targetHints":{"allow":["GET"]}}],"collection":[{"href":"https:\/\/kruze.ee\/et\/wp-json\/wp\/v2\/product"}],"about":[{"href":"https:\/\/kruze.ee\/et\/wp-json\/wp\/v2\/types\/product"}],"wp:attachment":[{"href":"https:\/\/kruze.ee\/et\/wp-json\/wp\/v2\/media?parent=1462439"}],"wp:term":[{"taxonomy":"product_brand","embeddable":true,"href":"https:\/\/kruze.ee\/et\/wp-json\/wp\/v2\/product_brand?post=1462439"},{"taxonomy":"product_cat","embeddable":true,"href":"https:\/\/kruze.ee\/et\/wp-json\/wp\/v2\/product_cat?post=1462439"},{"taxonomy":"product_tag","embeddable":true,"href":"https:\/\/kruze.ee\/et\/wp-json\/wp\/v2\/product_tag?post=1462439"}],"curies":[{"name":"wp","href":"https:\/\/api.w.org\/{rel}","templated":true}]}}