{"id":1462032,"date":"2026-05-05T15:41:26","date_gmt":"2026-05-05T12:41:26","guid":{"rendered":"https:\/\/kruze.ee\/product\/stella-blaster-2-0-oversize-t-sark\/"},"modified":"2026-05-05T15:59:07","modified_gmt":"2026-05-05T12:59:07","slug":"stella-blaster-2-0-oversize-t-sark","status":"publish","type":"product","link":"https:\/\/kruze.ee\/et\/toode\/stella-blaster-2-0-oversize-t-sark\/","title":{"rendered":"Stella Blaster 2.0 oversize T-s\u00e4rk"},"content":{"rendered":"<p>Oversize T-s\u00e4rk langetatud \u00f5lajoon, 1&#215;1 soonikkoes krae, sisemine kaelusepael tagaosas ning topelt pealis\u00f5mblused varrukatel ja all\u00e4\u00e4res.<\/p>\n","protected":false},"excerpt":{"rendered":"<p>Oversize T-s\u00e4rk langetatud \u00f5lajoon, 1&#215;1 soonikkoes krae, sisemine kaelusepael tagaosas ning topelt pealis\u00f5mblused varrukatel ja all\u00e4\u00e4res.<\/p>\n","protected":false},"featured_media":0,"template":"","meta":[],"product_brand":[],"product_cat":[5374],"product_tag":[],"class_list":{"0":"post-1462032","1":"product","2":"type-product","3":"status-publish","5":"product_cat-t-sargid-topid","6":"pa_brand-stanley","7":"pa_color-cream","8":"pa_color-dusk","9":"pa_color-french-navy","10":"pa_color-khaki","11":"pa_color-kivi","12":"pa_color-meleeritud-hall","13":"pa_color-mocha","14":"pa_color-black-2","15":"pa_color-natural-raw","16":"pa_color-pink-joy","17":"pa_color-valge","18":"pa_color-violet","19":"pa_gender-uniseks","20":"pa_gender-unisex","23":"pa_material-100-cotton-organic-ring-spun-combed","24":"pa_size-2l","25":"pa_size-2s","26":"pa_size-xs","27":"pa_size-s","28":"pa_size-m","29":"pa_size-l","30":"pa_size-xl","31":"pa_size-3xl","33":"first","34":"instock","35":"taxable","36":"shipping-taxable","37":"purchasable","38":"product-type-variable"},"acf":[],"yoast_head":"<!-- This site is optimized with the Yoast SEO plugin v26.0 - https:\/\/yoast.com\/wordpress\/plugins\/seo\/ -->\n<title>Stella Blaster 2.0 oversize T-s\u00e4rk - Kruze.ee<\/title>\n<meta name=\"robots\" content=\"index, follow, max-snippet:-1, max-image-preview:large, max-video-preview:-1\" \/>\n<link rel=\"canonical\" href=\"https:\/\/kruze.ee\/et\/toode\/stella-blaster-2-0-oversize-t-sark\/\" \/>\n<meta property=\"og:locale\" content=\"et_EE\" \/>\n<meta property=\"og:type\" content=\"article\" \/>\n<meta property=\"og:title\" content=\"Stella Blaster 2.0 oversize T-s\u00e4rk - Kruze.ee\" \/>\n<meta property=\"og:description\" content=\"Oversize T-s\u00e4rk langetatud \u00f5lajoon, 1x1 soonikkoes krae, sisemine kaelusepael tagaosas ning topelt pealis\u00f5mblused varrukatel ja all\u00e4\u00e4res.\" \/>\n<meta property=\"og:url\" content=\"https:\/\/kruze.ee\/et\/toode\/stella-blaster-2-0-oversize-t-sark\/\" \/>\n<meta property=\"og:site_name\" content=\"Kruze.ee\" \/>\n<meta property=\"article:modified_time\" content=\"2026-05-05T12:59:07+00:00\" \/>\n<meta name=\"twitter:card\" content=\"summary_large_image\" \/>\n<meta name=\"twitter:label1\" content=\"Est. reading time\" \/>\n\t<meta name=\"twitter:data1\" content=\"1 minut\" \/>\n<script type=\"application\/ld+json\" class=\"yoast-schema-graph\">{\"@context\":\"https:\/\/schema.org\",\"@graph\":[{\"@type\":\"WebPage\",\"@id\":\"https:\/\/kruze.ee\/et\/toode\/stella-blaster-2-0-oversize-t-sark\/\",\"url\":\"https:\/\/kruze.ee\/et\/toode\/stella-blaster-2-0-oversize-t-sark\/\",\"name\":\"Stella Blaster 2.0 oversize T-s\u00e4rk - Kruze.ee\",\"isPartOf\":{\"@id\":\"https:\/\/kruze.ee\/et\/#website\"},\"datePublished\":\"2026-05-05T12:41:26+00:00\",\"dateModified\":\"2026-05-05T12:59:07+00:00\",\"breadcrumb\":{\"@id\":\"https:\/\/kruze.ee\/et\/toode\/stella-blaster-2-0-oversize-t-sark\/#breadcrumb\"},\"inLanguage\":\"et\",\"potentialAction\":[{\"@type\":\"ReadAction\",\"target\":[\"https:\/\/kruze.ee\/et\/toode\/stella-blaster-2-0-oversize-t-sark\/\"]}]},{\"@type\":\"BreadcrumbList\",\"@id\":\"https:\/\/kruze.ee\/et\/toode\/stella-blaster-2-0-oversize-t-sark\/#breadcrumb\",\"itemListElement\":[{\"@type\":\"ListItem\",\"position\":1,\"name\":\"Home\",\"item\":\"https:\/\/kruze.ee\/et\/\"},{\"@type\":\"ListItem\",\"position\":2,\"name\":\"Tooted\",\"item\":\"https:\/\/kruze.ee\/et\/tooted\/\"},{\"@type\":\"ListItem\",\"position\":3,\"name\":\"Stella Blaster 2.0 oversize T-s\u00e4rk\"}]},{\"@type\":\"WebSite\",\"@id\":\"https:\/\/kruze.ee\/et\/#website\",\"url\":\"https:\/\/kruze.ee\/et\/\",\"name\":\"Kruze.ee\",\"description\":\"Reklaamkingitused, tr&uuml;kiga T-s&auml;rgid, fliisid, dressipluused, tekstiil, joped ja paljud teised logoga meened, &Auml;rikingitused sinu partnerile! Telli juba t&auml;na.\",\"potentialAction\":[{\"@type\":\"SearchAction\",\"target\":{\"@type\":\"EntryPoint\",\"urlTemplate\":\"https:\/\/kruze.ee\/et\/?s={search_term_string}\"},\"query-input\":{\"@type\":\"PropertyValueSpecification\",\"valueRequired\":true,\"valueName\":\"search_term_string\"}}],\"inLanguage\":\"et\"}]}<\/script>\n<!-- \/ Yoast SEO plugin. -->","yoast_head_json":{"title":"Stella Blaster 2.0 oversize T-s\u00e4rk - Kruze.ee","robots":{"index":"index","follow":"follow","max-snippet":"max-snippet:-1","max-image-preview":"max-image-preview:large","max-video-preview":"max-video-preview:-1"},"canonical":"https:\/\/kruze.ee\/et\/toode\/stella-blaster-2-0-oversize-t-sark\/","og_locale":"et_EE","og_type":"article","og_title":"Stella Blaster 2.0 oversize T-s\u00e4rk - Kruze.ee","og_description":"Oversize T-s\u00e4rk langetatud \u00f5lajoon, 1x1 soonikkoes krae, sisemine kaelusepael tagaosas ning topelt pealis\u00f5mblused varrukatel ja all\u00e4\u00e4res.","og_url":"https:\/\/kruze.ee\/et\/toode\/stella-blaster-2-0-oversize-t-sark\/","og_site_name":"Kruze.ee","article_modified_time":"2026-05-05T12:59:07+00:00","twitter_card":"summary_large_image","twitter_misc":{"Est. reading time":"1 minut"},"schema":{"@context":"https:\/\/schema.org","@graph":[{"@type":"WebPage","@id":"https:\/\/kruze.ee\/et\/toode\/stella-blaster-2-0-oversize-t-sark\/","url":"https:\/\/kruze.ee\/et\/toode\/stella-blaster-2-0-oversize-t-sark\/","name":"Stella Blaster 2.0 oversize T-s\u00e4rk - Kruze.ee","isPartOf":{"@id":"https:\/\/kruze.ee\/et\/#website"},"datePublished":"2026-05-05T12:41:26+00:00","dateModified":"2026-05-05T12:59:07+00:00","breadcrumb":{"@id":"https:\/\/kruze.ee\/et\/toode\/stella-blaster-2-0-oversize-t-sark\/#breadcrumb"},"inLanguage":"et","potentialAction":[{"@type":"ReadAction","target":["https:\/\/kruze.ee\/et\/toode\/stella-blaster-2-0-oversize-t-sark\/"]}]},{"@type":"BreadcrumbList","@id":"https:\/\/kruze.ee\/et\/toode\/stella-blaster-2-0-oversize-t-sark\/#breadcrumb","itemListElement":[{"@type":"ListItem","position":1,"name":"Home","item":"https:\/\/kruze.ee\/et\/"},{"@type":"ListItem","position":2,"name":"Tooted","item":"https:\/\/kruze.ee\/et\/tooted\/"},{"@type":"ListItem","position":3,"name":"Stella Blaster 2.0 oversize T-s\u00e4rk"}]},{"@type":"WebSite","@id":"https:\/\/kruze.ee\/et\/#website","url":"https:\/\/kruze.ee\/et\/","name":"Kruze.ee","description":"Reklaamkingitused, tr&uuml;kiga T-s&auml;rgid, fliisid, dressipluused, tekstiil, joped ja paljud teised logoga meened, &Auml;rikingitused sinu partnerile! Telli juba t&auml;na.","potentialAction":[{"@type":"SearchAction","target":{"@type":"EntryPoint","urlTemplate":"https:\/\/kruze.ee\/et\/?s={search_term_string}"},"query-input":{"@type":"PropertyValueSpecification","valueRequired":true,"valueName":"search_term_string"}}],"inLanguage":"et"}]}},"_links":{"self":[{"href":"https:\/\/kruze.ee\/et\/wp-json\/wp\/v2\/product\/1462032","targetHints":{"allow":["GET"]}}],"collection":[{"href":"https:\/\/kruze.ee\/et\/wp-json\/wp\/v2\/product"}],"about":[{"href":"https:\/\/kruze.ee\/et\/wp-json\/wp\/v2\/types\/product"}],"wp:attachment":[{"href":"https:\/\/kruze.ee\/et\/wp-json\/wp\/v2\/media?parent=1462032"}],"wp:term":[{"taxonomy":"product_brand","embeddable":true,"href":"https:\/\/kruze.ee\/et\/wp-json\/wp\/v2\/product_brand?post=1462032"},{"taxonomy":"product_cat","embeddable":true,"href":"https:\/\/kruze.ee\/et\/wp-json\/wp\/v2\/product_cat?post=1462032"},{"taxonomy":"product_tag","embeddable":true,"href":"https:\/\/kruze.ee\/et\/wp-json\/wp\/v2\/product_tag?post=1462032"}],"curies":[{"name":"wp","href":"https:\/\/api.w.org\/{rel}","templated":true}]}}