{"id":1461652,"date":"2026-05-04T21:10:26","date_gmt":"2026-05-04T18:10:26","guid":{"rendered":"https:\/\/kruze.ee\/product\/fare-vaike-vihmavari-safebrella-98cm\/"},"modified":"2026-05-04T21:10:27","modified_gmt":"2026-05-04T18:10:27","slug":"fare-vaike-vihmavari-safebrella-98cm","status":"publish","type":"product","link":"https:\/\/kruze.ee\/et\/toode\/fare-vaike-vihmavari-safebrella-98cm\/","title":{"rendered":"Fare v\u00e4ike vihmavari Safebrella\u00ae 98cm"},"content":{"rendered":"<p>Lihtsalt k\u00e4sitsetav t\u00e4nu libisevale turvalukule, kvaliteetne Windproof PLUS s\u00fcsteem tagab maksimaalse raami painduvuse tormistes ilmastikuoludes. Varju paneelide nurkades on trendika detailina kasutatud 3M\u2122 Scotchlite\u2122 helkurmaterjali. Ergonoomilise kujuga pehme k\u00e4epide ning mugav trukiga \u00fcmbris. Toode on p\u00e4lvinud reddot design award honourable mention 2011 tunnustuse.<\/p>\n","protected":false},"excerpt":{"rendered":"<p>Lihtsalt k\u00e4sitsetav t\u00e4nu libisevale turvalukule, kvaliteetne Windproof PLUS s\u00fcsteem tagab maksimaalse raami painduvuse tormistes ilmastikuoludes. Varju&#8230;<\/p>\n","protected":false},"featured_media":0,"template":"","meta":[],"product_brand":[],"product_cat":[5364],"product_tag":[],"class_list":{"0":"post-1461652","1":"product","2":"type-product","3":"status-publish","5":"product_cat-vihmavarjud","6":"pa_brand-fare","7":"pa_color-helehall","8":"pa_color-black-2","9":"pa_color-tumesinine","10":"pa_gender-uniseks","11":"pa_gender-unisex","15":"first","16":"instock","17":"taxable","18":"shipping-taxable","19":"purchasable","20":"product-type-variable"},"acf":[],"yoast_head":"<!-- This site is optimized with the Yoast SEO plugin v26.0 - https:\/\/yoast.com\/wordpress\/plugins\/seo\/ -->\n<title>Fare v\u00e4ike vihmavari Safebrella\u00ae 98cm - Kruze.ee<\/title>\n<meta name=\"robots\" content=\"index, follow, max-snippet:-1, max-image-preview:large, max-video-preview:-1\" \/>\n<link rel=\"canonical\" href=\"https:\/\/kruze.ee\/et\/toode\/fare-vaike-vihmavari-safebrella-98cm\/\" \/>\n<meta property=\"og:locale\" content=\"et_EE\" \/>\n<meta property=\"og:type\" content=\"article\" \/>\n<meta property=\"og:title\" content=\"Fare v\u00e4ike vihmavari Safebrella\u00ae 98cm - Kruze.ee\" \/>\n<meta property=\"og:description\" content=\"Lihtsalt k\u00e4sitsetav t\u00e4nu libisevale turvalukule, kvaliteetne Windproof PLUS s\u00fcsteem tagab maksimaalse raami painduvuse tormistes ilmastikuoludes. Varju...\" \/>\n<meta property=\"og:url\" content=\"https:\/\/kruze.ee\/et\/toode\/fare-vaike-vihmavari-safebrella-98cm\/\" \/>\n<meta property=\"og:site_name\" content=\"Kruze.ee\" \/>\n<meta property=\"article:modified_time\" content=\"2026-05-04T18:10:27+00:00\" \/>\n<meta name=\"twitter:card\" content=\"summary_large_image\" \/>\n<script type=\"application\/ld+json\" class=\"yoast-schema-graph\">{\"@context\":\"https:\/\/schema.org\",\"@graph\":[{\"@type\":\"WebPage\",\"@id\":\"https:\/\/kruze.ee\/et\/toode\/fare-vaike-vihmavari-safebrella-98cm\/\",\"url\":\"https:\/\/kruze.ee\/et\/toode\/fare-vaike-vihmavari-safebrella-98cm\/\",\"name\":\"Fare v\u00e4ike vihmavari Safebrella\u00ae 98cm - Kruze.ee\",\"isPartOf\":{\"@id\":\"https:\/\/kruze.ee\/et\/#website\"},\"datePublished\":\"2026-05-04T18:10:26+00:00\",\"dateModified\":\"2026-05-04T18:10:27+00:00\",\"breadcrumb\":{\"@id\":\"https:\/\/kruze.ee\/et\/toode\/fare-vaike-vihmavari-safebrella-98cm\/#breadcrumb\"},\"inLanguage\":\"et\",\"potentialAction\":[{\"@type\":\"ReadAction\",\"target\":[\"https:\/\/kruze.ee\/et\/toode\/fare-vaike-vihmavari-safebrella-98cm\/\"]}]},{\"@type\":\"BreadcrumbList\",\"@id\":\"https:\/\/kruze.ee\/et\/toode\/fare-vaike-vihmavari-safebrella-98cm\/#breadcrumb\",\"itemListElement\":[{\"@type\":\"ListItem\",\"position\":1,\"name\":\"Home\",\"item\":\"https:\/\/kruze.ee\/et\/\"},{\"@type\":\"ListItem\",\"position\":2,\"name\":\"Tooted\",\"item\":\"https:\/\/kruze.ee\/et\/tooted\/\"},{\"@type\":\"ListItem\",\"position\":3,\"name\":\"Fare v\u00e4ike vihmavari Safebrella\u00ae 98cm\"}]},{\"@type\":\"WebSite\",\"@id\":\"https:\/\/kruze.ee\/et\/#website\",\"url\":\"https:\/\/kruze.ee\/et\/\",\"name\":\"Kruze.ee\",\"description\":\"Reklaamkingitused, tr&uuml;kiga T-s&auml;rgid, fliisid, dressipluused, tekstiil, joped ja paljud teised logoga meened, &Auml;rikingitused sinu partnerile! Telli juba t&auml;na.\",\"potentialAction\":[{\"@type\":\"SearchAction\",\"target\":{\"@type\":\"EntryPoint\",\"urlTemplate\":\"https:\/\/kruze.ee\/et\/?s={search_term_string}\"},\"query-input\":{\"@type\":\"PropertyValueSpecification\",\"valueRequired\":true,\"valueName\":\"search_term_string\"}}],\"inLanguage\":\"et\"}]}<\/script>\n<!-- \/ Yoast SEO plugin. -->","yoast_head_json":{"title":"Fare v\u00e4ike vihmavari Safebrella\u00ae 98cm - Kruze.ee","robots":{"index":"index","follow":"follow","max-snippet":"max-snippet:-1","max-image-preview":"max-image-preview:large","max-video-preview":"max-video-preview:-1"},"canonical":"https:\/\/kruze.ee\/et\/toode\/fare-vaike-vihmavari-safebrella-98cm\/","og_locale":"et_EE","og_type":"article","og_title":"Fare v\u00e4ike vihmavari Safebrella\u00ae 98cm - Kruze.ee","og_description":"Lihtsalt k\u00e4sitsetav t\u00e4nu libisevale turvalukule, kvaliteetne Windproof PLUS s\u00fcsteem tagab maksimaalse raami painduvuse tormistes ilmastikuoludes. Varju...","og_url":"https:\/\/kruze.ee\/et\/toode\/fare-vaike-vihmavari-safebrella-98cm\/","og_site_name":"Kruze.ee","article_modified_time":"2026-05-04T18:10:27+00:00","twitter_card":"summary_large_image","schema":{"@context":"https:\/\/schema.org","@graph":[{"@type":"WebPage","@id":"https:\/\/kruze.ee\/et\/toode\/fare-vaike-vihmavari-safebrella-98cm\/","url":"https:\/\/kruze.ee\/et\/toode\/fare-vaike-vihmavari-safebrella-98cm\/","name":"Fare v\u00e4ike vihmavari Safebrella\u00ae 98cm - Kruze.ee","isPartOf":{"@id":"https:\/\/kruze.ee\/et\/#website"},"datePublished":"2026-05-04T18:10:26+00:00","dateModified":"2026-05-04T18:10:27+00:00","breadcrumb":{"@id":"https:\/\/kruze.ee\/et\/toode\/fare-vaike-vihmavari-safebrella-98cm\/#breadcrumb"},"inLanguage":"et","potentialAction":[{"@type":"ReadAction","target":["https:\/\/kruze.ee\/et\/toode\/fare-vaike-vihmavari-safebrella-98cm\/"]}]},{"@type":"BreadcrumbList","@id":"https:\/\/kruze.ee\/et\/toode\/fare-vaike-vihmavari-safebrella-98cm\/#breadcrumb","itemListElement":[{"@type":"ListItem","position":1,"name":"Home","item":"https:\/\/kruze.ee\/et\/"},{"@type":"ListItem","position":2,"name":"Tooted","item":"https:\/\/kruze.ee\/et\/tooted\/"},{"@type":"ListItem","position":3,"name":"Fare v\u00e4ike vihmavari Safebrella\u00ae 98cm"}]},{"@type":"WebSite","@id":"https:\/\/kruze.ee\/et\/#website","url":"https:\/\/kruze.ee\/et\/","name":"Kruze.ee","description":"Reklaamkingitused, tr&uuml;kiga T-s&auml;rgid, fliisid, dressipluused, tekstiil, joped ja paljud teised logoga meened, &Auml;rikingitused sinu partnerile! Telli juba t&auml;na.","potentialAction":[{"@type":"SearchAction","target":{"@type":"EntryPoint","urlTemplate":"https:\/\/kruze.ee\/et\/?s={search_term_string}"},"query-input":{"@type":"PropertyValueSpecification","valueRequired":true,"valueName":"search_term_string"}}],"inLanguage":"et"}]}},"_links":{"self":[{"href":"https:\/\/kruze.ee\/et\/wp-json\/wp\/v2\/product\/1461652","targetHints":{"allow":["GET"]}}],"collection":[{"href":"https:\/\/kruze.ee\/et\/wp-json\/wp\/v2\/product"}],"about":[{"href":"https:\/\/kruze.ee\/et\/wp-json\/wp\/v2\/types\/product"}],"wp:attachment":[{"href":"https:\/\/kruze.ee\/et\/wp-json\/wp\/v2\/media?parent=1461652"}],"wp:term":[{"taxonomy":"product_brand","embeddable":true,"href":"https:\/\/kruze.ee\/et\/wp-json\/wp\/v2\/product_brand?post=1461652"},{"taxonomy":"product_cat","embeddable":true,"href":"https:\/\/kruze.ee\/et\/wp-json\/wp\/v2\/product_cat?post=1461652"},{"taxonomy":"product_tag","embeddable":true,"href":"https:\/\/kruze.ee\/et\/wp-json\/wp\/v2\/product_tag?post=1461652"}],"curies":[{"name":"wp","href":"https:\/\/api.w.org\/{rel}","templated":true}]}}