{"id":1456137,"date":"2026-04-16T12:35:59","date_gmt":"2026-04-16T09:35:59","guid":{"rendered":"https:\/\/kruze.ee\/product\/sublimatsioon-kruus-tomek-art-solid-300ml\/"},"modified":"2026-04-16T12:36:01","modified_gmt":"2026-04-16T09:36:01","slug":"sublimatsioon-kruus-tomek-art-solid-300ml","status":"publish","type":"product","link":"https:\/\/kruze.ee\/et\/toode\/sublimatsioon-kruus-tomek-art-solid-300ml\/","title":{"rendered":"Sublimatsioon kruus Tomek Art Solid 300ml"},"content":{"rendered":"<p>Avasta populaarne sublimatsioonikruus ajatu disainiga. Selle v\u00e4rviline sisemus, mis on saadaval paljudes toonides, toob suurep\u00e4raselt esile sinu br\u00e4ndi iseloomu. Naudi fotokvaliteediga tr\u00fckki ja erakordset vastupidavust t\u00e4nu patenteeritud Solid Shield kattele \u2013 garanteeritud enam kui 1000 n\u00f5udepesuts\u00fckliks.<\/p>\n","protected":false},"excerpt":{"rendered":"<p>Avasta populaarne sublimatsioonikruus ajatu disainiga. Selle v\u00e4rviline sisemus, mis on saadaval paljudes toonides, toob suurep\u00e4raselt esile sinu br\u00e4ndi&#8230;<\/p>\n","protected":false},"featured_media":0,"template":"","meta":[],"product_brand":[],"product_cat":[5421],"product_tag":[],"class_list":{"0":"post-1456137","1":"product","2":"type-product","3":"status-publish","5":"product_cat-kruusid","6":"pa_brand-maxim","7":"pa_color-valgehelesinine","8":"pa_color-valgekollane","9":"pa_color-valgemust","10":"pa_color-valgeoranz","11":"pa_color-valgepunane","12":"pa_color-valgevalge","13":"pa_gender-uniseks","14":"pa_gender-unisex","18":"first","19":"instock","20":"taxable","21":"shipping-taxable","22":"purchasable","23":"product-type-variable"},"acf":[],"yoast_head":"<!-- This site is optimized with the Yoast SEO plugin v26.0 - https:\/\/yoast.com\/wordpress\/plugins\/seo\/ -->\n<title>Sublimatsioon kruus Tomek Art Solid 300ml - Kruze.ee<\/title>\n<meta name=\"robots\" content=\"index, follow, max-snippet:-1, max-image-preview:large, max-video-preview:-1\" \/>\n<link rel=\"canonical\" href=\"https:\/\/kruze.ee\/et\/toode\/sublimatsioon-kruus-tomek-art-solid-300ml\/\" \/>\n<meta property=\"og:locale\" content=\"et_EE\" \/>\n<meta property=\"og:type\" content=\"article\" \/>\n<meta property=\"og:title\" content=\"Sublimatsioon kruus Tomek Art Solid 300ml - Kruze.ee\" \/>\n<meta property=\"og:description\" content=\"Avasta populaarne sublimatsioonikruus ajatu disainiga. Selle v\u00e4rviline sisemus, mis on saadaval paljudes toonides, toob suurep\u00e4raselt esile sinu br\u00e4ndi...\" \/>\n<meta property=\"og:url\" content=\"https:\/\/kruze.ee\/et\/toode\/sublimatsioon-kruus-tomek-art-solid-300ml\/\" \/>\n<meta property=\"og:site_name\" content=\"Kruze.ee\" \/>\n<meta property=\"article:modified_time\" content=\"2026-04-16T09:36:01+00:00\" \/>\n<meta name=\"twitter:card\" content=\"summary_large_image\" \/>\n<script type=\"application\/ld+json\" class=\"yoast-schema-graph\">{\"@context\":\"https:\/\/schema.org\",\"@graph\":[{\"@type\":\"WebPage\",\"@id\":\"https:\/\/kruze.ee\/et\/toode\/sublimatsioon-kruus-tomek-art-solid-300ml\/\",\"url\":\"https:\/\/kruze.ee\/et\/toode\/sublimatsioon-kruus-tomek-art-solid-300ml\/\",\"name\":\"Sublimatsioon kruus Tomek Art Solid 300ml - Kruze.ee\",\"isPartOf\":{\"@id\":\"https:\/\/kruze.ee\/et\/#website\"},\"datePublished\":\"2026-04-16T09:35:59+00:00\",\"dateModified\":\"2026-04-16T09:36:01+00:00\",\"breadcrumb\":{\"@id\":\"https:\/\/kruze.ee\/et\/toode\/sublimatsioon-kruus-tomek-art-solid-300ml\/#breadcrumb\"},\"inLanguage\":\"et\",\"potentialAction\":[{\"@type\":\"ReadAction\",\"target\":[\"https:\/\/kruze.ee\/et\/toode\/sublimatsioon-kruus-tomek-art-solid-300ml\/\"]}]},{\"@type\":\"BreadcrumbList\",\"@id\":\"https:\/\/kruze.ee\/et\/toode\/sublimatsioon-kruus-tomek-art-solid-300ml\/#breadcrumb\",\"itemListElement\":[{\"@type\":\"ListItem\",\"position\":1,\"name\":\"Home\",\"item\":\"https:\/\/kruze.ee\/et\/\"},{\"@type\":\"ListItem\",\"position\":2,\"name\":\"Tooted\",\"item\":\"https:\/\/kruze.ee\/et\/tooted\/\"},{\"@type\":\"ListItem\",\"position\":3,\"name\":\"Sublimatsioon kruus Tomek Art Solid 300ml\"}]},{\"@type\":\"WebSite\",\"@id\":\"https:\/\/kruze.ee\/et\/#website\",\"url\":\"https:\/\/kruze.ee\/et\/\",\"name\":\"Kruze.ee\",\"description\":\"Reklaamkingitused, tr&uuml;kiga T-s&auml;rgid, fliisid, dressipluused, tekstiil, joped ja paljud teised logoga meened, &Auml;rikingitused sinu partnerile! Telli juba t&auml;na.\",\"potentialAction\":[{\"@type\":\"SearchAction\",\"target\":{\"@type\":\"EntryPoint\",\"urlTemplate\":\"https:\/\/kruze.ee\/et\/?s={search_term_string}\"},\"query-input\":{\"@type\":\"PropertyValueSpecification\",\"valueRequired\":true,\"valueName\":\"search_term_string\"}}],\"inLanguage\":\"et\"}]}<\/script>\n<!-- \/ Yoast SEO plugin. -->","yoast_head_json":{"title":"Sublimatsioon kruus Tomek Art Solid 300ml - Kruze.ee","robots":{"index":"index","follow":"follow","max-snippet":"max-snippet:-1","max-image-preview":"max-image-preview:large","max-video-preview":"max-video-preview:-1"},"canonical":"https:\/\/kruze.ee\/et\/toode\/sublimatsioon-kruus-tomek-art-solid-300ml\/","og_locale":"et_EE","og_type":"article","og_title":"Sublimatsioon kruus Tomek Art Solid 300ml - Kruze.ee","og_description":"Avasta populaarne sublimatsioonikruus ajatu disainiga. Selle v\u00e4rviline sisemus, mis on saadaval paljudes toonides, toob suurep\u00e4raselt esile sinu br\u00e4ndi...","og_url":"https:\/\/kruze.ee\/et\/toode\/sublimatsioon-kruus-tomek-art-solid-300ml\/","og_site_name":"Kruze.ee","article_modified_time":"2026-04-16T09:36:01+00:00","twitter_card":"summary_large_image","schema":{"@context":"https:\/\/schema.org","@graph":[{"@type":"WebPage","@id":"https:\/\/kruze.ee\/et\/toode\/sublimatsioon-kruus-tomek-art-solid-300ml\/","url":"https:\/\/kruze.ee\/et\/toode\/sublimatsioon-kruus-tomek-art-solid-300ml\/","name":"Sublimatsioon kruus Tomek Art Solid 300ml - Kruze.ee","isPartOf":{"@id":"https:\/\/kruze.ee\/et\/#website"},"datePublished":"2026-04-16T09:35:59+00:00","dateModified":"2026-04-16T09:36:01+00:00","breadcrumb":{"@id":"https:\/\/kruze.ee\/et\/toode\/sublimatsioon-kruus-tomek-art-solid-300ml\/#breadcrumb"},"inLanguage":"et","potentialAction":[{"@type":"ReadAction","target":["https:\/\/kruze.ee\/et\/toode\/sublimatsioon-kruus-tomek-art-solid-300ml\/"]}]},{"@type":"BreadcrumbList","@id":"https:\/\/kruze.ee\/et\/toode\/sublimatsioon-kruus-tomek-art-solid-300ml\/#breadcrumb","itemListElement":[{"@type":"ListItem","position":1,"name":"Home","item":"https:\/\/kruze.ee\/et\/"},{"@type":"ListItem","position":2,"name":"Tooted","item":"https:\/\/kruze.ee\/et\/tooted\/"},{"@type":"ListItem","position":3,"name":"Sublimatsioon kruus Tomek Art Solid 300ml"}]},{"@type":"WebSite","@id":"https:\/\/kruze.ee\/et\/#website","url":"https:\/\/kruze.ee\/et\/","name":"Kruze.ee","description":"Reklaamkingitused, tr&uuml;kiga T-s&auml;rgid, fliisid, dressipluused, tekstiil, joped ja paljud teised logoga meened, &Auml;rikingitused sinu partnerile! Telli juba t&auml;na.","potentialAction":[{"@type":"SearchAction","target":{"@type":"EntryPoint","urlTemplate":"https:\/\/kruze.ee\/et\/?s={search_term_string}"},"query-input":{"@type":"PropertyValueSpecification","valueRequired":true,"valueName":"search_term_string"}}],"inLanguage":"et"}]}},"_links":{"self":[{"href":"https:\/\/kruze.ee\/et\/wp-json\/wp\/v2\/product\/1456137","targetHints":{"allow":["GET"]}}],"collection":[{"href":"https:\/\/kruze.ee\/et\/wp-json\/wp\/v2\/product"}],"about":[{"href":"https:\/\/kruze.ee\/et\/wp-json\/wp\/v2\/types\/product"}],"wp:attachment":[{"href":"https:\/\/kruze.ee\/et\/wp-json\/wp\/v2\/media?parent=1456137"}],"wp:term":[{"taxonomy":"product_brand","embeddable":true,"href":"https:\/\/kruze.ee\/et\/wp-json\/wp\/v2\/product_brand?post=1456137"},{"taxonomy":"product_cat","embeddable":true,"href":"https:\/\/kruze.ee\/et\/wp-json\/wp\/v2\/product_cat?post=1456137"},{"taxonomy":"product_tag","embeddable":true,"href":"https:\/\/kruze.ee\/et\/wp-json\/wp\/v2\/product_tag?post=1456137"}],"curies":[{"name":"wp","href":"https:\/\/api.w.org\/{rel}","templated":true}]}}