{"id":1451311,"date":"2026-04-06T22:56:55","date_gmt":"2026-04-06T19:56:55","guid":{"rendered":"https:\/\/kruze.ee\/product\/craft-adv-speed-spordikindad\/"},"modified":"2026-04-06T22:56:58","modified_gmt":"2026-04-06T19:56:58","slug":"craft-adv-speed-spordikindad","status":"publish","type":"product","link":"https:\/\/kruze.ee\/et\/toode\/craft-adv-speed-spordikindad\/","title":{"rendered":"Craft ADV Speed spordikindad"},"content":{"rendered":"<p>ADV Speed Glove on tehniliselt t\u00e4iustatud kinnas, millel on tuulekindel pealismaterjal, tihe istuvus ja suurep\u00e4rane haare k\u00f5rge intensiivsusega murdmaasuusatamiseks. Kindal on peopesas seemisnaha imitatsioon optimaalse haarde ja vastupidavuse tagamiseks, randmeosas elastne scuba-jersey materjal mugavaks ja kaitsvaks istuvuseks ning p\u00f6idla \u00fclaosas pehme harjatud fliis. \u2022 Tuulekindel jersey pealismaterjal \u2022 Elastne scuba-jersey randmeosas mugavaks ja kaitsvaks istuvuseks \u2022 Harjatud fliis p\u00f6idla \u00fclaosas \u2022 Helkurtr\u00fckis logo<\/p>\n","protected":false},"excerpt":{"rendered":"<p>ADV Speed Glove on tehniliselt t\u00e4iustatud kinnas, millel on tuulekindel pealismaterjal, tihe istuvus ja suurep\u00e4rane haare k\u00f5rge intensiivsusega&#8230;<\/p>\n","protected":false},"featured_media":0,"template":"","meta":[],"product_brand":[],"product_cat":[5472],"product_tag":[],"class_list":{"0":"post-1451311","1":"product","2":"type-product","3":"status-publish","5":"product_cat-talvemutsid-sallid-kindad","6":"pa_brand-craft","7":"pa_color-black-2","8":"pa_gender-uniseks","9":"pa_gender-unisex","12":"pa_size-10-l","13":"pa_size-11-xl","14":"pa_size-12-xxl","15":"pa_size-6-xxs","16":"pa_size-7-xs","17":"pa_size-8-s","18":"pa_size-9-m","20":"first","21":"instock","22":"taxable","23":"shipping-taxable","24":"purchasable","25":"product-type-variable"},"acf":[],"yoast_head":"<!-- This site is optimized with the Yoast SEO plugin v26.0 - https:\/\/yoast.com\/wordpress\/plugins\/seo\/ -->\n<title>Craft ADV Speed spordikindad - Kruze.ee<\/title>\n<meta name=\"robots\" content=\"index, follow, max-snippet:-1, max-image-preview:large, max-video-preview:-1\" \/>\n<link rel=\"canonical\" href=\"https:\/\/kruze.ee\/et\/toode\/craft-adv-speed-spordikindad\/\" \/>\n<meta property=\"og:locale\" content=\"et_EE\" \/>\n<meta property=\"og:type\" content=\"article\" \/>\n<meta property=\"og:title\" content=\"Craft ADV Speed spordikindad - Kruze.ee\" \/>\n<meta property=\"og:description\" content=\"ADV Speed Glove on tehniliselt t\u00e4iustatud kinnas, millel on tuulekindel pealismaterjal, tihe istuvus ja suurep\u00e4rane haare k\u00f5rge intensiivsusega...\" \/>\n<meta property=\"og:url\" content=\"https:\/\/kruze.ee\/et\/toode\/craft-adv-speed-spordikindad\/\" \/>\n<meta property=\"og:site_name\" content=\"Kruze.ee\" \/>\n<meta property=\"article:modified_time\" content=\"2026-04-06T19:56:58+00:00\" \/>\n<meta name=\"twitter:card\" content=\"summary_large_image\" \/>\n<script type=\"application\/ld+json\" class=\"yoast-schema-graph\">{\"@context\":\"https:\/\/schema.org\",\"@graph\":[{\"@type\":\"WebPage\",\"@id\":\"https:\/\/kruze.ee\/et\/toode\/craft-adv-speed-spordikindad\/\",\"url\":\"https:\/\/kruze.ee\/et\/toode\/craft-adv-speed-spordikindad\/\",\"name\":\"Craft ADV Speed spordikindad - Kruze.ee\",\"isPartOf\":{\"@id\":\"https:\/\/kruze.ee\/et\/#website\"},\"datePublished\":\"2026-04-06T19:56:55+00:00\",\"dateModified\":\"2026-04-06T19:56:58+00:00\",\"breadcrumb\":{\"@id\":\"https:\/\/kruze.ee\/et\/toode\/craft-adv-speed-spordikindad\/#breadcrumb\"},\"inLanguage\":\"et\",\"potentialAction\":[{\"@type\":\"ReadAction\",\"target\":[\"https:\/\/kruze.ee\/et\/toode\/craft-adv-speed-spordikindad\/\"]}]},{\"@type\":\"BreadcrumbList\",\"@id\":\"https:\/\/kruze.ee\/et\/toode\/craft-adv-speed-spordikindad\/#breadcrumb\",\"itemListElement\":[{\"@type\":\"ListItem\",\"position\":1,\"name\":\"Home\",\"item\":\"https:\/\/kruze.ee\/et\/\"},{\"@type\":\"ListItem\",\"position\":2,\"name\":\"Tooted\",\"item\":\"https:\/\/kruze.ee\/et\/tooted\/\"},{\"@type\":\"ListItem\",\"position\":3,\"name\":\"Craft ADV Speed spordikindad\"}]},{\"@type\":\"WebSite\",\"@id\":\"https:\/\/kruze.ee\/et\/#website\",\"url\":\"https:\/\/kruze.ee\/et\/\",\"name\":\"Kruze.ee\",\"description\":\"Reklaamkingitused, tr&uuml;kiga T-s&auml;rgid, fliisid, dressipluused, tekstiil, joped ja paljud teised logoga meened, &Auml;rikingitused sinu partnerile! Telli juba t&auml;na.\",\"potentialAction\":[{\"@type\":\"SearchAction\",\"target\":{\"@type\":\"EntryPoint\",\"urlTemplate\":\"https:\/\/kruze.ee\/et\/?s={search_term_string}\"},\"query-input\":{\"@type\":\"PropertyValueSpecification\",\"valueRequired\":true,\"valueName\":\"search_term_string\"}}],\"inLanguage\":\"et\"}]}<\/script>\n<!-- \/ Yoast SEO plugin. -->","yoast_head_json":{"title":"Craft ADV Speed spordikindad - Kruze.ee","robots":{"index":"index","follow":"follow","max-snippet":"max-snippet:-1","max-image-preview":"max-image-preview:large","max-video-preview":"max-video-preview:-1"},"canonical":"https:\/\/kruze.ee\/et\/toode\/craft-adv-speed-spordikindad\/","og_locale":"et_EE","og_type":"article","og_title":"Craft ADV Speed spordikindad - Kruze.ee","og_description":"ADV Speed Glove on tehniliselt t\u00e4iustatud kinnas, millel on tuulekindel pealismaterjal, tihe istuvus ja suurep\u00e4rane haare k\u00f5rge intensiivsusega...","og_url":"https:\/\/kruze.ee\/et\/toode\/craft-adv-speed-spordikindad\/","og_site_name":"Kruze.ee","article_modified_time":"2026-04-06T19:56:58+00:00","twitter_card":"summary_large_image","schema":{"@context":"https:\/\/schema.org","@graph":[{"@type":"WebPage","@id":"https:\/\/kruze.ee\/et\/toode\/craft-adv-speed-spordikindad\/","url":"https:\/\/kruze.ee\/et\/toode\/craft-adv-speed-spordikindad\/","name":"Craft ADV Speed spordikindad - Kruze.ee","isPartOf":{"@id":"https:\/\/kruze.ee\/et\/#website"},"datePublished":"2026-04-06T19:56:55+00:00","dateModified":"2026-04-06T19:56:58+00:00","breadcrumb":{"@id":"https:\/\/kruze.ee\/et\/toode\/craft-adv-speed-spordikindad\/#breadcrumb"},"inLanguage":"et","potentialAction":[{"@type":"ReadAction","target":["https:\/\/kruze.ee\/et\/toode\/craft-adv-speed-spordikindad\/"]}]},{"@type":"BreadcrumbList","@id":"https:\/\/kruze.ee\/et\/toode\/craft-adv-speed-spordikindad\/#breadcrumb","itemListElement":[{"@type":"ListItem","position":1,"name":"Home","item":"https:\/\/kruze.ee\/et\/"},{"@type":"ListItem","position":2,"name":"Tooted","item":"https:\/\/kruze.ee\/et\/tooted\/"},{"@type":"ListItem","position":3,"name":"Craft ADV Speed spordikindad"}]},{"@type":"WebSite","@id":"https:\/\/kruze.ee\/et\/#website","url":"https:\/\/kruze.ee\/et\/","name":"Kruze.ee","description":"Reklaamkingitused, tr&uuml;kiga T-s&auml;rgid, fliisid, dressipluused, tekstiil, joped ja paljud teised logoga meened, &Auml;rikingitused sinu partnerile! Telli juba t&auml;na.","potentialAction":[{"@type":"SearchAction","target":{"@type":"EntryPoint","urlTemplate":"https:\/\/kruze.ee\/et\/?s={search_term_string}"},"query-input":{"@type":"PropertyValueSpecification","valueRequired":true,"valueName":"search_term_string"}}],"inLanguage":"et"}]}},"_links":{"self":[{"href":"https:\/\/kruze.ee\/et\/wp-json\/wp\/v2\/product\/1451311","targetHints":{"allow":["GET"]}}],"collection":[{"href":"https:\/\/kruze.ee\/et\/wp-json\/wp\/v2\/product"}],"about":[{"href":"https:\/\/kruze.ee\/et\/wp-json\/wp\/v2\/types\/product"}],"wp:attachment":[{"href":"https:\/\/kruze.ee\/et\/wp-json\/wp\/v2\/media?parent=1451311"}],"wp:term":[{"taxonomy":"product_brand","embeddable":true,"href":"https:\/\/kruze.ee\/et\/wp-json\/wp\/v2\/product_brand?post=1451311"},{"taxonomy":"product_cat","embeddable":true,"href":"https:\/\/kruze.ee\/et\/wp-json\/wp\/v2\/product_cat?post=1451311"},{"taxonomy":"product_tag","embeddable":true,"href":"https:\/\/kruze.ee\/et\/wp-json\/wp\/v2\/product_tag?post=1451311"}],"curies":[{"name":"wp","href":"https:\/\/api.w.org\/{rel}","templated":true}]}}