{"id":1451182,"date":"2026-04-06T22:55:51","date_gmt":"2026-04-06T19:55:51","guid":{"rendered":"https:\/\/kruze.ee\/product\/craft-explore-voodriga-kindad\/"},"modified":"2026-04-06T22:55:59","modified_gmt":"2026-04-06T19:55:59","slug":"craft-explore-voodriga-kindad","status":"publish","type":"product","link":"https:\/\/kruze.ee\/et\/toode\/craft-explore-voodriga-kindad\/","title":{"rendered":"Craft Explore voodriga kindad"},"content":{"rendered":"<p>Explore Padded Glove on PrimaLoft soojustusega ja vetth\u00fclgava pealismaterjaliga kinnas, mis tagab suurep\u00e4rase soojuse ja kaitse k\u00fclmades ning lumistes tingimustes. Tugevdatud peopesa ja s\u00f5rmed pakuvad lisavastupidavust, samas kui takjakinnitusega reguleeritav randmeosa tagab kindla ja mugava istuvuse. Suurep\u00e4rane valik nii igap\u00e4evaseks kandmiseks kui ka mitmep\u00e4evasteks v\u00e4liseiklusteks. \u2022 Vetth\u00fclgav pealismaterjal \u2022 PrimaLoft soojustus \u2022 Tugevdatud peopesa ja s\u00f5rmed \u2022 Takjakinnitus randme<\/p>\n","protected":false},"excerpt":{"rendered":"<p>Explore Padded Glove on PrimaLoft soojustusega ja vetth\u00fclgava pealismaterjaliga kinnas, mis tagab suurep\u00e4rase soojuse ja kaitse k\u00fclmades ning lumistes&#8230;<\/p>\n","protected":false},"featured_media":0,"template":"","meta":[],"product_brand":[],"product_cat":[5472],"product_tag":[],"class_list":{"0":"post-1451182","1":"product","2":"type-product","3":"status-publish","5":"product_cat-talvemutsid-sallid-kindad","6":"pa_brand-craft","7":"pa_color-blaze","8":"pa_color-black-2","9":"pa_gender-uniseks","10":"pa_gender-unisex","13":"pa_material-backhand-100-polyester-recycled-palm-100-polyurethane-lining-100-polyester-padding-100-polyester-recycled-membrane-100-polyurethane","14":"pa_size-13xxl","15":"pa_size-10-l","16":"pa_size-11-xl","17":"pa_size-12-xxl","18":"pa_size-6-xxs","19":"pa_size-7-xs","20":"pa_size-8-s","21":"pa_size-9-m","23":"first","24":"instock","25":"taxable","26":"shipping-taxable","27":"purchasable","28":"product-type-variable"},"acf":[],"yoast_head":"<!-- This site is optimized with the Yoast SEO plugin v26.0 - https:\/\/yoast.com\/wordpress\/plugins\/seo\/ -->\n<title>Craft Explore voodriga kindad - Kruze.ee<\/title>\n<meta name=\"robots\" content=\"index, follow, max-snippet:-1, max-image-preview:large, max-video-preview:-1\" \/>\n<link rel=\"canonical\" href=\"https:\/\/kruze.ee\/et\/toode\/craft-explore-voodriga-kindad\/\" \/>\n<meta property=\"og:locale\" content=\"et_EE\" \/>\n<meta property=\"og:type\" content=\"article\" \/>\n<meta property=\"og:title\" content=\"Craft Explore voodriga kindad - Kruze.ee\" \/>\n<meta property=\"og:description\" content=\"Explore Padded Glove on PrimaLoft soojustusega ja vetth\u00fclgava pealismaterjaliga kinnas, mis tagab suurep\u00e4rase soojuse ja kaitse k\u00fclmades ning lumistes...\" \/>\n<meta property=\"og:url\" content=\"https:\/\/kruze.ee\/et\/toode\/craft-explore-voodriga-kindad\/\" \/>\n<meta property=\"og:site_name\" content=\"Kruze.ee\" \/>\n<meta property=\"article:modified_time\" content=\"2026-04-06T19:55:59+00:00\" \/>\n<meta name=\"twitter:card\" content=\"summary_large_image\" \/>\n<script type=\"application\/ld+json\" class=\"yoast-schema-graph\">{\"@context\":\"https:\/\/schema.org\",\"@graph\":[{\"@type\":\"WebPage\",\"@id\":\"https:\/\/kruze.ee\/et\/toode\/craft-explore-voodriga-kindad\/\",\"url\":\"https:\/\/kruze.ee\/et\/toode\/craft-explore-voodriga-kindad\/\",\"name\":\"Craft Explore voodriga kindad - Kruze.ee\",\"isPartOf\":{\"@id\":\"https:\/\/kruze.ee\/et\/#website\"},\"datePublished\":\"2026-04-06T19:55:51+00:00\",\"dateModified\":\"2026-04-06T19:55:59+00:00\",\"breadcrumb\":{\"@id\":\"https:\/\/kruze.ee\/et\/toode\/craft-explore-voodriga-kindad\/#breadcrumb\"},\"inLanguage\":\"et\",\"potentialAction\":[{\"@type\":\"ReadAction\",\"target\":[\"https:\/\/kruze.ee\/et\/toode\/craft-explore-voodriga-kindad\/\"]}]},{\"@type\":\"BreadcrumbList\",\"@id\":\"https:\/\/kruze.ee\/et\/toode\/craft-explore-voodriga-kindad\/#breadcrumb\",\"itemListElement\":[{\"@type\":\"ListItem\",\"position\":1,\"name\":\"Home\",\"item\":\"https:\/\/kruze.ee\/et\/\"},{\"@type\":\"ListItem\",\"position\":2,\"name\":\"Tooted\",\"item\":\"https:\/\/kruze.ee\/et\/tooted\/\"},{\"@type\":\"ListItem\",\"position\":3,\"name\":\"Craft Explore voodriga kindad\"}]},{\"@type\":\"WebSite\",\"@id\":\"https:\/\/kruze.ee\/et\/#website\",\"url\":\"https:\/\/kruze.ee\/et\/\",\"name\":\"Kruze.ee\",\"description\":\"Reklaamkingitused, tr&uuml;kiga T-s&auml;rgid, fliisid, dressipluused, tekstiil, joped ja paljud teised logoga meened, &Auml;rikingitused sinu partnerile! Telli juba t&auml;na.\",\"potentialAction\":[{\"@type\":\"SearchAction\",\"target\":{\"@type\":\"EntryPoint\",\"urlTemplate\":\"https:\/\/kruze.ee\/et\/?s={search_term_string}\"},\"query-input\":{\"@type\":\"PropertyValueSpecification\",\"valueRequired\":true,\"valueName\":\"search_term_string\"}}],\"inLanguage\":\"et\"}]}<\/script>\n<!-- \/ Yoast SEO plugin. -->","yoast_head_json":{"title":"Craft Explore voodriga kindad - Kruze.ee","robots":{"index":"index","follow":"follow","max-snippet":"max-snippet:-1","max-image-preview":"max-image-preview:large","max-video-preview":"max-video-preview:-1"},"canonical":"https:\/\/kruze.ee\/et\/toode\/craft-explore-voodriga-kindad\/","og_locale":"et_EE","og_type":"article","og_title":"Craft Explore voodriga kindad - Kruze.ee","og_description":"Explore Padded Glove on PrimaLoft soojustusega ja vetth\u00fclgava pealismaterjaliga kinnas, mis tagab suurep\u00e4rase soojuse ja kaitse k\u00fclmades ning lumistes...","og_url":"https:\/\/kruze.ee\/et\/toode\/craft-explore-voodriga-kindad\/","og_site_name":"Kruze.ee","article_modified_time":"2026-04-06T19:55:59+00:00","twitter_card":"summary_large_image","schema":{"@context":"https:\/\/schema.org","@graph":[{"@type":"WebPage","@id":"https:\/\/kruze.ee\/et\/toode\/craft-explore-voodriga-kindad\/","url":"https:\/\/kruze.ee\/et\/toode\/craft-explore-voodriga-kindad\/","name":"Craft Explore voodriga kindad - Kruze.ee","isPartOf":{"@id":"https:\/\/kruze.ee\/et\/#website"},"datePublished":"2026-04-06T19:55:51+00:00","dateModified":"2026-04-06T19:55:59+00:00","breadcrumb":{"@id":"https:\/\/kruze.ee\/et\/toode\/craft-explore-voodriga-kindad\/#breadcrumb"},"inLanguage":"et","potentialAction":[{"@type":"ReadAction","target":["https:\/\/kruze.ee\/et\/toode\/craft-explore-voodriga-kindad\/"]}]},{"@type":"BreadcrumbList","@id":"https:\/\/kruze.ee\/et\/toode\/craft-explore-voodriga-kindad\/#breadcrumb","itemListElement":[{"@type":"ListItem","position":1,"name":"Home","item":"https:\/\/kruze.ee\/et\/"},{"@type":"ListItem","position":2,"name":"Tooted","item":"https:\/\/kruze.ee\/et\/tooted\/"},{"@type":"ListItem","position":3,"name":"Craft Explore voodriga kindad"}]},{"@type":"WebSite","@id":"https:\/\/kruze.ee\/et\/#website","url":"https:\/\/kruze.ee\/et\/","name":"Kruze.ee","description":"Reklaamkingitused, tr&uuml;kiga T-s&auml;rgid, fliisid, dressipluused, tekstiil, joped ja paljud teised logoga meened, &Auml;rikingitused sinu partnerile! Telli juba t&auml;na.","potentialAction":[{"@type":"SearchAction","target":{"@type":"EntryPoint","urlTemplate":"https:\/\/kruze.ee\/et\/?s={search_term_string}"},"query-input":{"@type":"PropertyValueSpecification","valueRequired":true,"valueName":"search_term_string"}}],"inLanguage":"et"}]}},"_links":{"self":[{"href":"https:\/\/kruze.ee\/et\/wp-json\/wp\/v2\/product\/1451182","targetHints":{"allow":["GET"]}}],"collection":[{"href":"https:\/\/kruze.ee\/et\/wp-json\/wp\/v2\/product"}],"about":[{"href":"https:\/\/kruze.ee\/et\/wp-json\/wp\/v2\/types\/product"}],"wp:attachment":[{"href":"https:\/\/kruze.ee\/et\/wp-json\/wp\/v2\/media?parent=1451182"}],"wp:term":[{"taxonomy":"product_brand","embeddable":true,"href":"https:\/\/kruze.ee\/et\/wp-json\/wp\/v2\/product_brand?post=1451182"},{"taxonomy":"product_cat","embeddable":true,"href":"https:\/\/kruze.ee\/et\/wp-json\/wp\/v2\/product_cat?post=1451182"},{"taxonomy":"product_tag","embeddable":true,"href":"https:\/\/kruze.ee\/et\/wp-json\/wp\/v2\/product_tag?post=1451182"}],"curies":[{"name":"wp","href":"https:\/\/api.w.org\/{rel}","templated":true}]}}