{"id":1451142,"date":"2026-04-06T22:55:29","date_gmt":"2026-04-06T19:55:29","guid":{"rendered":"https:\/\/kruze.ee\/product\/craft-essence-libisemisvastase-haardega-kindad\/"},"modified":"2026-04-06T22:55:32","modified_gmt":"2026-04-06T19:55:32","slug":"craft-essence-libisemisvastase-haardega-kindad","status":"publish","type":"product","link":"https:\/\/kruze.ee\/et\/toode\/craft-essence-libisemisvastase-haardega-kindad\/","title":{"rendered":"Craft Essence libisemisvastase haardega kindad"},"content":{"rendered":"<p>Essence Multi-Grip Glove on soe ja elastne treeningkinnas, mis sobib igasuguseks treeninguks s\u00fcgis- ja talvehooajal. Kinnas on valmistatud harjatud jersey-materjalist, mis tagab optimaalse soojuse ja mugavuse, ning peopesas olev silikoontr\u00fckk parandab haaret. Lisaks v\u00f5imaldab nimetiss\u00f5rme ja p\u00f6idla puutetundlik materjal kasutada nutitelefoni ja teisi seadmeid ilma kindaid eemaldamata. \u2022 Pehme, elastne ja harjatud jersey taaskasutatud pol\u00fcestrist \u2022 Silikoonist haardepind peopesas optimaalseks haardeks \u2022 Puutetundlik nimetiss\u00f5rm ja p\u00f6ial \u2022 Helkurtr\u00fckk<\/p>\n","protected":false},"excerpt":{"rendered":"<p>Essence Multi-Grip Glove on soe ja elastne treeningkinnas, mis sobib igasuguseks treeninguks s\u00fcgis- ja talvehooajal. Kinnas on valmistatud harjatud&#8230;<\/p>\n","protected":false},"featured_media":0,"template":"","meta":[],"product_brand":[],"product_cat":[5472],"product_tag":[],"class_list":{"0":"post-1451142","1":"product","2":"type-product","3":"status-publish","5":"product_cat-talvemutsid-sallid-kindad","6":"pa_brand-craft","7":"pa_color-black-2","8":"pa_gender-uniseks","9":"pa_gender-unisex","12":"pa_material-body-92-polyester-8-elastane-palm-cuff-77-polyester-recycled-23-elastane","13":"pa_size-10-l","14":"pa_size-11-xl","15":"pa_size-12-xxl","16":"pa_size-6-xxs","17":"pa_size-7-xs","18":"pa_size-8-s","19":"pa_size-9-m","21":"first","22":"instock","23":"taxable","24":"shipping-taxable","25":"purchasable","26":"product-type-variable"},"acf":[],"yoast_head":"<!-- This site is optimized with the Yoast SEO plugin v26.0 - https:\/\/yoast.com\/wordpress\/plugins\/seo\/ -->\n<title>Craft Essence libisemisvastase haardega kindad - Kruze.ee<\/title>\n<meta name=\"robots\" content=\"index, follow, max-snippet:-1, max-image-preview:large, max-video-preview:-1\" \/>\n<link rel=\"canonical\" href=\"https:\/\/kruze.ee\/et\/toode\/craft-essence-libisemisvastase-haardega-kindad\/\" \/>\n<meta property=\"og:locale\" content=\"et_EE\" \/>\n<meta property=\"og:type\" content=\"article\" \/>\n<meta property=\"og:title\" content=\"Craft Essence libisemisvastase haardega kindad - Kruze.ee\" \/>\n<meta property=\"og:description\" content=\"Essence Multi-Grip Glove on soe ja elastne treeningkinnas, mis sobib igasuguseks treeninguks s\u00fcgis- ja talvehooajal. Kinnas on valmistatud harjatud...\" \/>\n<meta property=\"og:url\" content=\"https:\/\/kruze.ee\/et\/toode\/craft-essence-libisemisvastase-haardega-kindad\/\" \/>\n<meta property=\"og:site_name\" content=\"Kruze.ee\" \/>\n<meta property=\"article:modified_time\" content=\"2026-04-06T19:55:32+00:00\" \/>\n<meta name=\"twitter:card\" content=\"summary_large_image\" \/>\n<script type=\"application\/ld+json\" class=\"yoast-schema-graph\">{\"@context\":\"https:\/\/schema.org\",\"@graph\":[{\"@type\":\"WebPage\",\"@id\":\"https:\/\/kruze.ee\/et\/toode\/craft-essence-libisemisvastase-haardega-kindad\/\",\"url\":\"https:\/\/kruze.ee\/et\/toode\/craft-essence-libisemisvastase-haardega-kindad\/\",\"name\":\"Craft Essence libisemisvastase haardega kindad - Kruze.ee\",\"isPartOf\":{\"@id\":\"https:\/\/kruze.ee\/et\/#website\"},\"datePublished\":\"2026-04-06T19:55:29+00:00\",\"dateModified\":\"2026-04-06T19:55:32+00:00\",\"breadcrumb\":{\"@id\":\"https:\/\/kruze.ee\/et\/toode\/craft-essence-libisemisvastase-haardega-kindad\/#breadcrumb\"},\"inLanguage\":\"et\",\"potentialAction\":[{\"@type\":\"ReadAction\",\"target\":[\"https:\/\/kruze.ee\/et\/toode\/craft-essence-libisemisvastase-haardega-kindad\/\"]}]},{\"@type\":\"BreadcrumbList\",\"@id\":\"https:\/\/kruze.ee\/et\/toode\/craft-essence-libisemisvastase-haardega-kindad\/#breadcrumb\",\"itemListElement\":[{\"@type\":\"ListItem\",\"position\":1,\"name\":\"Home\",\"item\":\"https:\/\/kruze.ee\/et\/\"},{\"@type\":\"ListItem\",\"position\":2,\"name\":\"Tooted\",\"item\":\"https:\/\/kruze.ee\/et\/tooted\/\"},{\"@type\":\"ListItem\",\"position\":3,\"name\":\"Craft Essence libisemisvastase haardega kindad\"}]},{\"@type\":\"WebSite\",\"@id\":\"https:\/\/kruze.ee\/et\/#website\",\"url\":\"https:\/\/kruze.ee\/et\/\",\"name\":\"Kruze.ee\",\"description\":\"Reklaamkingitused, tr&uuml;kiga T-s&auml;rgid, fliisid, dressipluused, tekstiil, joped ja paljud teised logoga meened, &Auml;rikingitused sinu partnerile! Telli juba t&auml;na.\",\"potentialAction\":[{\"@type\":\"SearchAction\",\"target\":{\"@type\":\"EntryPoint\",\"urlTemplate\":\"https:\/\/kruze.ee\/et\/?s={search_term_string}\"},\"query-input\":{\"@type\":\"PropertyValueSpecification\",\"valueRequired\":true,\"valueName\":\"search_term_string\"}}],\"inLanguage\":\"et\"}]}<\/script>\n<!-- \/ Yoast SEO plugin. -->","yoast_head_json":{"title":"Craft Essence libisemisvastase haardega kindad - Kruze.ee","robots":{"index":"index","follow":"follow","max-snippet":"max-snippet:-1","max-image-preview":"max-image-preview:large","max-video-preview":"max-video-preview:-1"},"canonical":"https:\/\/kruze.ee\/et\/toode\/craft-essence-libisemisvastase-haardega-kindad\/","og_locale":"et_EE","og_type":"article","og_title":"Craft Essence libisemisvastase haardega kindad - Kruze.ee","og_description":"Essence Multi-Grip Glove on soe ja elastne treeningkinnas, mis sobib igasuguseks treeninguks s\u00fcgis- ja talvehooajal. Kinnas on valmistatud harjatud...","og_url":"https:\/\/kruze.ee\/et\/toode\/craft-essence-libisemisvastase-haardega-kindad\/","og_site_name":"Kruze.ee","article_modified_time":"2026-04-06T19:55:32+00:00","twitter_card":"summary_large_image","schema":{"@context":"https:\/\/schema.org","@graph":[{"@type":"WebPage","@id":"https:\/\/kruze.ee\/et\/toode\/craft-essence-libisemisvastase-haardega-kindad\/","url":"https:\/\/kruze.ee\/et\/toode\/craft-essence-libisemisvastase-haardega-kindad\/","name":"Craft Essence libisemisvastase haardega kindad - Kruze.ee","isPartOf":{"@id":"https:\/\/kruze.ee\/et\/#website"},"datePublished":"2026-04-06T19:55:29+00:00","dateModified":"2026-04-06T19:55:32+00:00","breadcrumb":{"@id":"https:\/\/kruze.ee\/et\/toode\/craft-essence-libisemisvastase-haardega-kindad\/#breadcrumb"},"inLanguage":"et","potentialAction":[{"@type":"ReadAction","target":["https:\/\/kruze.ee\/et\/toode\/craft-essence-libisemisvastase-haardega-kindad\/"]}]},{"@type":"BreadcrumbList","@id":"https:\/\/kruze.ee\/et\/toode\/craft-essence-libisemisvastase-haardega-kindad\/#breadcrumb","itemListElement":[{"@type":"ListItem","position":1,"name":"Home","item":"https:\/\/kruze.ee\/et\/"},{"@type":"ListItem","position":2,"name":"Tooted","item":"https:\/\/kruze.ee\/et\/tooted\/"},{"@type":"ListItem","position":3,"name":"Craft Essence libisemisvastase haardega kindad"}]},{"@type":"WebSite","@id":"https:\/\/kruze.ee\/et\/#website","url":"https:\/\/kruze.ee\/et\/","name":"Kruze.ee","description":"Reklaamkingitused, tr&uuml;kiga T-s&auml;rgid, fliisid, dressipluused, tekstiil, joped ja paljud teised logoga meened, &Auml;rikingitused sinu partnerile! Telli juba t&auml;na.","potentialAction":[{"@type":"SearchAction","target":{"@type":"EntryPoint","urlTemplate":"https:\/\/kruze.ee\/et\/?s={search_term_string}"},"query-input":{"@type":"PropertyValueSpecification","valueRequired":true,"valueName":"search_term_string"}}],"inLanguage":"et"}]}},"_links":{"self":[{"href":"https:\/\/kruze.ee\/et\/wp-json\/wp\/v2\/product\/1451142","targetHints":{"allow":["GET"]}}],"collection":[{"href":"https:\/\/kruze.ee\/et\/wp-json\/wp\/v2\/product"}],"about":[{"href":"https:\/\/kruze.ee\/et\/wp-json\/wp\/v2\/types\/product"}],"wp:attachment":[{"href":"https:\/\/kruze.ee\/et\/wp-json\/wp\/v2\/media?parent=1451142"}],"wp:term":[{"taxonomy":"product_brand","embeddable":true,"href":"https:\/\/kruze.ee\/et\/wp-json\/wp\/v2\/product_brand?post=1451142"},{"taxonomy":"product_cat","embeddable":true,"href":"https:\/\/kruze.ee\/et\/wp-json\/wp\/v2\/product_cat?post=1451142"},{"taxonomy":"product_tag","embeddable":true,"href":"https:\/\/kruze.ee\/et\/wp-json\/wp\/v2\/product_tag?post=1451142"}],"curies":[{"name":"wp","href":"https:\/\/api.w.org\/{rel}","templated":true}]}}