{"id":1451081,"date":"2026-04-06T22:54:56","date_gmt":"2026-04-06T19:54:56","guid":{"rendered":"https:\/\/kruze.ee\/product\/craft-essence-kerged-villased-kindad\/"},"modified":"2026-04-06T22:55:02","modified_gmt":"2026-04-06T19:55:02","slug":"craft-essence-kerged-villased-kindad","status":"publish","type":"product","link":"https:\/\/kruze.ee\/et\/toode\/craft-essence-kerged-villased-kindad\/","title":{"rendered":"Craft Essence kerged villased kindad"},"content":{"rendered":"<p>Essence Wool Light Glove on \u00f5huke villane kinnas, mis sobib treeninguks ja igap\u00e4evaseks kasutamiseks k\u00fclmal hooajal. Kerge ja elastne meriinovillane kangas tagab suurep\u00e4rase soojuse ja mugava istuvuse. K\u00fclmemates tingimustes saab seda kanda ka paksemate kinnaste all lisasoojustuse saamiseks. \u2022 \u00d5huke ja pehme kangas, mis on valmistatud meriinovillast (95%) ja elastaanist (5%) \u2022 Elastne \u00fchekihiline materjal<\/p>\n","protected":false},"excerpt":{"rendered":"<p>Essence Wool Light Glove on \u00f5huke villane kinnas, mis sobib treeninguks ja igap\u00e4evaseks kasutamiseks k\u00fclmal hooajal. Kerge ja elastne meriinovillane kangas&#8230;<\/p>\n","protected":false},"featured_media":0,"template":"","meta":[],"product_brand":[],"product_cat":[5472],"product_tag":[],"class_list":{"0":"post-1451081","1":"product","2":"type-product","3":"status-publish","5":"product_cat-talvemutsid-sallid-kindad","6":"pa_brand-craft","7":"pa_color-meleeritud-hall","8":"pa_color-black-2","9":"pa_gender-uniseks","10":"pa_gender-unisex","13":"pa_material-95-wool-merino-5-elastane","14":"pa_size-10-l","15":"pa_size-11-xl","16":"pa_size-12-xxl","17":"pa_size-6-xxs","18":"pa_size-7-xs","19":"pa_size-8-s","20":"pa_size-9-m","22":"first","23":"instock","24":"taxable","25":"shipping-taxable","26":"purchasable","27":"product-type-variable"},"acf":[],"yoast_head":"<!-- This site is optimized with the Yoast SEO plugin v26.0 - https:\/\/yoast.com\/wordpress\/plugins\/seo\/ -->\n<title>Craft Essence kerged villased kindad - Kruze.ee<\/title>\n<meta name=\"robots\" content=\"index, follow, max-snippet:-1, max-image-preview:large, max-video-preview:-1\" \/>\n<link rel=\"canonical\" href=\"https:\/\/kruze.ee\/et\/toode\/craft-essence-kerged-villased-kindad\/\" \/>\n<meta property=\"og:locale\" content=\"et_EE\" \/>\n<meta property=\"og:type\" content=\"article\" \/>\n<meta property=\"og:title\" content=\"Craft Essence kerged villased kindad - Kruze.ee\" \/>\n<meta property=\"og:description\" content=\"Essence Wool Light Glove on \u00f5huke villane kinnas, mis sobib treeninguks ja igap\u00e4evaseks kasutamiseks k\u00fclmal hooajal. Kerge ja elastne meriinovillane kangas...\" \/>\n<meta property=\"og:url\" content=\"https:\/\/kruze.ee\/et\/toode\/craft-essence-kerged-villased-kindad\/\" \/>\n<meta property=\"og:site_name\" content=\"Kruze.ee\" \/>\n<meta property=\"article:modified_time\" content=\"2026-04-06T19:55:02+00:00\" \/>\n<meta name=\"twitter:card\" content=\"summary_large_image\" \/>\n<script type=\"application\/ld+json\" class=\"yoast-schema-graph\">{\"@context\":\"https:\/\/schema.org\",\"@graph\":[{\"@type\":\"WebPage\",\"@id\":\"https:\/\/kruze.ee\/et\/toode\/craft-essence-kerged-villased-kindad\/\",\"url\":\"https:\/\/kruze.ee\/et\/toode\/craft-essence-kerged-villased-kindad\/\",\"name\":\"Craft Essence kerged villased kindad - Kruze.ee\",\"isPartOf\":{\"@id\":\"https:\/\/kruze.ee\/et\/#website\"},\"datePublished\":\"2026-04-06T19:54:56+00:00\",\"dateModified\":\"2026-04-06T19:55:02+00:00\",\"breadcrumb\":{\"@id\":\"https:\/\/kruze.ee\/et\/toode\/craft-essence-kerged-villased-kindad\/#breadcrumb\"},\"inLanguage\":\"et\",\"potentialAction\":[{\"@type\":\"ReadAction\",\"target\":[\"https:\/\/kruze.ee\/et\/toode\/craft-essence-kerged-villased-kindad\/\"]}]},{\"@type\":\"BreadcrumbList\",\"@id\":\"https:\/\/kruze.ee\/et\/toode\/craft-essence-kerged-villased-kindad\/#breadcrumb\",\"itemListElement\":[{\"@type\":\"ListItem\",\"position\":1,\"name\":\"Home\",\"item\":\"https:\/\/kruze.ee\/et\/\"},{\"@type\":\"ListItem\",\"position\":2,\"name\":\"Tooted\",\"item\":\"https:\/\/kruze.ee\/et\/tooted\/\"},{\"@type\":\"ListItem\",\"position\":3,\"name\":\"Craft Essence kerged villased kindad\"}]},{\"@type\":\"WebSite\",\"@id\":\"https:\/\/kruze.ee\/et\/#website\",\"url\":\"https:\/\/kruze.ee\/et\/\",\"name\":\"Kruze.ee\",\"description\":\"Reklaamkingitused, tr&uuml;kiga T-s&auml;rgid, fliisid, dressipluused, tekstiil, joped ja paljud teised logoga meened, &Auml;rikingitused sinu partnerile! Telli juba t&auml;na.\",\"potentialAction\":[{\"@type\":\"SearchAction\",\"target\":{\"@type\":\"EntryPoint\",\"urlTemplate\":\"https:\/\/kruze.ee\/et\/?s={search_term_string}\"},\"query-input\":{\"@type\":\"PropertyValueSpecification\",\"valueRequired\":true,\"valueName\":\"search_term_string\"}}],\"inLanguage\":\"et\"}]}<\/script>\n<!-- \/ Yoast SEO plugin. -->","yoast_head_json":{"title":"Craft Essence kerged villased kindad - Kruze.ee","robots":{"index":"index","follow":"follow","max-snippet":"max-snippet:-1","max-image-preview":"max-image-preview:large","max-video-preview":"max-video-preview:-1"},"canonical":"https:\/\/kruze.ee\/et\/toode\/craft-essence-kerged-villased-kindad\/","og_locale":"et_EE","og_type":"article","og_title":"Craft Essence kerged villased kindad - Kruze.ee","og_description":"Essence Wool Light Glove on \u00f5huke villane kinnas, mis sobib treeninguks ja igap\u00e4evaseks kasutamiseks k\u00fclmal hooajal. Kerge ja elastne meriinovillane kangas...","og_url":"https:\/\/kruze.ee\/et\/toode\/craft-essence-kerged-villased-kindad\/","og_site_name":"Kruze.ee","article_modified_time":"2026-04-06T19:55:02+00:00","twitter_card":"summary_large_image","schema":{"@context":"https:\/\/schema.org","@graph":[{"@type":"WebPage","@id":"https:\/\/kruze.ee\/et\/toode\/craft-essence-kerged-villased-kindad\/","url":"https:\/\/kruze.ee\/et\/toode\/craft-essence-kerged-villased-kindad\/","name":"Craft Essence kerged villased kindad - Kruze.ee","isPartOf":{"@id":"https:\/\/kruze.ee\/et\/#website"},"datePublished":"2026-04-06T19:54:56+00:00","dateModified":"2026-04-06T19:55:02+00:00","breadcrumb":{"@id":"https:\/\/kruze.ee\/et\/toode\/craft-essence-kerged-villased-kindad\/#breadcrumb"},"inLanguage":"et","potentialAction":[{"@type":"ReadAction","target":["https:\/\/kruze.ee\/et\/toode\/craft-essence-kerged-villased-kindad\/"]}]},{"@type":"BreadcrumbList","@id":"https:\/\/kruze.ee\/et\/toode\/craft-essence-kerged-villased-kindad\/#breadcrumb","itemListElement":[{"@type":"ListItem","position":1,"name":"Home","item":"https:\/\/kruze.ee\/et\/"},{"@type":"ListItem","position":2,"name":"Tooted","item":"https:\/\/kruze.ee\/et\/tooted\/"},{"@type":"ListItem","position":3,"name":"Craft Essence kerged villased kindad"}]},{"@type":"WebSite","@id":"https:\/\/kruze.ee\/et\/#website","url":"https:\/\/kruze.ee\/et\/","name":"Kruze.ee","description":"Reklaamkingitused, tr&uuml;kiga T-s&auml;rgid, fliisid, dressipluused, tekstiil, joped ja paljud teised logoga meened, &Auml;rikingitused sinu partnerile! Telli juba t&auml;na.","potentialAction":[{"@type":"SearchAction","target":{"@type":"EntryPoint","urlTemplate":"https:\/\/kruze.ee\/et\/?s={search_term_string}"},"query-input":{"@type":"PropertyValueSpecification","valueRequired":true,"valueName":"search_term_string"}}],"inLanguage":"et"}]}},"_links":{"self":[{"href":"https:\/\/kruze.ee\/et\/wp-json\/wp\/v2\/product\/1451081","targetHints":{"allow":["GET"]}}],"collection":[{"href":"https:\/\/kruze.ee\/et\/wp-json\/wp\/v2\/product"}],"about":[{"href":"https:\/\/kruze.ee\/et\/wp-json\/wp\/v2\/types\/product"}],"wp:attachment":[{"href":"https:\/\/kruze.ee\/et\/wp-json\/wp\/v2\/media?parent=1451081"}],"wp:term":[{"taxonomy":"product_brand","embeddable":true,"href":"https:\/\/kruze.ee\/et\/wp-json\/wp\/v2\/product_brand?post=1451081"},{"taxonomy":"product_cat","embeddable":true,"href":"https:\/\/kruze.ee\/et\/wp-json\/wp\/v2\/product_cat?post=1451081"},{"taxonomy":"product_tag","embeddable":true,"href":"https:\/\/kruze.ee\/et\/wp-json\/wp\/v2\/product_tag?post=1451081"}],"curies":[{"name":"wp","href":"https:\/\/api.w.org\/{rel}","templated":true}]}}