{"id":1450940,"date":"2026-04-06T22:53:45","date_gmt":"2026-04-06T19:53:45","guid":{"rendered":"https:\/\/kruze.ee\/product\/craft-adv-lumen-fliisist-hubriidkindad-helkivate-detailidega\/"},"modified":"2026-04-06T22:53:52","modified_gmt":"2026-04-06T19:53:52","slug":"craft-adv-lumen-fliisist-hubriidkindad-helkivate-detailidega","status":"publish","type":"product","link":"https:\/\/kruze.ee\/et\/toode\/craft-adv-lumen-fliisist-hubriidkindad-helkivate-detailidega\/","title":{"rendered":"Craft ADV Lumen fliisist h\u00fcbriidkindad helkivate detailidega"},"content":{"rendered":"<p>ADV Lumen Fleece Hybrid Glove on 2-in-1 kinnas helkivate detailidega, mis on loodud intensiivseks jooksmiseks k\u00fclmades tingimustes. Kinnas on valmistatud pehmest ja funktsionaalsest jersey-materjalist ning sellel on peidetav labak, mis v\u00f5imaldab kiiresti kohaneda muutuvate temperatuuridega. Lisaks on kinnastel helkurtr\u00fckk nii labakul kui s\u00f5rmedel ning nutikas v\u00f5tmetasku peopesas. Lumen \u2013 inspireeritud P\u00f5hjamaade tingimustest. Piirkonnas, kus pimedus valitseb suure osa p\u00e4evast, on valgus h\u00e4davajalik. Lumen on inspireeritud P\u00f5hjamaade tingimustest ja loob ainulaadse stiili pimedas treenimiseks. \u2022 Pehme ja funktsionaalne jersey-kangas \u2022 2-in-1 disain: kinnas + peidetav labak k\u00fclmadeks oludeks \u2022 Helkurtr\u00fckk labakul \u2022 Helkurtr\u00fckk s\u00f5rmedel \u2022 Nutikas v\u00f5tmetasku peopesas<\/p>\n","protected":false},"excerpt":{"rendered":"<p>ADV Lumen Fleece Hybrid Glove on 2-in-1 kinnas helkivate detailidega, mis on loodud intensiivseks jooksmiseks k\u00fclmades tingimustes. Kinnas on valmistatud&#8230;<\/p>\n","protected":false},"featured_media":0,"template":"","meta":[],"product_brand":[],"product_cat":[5472],"product_tag":[],"class_list":{"0":"post-1450940","1":"product","2":"type-product","3":"status-publish","5":"product_cat-talvemutsid-sallid-kindad","6":"pa_brand-craft","7":"pa_color-black-2","8":"pa_color-neoonkollane","9":"pa_color-tuhkvalge-flumino","10":"pa_gender-uniseks","11":"pa_gender-unisex","14":"pa_material-88-polyester-recycled-12-elastane","15":"pa_size-xs","16":"pa_size-s","17":"pa_size-m","18":"pa_size-l","19":"pa_size-xl","21":"first","22":"instock","23":"taxable","24":"shipping-taxable","25":"purchasable","26":"product-type-variable"},"acf":[],"yoast_head":"<!-- This site is optimized with the Yoast SEO plugin v26.0 - https:\/\/yoast.com\/wordpress\/plugins\/seo\/ -->\n<title>Craft ADV Lumen fliisist h\u00fcbriidkindad helkivate detailidega - Kruze.ee<\/title>\n<meta name=\"robots\" content=\"index, follow, max-snippet:-1, max-image-preview:large, max-video-preview:-1\" \/>\n<link rel=\"canonical\" href=\"https:\/\/kruze.ee\/et\/toode\/craft-adv-lumen-fliisist-hubriidkindad-helkivate-detailidega\/\" \/>\n<meta property=\"og:locale\" content=\"et_EE\" \/>\n<meta property=\"og:type\" content=\"article\" \/>\n<meta property=\"og:title\" content=\"Craft ADV Lumen fliisist h\u00fcbriidkindad helkivate detailidega - Kruze.ee\" \/>\n<meta property=\"og:description\" content=\"ADV Lumen Fleece Hybrid Glove on 2-in-1 kinnas helkivate detailidega, mis on loodud intensiivseks jooksmiseks k\u00fclmades tingimustes. Kinnas on valmistatud...\" \/>\n<meta property=\"og:url\" content=\"https:\/\/kruze.ee\/et\/toode\/craft-adv-lumen-fliisist-hubriidkindad-helkivate-detailidega\/\" \/>\n<meta property=\"og:site_name\" content=\"Kruze.ee\" \/>\n<meta property=\"article:modified_time\" content=\"2026-04-06T19:53:52+00:00\" \/>\n<meta name=\"twitter:card\" content=\"summary_large_image\" \/>\n<meta name=\"twitter:label1\" content=\"Est. reading time\" \/>\n\t<meta name=\"twitter:data1\" content=\"1 minut\" \/>\n<script type=\"application\/ld+json\" class=\"yoast-schema-graph\">{\"@context\":\"https:\/\/schema.org\",\"@graph\":[{\"@type\":\"WebPage\",\"@id\":\"https:\/\/kruze.ee\/et\/toode\/craft-adv-lumen-fliisist-hubriidkindad-helkivate-detailidega\/\",\"url\":\"https:\/\/kruze.ee\/et\/toode\/craft-adv-lumen-fliisist-hubriidkindad-helkivate-detailidega\/\",\"name\":\"Craft ADV Lumen fliisist h\u00fcbriidkindad helkivate detailidega - Kruze.ee\",\"isPartOf\":{\"@id\":\"https:\/\/kruze.ee\/et\/#website\"},\"datePublished\":\"2026-04-06T19:53:45+00:00\",\"dateModified\":\"2026-04-06T19:53:52+00:00\",\"breadcrumb\":{\"@id\":\"https:\/\/kruze.ee\/et\/toode\/craft-adv-lumen-fliisist-hubriidkindad-helkivate-detailidega\/#breadcrumb\"},\"inLanguage\":\"et\",\"potentialAction\":[{\"@type\":\"ReadAction\",\"target\":[\"https:\/\/kruze.ee\/et\/toode\/craft-adv-lumen-fliisist-hubriidkindad-helkivate-detailidega\/\"]}]},{\"@type\":\"BreadcrumbList\",\"@id\":\"https:\/\/kruze.ee\/et\/toode\/craft-adv-lumen-fliisist-hubriidkindad-helkivate-detailidega\/#breadcrumb\",\"itemListElement\":[{\"@type\":\"ListItem\",\"position\":1,\"name\":\"Home\",\"item\":\"https:\/\/kruze.ee\/et\/\"},{\"@type\":\"ListItem\",\"position\":2,\"name\":\"Tooted\",\"item\":\"https:\/\/kruze.ee\/et\/tooted\/\"},{\"@type\":\"ListItem\",\"position\":3,\"name\":\"Craft ADV Lumen fliisist h\u00fcbriidkindad helkivate detailidega\"}]},{\"@type\":\"WebSite\",\"@id\":\"https:\/\/kruze.ee\/et\/#website\",\"url\":\"https:\/\/kruze.ee\/et\/\",\"name\":\"Kruze.ee\",\"description\":\"Reklaamkingitused, tr&uuml;kiga T-s&auml;rgid, fliisid, dressipluused, tekstiil, joped ja paljud teised logoga meened, &Auml;rikingitused sinu partnerile! Telli juba t&auml;na.\",\"potentialAction\":[{\"@type\":\"SearchAction\",\"target\":{\"@type\":\"EntryPoint\",\"urlTemplate\":\"https:\/\/kruze.ee\/et\/?s={search_term_string}\"},\"query-input\":{\"@type\":\"PropertyValueSpecification\",\"valueRequired\":true,\"valueName\":\"search_term_string\"}}],\"inLanguage\":\"et\"}]}<\/script>\n<!-- \/ Yoast SEO plugin. -->","yoast_head_json":{"title":"Craft ADV Lumen fliisist h\u00fcbriidkindad helkivate detailidega - Kruze.ee","robots":{"index":"index","follow":"follow","max-snippet":"max-snippet:-1","max-image-preview":"max-image-preview:large","max-video-preview":"max-video-preview:-1"},"canonical":"https:\/\/kruze.ee\/et\/toode\/craft-adv-lumen-fliisist-hubriidkindad-helkivate-detailidega\/","og_locale":"et_EE","og_type":"article","og_title":"Craft ADV Lumen fliisist h\u00fcbriidkindad helkivate detailidega - Kruze.ee","og_description":"ADV Lumen Fleece Hybrid Glove on 2-in-1 kinnas helkivate detailidega, mis on loodud intensiivseks jooksmiseks k\u00fclmades tingimustes. Kinnas on valmistatud...","og_url":"https:\/\/kruze.ee\/et\/toode\/craft-adv-lumen-fliisist-hubriidkindad-helkivate-detailidega\/","og_site_name":"Kruze.ee","article_modified_time":"2026-04-06T19:53:52+00:00","twitter_card":"summary_large_image","twitter_misc":{"Est. reading time":"1 minut"},"schema":{"@context":"https:\/\/schema.org","@graph":[{"@type":"WebPage","@id":"https:\/\/kruze.ee\/et\/toode\/craft-adv-lumen-fliisist-hubriidkindad-helkivate-detailidega\/","url":"https:\/\/kruze.ee\/et\/toode\/craft-adv-lumen-fliisist-hubriidkindad-helkivate-detailidega\/","name":"Craft ADV Lumen fliisist h\u00fcbriidkindad helkivate detailidega - Kruze.ee","isPartOf":{"@id":"https:\/\/kruze.ee\/et\/#website"},"datePublished":"2026-04-06T19:53:45+00:00","dateModified":"2026-04-06T19:53:52+00:00","breadcrumb":{"@id":"https:\/\/kruze.ee\/et\/toode\/craft-adv-lumen-fliisist-hubriidkindad-helkivate-detailidega\/#breadcrumb"},"inLanguage":"et","potentialAction":[{"@type":"ReadAction","target":["https:\/\/kruze.ee\/et\/toode\/craft-adv-lumen-fliisist-hubriidkindad-helkivate-detailidega\/"]}]},{"@type":"BreadcrumbList","@id":"https:\/\/kruze.ee\/et\/toode\/craft-adv-lumen-fliisist-hubriidkindad-helkivate-detailidega\/#breadcrumb","itemListElement":[{"@type":"ListItem","position":1,"name":"Home","item":"https:\/\/kruze.ee\/et\/"},{"@type":"ListItem","position":2,"name":"Tooted","item":"https:\/\/kruze.ee\/et\/tooted\/"},{"@type":"ListItem","position":3,"name":"Craft ADV Lumen fliisist h\u00fcbriidkindad helkivate detailidega"}]},{"@type":"WebSite","@id":"https:\/\/kruze.ee\/et\/#website","url":"https:\/\/kruze.ee\/et\/","name":"Kruze.ee","description":"Reklaamkingitused, tr&uuml;kiga T-s&auml;rgid, fliisid, dressipluused, tekstiil, joped ja paljud teised logoga meened, &Auml;rikingitused sinu partnerile! Telli juba t&auml;na.","potentialAction":[{"@type":"SearchAction","target":{"@type":"EntryPoint","urlTemplate":"https:\/\/kruze.ee\/et\/?s={search_term_string}"},"query-input":{"@type":"PropertyValueSpecification","valueRequired":true,"valueName":"search_term_string"}}],"inLanguage":"et"}]}},"_links":{"self":[{"href":"https:\/\/kruze.ee\/et\/wp-json\/wp\/v2\/product\/1450940","targetHints":{"allow":["GET"]}}],"collection":[{"href":"https:\/\/kruze.ee\/et\/wp-json\/wp\/v2\/product"}],"about":[{"href":"https:\/\/kruze.ee\/et\/wp-json\/wp\/v2\/types\/product"}],"wp:attachment":[{"href":"https:\/\/kruze.ee\/et\/wp-json\/wp\/v2\/media?parent=1450940"}],"wp:term":[{"taxonomy":"product_brand","embeddable":true,"href":"https:\/\/kruze.ee\/et\/wp-json\/wp\/v2\/product_brand?post=1450940"},{"taxonomy":"product_cat","embeddable":true,"href":"https:\/\/kruze.ee\/et\/wp-json\/wp\/v2\/product_cat?post=1450940"},{"taxonomy":"product_tag","embeddable":true,"href":"https:\/\/kruze.ee\/et\/wp-json\/wp\/v2\/product_tag?post=1450940"}],"curies":[{"name":"wp","href":"https:\/\/api.w.org\/{rel}","templated":true}]}}