{"id":1450900,"date":"2026-04-06T22:53:21","date_gmt":"2026-04-06T19:53:21","guid":{"rendered":"https:\/\/kruze.ee\/product\/craft-core-insulate-kindad\/"},"modified":"2026-04-06T22:53:24","modified_gmt":"2026-04-06T19:53:24","slug":"craft-core-insulate-kindad","status":"publish","type":"product","link":"https:\/\/kruze.ee\/et\/toode\/craft-core-insulate-kindad\/","title":{"rendered":"Craft Core Insulate kindad"},"content":{"rendered":"<p>Core Insulate Glove on fliisvoodriga ja polsterdatud murdmaasuusakinnas, millel on tuulekindel pealismaterjal treenimiseks k\u00fclmades tingimustes. See soe ja mitmek\u00fclgne kinnas on varustatud kootud soonikkoes randmeosaga, mis tagab tiheda ja mugava istuvuse, peopesas oleva silikoontr\u00fckiga parema haarde saavutamiseks ning helkurtr\u00fckis logoga. \u2022 Fliisvooder ja polsterdatud soojustus \u2022 Tuulekindel pealismaterjal \u2022 Kootud soonikkoes randmeosa \u2022 Silikoontr\u00fckk peopesas \u2022 Helkurtr\u00fckis logo<\/p>\n","protected":false},"excerpt":{"rendered":"<p>Core Insulate Glove on fliisvoodriga ja polsterdatud murdmaasuusakinnas, millel on tuulekindel pealismaterjal treenimiseks k\u00fclmades tingimustes. See soe ja&#8230;<\/p>\n","protected":false},"featured_media":0,"template":"","meta":[],"product_brand":[],"product_cat":[5472],"product_tag":[],"class_list":{"0":"post-1450900","1":"product","2":"type-product","3":"status-publish","5":"product_cat-talvemutsid-sallid-kindad","6":"pa_brand-craft","7":"pa_color-black-2","8":"pa_gender-uniseks","9":"pa_gender-unisex","12":"pa_material-backhand-face-94-polyester-6-elastane-mid-100-polyurethane-back-100-polyester-palm-65-polyurethane-35-polyester-padding-100-polyester-lining-100-polyester","13":"pa_size-10-l","14":"pa_size-11-xl","15":"pa_size-12-xxl","16":"pa_size-6-xxs","17":"pa_size-7-xs","18":"pa_size-8-s","19":"pa_size-9-m","21":"first","22":"instock","23":"taxable","24":"shipping-taxable","25":"purchasable","26":"product-type-variable"},"acf":[],"yoast_head":"<!-- This site is optimized with the Yoast SEO plugin v26.0 - https:\/\/yoast.com\/wordpress\/plugins\/seo\/ -->\n<title>Craft Core Insulate kindad - Kruze.ee<\/title>\n<meta name=\"robots\" content=\"index, follow, max-snippet:-1, max-image-preview:large, max-video-preview:-1\" \/>\n<link rel=\"canonical\" href=\"https:\/\/kruze.ee\/et\/toode\/craft-core-insulate-kindad\/\" \/>\n<meta property=\"og:locale\" content=\"et_EE\" \/>\n<meta property=\"og:type\" content=\"article\" \/>\n<meta property=\"og:title\" content=\"Craft Core Insulate kindad - Kruze.ee\" \/>\n<meta property=\"og:description\" content=\"Core Insulate Glove on fliisvoodriga ja polsterdatud murdmaasuusakinnas, millel on tuulekindel pealismaterjal treenimiseks k\u00fclmades tingimustes. See soe ja...\" \/>\n<meta property=\"og:url\" content=\"https:\/\/kruze.ee\/et\/toode\/craft-core-insulate-kindad\/\" \/>\n<meta property=\"og:site_name\" content=\"Kruze.ee\" \/>\n<meta property=\"article:modified_time\" content=\"2026-04-06T19:53:24+00:00\" \/>\n<meta name=\"twitter:card\" content=\"summary_large_image\" \/>\n<script type=\"application\/ld+json\" class=\"yoast-schema-graph\">{\"@context\":\"https:\/\/schema.org\",\"@graph\":[{\"@type\":\"WebPage\",\"@id\":\"https:\/\/kruze.ee\/et\/toode\/craft-core-insulate-kindad\/\",\"url\":\"https:\/\/kruze.ee\/et\/toode\/craft-core-insulate-kindad\/\",\"name\":\"Craft Core Insulate kindad - Kruze.ee\",\"isPartOf\":{\"@id\":\"https:\/\/kruze.ee\/et\/#website\"},\"datePublished\":\"2026-04-06T19:53:21+00:00\",\"dateModified\":\"2026-04-06T19:53:24+00:00\",\"breadcrumb\":{\"@id\":\"https:\/\/kruze.ee\/et\/toode\/craft-core-insulate-kindad\/#breadcrumb\"},\"inLanguage\":\"et\",\"potentialAction\":[{\"@type\":\"ReadAction\",\"target\":[\"https:\/\/kruze.ee\/et\/toode\/craft-core-insulate-kindad\/\"]}]},{\"@type\":\"BreadcrumbList\",\"@id\":\"https:\/\/kruze.ee\/et\/toode\/craft-core-insulate-kindad\/#breadcrumb\",\"itemListElement\":[{\"@type\":\"ListItem\",\"position\":1,\"name\":\"Home\",\"item\":\"https:\/\/kruze.ee\/et\/\"},{\"@type\":\"ListItem\",\"position\":2,\"name\":\"Tooted\",\"item\":\"https:\/\/kruze.ee\/et\/tooted\/\"},{\"@type\":\"ListItem\",\"position\":3,\"name\":\"Craft Core Insulate kindad\"}]},{\"@type\":\"WebSite\",\"@id\":\"https:\/\/kruze.ee\/et\/#website\",\"url\":\"https:\/\/kruze.ee\/et\/\",\"name\":\"Kruze.ee\",\"description\":\"Reklaamkingitused, tr&uuml;kiga T-s&auml;rgid, fliisid, dressipluused, tekstiil, joped ja paljud teised logoga meened, &Auml;rikingitused sinu partnerile! Telli juba t&auml;na.\",\"potentialAction\":[{\"@type\":\"SearchAction\",\"target\":{\"@type\":\"EntryPoint\",\"urlTemplate\":\"https:\/\/kruze.ee\/et\/?s={search_term_string}\"},\"query-input\":{\"@type\":\"PropertyValueSpecification\",\"valueRequired\":true,\"valueName\":\"search_term_string\"}}],\"inLanguage\":\"et\"}]}<\/script>\n<!-- \/ Yoast SEO plugin. -->","yoast_head_json":{"title":"Craft Core Insulate kindad - Kruze.ee","robots":{"index":"index","follow":"follow","max-snippet":"max-snippet:-1","max-image-preview":"max-image-preview:large","max-video-preview":"max-video-preview:-1"},"canonical":"https:\/\/kruze.ee\/et\/toode\/craft-core-insulate-kindad\/","og_locale":"et_EE","og_type":"article","og_title":"Craft Core Insulate kindad - Kruze.ee","og_description":"Core Insulate Glove on fliisvoodriga ja polsterdatud murdmaasuusakinnas, millel on tuulekindel pealismaterjal treenimiseks k\u00fclmades tingimustes. See soe ja...","og_url":"https:\/\/kruze.ee\/et\/toode\/craft-core-insulate-kindad\/","og_site_name":"Kruze.ee","article_modified_time":"2026-04-06T19:53:24+00:00","twitter_card":"summary_large_image","schema":{"@context":"https:\/\/schema.org","@graph":[{"@type":"WebPage","@id":"https:\/\/kruze.ee\/et\/toode\/craft-core-insulate-kindad\/","url":"https:\/\/kruze.ee\/et\/toode\/craft-core-insulate-kindad\/","name":"Craft Core Insulate kindad - Kruze.ee","isPartOf":{"@id":"https:\/\/kruze.ee\/et\/#website"},"datePublished":"2026-04-06T19:53:21+00:00","dateModified":"2026-04-06T19:53:24+00:00","breadcrumb":{"@id":"https:\/\/kruze.ee\/et\/toode\/craft-core-insulate-kindad\/#breadcrumb"},"inLanguage":"et","potentialAction":[{"@type":"ReadAction","target":["https:\/\/kruze.ee\/et\/toode\/craft-core-insulate-kindad\/"]}]},{"@type":"BreadcrumbList","@id":"https:\/\/kruze.ee\/et\/toode\/craft-core-insulate-kindad\/#breadcrumb","itemListElement":[{"@type":"ListItem","position":1,"name":"Home","item":"https:\/\/kruze.ee\/et\/"},{"@type":"ListItem","position":2,"name":"Tooted","item":"https:\/\/kruze.ee\/et\/tooted\/"},{"@type":"ListItem","position":3,"name":"Craft Core Insulate kindad"}]},{"@type":"WebSite","@id":"https:\/\/kruze.ee\/et\/#website","url":"https:\/\/kruze.ee\/et\/","name":"Kruze.ee","description":"Reklaamkingitused, tr&uuml;kiga T-s&auml;rgid, fliisid, dressipluused, tekstiil, joped ja paljud teised logoga meened, &Auml;rikingitused sinu partnerile! Telli juba t&auml;na.","potentialAction":[{"@type":"SearchAction","target":{"@type":"EntryPoint","urlTemplate":"https:\/\/kruze.ee\/et\/?s={search_term_string}"},"query-input":{"@type":"PropertyValueSpecification","valueRequired":true,"valueName":"search_term_string"}}],"inLanguage":"et"}]}},"_links":{"self":[{"href":"https:\/\/kruze.ee\/et\/wp-json\/wp\/v2\/product\/1450900","targetHints":{"allow":["GET"]}}],"collection":[{"href":"https:\/\/kruze.ee\/et\/wp-json\/wp\/v2\/product"}],"about":[{"href":"https:\/\/kruze.ee\/et\/wp-json\/wp\/v2\/types\/product"}],"wp:attachment":[{"href":"https:\/\/kruze.ee\/et\/wp-json\/wp\/v2\/media?parent=1450900"}],"wp:term":[{"taxonomy":"product_brand","embeddable":true,"href":"https:\/\/kruze.ee\/et\/wp-json\/wp\/v2\/product_brand?post=1450900"},{"taxonomy":"product_cat","embeddable":true,"href":"https:\/\/kruze.ee\/et\/wp-json\/wp\/v2\/product_cat?post=1450900"},{"taxonomy":"product_tag","embeddable":true,"href":"https:\/\/kruze.ee\/et\/wp-json\/wp\/v2\/product_tag?post=1450900"}],"curies":[{"name":"wp","href":"https:\/\/api.w.org\/{rel}","templated":true}]}}