{"id":1450838,"date":"2026-04-06T22:52:49","date_gmt":"2026-04-06T19:52:49","guid":{"rendered":"https:\/\/kruze.ee\/product\/craft-essence-hubriidkindad\/"},"modified":"2026-04-06T22:53:00","modified_gmt":"2026-04-06T19:53:00","slug":"craft-essence-hubriidkindad","status":"publish","type":"product","link":"https:\/\/kruze.ee\/et\/toode\/craft-essence-hubriidkindad\/","title":{"rendered":"Craft Essence h\u00fcbriidkindad"},"content":{"rendered":"<p>Essence Hybrid Glove on 2-in-1 treeningkinnas harjatud sisepinnaga ning tuule- ja veekindla peidetava labakuga, mis v\u00f5imaldab kiiresti kohaneda muutuvate ilmastikuoludega. Kasuta v\u00e4limist labakut k\u00e4te kaitsmiseks m\u00e4rja ja tuulise ilmaga. Kindaosa on valmistatud elastsest ja funktsionaalsest kangast, mille sisepinnal olev ruuduline struktuur tagab lisasoojuse ja mugavuse. \u2022 Taaskasutatud pol\u00fcestrist kinnas ruudulise sisepinnaga \u2022 Tuule- ja veekindel peidetav labak \u2022 Elastsed materjalid tagavad hea istuvuse \u2022 Silikoontr\u00fckk peopesas parema haarde jaoks \u2022 2-in-1 disain<\/p>\n","protected":false},"excerpt":{"rendered":"<p>Essence Hybrid Glove on 2-in-1 treeningkinnas harjatud sisepinnaga ning tuule- ja veekindla peidetava labakuga, mis v\u00f5imaldab kiiresti kohaneda muutuvate&#8230;<\/p>\n","protected":false},"featured_media":0,"template":"","meta":[],"product_brand":[],"product_cat":[5472],"product_tag":[],"class_list":{"0":"post-1450838","1":"product","2":"type-product","3":"status-publish","5":"product_cat-talvemutsid-sallid-kindad","6":"pa_brand-craft","7":"pa_color-black-2","8":"pa_color-must-hobedane","9":"pa_color-noeenkollanehobe","10":"pa_gender-uniseks","11":"pa_gender-unisex","14":"pa_material-body-92-polyester-8-elastane-cuff-77-polyester-recycled-23-elastane-upper-front-body-face-100-polyurethane-lininig-upper-front-body-back-100-polyester-recycled","15":"pa_size-10-l","16":"pa_size-11-xl","17":"pa_size-12-xxl","18":"pa_size-6-xxs","19":"pa_size-7-xs","20":"pa_size-8-s","21":"pa_size-9-m","23":"first","24":"instock","25":"taxable","26":"shipping-taxable","27":"purchasable","28":"product-type-variable"},"acf":[],"yoast_head":"<!-- This site is optimized with the Yoast SEO plugin v26.0 - https:\/\/yoast.com\/wordpress\/plugins\/seo\/ -->\n<title>Craft Essence h\u00fcbriidkindad - Kruze.ee<\/title>\n<meta name=\"robots\" content=\"index, follow, max-snippet:-1, max-image-preview:large, max-video-preview:-1\" \/>\n<link rel=\"canonical\" href=\"https:\/\/kruze.ee\/et\/toode\/craft-essence-hubriidkindad\/\" \/>\n<meta property=\"og:locale\" content=\"et_EE\" \/>\n<meta property=\"og:type\" content=\"article\" \/>\n<meta property=\"og:title\" content=\"Craft Essence h\u00fcbriidkindad - Kruze.ee\" \/>\n<meta property=\"og:description\" content=\"Essence Hybrid Glove on 2-in-1 treeningkinnas harjatud sisepinnaga ning tuule- ja veekindla peidetava labakuga, mis v\u00f5imaldab kiiresti kohaneda muutuvate...\" \/>\n<meta property=\"og:url\" content=\"https:\/\/kruze.ee\/et\/toode\/craft-essence-hubriidkindad\/\" \/>\n<meta property=\"og:site_name\" content=\"Kruze.ee\" \/>\n<meta property=\"article:modified_time\" content=\"2026-04-06T19:53:00+00:00\" \/>\n<meta name=\"twitter:card\" content=\"summary_large_image\" \/>\n<script type=\"application\/ld+json\" class=\"yoast-schema-graph\">{\"@context\":\"https:\/\/schema.org\",\"@graph\":[{\"@type\":\"WebPage\",\"@id\":\"https:\/\/kruze.ee\/et\/toode\/craft-essence-hubriidkindad\/\",\"url\":\"https:\/\/kruze.ee\/et\/toode\/craft-essence-hubriidkindad\/\",\"name\":\"Craft Essence h\u00fcbriidkindad - Kruze.ee\",\"isPartOf\":{\"@id\":\"https:\/\/kruze.ee\/et\/#website\"},\"datePublished\":\"2026-04-06T19:52:49+00:00\",\"dateModified\":\"2026-04-06T19:53:00+00:00\",\"breadcrumb\":{\"@id\":\"https:\/\/kruze.ee\/et\/toode\/craft-essence-hubriidkindad\/#breadcrumb\"},\"inLanguage\":\"et\",\"potentialAction\":[{\"@type\":\"ReadAction\",\"target\":[\"https:\/\/kruze.ee\/et\/toode\/craft-essence-hubriidkindad\/\"]}]},{\"@type\":\"BreadcrumbList\",\"@id\":\"https:\/\/kruze.ee\/et\/toode\/craft-essence-hubriidkindad\/#breadcrumb\",\"itemListElement\":[{\"@type\":\"ListItem\",\"position\":1,\"name\":\"Home\",\"item\":\"https:\/\/kruze.ee\/et\/\"},{\"@type\":\"ListItem\",\"position\":2,\"name\":\"Tooted\",\"item\":\"https:\/\/kruze.ee\/et\/tooted\/\"},{\"@type\":\"ListItem\",\"position\":3,\"name\":\"Craft Essence h\u00fcbriidkindad\"}]},{\"@type\":\"WebSite\",\"@id\":\"https:\/\/kruze.ee\/et\/#website\",\"url\":\"https:\/\/kruze.ee\/et\/\",\"name\":\"Kruze.ee\",\"description\":\"Reklaamkingitused, tr&uuml;kiga T-s&auml;rgid, fliisid, dressipluused, tekstiil, joped ja paljud teised logoga meened, &Auml;rikingitused sinu partnerile! Telli juba t&auml;na.\",\"potentialAction\":[{\"@type\":\"SearchAction\",\"target\":{\"@type\":\"EntryPoint\",\"urlTemplate\":\"https:\/\/kruze.ee\/et\/?s={search_term_string}\"},\"query-input\":{\"@type\":\"PropertyValueSpecification\",\"valueRequired\":true,\"valueName\":\"search_term_string\"}}],\"inLanguage\":\"et\"}]}<\/script>\n<!-- \/ Yoast SEO plugin. -->","yoast_head_json":{"title":"Craft Essence h\u00fcbriidkindad - Kruze.ee","robots":{"index":"index","follow":"follow","max-snippet":"max-snippet:-1","max-image-preview":"max-image-preview:large","max-video-preview":"max-video-preview:-1"},"canonical":"https:\/\/kruze.ee\/et\/toode\/craft-essence-hubriidkindad\/","og_locale":"et_EE","og_type":"article","og_title":"Craft Essence h\u00fcbriidkindad - Kruze.ee","og_description":"Essence Hybrid Glove on 2-in-1 treeningkinnas harjatud sisepinnaga ning tuule- ja veekindla peidetava labakuga, mis v\u00f5imaldab kiiresti kohaneda muutuvate...","og_url":"https:\/\/kruze.ee\/et\/toode\/craft-essence-hubriidkindad\/","og_site_name":"Kruze.ee","article_modified_time":"2026-04-06T19:53:00+00:00","twitter_card":"summary_large_image","schema":{"@context":"https:\/\/schema.org","@graph":[{"@type":"WebPage","@id":"https:\/\/kruze.ee\/et\/toode\/craft-essence-hubriidkindad\/","url":"https:\/\/kruze.ee\/et\/toode\/craft-essence-hubriidkindad\/","name":"Craft Essence h\u00fcbriidkindad - Kruze.ee","isPartOf":{"@id":"https:\/\/kruze.ee\/et\/#website"},"datePublished":"2026-04-06T19:52:49+00:00","dateModified":"2026-04-06T19:53:00+00:00","breadcrumb":{"@id":"https:\/\/kruze.ee\/et\/toode\/craft-essence-hubriidkindad\/#breadcrumb"},"inLanguage":"et","potentialAction":[{"@type":"ReadAction","target":["https:\/\/kruze.ee\/et\/toode\/craft-essence-hubriidkindad\/"]}]},{"@type":"BreadcrumbList","@id":"https:\/\/kruze.ee\/et\/toode\/craft-essence-hubriidkindad\/#breadcrumb","itemListElement":[{"@type":"ListItem","position":1,"name":"Home","item":"https:\/\/kruze.ee\/et\/"},{"@type":"ListItem","position":2,"name":"Tooted","item":"https:\/\/kruze.ee\/et\/tooted\/"},{"@type":"ListItem","position":3,"name":"Craft Essence h\u00fcbriidkindad"}]},{"@type":"WebSite","@id":"https:\/\/kruze.ee\/et\/#website","url":"https:\/\/kruze.ee\/et\/","name":"Kruze.ee","description":"Reklaamkingitused, tr&uuml;kiga T-s&auml;rgid, fliisid, dressipluused, tekstiil, joped ja paljud teised logoga meened, &Auml;rikingitused sinu partnerile! Telli juba t&auml;na.","potentialAction":[{"@type":"SearchAction","target":{"@type":"EntryPoint","urlTemplate":"https:\/\/kruze.ee\/et\/?s={search_term_string}"},"query-input":{"@type":"PropertyValueSpecification","valueRequired":true,"valueName":"search_term_string"}}],"inLanguage":"et"}]}},"_links":{"self":[{"href":"https:\/\/kruze.ee\/et\/wp-json\/wp\/v2\/product\/1450838","targetHints":{"allow":["GET"]}}],"collection":[{"href":"https:\/\/kruze.ee\/et\/wp-json\/wp\/v2\/product"}],"about":[{"href":"https:\/\/kruze.ee\/et\/wp-json\/wp\/v2\/types\/product"}],"wp:attachment":[{"href":"https:\/\/kruze.ee\/et\/wp-json\/wp\/v2\/media?parent=1450838"}],"wp:term":[{"taxonomy":"product_brand","embeddable":true,"href":"https:\/\/kruze.ee\/et\/wp-json\/wp\/v2\/product_brand?post=1450838"},{"taxonomy":"product_cat","embeddable":true,"href":"https:\/\/kruze.ee\/et\/wp-json\/wp\/v2\/product_cat?post=1450838"},{"taxonomy":"product_tag","embeddable":true,"href":"https:\/\/kruze.ee\/et\/wp-json\/wp\/v2\/product_tag?post=1450838"}],"curies":[{"name":"wp","href":"https:\/\/api.w.org\/{rel}","templated":true}]}}