{"id":1450783,"date":"2026-04-06T22:52:21","date_gmt":"2026-04-06T19:52:21","guid":{"rendered":"https:\/\/kruze.ee\/product\/craft-adv-subz-ilmastikukindlad-talvekindad\/"},"modified":"2026-04-06T22:52:26","modified_gmt":"2026-04-06T19:52:26","slug":"craft-adv-subz-ilmastikukindlad-talvekindad","status":"publish","type":"product","link":"https:\/\/kruze.ee\/et\/toode\/craft-adv-subz-ilmastikukindlad-talvekindad\/","title":{"rendered":"Craft ADV SubZ ilmastikukindlad talvekindad"},"content":{"rendered":"<p>All Weather Glove on ideaalne valik, kui soovid hoida k\u00e4ed kuivad ja soojad intensiivsete s\u00f5itude ajal k\u00fclmades ja m\u00e4rgades tingimustes. Rattakindal on tuule- ja veekindel pealismaterjal, vett t\u00f5rjuv softshell-kangas peopesas ning soojust hoidev fliisvooder maksimaalse mugavuse tagamiseks. Lisaks on kindal peopesas silikoontr\u00fckk parema haarde saavutamiseks, ergonoomiline disain ja takjakinnitusega reguleeritav randmeosa optimaalseks istuvuseks ning pehme frotee p\u00f6idlal. \u2022 Tuule- ja veekindel pealismaterjal \u2022 Vett t\u00f5rjuv softshell-kangas peopesas \u2022 Fliisvooder optimaalseks soojuseks \u2022 Silikoontr\u00fckk peopesas \u2022 Takjakinnitus \u2022 Ergonoomiline istuvus \u2022 Pehme frotee p\u00f6idlal \u2022 Helkurtr\u00fckk<\/p>\n","protected":false},"excerpt":{"rendered":"<p>All Weather Glove on ideaalne valik, kui soovid hoida k\u00e4ed kuivad ja soojad intensiivsete s\u00f5itude ajal k\u00fclmades ja m\u00e4rgades tingimustes. Rattakindal on tuule-&#8230;<\/p>\n","protected":false},"featured_media":0,"template":"","meta":[],"product_brand":[],"product_cat":[5472],"product_tag":[],"class_list":{"0":"post-1450783","1":"product","2":"type-product","3":"status-publish","5":"product_cat-talvemutsid-sallid-kindad","6":"pa_brand-craft","7":"pa_color-black-2","8":"pa_color-neoonkollanemust","9":"pa_gender-uniseks","10":"pa_gender-unisex","13":"pa_size-10-l","14":"pa_size-11-xl","15":"pa_size-12-xxl","16":"pa_size-7-xs","17":"pa_size-8-s","18":"pa_size-9-m","20":"first","21":"instock","22":"taxable","23":"shipping-taxable","24":"purchasable","25":"product-type-variable"},"acf":[],"yoast_head":"<!-- This site is optimized with the Yoast SEO plugin v26.0 - https:\/\/yoast.com\/wordpress\/plugins\/seo\/ -->\n<title>Craft ADV SubZ ilmastikukindlad talvekindad - Kruze.ee<\/title>\n<meta name=\"robots\" content=\"index, follow, max-snippet:-1, max-image-preview:large, max-video-preview:-1\" \/>\n<link rel=\"canonical\" href=\"https:\/\/kruze.ee\/et\/toode\/craft-adv-subz-ilmastikukindlad-talvekindad\/\" \/>\n<meta property=\"og:locale\" content=\"et_EE\" \/>\n<meta property=\"og:type\" content=\"article\" \/>\n<meta property=\"og:title\" content=\"Craft ADV SubZ ilmastikukindlad talvekindad - Kruze.ee\" \/>\n<meta property=\"og:description\" content=\"All Weather Glove on ideaalne valik, kui soovid hoida k\u00e4ed kuivad ja soojad intensiivsete s\u00f5itude ajal k\u00fclmades ja m\u00e4rgades tingimustes. Rattakindal on tuule-...\" \/>\n<meta property=\"og:url\" content=\"https:\/\/kruze.ee\/et\/toode\/craft-adv-subz-ilmastikukindlad-talvekindad\/\" \/>\n<meta property=\"og:site_name\" content=\"Kruze.ee\" \/>\n<meta property=\"article:modified_time\" content=\"2026-04-06T19:52:26+00:00\" \/>\n<meta name=\"twitter:card\" content=\"summary_large_image\" \/>\n<script type=\"application\/ld+json\" class=\"yoast-schema-graph\">{\"@context\":\"https:\/\/schema.org\",\"@graph\":[{\"@type\":\"WebPage\",\"@id\":\"https:\/\/kruze.ee\/et\/toode\/craft-adv-subz-ilmastikukindlad-talvekindad\/\",\"url\":\"https:\/\/kruze.ee\/et\/toode\/craft-adv-subz-ilmastikukindlad-talvekindad\/\",\"name\":\"Craft ADV SubZ ilmastikukindlad talvekindad - Kruze.ee\",\"isPartOf\":{\"@id\":\"https:\/\/kruze.ee\/et\/#website\"},\"datePublished\":\"2026-04-06T19:52:21+00:00\",\"dateModified\":\"2026-04-06T19:52:26+00:00\",\"breadcrumb\":{\"@id\":\"https:\/\/kruze.ee\/et\/toode\/craft-adv-subz-ilmastikukindlad-talvekindad\/#breadcrumb\"},\"inLanguage\":\"et\",\"potentialAction\":[{\"@type\":\"ReadAction\",\"target\":[\"https:\/\/kruze.ee\/et\/toode\/craft-adv-subz-ilmastikukindlad-talvekindad\/\"]}]},{\"@type\":\"BreadcrumbList\",\"@id\":\"https:\/\/kruze.ee\/et\/toode\/craft-adv-subz-ilmastikukindlad-talvekindad\/#breadcrumb\",\"itemListElement\":[{\"@type\":\"ListItem\",\"position\":1,\"name\":\"Home\",\"item\":\"https:\/\/kruze.ee\/et\/\"},{\"@type\":\"ListItem\",\"position\":2,\"name\":\"Tooted\",\"item\":\"https:\/\/kruze.ee\/et\/tooted\/\"},{\"@type\":\"ListItem\",\"position\":3,\"name\":\"Craft ADV SubZ ilmastikukindlad talvekindad\"}]},{\"@type\":\"WebSite\",\"@id\":\"https:\/\/kruze.ee\/et\/#website\",\"url\":\"https:\/\/kruze.ee\/et\/\",\"name\":\"Kruze.ee\",\"description\":\"Reklaamkingitused, tr&uuml;kiga T-s&auml;rgid, fliisid, dressipluused, tekstiil, joped ja paljud teised logoga meened, &Auml;rikingitused sinu partnerile! Telli juba t&auml;na.\",\"potentialAction\":[{\"@type\":\"SearchAction\",\"target\":{\"@type\":\"EntryPoint\",\"urlTemplate\":\"https:\/\/kruze.ee\/et\/?s={search_term_string}\"},\"query-input\":{\"@type\":\"PropertyValueSpecification\",\"valueRequired\":true,\"valueName\":\"search_term_string\"}}],\"inLanguage\":\"et\"}]}<\/script>\n<!-- \/ Yoast SEO plugin. -->","yoast_head_json":{"title":"Craft ADV SubZ ilmastikukindlad talvekindad - Kruze.ee","robots":{"index":"index","follow":"follow","max-snippet":"max-snippet:-1","max-image-preview":"max-image-preview:large","max-video-preview":"max-video-preview:-1"},"canonical":"https:\/\/kruze.ee\/et\/toode\/craft-adv-subz-ilmastikukindlad-talvekindad\/","og_locale":"et_EE","og_type":"article","og_title":"Craft ADV SubZ ilmastikukindlad talvekindad - Kruze.ee","og_description":"All Weather Glove on ideaalne valik, kui soovid hoida k\u00e4ed kuivad ja soojad intensiivsete s\u00f5itude ajal k\u00fclmades ja m\u00e4rgades tingimustes. Rattakindal on tuule-...","og_url":"https:\/\/kruze.ee\/et\/toode\/craft-adv-subz-ilmastikukindlad-talvekindad\/","og_site_name":"Kruze.ee","article_modified_time":"2026-04-06T19:52:26+00:00","twitter_card":"summary_large_image","schema":{"@context":"https:\/\/schema.org","@graph":[{"@type":"WebPage","@id":"https:\/\/kruze.ee\/et\/toode\/craft-adv-subz-ilmastikukindlad-talvekindad\/","url":"https:\/\/kruze.ee\/et\/toode\/craft-adv-subz-ilmastikukindlad-talvekindad\/","name":"Craft ADV SubZ ilmastikukindlad talvekindad - Kruze.ee","isPartOf":{"@id":"https:\/\/kruze.ee\/et\/#website"},"datePublished":"2026-04-06T19:52:21+00:00","dateModified":"2026-04-06T19:52:26+00:00","breadcrumb":{"@id":"https:\/\/kruze.ee\/et\/toode\/craft-adv-subz-ilmastikukindlad-talvekindad\/#breadcrumb"},"inLanguage":"et","potentialAction":[{"@type":"ReadAction","target":["https:\/\/kruze.ee\/et\/toode\/craft-adv-subz-ilmastikukindlad-talvekindad\/"]}]},{"@type":"BreadcrumbList","@id":"https:\/\/kruze.ee\/et\/toode\/craft-adv-subz-ilmastikukindlad-talvekindad\/#breadcrumb","itemListElement":[{"@type":"ListItem","position":1,"name":"Home","item":"https:\/\/kruze.ee\/et\/"},{"@type":"ListItem","position":2,"name":"Tooted","item":"https:\/\/kruze.ee\/et\/tooted\/"},{"@type":"ListItem","position":3,"name":"Craft ADV SubZ ilmastikukindlad talvekindad"}]},{"@type":"WebSite","@id":"https:\/\/kruze.ee\/et\/#website","url":"https:\/\/kruze.ee\/et\/","name":"Kruze.ee","description":"Reklaamkingitused, tr&uuml;kiga T-s&auml;rgid, fliisid, dressipluused, tekstiil, joped ja paljud teised logoga meened, &Auml;rikingitused sinu partnerile! Telli juba t&auml;na.","potentialAction":[{"@type":"SearchAction","target":{"@type":"EntryPoint","urlTemplate":"https:\/\/kruze.ee\/et\/?s={search_term_string}"},"query-input":{"@type":"PropertyValueSpecification","valueRequired":true,"valueName":"search_term_string"}}],"inLanguage":"et"}]}},"_links":{"self":[{"href":"https:\/\/kruze.ee\/et\/wp-json\/wp\/v2\/product\/1450783","targetHints":{"allow":["GET"]}}],"collection":[{"href":"https:\/\/kruze.ee\/et\/wp-json\/wp\/v2\/product"}],"about":[{"href":"https:\/\/kruze.ee\/et\/wp-json\/wp\/v2\/types\/product"}],"wp:attachment":[{"href":"https:\/\/kruze.ee\/et\/wp-json\/wp\/v2\/media?parent=1450783"}],"wp:term":[{"taxonomy":"product_brand","embeddable":true,"href":"https:\/\/kruze.ee\/et\/wp-json\/wp\/v2\/product_brand?post=1450783"},{"taxonomy":"product_cat","embeddable":true,"href":"https:\/\/kruze.ee\/et\/wp-json\/wp\/v2\/product_cat?post=1450783"},{"taxonomy":"product_tag","embeddable":true,"href":"https:\/\/kruze.ee\/et\/wp-json\/wp\/v2\/product_tag?post=1450783"}],"curies":[{"name":"wp","href":"https:\/\/api.w.org\/{rel}","templated":true}]}}