{"id":1450711,"date":"2026-04-06T22:51:39","date_gmt":"2026-04-06T19:51:39","guid":{"rendered":"https:\/\/kruze.ee\/product\/craft-endur-rattakindad\/"},"modified":"2026-04-06T22:51:44","modified_gmt":"2026-04-06T19:51:44","slug":"craft-endur-rattakindad","status":"publish","type":"product","link":"https:\/\/kruze.ee\/et\/toode\/craft-endur-rattakindad\/","title":{"rendered":"Craft Endur rattakindad"},"content":{"rendered":"<p>Endur Glove on klassikaline rattakinnas, mille k\u00e4eseljal on taaskasutatud veniv v\u00f5rkkangas, tagades suurep\u00e4rase hingavuse. Kinnas on varustatud takjakinnitusega reguleeritava randmeosaga, silikoonist haardepinnaga ning l\u00f6\u00f6ke summutava geelpolsterdusega. \u2022 Taaskasutatud v\u00f5rkkangas k\u00e4eseljal \u2022 Silikoontr\u00fckk peopesas parema haarde jaoks \u2022 Geelpolsterdus survepunktides peopesas \u2022 Frotee p\u00f6idlal higi p\u00fchkimiseks \u2022 Takjakinnitus<\/p>\n","protected":false},"excerpt":{"rendered":"<p>Endur Glove on klassikaline rattakinnas, mille k\u00e4eseljal on taaskasutatud veniv v\u00f5rkkangas, tagades suurep\u00e4rase hingavuse. Kinnas on varustatud&#8230;<\/p>\n","protected":false},"featured_media":0,"template":"","meta":[],"product_brand":[],"product_cat":[5472],"product_tag":[],"class_list":{"0":"post-1450711","1":"product","2":"type-product","3":"status-publish","5":"product_cat-talvemutsid-sallid-kindad","6":"pa_brand-craft","7":"pa_color-black-2","8":"pa_color-valge","9":"pa_gender-uniseks","10":"pa_gender-unisex","13":"pa_material-palm-100-polyamide-backhand-73-polyamide-recycled-27-elastane","14":"pa_size-10-l","15":"pa_size-11-xl","16":"pa_size-12-xxl","17":"pa_size-6-xxs","18":"pa_size-7-xs","19":"pa_size-8-s","20":"pa_size-9-m","22":"first","23":"instock","24":"taxable","25":"shipping-taxable","26":"purchasable","27":"product-type-variable"},"acf":[],"yoast_head":"<!-- This site is optimized with the Yoast SEO plugin v26.0 - https:\/\/yoast.com\/wordpress\/plugins\/seo\/ -->\n<title>Craft Endur rattakindad - Kruze.ee<\/title>\n<meta name=\"robots\" content=\"index, follow, max-snippet:-1, max-image-preview:large, max-video-preview:-1\" \/>\n<link rel=\"canonical\" href=\"https:\/\/kruze.ee\/et\/toode\/craft-endur-rattakindad\/\" \/>\n<meta property=\"og:locale\" content=\"et_EE\" \/>\n<meta property=\"og:type\" content=\"article\" \/>\n<meta property=\"og:title\" content=\"Craft Endur rattakindad - Kruze.ee\" \/>\n<meta property=\"og:description\" content=\"Endur Glove on klassikaline rattakinnas, mille k\u00e4eseljal on taaskasutatud veniv v\u00f5rkkangas, tagades suurep\u00e4rase hingavuse. Kinnas on varustatud...\" \/>\n<meta property=\"og:url\" content=\"https:\/\/kruze.ee\/et\/toode\/craft-endur-rattakindad\/\" \/>\n<meta property=\"og:site_name\" content=\"Kruze.ee\" \/>\n<meta property=\"article:modified_time\" content=\"2026-04-06T19:51:44+00:00\" \/>\n<meta name=\"twitter:card\" content=\"summary_large_image\" \/>\n<script type=\"application\/ld+json\" class=\"yoast-schema-graph\">{\"@context\":\"https:\/\/schema.org\",\"@graph\":[{\"@type\":\"WebPage\",\"@id\":\"https:\/\/kruze.ee\/et\/toode\/craft-endur-rattakindad\/\",\"url\":\"https:\/\/kruze.ee\/et\/toode\/craft-endur-rattakindad\/\",\"name\":\"Craft Endur rattakindad - Kruze.ee\",\"isPartOf\":{\"@id\":\"https:\/\/kruze.ee\/et\/#website\"},\"datePublished\":\"2026-04-06T19:51:39+00:00\",\"dateModified\":\"2026-04-06T19:51:44+00:00\",\"breadcrumb\":{\"@id\":\"https:\/\/kruze.ee\/et\/toode\/craft-endur-rattakindad\/#breadcrumb\"},\"inLanguage\":\"et\",\"potentialAction\":[{\"@type\":\"ReadAction\",\"target\":[\"https:\/\/kruze.ee\/et\/toode\/craft-endur-rattakindad\/\"]}]},{\"@type\":\"BreadcrumbList\",\"@id\":\"https:\/\/kruze.ee\/et\/toode\/craft-endur-rattakindad\/#breadcrumb\",\"itemListElement\":[{\"@type\":\"ListItem\",\"position\":1,\"name\":\"Home\",\"item\":\"https:\/\/kruze.ee\/et\/\"},{\"@type\":\"ListItem\",\"position\":2,\"name\":\"Tooted\",\"item\":\"https:\/\/kruze.ee\/et\/tooted\/\"},{\"@type\":\"ListItem\",\"position\":3,\"name\":\"Craft Endur rattakindad\"}]},{\"@type\":\"WebSite\",\"@id\":\"https:\/\/kruze.ee\/et\/#website\",\"url\":\"https:\/\/kruze.ee\/et\/\",\"name\":\"Kruze.ee\",\"description\":\"Reklaamkingitused, tr&uuml;kiga T-s&auml;rgid, fliisid, dressipluused, tekstiil, joped ja paljud teised logoga meened, &Auml;rikingitused sinu partnerile! Telli juba t&auml;na.\",\"potentialAction\":[{\"@type\":\"SearchAction\",\"target\":{\"@type\":\"EntryPoint\",\"urlTemplate\":\"https:\/\/kruze.ee\/et\/?s={search_term_string}\"},\"query-input\":{\"@type\":\"PropertyValueSpecification\",\"valueRequired\":true,\"valueName\":\"search_term_string\"}}],\"inLanguage\":\"et\"}]}<\/script>\n<!-- \/ Yoast SEO plugin. -->","yoast_head_json":{"title":"Craft Endur rattakindad - Kruze.ee","robots":{"index":"index","follow":"follow","max-snippet":"max-snippet:-1","max-image-preview":"max-image-preview:large","max-video-preview":"max-video-preview:-1"},"canonical":"https:\/\/kruze.ee\/et\/toode\/craft-endur-rattakindad\/","og_locale":"et_EE","og_type":"article","og_title":"Craft Endur rattakindad - Kruze.ee","og_description":"Endur Glove on klassikaline rattakinnas, mille k\u00e4eseljal on taaskasutatud veniv v\u00f5rkkangas, tagades suurep\u00e4rase hingavuse. Kinnas on varustatud...","og_url":"https:\/\/kruze.ee\/et\/toode\/craft-endur-rattakindad\/","og_site_name":"Kruze.ee","article_modified_time":"2026-04-06T19:51:44+00:00","twitter_card":"summary_large_image","schema":{"@context":"https:\/\/schema.org","@graph":[{"@type":"WebPage","@id":"https:\/\/kruze.ee\/et\/toode\/craft-endur-rattakindad\/","url":"https:\/\/kruze.ee\/et\/toode\/craft-endur-rattakindad\/","name":"Craft Endur rattakindad - Kruze.ee","isPartOf":{"@id":"https:\/\/kruze.ee\/et\/#website"},"datePublished":"2026-04-06T19:51:39+00:00","dateModified":"2026-04-06T19:51:44+00:00","breadcrumb":{"@id":"https:\/\/kruze.ee\/et\/toode\/craft-endur-rattakindad\/#breadcrumb"},"inLanguage":"et","potentialAction":[{"@type":"ReadAction","target":["https:\/\/kruze.ee\/et\/toode\/craft-endur-rattakindad\/"]}]},{"@type":"BreadcrumbList","@id":"https:\/\/kruze.ee\/et\/toode\/craft-endur-rattakindad\/#breadcrumb","itemListElement":[{"@type":"ListItem","position":1,"name":"Home","item":"https:\/\/kruze.ee\/et\/"},{"@type":"ListItem","position":2,"name":"Tooted","item":"https:\/\/kruze.ee\/et\/tooted\/"},{"@type":"ListItem","position":3,"name":"Craft Endur rattakindad"}]},{"@type":"WebSite","@id":"https:\/\/kruze.ee\/et\/#website","url":"https:\/\/kruze.ee\/et\/","name":"Kruze.ee","description":"Reklaamkingitused, tr&uuml;kiga T-s&auml;rgid, fliisid, dressipluused, tekstiil, joped ja paljud teised logoga meened, &Auml;rikingitused sinu partnerile! Telli juba t&auml;na.","potentialAction":[{"@type":"SearchAction","target":{"@type":"EntryPoint","urlTemplate":"https:\/\/kruze.ee\/et\/?s={search_term_string}"},"query-input":{"@type":"PropertyValueSpecification","valueRequired":true,"valueName":"search_term_string"}}],"inLanguage":"et"}]}},"_links":{"self":[{"href":"https:\/\/kruze.ee\/et\/wp-json\/wp\/v2\/product\/1450711","targetHints":{"allow":["GET"]}}],"collection":[{"href":"https:\/\/kruze.ee\/et\/wp-json\/wp\/v2\/product"}],"about":[{"href":"https:\/\/kruze.ee\/et\/wp-json\/wp\/v2\/types\/product"}],"wp:attachment":[{"href":"https:\/\/kruze.ee\/et\/wp-json\/wp\/v2\/media?parent=1450711"}],"wp:term":[{"taxonomy":"product_brand","embeddable":true,"href":"https:\/\/kruze.ee\/et\/wp-json\/wp\/v2\/product_brand?post=1450711"},{"taxonomy":"product_cat","embeddable":true,"href":"https:\/\/kruze.ee\/et\/wp-json\/wp\/v2\/product_cat?post=1450711"},{"taxonomy":"product_tag","embeddable":true,"href":"https:\/\/kruze.ee\/et\/wp-json\/wp\/v2\/product_tag?post=1450711"}],"curies":[{"name":"wp","href":"https:\/\/api.w.org\/{rel}","templated":true}]}}