{"id":1450658,"date":"2026-04-06T22:51:13","date_gmt":"2026-04-06T19:51:13","guid":{"rendered":"https:\/\/kruze.ee\/product\/craft-adv-subz-kindad\/"},"modified":"2026-04-06T22:51:22","modified_gmt":"2026-04-06T19:51:22","slug":"craft-adv-subz-kindad","status":"publish","type":"product","link":"https:\/\/kruze.ee\/et\/toode\/craft-adv-subz-kindad\/","title":{"rendered":"Craft ADV SubZ kindad"},"content":{"rendered":"<p>Siberian 2.0 Split Finger Glove on soe rattakinnas tuule- ja veekindla pealismaterjali ning fliisvoodriga, mis sobib s\u00f5itmiseks k\u00fclmades ja m\u00e4rgades tingimustes. Kolmes\u00f5rmeline disain tagab parema soojapidavuse ning peopesas olev silikoontr\u00fckk kindla haarde. Kinnas on varustatud takjakinnitusega reguleeritava randmeosaga, helkurtr\u00fckiga parema n\u00e4htavuse tagamiseks ning pehme froteega p\u00f6idlal. Eelvormitud disain. \u2022 Tuule- ja veekindel pealismaterjal \u2022 Fliisvooder \u2022 Kolmes\u00f5rmeline disain \u2022 Silikoontr\u00fckk peopesas \u2022 Takjakinnitus<\/p>\n","protected":false},"excerpt":{"rendered":"<p>Siberian 2.0 Split Finger Glove on soe rattakinnas tuule- ja veekindla pealismaterjali ning fliisvoodriga, mis sobib s\u00f5itmiseks k\u00fclmades ja m\u00e4rgades&#8230;<\/p>\n","protected":false},"featured_media":0,"template":"","meta":[],"product_brand":[],"product_cat":[5472],"product_tag":[],"class_list":{"0":"post-1450658","1":"product","2":"type-product","3":"status-publish","5":"product_cat-talvemutsid-sallid-kindad","6":"pa_brand-craft","7":"pa_color-helkurmust","8":"pa_color-black-2","9":"pa_color-neoonkollanemust","10":"pa_gender-uniseks","11":"pa_gender-unisex","14":"pa_material-backhandface100-polyurethane-backhandmiddle100-polyester-recycled-backhandback100-polyester-recycled-lining100-polyester-recycled-padding50-polyester25-polyurethane25-polyester-recycled","15":"pa_size-10-l","16":"pa_size-11-xl","17":"pa_size-12-xxl","18":"pa_size-7-xs","19":"pa_size-8-s","20":"pa_size-9-m","22":"first","23":"instock","24":"taxable","25":"shipping-taxable","26":"purchasable","27":"product-type-variable"},"acf":[],"yoast_head":"<!-- This site is optimized with the Yoast SEO plugin v26.0 - https:\/\/yoast.com\/wordpress\/plugins\/seo\/ -->\n<title>Craft ADV SubZ kindad - Kruze.ee<\/title>\n<meta name=\"robots\" content=\"index, follow, max-snippet:-1, max-image-preview:large, max-video-preview:-1\" \/>\n<link rel=\"canonical\" href=\"https:\/\/kruze.ee\/et\/toode\/craft-adv-subz-kindad\/\" \/>\n<meta property=\"og:locale\" content=\"et_EE\" \/>\n<meta property=\"og:type\" content=\"article\" \/>\n<meta property=\"og:title\" content=\"Craft ADV SubZ kindad - Kruze.ee\" \/>\n<meta property=\"og:description\" content=\"Siberian 2.0 Split Finger Glove on soe rattakinnas tuule- ja veekindla pealismaterjali ning fliisvoodriga, mis sobib s\u00f5itmiseks k\u00fclmades ja m\u00e4rgades...\" \/>\n<meta property=\"og:url\" content=\"https:\/\/kruze.ee\/et\/toode\/craft-adv-subz-kindad\/\" \/>\n<meta property=\"og:site_name\" content=\"Kruze.ee\" \/>\n<meta property=\"article:modified_time\" content=\"2026-04-06T19:51:22+00:00\" \/>\n<meta name=\"twitter:card\" content=\"summary_large_image\" \/>\n<script type=\"application\/ld+json\" class=\"yoast-schema-graph\">{\"@context\":\"https:\/\/schema.org\",\"@graph\":[{\"@type\":\"WebPage\",\"@id\":\"https:\/\/kruze.ee\/et\/toode\/craft-adv-subz-kindad\/\",\"url\":\"https:\/\/kruze.ee\/et\/toode\/craft-adv-subz-kindad\/\",\"name\":\"Craft ADV SubZ kindad - Kruze.ee\",\"isPartOf\":{\"@id\":\"https:\/\/kruze.ee\/et\/#website\"},\"datePublished\":\"2026-04-06T19:51:13+00:00\",\"dateModified\":\"2026-04-06T19:51:22+00:00\",\"breadcrumb\":{\"@id\":\"https:\/\/kruze.ee\/et\/toode\/craft-adv-subz-kindad\/#breadcrumb\"},\"inLanguage\":\"et\",\"potentialAction\":[{\"@type\":\"ReadAction\",\"target\":[\"https:\/\/kruze.ee\/et\/toode\/craft-adv-subz-kindad\/\"]}]},{\"@type\":\"BreadcrumbList\",\"@id\":\"https:\/\/kruze.ee\/et\/toode\/craft-adv-subz-kindad\/#breadcrumb\",\"itemListElement\":[{\"@type\":\"ListItem\",\"position\":1,\"name\":\"Home\",\"item\":\"https:\/\/kruze.ee\/et\/\"},{\"@type\":\"ListItem\",\"position\":2,\"name\":\"Tooted\",\"item\":\"https:\/\/kruze.ee\/et\/tooted\/\"},{\"@type\":\"ListItem\",\"position\":3,\"name\":\"Craft ADV SubZ kindad\"}]},{\"@type\":\"WebSite\",\"@id\":\"https:\/\/kruze.ee\/et\/#website\",\"url\":\"https:\/\/kruze.ee\/et\/\",\"name\":\"Kruze.ee\",\"description\":\"Reklaamkingitused, tr&uuml;kiga T-s&auml;rgid, fliisid, dressipluused, tekstiil, joped ja paljud teised logoga meened, &Auml;rikingitused sinu partnerile! Telli juba t&auml;na.\",\"potentialAction\":[{\"@type\":\"SearchAction\",\"target\":{\"@type\":\"EntryPoint\",\"urlTemplate\":\"https:\/\/kruze.ee\/et\/?s={search_term_string}\"},\"query-input\":{\"@type\":\"PropertyValueSpecification\",\"valueRequired\":true,\"valueName\":\"search_term_string\"}}],\"inLanguage\":\"et\"}]}<\/script>\n<!-- \/ Yoast SEO plugin. -->","yoast_head_json":{"title":"Craft ADV SubZ kindad - Kruze.ee","robots":{"index":"index","follow":"follow","max-snippet":"max-snippet:-1","max-image-preview":"max-image-preview:large","max-video-preview":"max-video-preview:-1"},"canonical":"https:\/\/kruze.ee\/et\/toode\/craft-adv-subz-kindad\/","og_locale":"et_EE","og_type":"article","og_title":"Craft ADV SubZ kindad - Kruze.ee","og_description":"Siberian 2.0 Split Finger Glove on soe rattakinnas tuule- ja veekindla pealismaterjali ning fliisvoodriga, mis sobib s\u00f5itmiseks k\u00fclmades ja m\u00e4rgades...","og_url":"https:\/\/kruze.ee\/et\/toode\/craft-adv-subz-kindad\/","og_site_name":"Kruze.ee","article_modified_time":"2026-04-06T19:51:22+00:00","twitter_card":"summary_large_image","schema":{"@context":"https:\/\/schema.org","@graph":[{"@type":"WebPage","@id":"https:\/\/kruze.ee\/et\/toode\/craft-adv-subz-kindad\/","url":"https:\/\/kruze.ee\/et\/toode\/craft-adv-subz-kindad\/","name":"Craft ADV SubZ kindad - Kruze.ee","isPartOf":{"@id":"https:\/\/kruze.ee\/et\/#website"},"datePublished":"2026-04-06T19:51:13+00:00","dateModified":"2026-04-06T19:51:22+00:00","breadcrumb":{"@id":"https:\/\/kruze.ee\/et\/toode\/craft-adv-subz-kindad\/#breadcrumb"},"inLanguage":"et","potentialAction":[{"@type":"ReadAction","target":["https:\/\/kruze.ee\/et\/toode\/craft-adv-subz-kindad\/"]}]},{"@type":"BreadcrumbList","@id":"https:\/\/kruze.ee\/et\/toode\/craft-adv-subz-kindad\/#breadcrumb","itemListElement":[{"@type":"ListItem","position":1,"name":"Home","item":"https:\/\/kruze.ee\/et\/"},{"@type":"ListItem","position":2,"name":"Tooted","item":"https:\/\/kruze.ee\/et\/tooted\/"},{"@type":"ListItem","position":3,"name":"Craft ADV SubZ kindad"}]},{"@type":"WebSite","@id":"https:\/\/kruze.ee\/et\/#website","url":"https:\/\/kruze.ee\/et\/","name":"Kruze.ee","description":"Reklaamkingitused, tr&uuml;kiga T-s&auml;rgid, fliisid, dressipluused, tekstiil, joped ja paljud teised logoga meened, &Auml;rikingitused sinu partnerile! Telli juba t&auml;na.","potentialAction":[{"@type":"SearchAction","target":{"@type":"EntryPoint","urlTemplate":"https:\/\/kruze.ee\/et\/?s={search_term_string}"},"query-input":{"@type":"PropertyValueSpecification","valueRequired":true,"valueName":"search_term_string"}}],"inLanguage":"et"}]}},"_links":{"self":[{"href":"https:\/\/kruze.ee\/et\/wp-json\/wp\/v2\/product\/1450658","targetHints":{"allow":["GET"]}}],"collection":[{"href":"https:\/\/kruze.ee\/et\/wp-json\/wp\/v2\/product"}],"about":[{"href":"https:\/\/kruze.ee\/et\/wp-json\/wp\/v2\/types\/product"}],"wp:attachment":[{"href":"https:\/\/kruze.ee\/et\/wp-json\/wp\/v2\/media?parent=1450658"}],"wp:term":[{"taxonomy":"product_brand","embeddable":true,"href":"https:\/\/kruze.ee\/et\/wp-json\/wp\/v2\/product_brand?post=1450658"},{"taxonomy":"product_cat","embeddable":true,"href":"https:\/\/kruze.ee\/et\/wp-json\/wp\/v2\/product_cat?post=1450658"},{"taxonomy":"product_tag","embeddable":true,"href":"https:\/\/kruze.ee\/et\/wp-json\/wp\/v2\/product_tag?post=1450658"}],"curies":[{"name":"wp","href":"https:\/\/api.w.org\/{rel}","templated":true}]}}