{"id":1450621,"date":"2026-04-06T22:50:48","date_gmt":"2026-04-06T19:50:48","guid":{"rendered":"https:\/\/kruze.ee\/product\/craft-adv-rouleur-rattakindad\/"},"modified":"2026-04-06T22:50:50","modified_gmt":"2026-04-06T19:50:50","slug":"craft-adv-rouleur-rattakindad","status":"publish","type":"product","link":"https:\/\/kruze.ee\/et\/toode\/craft-adv-rouleur-rattakindad\/","title":{"rendered":"Craft ADV Rouleur rattakindad"},"content":{"rendered":"<p>Rattakinnas elastsete paneelidega optimaalse istuvuse tagamiseks ning vahupolsterdusega survepunktides mugavuse ja kaitse jaoks. Pealispinna pehme v\u00f5rkkangas tagab suurep\u00e4rase ventilatsiooni. Peopesas olev silikoontr\u00fckk parandab haaret. Takjakinnitus.<\/p>\n","protected":false},"excerpt":{"rendered":"<p>Rattakinnas elastsete paneelidega optimaalse istuvuse tagamiseks ning vahupolsterdusega survepunktides mugavuse ja kaitse jaoks. Pealispinna pehme v\u00f5rkkangas&#8230;<\/p>\n","protected":false},"featured_media":0,"template":"","meta":[],"product_brand":[],"product_cat":[5472],"product_tag":[],"class_list":{"0":"post-1450621","1":"product","2":"type-product","3":"status-publish","5":"product_cat-talvemutsid-sallid-kindad","6":"pa_brand-craft","7":"pa_color-black-2","8":"pa_gender-uniseks","9":"pa_gender-unisex","12":"pa_material-backhand-8-elastane-92-polyester-palm-50-polyurethane-50-polyamide","13":"pa_size-10-l","14":"pa_size-11-xl","15":"pa_size-12-xxl","16":"pa_size-7-xs","17":"pa_size-8-s","18":"pa_size-9-m","20":"first","21":"instock","22":"taxable","23":"shipping-taxable","24":"purchasable","25":"product-type-variable"},"acf":[],"yoast_head":"<!-- This site is optimized with the Yoast SEO plugin v26.0 - https:\/\/yoast.com\/wordpress\/plugins\/seo\/ -->\n<title>Craft ADV Rouleur rattakindad - Kruze.ee<\/title>\n<meta name=\"robots\" content=\"index, follow, max-snippet:-1, max-image-preview:large, max-video-preview:-1\" \/>\n<link rel=\"canonical\" href=\"https:\/\/kruze.ee\/et\/toode\/craft-adv-rouleur-rattakindad\/\" \/>\n<meta property=\"og:locale\" content=\"et_EE\" \/>\n<meta property=\"og:type\" content=\"article\" \/>\n<meta property=\"og:title\" content=\"Craft ADV Rouleur rattakindad - Kruze.ee\" \/>\n<meta property=\"og:description\" content=\"Rattakinnas elastsete paneelidega optimaalse istuvuse tagamiseks ning vahupolsterdusega survepunktides mugavuse ja kaitse jaoks. Pealispinna pehme v\u00f5rkkangas...\" \/>\n<meta property=\"og:url\" content=\"https:\/\/kruze.ee\/et\/toode\/craft-adv-rouleur-rattakindad\/\" \/>\n<meta property=\"og:site_name\" content=\"Kruze.ee\" \/>\n<meta property=\"article:modified_time\" content=\"2026-04-06T19:50:50+00:00\" \/>\n<meta name=\"twitter:card\" content=\"summary_large_image\" \/>\n<script type=\"application\/ld+json\" class=\"yoast-schema-graph\">{\"@context\":\"https:\/\/schema.org\",\"@graph\":[{\"@type\":\"WebPage\",\"@id\":\"https:\/\/kruze.ee\/et\/toode\/craft-adv-rouleur-rattakindad\/\",\"url\":\"https:\/\/kruze.ee\/et\/toode\/craft-adv-rouleur-rattakindad\/\",\"name\":\"Craft ADV Rouleur rattakindad - Kruze.ee\",\"isPartOf\":{\"@id\":\"https:\/\/kruze.ee\/et\/#website\"},\"datePublished\":\"2026-04-06T19:50:48+00:00\",\"dateModified\":\"2026-04-06T19:50:50+00:00\",\"breadcrumb\":{\"@id\":\"https:\/\/kruze.ee\/et\/toode\/craft-adv-rouleur-rattakindad\/#breadcrumb\"},\"inLanguage\":\"et\",\"potentialAction\":[{\"@type\":\"ReadAction\",\"target\":[\"https:\/\/kruze.ee\/et\/toode\/craft-adv-rouleur-rattakindad\/\"]}]},{\"@type\":\"BreadcrumbList\",\"@id\":\"https:\/\/kruze.ee\/et\/toode\/craft-adv-rouleur-rattakindad\/#breadcrumb\",\"itemListElement\":[{\"@type\":\"ListItem\",\"position\":1,\"name\":\"Home\",\"item\":\"https:\/\/kruze.ee\/et\/\"},{\"@type\":\"ListItem\",\"position\":2,\"name\":\"Tooted\",\"item\":\"https:\/\/kruze.ee\/et\/tooted\/\"},{\"@type\":\"ListItem\",\"position\":3,\"name\":\"Craft ADV Rouleur rattakindad\"}]},{\"@type\":\"WebSite\",\"@id\":\"https:\/\/kruze.ee\/et\/#website\",\"url\":\"https:\/\/kruze.ee\/et\/\",\"name\":\"Kruze.ee\",\"description\":\"Reklaamkingitused, tr&uuml;kiga T-s&auml;rgid, fliisid, dressipluused, tekstiil, joped ja paljud teised logoga meened, &Auml;rikingitused sinu partnerile! Telli juba t&auml;na.\",\"potentialAction\":[{\"@type\":\"SearchAction\",\"target\":{\"@type\":\"EntryPoint\",\"urlTemplate\":\"https:\/\/kruze.ee\/et\/?s={search_term_string}\"},\"query-input\":{\"@type\":\"PropertyValueSpecification\",\"valueRequired\":true,\"valueName\":\"search_term_string\"}}],\"inLanguage\":\"et\"}]}<\/script>\n<!-- \/ Yoast SEO plugin. -->","yoast_head_json":{"title":"Craft ADV Rouleur rattakindad - Kruze.ee","robots":{"index":"index","follow":"follow","max-snippet":"max-snippet:-1","max-image-preview":"max-image-preview:large","max-video-preview":"max-video-preview:-1"},"canonical":"https:\/\/kruze.ee\/et\/toode\/craft-adv-rouleur-rattakindad\/","og_locale":"et_EE","og_type":"article","og_title":"Craft ADV Rouleur rattakindad - Kruze.ee","og_description":"Rattakinnas elastsete paneelidega optimaalse istuvuse tagamiseks ning vahupolsterdusega survepunktides mugavuse ja kaitse jaoks. Pealispinna pehme v\u00f5rkkangas...","og_url":"https:\/\/kruze.ee\/et\/toode\/craft-adv-rouleur-rattakindad\/","og_site_name":"Kruze.ee","article_modified_time":"2026-04-06T19:50:50+00:00","twitter_card":"summary_large_image","schema":{"@context":"https:\/\/schema.org","@graph":[{"@type":"WebPage","@id":"https:\/\/kruze.ee\/et\/toode\/craft-adv-rouleur-rattakindad\/","url":"https:\/\/kruze.ee\/et\/toode\/craft-adv-rouleur-rattakindad\/","name":"Craft ADV Rouleur rattakindad - Kruze.ee","isPartOf":{"@id":"https:\/\/kruze.ee\/et\/#website"},"datePublished":"2026-04-06T19:50:48+00:00","dateModified":"2026-04-06T19:50:50+00:00","breadcrumb":{"@id":"https:\/\/kruze.ee\/et\/toode\/craft-adv-rouleur-rattakindad\/#breadcrumb"},"inLanguage":"et","potentialAction":[{"@type":"ReadAction","target":["https:\/\/kruze.ee\/et\/toode\/craft-adv-rouleur-rattakindad\/"]}]},{"@type":"BreadcrumbList","@id":"https:\/\/kruze.ee\/et\/toode\/craft-adv-rouleur-rattakindad\/#breadcrumb","itemListElement":[{"@type":"ListItem","position":1,"name":"Home","item":"https:\/\/kruze.ee\/et\/"},{"@type":"ListItem","position":2,"name":"Tooted","item":"https:\/\/kruze.ee\/et\/tooted\/"},{"@type":"ListItem","position":3,"name":"Craft ADV Rouleur rattakindad"}]},{"@type":"WebSite","@id":"https:\/\/kruze.ee\/et\/#website","url":"https:\/\/kruze.ee\/et\/","name":"Kruze.ee","description":"Reklaamkingitused, tr&uuml;kiga T-s&auml;rgid, fliisid, dressipluused, tekstiil, joped ja paljud teised logoga meened, &Auml;rikingitused sinu partnerile! Telli juba t&auml;na.","potentialAction":[{"@type":"SearchAction","target":{"@type":"EntryPoint","urlTemplate":"https:\/\/kruze.ee\/et\/?s={search_term_string}"},"query-input":{"@type":"PropertyValueSpecification","valueRequired":true,"valueName":"search_term_string"}}],"inLanguage":"et"}]}},"_links":{"self":[{"href":"https:\/\/kruze.ee\/et\/wp-json\/wp\/v2\/product\/1450621","targetHints":{"allow":["GET"]}}],"collection":[{"href":"https:\/\/kruze.ee\/et\/wp-json\/wp\/v2\/product"}],"about":[{"href":"https:\/\/kruze.ee\/et\/wp-json\/wp\/v2\/types\/product"}],"wp:attachment":[{"href":"https:\/\/kruze.ee\/et\/wp-json\/wp\/v2\/media?parent=1450621"}],"wp:term":[{"taxonomy":"product_brand","embeddable":true,"href":"https:\/\/kruze.ee\/et\/wp-json\/wp\/v2\/product_brand?post=1450621"},{"taxonomy":"product_cat","embeddable":true,"href":"https:\/\/kruze.ee\/et\/wp-json\/wp\/v2\/product_cat?post=1450621"},{"taxonomy":"product_tag","embeddable":true,"href":"https:\/\/kruze.ee\/et\/wp-json\/wp\/v2\/product_tag?post=1450621"}],"curies":[{"name":"wp","href":"https:\/\/api.w.org\/{rel}","templated":true}]}}