{"id":1450601,"date":"2026-04-06T22:50:36","date_gmt":"2026-04-06T19:50:36","guid":{"rendered":"https:\/\/kruze.ee\/product\/craft-ctm-race-suusakindad\/"},"modified":"2026-04-06T22:50:39","modified_gmt":"2026-04-06T19:50:39","slug":"craft-ctm-race-suusakindad","status":"publish","type":"product","link":"https:\/\/kruze.ee\/et\/toode\/craft-ctm-race-suusakindad\/","title":{"rendered":"Craft CTM Race suusakindad"},"content":{"rendered":"<p>CTM Race Glove on tipptasemel murdmaasuusakinnas v\u00f5istlusteks ja k\u00f5rge intensiivsusega treeninguteks. See tehniliselt arenenud suusakinnas on varustatud s\u00fcnteetilise nahaga ja silikoontr\u00fckiga peopesas suurep\u00e4rase haarde tagamiseks ning elastse ja tuulekindla materjaliga koos \u00f5hukese mikrofiisvoodriga k\u00e4eseljal optimaalse istuvuse ja tuulekaitse jaoks. Lisaks on kindal tihe istuvus, tugevdatud p\u00f6idla ja nimetiss\u00f5rme piirkond ning \u00f5mblusteta k\u00e4eselg, et v\u00e4ltida h\u00f5\u00f5rdumist suusakeppide rihmadest. \u2022 Elastne ja tuulekindel kangas mikrofiisvoodriga k\u00e4eseljal \u2022 S\u00fcnteetiline nahk ja silikoontr\u00fckk peopesas \u2022 Kootud kahekordne randmeosa \u2022 \u00d5mblusteta k\u00e4eselg \u2022 Tugevdus p\u00f6idla ja nimetiss\u00f5rme sisek\u00fcljel \u2022 Fliispaneel p\u00f6idla v\u00e4lisk\u00fcljel \u2022 Tihe istuvus<\/p>\n","protected":false},"excerpt":{"rendered":"<p>CTM Race Glove on tipptasemel murdmaasuusakinnas v\u00f5istlusteks ja k\u00f5rge intensiivsusega treeninguteks. See tehniliselt arenenud suusakinnas on varustatud&#8230;<\/p>\n","protected":false},"featured_media":0,"template":"","meta":[],"product_brand":[],"product_cat":[5472],"product_tag":[],"class_list":{"0":"post-1450601","1":"product","2":"type-product","3":"status-publish","5":"product_cat-talvemutsid-sallid-kindad","6":"pa_brand-craft","7":"pa_color-black-2","8":"pa_gender-uniseks","9":"pa_gender-unisex","12":"pa_material-backhand-100-polyester-recycled-palm-50-polyamide-50-polyurethane-cuff-100-polyamide","13":"pa_size-10-l","14":"pa_size-11-xl","15":"pa_size-12-xxl","16":"pa_size-6-xxs","17":"pa_size-7-xs","18":"pa_size-8-s","19":"pa_size-9-m","21":"first","22":"instock","23":"taxable","24":"shipping-taxable","25":"purchasable","26":"product-type-variable"},"acf":[],"yoast_head":"<!-- This site is optimized with the Yoast SEO plugin v26.0 - https:\/\/yoast.com\/wordpress\/plugins\/seo\/ -->\n<title>Craft CTM Race suusakindad - Kruze.ee<\/title>\n<meta name=\"robots\" content=\"index, follow, max-snippet:-1, max-image-preview:large, max-video-preview:-1\" \/>\n<link rel=\"canonical\" href=\"https:\/\/kruze.ee\/et\/toode\/craft-ctm-race-suusakindad\/\" \/>\n<meta property=\"og:locale\" content=\"et_EE\" \/>\n<meta property=\"og:type\" content=\"article\" \/>\n<meta property=\"og:title\" content=\"Craft CTM Race suusakindad - Kruze.ee\" \/>\n<meta property=\"og:description\" content=\"CTM Race Glove on tipptasemel murdmaasuusakinnas v\u00f5istlusteks ja k\u00f5rge intensiivsusega treeninguteks. See tehniliselt arenenud suusakinnas on varustatud...\" \/>\n<meta property=\"og:url\" content=\"https:\/\/kruze.ee\/et\/toode\/craft-ctm-race-suusakindad\/\" \/>\n<meta property=\"og:site_name\" content=\"Kruze.ee\" \/>\n<meta property=\"article:modified_time\" content=\"2026-04-06T19:50:39+00:00\" \/>\n<meta name=\"twitter:card\" content=\"summary_large_image\" \/>\n<meta name=\"twitter:label1\" content=\"Est. reading time\" \/>\n\t<meta name=\"twitter:data1\" content=\"1 minut\" \/>\n<script type=\"application\/ld+json\" class=\"yoast-schema-graph\">{\"@context\":\"https:\/\/schema.org\",\"@graph\":[{\"@type\":\"WebPage\",\"@id\":\"https:\/\/kruze.ee\/et\/toode\/craft-ctm-race-suusakindad\/\",\"url\":\"https:\/\/kruze.ee\/et\/toode\/craft-ctm-race-suusakindad\/\",\"name\":\"Craft CTM Race suusakindad - Kruze.ee\",\"isPartOf\":{\"@id\":\"https:\/\/kruze.ee\/et\/#website\"},\"datePublished\":\"2026-04-06T19:50:36+00:00\",\"dateModified\":\"2026-04-06T19:50:39+00:00\",\"breadcrumb\":{\"@id\":\"https:\/\/kruze.ee\/et\/toode\/craft-ctm-race-suusakindad\/#breadcrumb\"},\"inLanguage\":\"et\",\"potentialAction\":[{\"@type\":\"ReadAction\",\"target\":[\"https:\/\/kruze.ee\/et\/toode\/craft-ctm-race-suusakindad\/\"]}]},{\"@type\":\"BreadcrumbList\",\"@id\":\"https:\/\/kruze.ee\/et\/toode\/craft-ctm-race-suusakindad\/#breadcrumb\",\"itemListElement\":[{\"@type\":\"ListItem\",\"position\":1,\"name\":\"Home\",\"item\":\"https:\/\/kruze.ee\/et\/\"},{\"@type\":\"ListItem\",\"position\":2,\"name\":\"Tooted\",\"item\":\"https:\/\/kruze.ee\/et\/tooted\/\"},{\"@type\":\"ListItem\",\"position\":3,\"name\":\"Craft CTM Race suusakindad\"}]},{\"@type\":\"WebSite\",\"@id\":\"https:\/\/kruze.ee\/et\/#website\",\"url\":\"https:\/\/kruze.ee\/et\/\",\"name\":\"Kruze.ee\",\"description\":\"Reklaamkingitused, tr&uuml;kiga T-s&auml;rgid, fliisid, dressipluused, tekstiil, joped ja paljud teised logoga meened, &Auml;rikingitused sinu partnerile! Telli juba t&auml;na.\",\"potentialAction\":[{\"@type\":\"SearchAction\",\"target\":{\"@type\":\"EntryPoint\",\"urlTemplate\":\"https:\/\/kruze.ee\/et\/?s={search_term_string}\"},\"query-input\":{\"@type\":\"PropertyValueSpecification\",\"valueRequired\":true,\"valueName\":\"search_term_string\"}}],\"inLanguage\":\"et\"}]}<\/script>\n<!-- \/ Yoast SEO plugin. -->","yoast_head_json":{"title":"Craft CTM Race suusakindad - Kruze.ee","robots":{"index":"index","follow":"follow","max-snippet":"max-snippet:-1","max-image-preview":"max-image-preview:large","max-video-preview":"max-video-preview:-1"},"canonical":"https:\/\/kruze.ee\/et\/toode\/craft-ctm-race-suusakindad\/","og_locale":"et_EE","og_type":"article","og_title":"Craft CTM Race suusakindad - Kruze.ee","og_description":"CTM Race Glove on tipptasemel murdmaasuusakinnas v\u00f5istlusteks ja k\u00f5rge intensiivsusega treeninguteks. See tehniliselt arenenud suusakinnas on varustatud...","og_url":"https:\/\/kruze.ee\/et\/toode\/craft-ctm-race-suusakindad\/","og_site_name":"Kruze.ee","article_modified_time":"2026-04-06T19:50:39+00:00","twitter_card":"summary_large_image","twitter_misc":{"Est. reading time":"1 minut"},"schema":{"@context":"https:\/\/schema.org","@graph":[{"@type":"WebPage","@id":"https:\/\/kruze.ee\/et\/toode\/craft-ctm-race-suusakindad\/","url":"https:\/\/kruze.ee\/et\/toode\/craft-ctm-race-suusakindad\/","name":"Craft CTM Race suusakindad - Kruze.ee","isPartOf":{"@id":"https:\/\/kruze.ee\/et\/#website"},"datePublished":"2026-04-06T19:50:36+00:00","dateModified":"2026-04-06T19:50:39+00:00","breadcrumb":{"@id":"https:\/\/kruze.ee\/et\/toode\/craft-ctm-race-suusakindad\/#breadcrumb"},"inLanguage":"et","potentialAction":[{"@type":"ReadAction","target":["https:\/\/kruze.ee\/et\/toode\/craft-ctm-race-suusakindad\/"]}]},{"@type":"BreadcrumbList","@id":"https:\/\/kruze.ee\/et\/toode\/craft-ctm-race-suusakindad\/#breadcrumb","itemListElement":[{"@type":"ListItem","position":1,"name":"Home","item":"https:\/\/kruze.ee\/et\/"},{"@type":"ListItem","position":2,"name":"Tooted","item":"https:\/\/kruze.ee\/et\/tooted\/"},{"@type":"ListItem","position":3,"name":"Craft CTM Race suusakindad"}]},{"@type":"WebSite","@id":"https:\/\/kruze.ee\/et\/#website","url":"https:\/\/kruze.ee\/et\/","name":"Kruze.ee","description":"Reklaamkingitused, tr&uuml;kiga T-s&auml;rgid, fliisid, dressipluused, tekstiil, joped ja paljud teised logoga meened, &Auml;rikingitused sinu partnerile! Telli juba t&auml;na.","potentialAction":[{"@type":"SearchAction","target":{"@type":"EntryPoint","urlTemplate":"https:\/\/kruze.ee\/et\/?s={search_term_string}"},"query-input":{"@type":"PropertyValueSpecification","valueRequired":true,"valueName":"search_term_string"}}],"inLanguage":"et"}]}},"_links":{"self":[{"href":"https:\/\/kruze.ee\/et\/wp-json\/wp\/v2\/product\/1450601","targetHints":{"allow":["GET"]}}],"collection":[{"href":"https:\/\/kruze.ee\/et\/wp-json\/wp\/v2\/product"}],"about":[{"href":"https:\/\/kruze.ee\/et\/wp-json\/wp\/v2\/types\/product"}],"wp:attachment":[{"href":"https:\/\/kruze.ee\/et\/wp-json\/wp\/v2\/media?parent=1450601"}],"wp:term":[{"taxonomy":"product_brand","embeddable":true,"href":"https:\/\/kruze.ee\/et\/wp-json\/wp\/v2\/product_brand?post=1450601"},{"taxonomy":"product_cat","embeddable":true,"href":"https:\/\/kruze.ee\/et\/wp-json\/wp\/v2\/product_cat?post=1450601"},{"taxonomy":"product_tag","embeddable":true,"href":"https:\/\/kruze.ee\/et\/wp-json\/wp\/v2\/product_tag?post=1450601"}],"curies":[{"name":"wp","href":"https:\/\/api.w.org\/{rel}","templated":true}]}}