{"id":1450570,"date":"2026-04-06T22:50:15","date_gmt":"2026-04-06T19:50:15","guid":{"rendered":"https:\/\/kruze.ee\/product\/craft-pro-nano-kerged-rattakindad\/"},"modified":"2026-04-06T22:50:16","modified_gmt":"2026-04-06T19:50:16","slug":"craft-pro-nano-kerged-rattakindad","status":"publish","type":"product","link":"https:\/\/kruze.ee\/et\/toode\/craft-pro-nano-kerged-rattakindad\/","title":{"rendered":"Craft PRO Nano kerged rattakindad"},"content":{"rendered":"<p>Pro Nano Glove on \u00fclikerge ja v\u00e4ga h\u00e4sti hingav rattakinnas, mille peopesas olevad laserl\u00f5ikega avad tagavad optimaalse ventilatsiooni kuumadel suvep\u00e4evadel. See profitasemel kinnas on loodud maksimaalseks soorituseks ning on valmistatud osaliselt taaskasutatud materjalidest. Erakordselt kerge. Nano on profitasemel rattas\u00f5idukontseptsioon, mis aitab p\u00fchendunud ratturitel p\u00fcsida jahedana intensiivsete s\u00f5itude ajal kuumades suveoludes. \u00d5hukesed ja erakordselt kerged materjalid, sealhulgas tehniliselt arenenud v\u00f5rkkangas, tagavad suurep\u00e4rase ventilatsiooni ja jahutuse. \u2022 Laserl\u00f5ikega avad peopesas optimaalseks hingavuseks \u2022 Peale libistatav randmeosa tugevdatud \u00e4\u00e4rega lihtsaks kasutamiseks \u2022 \u00dclikerged ja elastsed materjalid k\u00e4eseljal \u2022 Valmistatud osaliselt taaskasutatud materjalidest<\/p>\n","protected":false},"excerpt":{"rendered":"<p>Pro Nano Glove on \u00fclikerge ja v\u00e4ga h\u00e4sti hingav rattakinnas, mille peopesas olevad laserl\u00f5ikega avad tagavad optimaalse ventilatsiooni kuumadel suvep\u00e4evadel&#8230;.<\/p>\n","protected":false},"featured_media":0,"template":"","meta":[],"product_brand":[],"product_cat":[5472],"product_tag":[],"class_list":{"0":"post-1450570","1":"product","2":"type-product","3":"status-publish","5":"product_cat-talvemutsid-sallid-kindad","6":"pa_brand-craft","7":"pa_color-black-2","8":"pa_gender-uniseks","9":"pa_gender-unisex","12":"pa_material-palm-90-nylon-5-elastane-5-polyurethane-backhand-30-polyester-30-nylon-18-polyester-recycled-17-elastane-5-polyurethane","13":"pa_size-10-l","14":"pa_size-11-xl","15":"pa_size-8-s","16":"pa_size-9-m","18":"first","19":"instock","20":"taxable","21":"shipping-taxable","22":"purchasable","23":"product-type-variable"},"acf":[],"yoast_head":"<!-- This site is optimized with the Yoast SEO plugin v26.0 - https:\/\/yoast.com\/wordpress\/plugins\/seo\/ -->\n<title>Craft PRO Nano kerged rattakindad - Kruze.ee<\/title>\n<meta name=\"robots\" content=\"index, follow, max-snippet:-1, max-image-preview:large, max-video-preview:-1\" \/>\n<link rel=\"canonical\" href=\"https:\/\/kruze.ee\/et\/toode\/craft-pro-nano-kerged-rattakindad\/\" \/>\n<meta property=\"og:locale\" content=\"et_EE\" \/>\n<meta property=\"og:type\" content=\"article\" \/>\n<meta property=\"og:title\" content=\"Craft PRO Nano kerged rattakindad - Kruze.ee\" \/>\n<meta property=\"og:description\" content=\"Pro Nano Glove on \u00fclikerge ja v\u00e4ga h\u00e4sti hingav rattakinnas, mille peopesas olevad laserl\u00f5ikega avad tagavad optimaalse ventilatsiooni kuumadel suvep\u00e4evadel....\" \/>\n<meta property=\"og:url\" content=\"https:\/\/kruze.ee\/et\/toode\/craft-pro-nano-kerged-rattakindad\/\" \/>\n<meta property=\"og:site_name\" content=\"Kruze.ee\" \/>\n<meta property=\"article:modified_time\" content=\"2026-04-06T19:50:16+00:00\" \/>\n<meta name=\"twitter:card\" content=\"summary_large_image\" \/>\n<script type=\"application\/ld+json\" class=\"yoast-schema-graph\">{\"@context\":\"https:\/\/schema.org\",\"@graph\":[{\"@type\":\"WebPage\",\"@id\":\"https:\/\/kruze.ee\/et\/toode\/craft-pro-nano-kerged-rattakindad\/\",\"url\":\"https:\/\/kruze.ee\/et\/toode\/craft-pro-nano-kerged-rattakindad\/\",\"name\":\"Craft PRO Nano kerged rattakindad - Kruze.ee\",\"isPartOf\":{\"@id\":\"https:\/\/kruze.ee\/et\/#website\"},\"datePublished\":\"2026-04-06T19:50:15+00:00\",\"dateModified\":\"2026-04-06T19:50:16+00:00\",\"breadcrumb\":{\"@id\":\"https:\/\/kruze.ee\/et\/toode\/craft-pro-nano-kerged-rattakindad\/#breadcrumb\"},\"inLanguage\":\"et\",\"potentialAction\":[{\"@type\":\"ReadAction\",\"target\":[\"https:\/\/kruze.ee\/et\/toode\/craft-pro-nano-kerged-rattakindad\/\"]}]},{\"@type\":\"BreadcrumbList\",\"@id\":\"https:\/\/kruze.ee\/et\/toode\/craft-pro-nano-kerged-rattakindad\/#breadcrumb\",\"itemListElement\":[{\"@type\":\"ListItem\",\"position\":1,\"name\":\"Home\",\"item\":\"https:\/\/kruze.ee\/et\/\"},{\"@type\":\"ListItem\",\"position\":2,\"name\":\"Tooted\",\"item\":\"https:\/\/kruze.ee\/et\/tooted\/\"},{\"@type\":\"ListItem\",\"position\":3,\"name\":\"Craft PRO Nano kerged rattakindad\"}]},{\"@type\":\"WebSite\",\"@id\":\"https:\/\/kruze.ee\/et\/#website\",\"url\":\"https:\/\/kruze.ee\/et\/\",\"name\":\"Kruze.ee\",\"description\":\"Reklaamkingitused, tr&uuml;kiga T-s&auml;rgid, fliisid, dressipluused, tekstiil, joped ja paljud teised logoga meened, &Auml;rikingitused sinu partnerile! Telli juba t&auml;na.\",\"potentialAction\":[{\"@type\":\"SearchAction\",\"target\":{\"@type\":\"EntryPoint\",\"urlTemplate\":\"https:\/\/kruze.ee\/et\/?s={search_term_string}\"},\"query-input\":{\"@type\":\"PropertyValueSpecification\",\"valueRequired\":true,\"valueName\":\"search_term_string\"}}],\"inLanguage\":\"et\"}]}<\/script>\n<!-- \/ Yoast SEO plugin. -->","yoast_head_json":{"title":"Craft PRO Nano kerged rattakindad - Kruze.ee","robots":{"index":"index","follow":"follow","max-snippet":"max-snippet:-1","max-image-preview":"max-image-preview:large","max-video-preview":"max-video-preview:-1"},"canonical":"https:\/\/kruze.ee\/et\/toode\/craft-pro-nano-kerged-rattakindad\/","og_locale":"et_EE","og_type":"article","og_title":"Craft PRO Nano kerged rattakindad - Kruze.ee","og_description":"Pro Nano Glove on \u00fclikerge ja v\u00e4ga h\u00e4sti hingav rattakinnas, mille peopesas olevad laserl\u00f5ikega avad tagavad optimaalse ventilatsiooni kuumadel suvep\u00e4evadel....","og_url":"https:\/\/kruze.ee\/et\/toode\/craft-pro-nano-kerged-rattakindad\/","og_site_name":"Kruze.ee","article_modified_time":"2026-04-06T19:50:16+00:00","twitter_card":"summary_large_image","schema":{"@context":"https:\/\/schema.org","@graph":[{"@type":"WebPage","@id":"https:\/\/kruze.ee\/et\/toode\/craft-pro-nano-kerged-rattakindad\/","url":"https:\/\/kruze.ee\/et\/toode\/craft-pro-nano-kerged-rattakindad\/","name":"Craft PRO Nano kerged rattakindad - Kruze.ee","isPartOf":{"@id":"https:\/\/kruze.ee\/et\/#website"},"datePublished":"2026-04-06T19:50:15+00:00","dateModified":"2026-04-06T19:50:16+00:00","breadcrumb":{"@id":"https:\/\/kruze.ee\/et\/toode\/craft-pro-nano-kerged-rattakindad\/#breadcrumb"},"inLanguage":"et","potentialAction":[{"@type":"ReadAction","target":["https:\/\/kruze.ee\/et\/toode\/craft-pro-nano-kerged-rattakindad\/"]}]},{"@type":"BreadcrumbList","@id":"https:\/\/kruze.ee\/et\/toode\/craft-pro-nano-kerged-rattakindad\/#breadcrumb","itemListElement":[{"@type":"ListItem","position":1,"name":"Home","item":"https:\/\/kruze.ee\/et\/"},{"@type":"ListItem","position":2,"name":"Tooted","item":"https:\/\/kruze.ee\/et\/tooted\/"},{"@type":"ListItem","position":3,"name":"Craft PRO Nano kerged rattakindad"}]},{"@type":"WebSite","@id":"https:\/\/kruze.ee\/et\/#website","url":"https:\/\/kruze.ee\/et\/","name":"Kruze.ee","description":"Reklaamkingitused, tr&uuml;kiga T-s&auml;rgid, fliisid, dressipluused, tekstiil, joped ja paljud teised logoga meened, &Auml;rikingitused sinu partnerile! Telli juba t&auml;na.","potentialAction":[{"@type":"SearchAction","target":{"@type":"EntryPoint","urlTemplate":"https:\/\/kruze.ee\/et\/?s={search_term_string}"},"query-input":{"@type":"PropertyValueSpecification","valueRequired":true,"valueName":"search_term_string"}}],"inLanguage":"et"}]}},"_links":{"self":[{"href":"https:\/\/kruze.ee\/et\/wp-json\/wp\/v2\/product\/1450570","targetHints":{"allow":["GET"]}}],"collection":[{"href":"https:\/\/kruze.ee\/et\/wp-json\/wp\/v2\/product"}],"about":[{"href":"https:\/\/kruze.ee\/et\/wp-json\/wp\/v2\/types\/product"}],"wp:attachment":[{"href":"https:\/\/kruze.ee\/et\/wp-json\/wp\/v2\/media?parent=1450570"}],"wp:term":[{"taxonomy":"product_brand","embeddable":true,"href":"https:\/\/kruze.ee\/et\/wp-json\/wp\/v2\/product_brand?post=1450570"},{"taxonomy":"product_cat","embeddable":true,"href":"https:\/\/kruze.ee\/et\/wp-json\/wp\/v2\/product_cat?post=1450570"},{"taxonomy":"product_tag","embeddable":true,"href":"https:\/\/kruze.ee\/et\/wp-json\/wp\/v2\/product_tag?post=1450570"}],"curies":[{"name":"wp","href":"https:\/\/api.w.org\/{rel}","templated":true}]}}