{"id":1450422,"date":"2026-04-06T10:57:07","date_gmt":"2026-04-06T07:57:07","guid":{"rendered":"https:\/\/kruze.ee\/product\/clique-miami-pusa-pikak-lukuga\/"},"modified":"2026-04-06T11:01:29","modified_gmt":"2026-04-06T08:01:29","slug":"clique-miami-pusa-pikak-lukuga","status":"publish","type":"product","link":"https:\/\/kruze.ee\/et\/toode\/clique-miami-pusa-pikak-lukuga\/","title":{"rendered":"Clique Miami pusa pika lukuga"},"content":{"rendered":"<p>Unisex t\u00e4islukuga kapuutsiga pusa, valmistatud puuvilla ja taaskasutatud pol\u00fcestri segust. Varustatud SBS lukuga ning kapuutsi vooder on samast materjalist. Kahel esitaskul on lukud. Seest harjatud pehme viimistlus, varrukasuud ja all\u00e4\u00e4r on 2&#215;2 soonikkoes kahekordse \u00f5mblusega. Tugevdatud kaelapael ning kergesti eemaldatav silt \u00fcmberbr\u00e4ndimiseks<\/p>\n","protected":false},"excerpt":{"rendered":"<p>Unisex t\u00e4islukuga kapuutsiga pusa, valmistatud puuvilla ja taaskasutatud pol\u00fcestri segust. Varustatud SBS lukuga ning kapuutsi vooder on samast materjalist&#8230;.<\/p>\n","protected":false},"featured_media":0,"template":"","meta":[],"product_brand":[],"product_cat":[5378],"product_tag":[],"class_list":{"0":"post-1450422","1":"product","2":"type-product","3":"status-publish","5":"product_cat-pusad-logoga-reklaamroivad-ettevotetele","6":"pa_brand-clique","7":"pa_color-meleeritud-hall","8":"pa_color-metallihall","9":"pa_color-black-2","10":"pa_color-tumesinine","11":"pa_gender-uniseks","12":"pa_gender-unisex","15":"pa_material-80-cotton-20-recycled-polyester","16":"pa_size-xs","17":"pa_size-s","18":"pa_size-m","19":"pa_size-l","20":"pa_size-xl","21":"pa_size-2xl","22":"pa_size-3xl","23":"pa_size-4xl","25":"first","26":"instock","27":"taxable","28":"shipping-taxable","29":"purchasable","30":"product-type-variable"},"acf":[],"yoast_head":"<!-- This site is optimized with the Yoast SEO plugin v26.0 - https:\/\/yoast.com\/wordpress\/plugins\/seo\/ -->\n<title>Clique Miami pusa pika lukuga - Kruze.ee<\/title>\n<meta name=\"robots\" content=\"index, follow, max-snippet:-1, max-image-preview:large, max-video-preview:-1\" \/>\n<link rel=\"canonical\" href=\"https:\/\/kruze.ee\/et\/toode\/clique-miami-pusa-pikak-lukuga\/\" \/>\n<meta property=\"og:locale\" content=\"et_EE\" \/>\n<meta property=\"og:type\" content=\"article\" \/>\n<meta property=\"og:title\" content=\"Clique Miami pusa pika lukuga - Kruze.ee\" \/>\n<meta property=\"og:description\" content=\"Unisex t\u00e4islukuga kapuutsiga pusa, valmistatud puuvilla ja taaskasutatud pol\u00fcestri segust. Varustatud SBS lukuga ning kapuutsi vooder on samast materjalist....\" \/>\n<meta property=\"og:url\" content=\"https:\/\/kruze.ee\/et\/toode\/clique-miami-pusa-pikak-lukuga\/\" \/>\n<meta property=\"og:site_name\" content=\"Kruze.ee\" \/>\n<meta property=\"article:modified_time\" content=\"2026-04-06T08:01:29+00:00\" \/>\n<meta name=\"twitter:card\" content=\"summary_large_image\" \/>\n<script type=\"application\/ld+json\" class=\"yoast-schema-graph\">{\"@context\":\"https:\/\/schema.org\",\"@graph\":[{\"@type\":\"WebPage\",\"@id\":\"https:\/\/kruze.ee\/et\/toode\/clique-miami-pusa-pikak-lukuga\/\",\"url\":\"https:\/\/kruze.ee\/et\/toode\/clique-miami-pusa-pikak-lukuga\/\",\"name\":\"Clique Miami pusa pika lukuga - Kruze.ee\",\"isPartOf\":{\"@id\":\"https:\/\/kruze.ee\/et\/#website\"},\"datePublished\":\"2026-04-06T07:57:07+00:00\",\"dateModified\":\"2026-04-06T08:01:29+00:00\",\"breadcrumb\":{\"@id\":\"https:\/\/kruze.ee\/et\/toode\/clique-miami-pusa-pikak-lukuga\/#breadcrumb\"},\"inLanguage\":\"et\",\"potentialAction\":[{\"@type\":\"ReadAction\",\"target\":[\"https:\/\/kruze.ee\/et\/toode\/clique-miami-pusa-pikak-lukuga\/\"]}]},{\"@type\":\"BreadcrumbList\",\"@id\":\"https:\/\/kruze.ee\/et\/toode\/clique-miami-pusa-pikak-lukuga\/#breadcrumb\",\"itemListElement\":[{\"@type\":\"ListItem\",\"position\":1,\"name\":\"Home\",\"item\":\"https:\/\/kruze.ee\/et\/\"},{\"@type\":\"ListItem\",\"position\":2,\"name\":\"Tooted\",\"item\":\"https:\/\/kruze.ee\/et\/tooted\/\"},{\"@type\":\"ListItem\",\"position\":3,\"name\":\"Clique Miami pusa pika lukuga\"}]},{\"@type\":\"WebSite\",\"@id\":\"https:\/\/kruze.ee\/et\/#website\",\"url\":\"https:\/\/kruze.ee\/et\/\",\"name\":\"Kruze.ee\",\"description\":\"Reklaamkingitused, tr&uuml;kiga T-s&auml;rgid, fliisid, dressipluused, tekstiil, joped ja paljud teised logoga meened, &Auml;rikingitused sinu partnerile! Telli juba t&auml;na.\",\"potentialAction\":[{\"@type\":\"SearchAction\",\"target\":{\"@type\":\"EntryPoint\",\"urlTemplate\":\"https:\/\/kruze.ee\/et\/?s={search_term_string}\"},\"query-input\":{\"@type\":\"PropertyValueSpecification\",\"valueRequired\":true,\"valueName\":\"search_term_string\"}}],\"inLanguage\":\"et\"}]}<\/script>\n<!-- \/ Yoast SEO plugin. -->","yoast_head_json":{"title":"Clique Miami pusa pika lukuga - Kruze.ee","robots":{"index":"index","follow":"follow","max-snippet":"max-snippet:-1","max-image-preview":"max-image-preview:large","max-video-preview":"max-video-preview:-1"},"canonical":"https:\/\/kruze.ee\/et\/toode\/clique-miami-pusa-pikak-lukuga\/","og_locale":"et_EE","og_type":"article","og_title":"Clique Miami pusa pika lukuga - Kruze.ee","og_description":"Unisex t\u00e4islukuga kapuutsiga pusa, valmistatud puuvilla ja taaskasutatud pol\u00fcestri segust. Varustatud SBS lukuga ning kapuutsi vooder on samast materjalist....","og_url":"https:\/\/kruze.ee\/et\/toode\/clique-miami-pusa-pikak-lukuga\/","og_site_name":"Kruze.ee","article_modified_time":"2026-04-06T08:01:29+00:00","twitter_card":"summary_large_image","schema":{"@context":"https:\/\/schema.org","@graph":[{"@type":"WebPage","@id":"https:\/\/kruze.ee\/et\/toode\/clique-miami-pusa-pikak-lukuga\/","url":"https:\/\/kruze.ee\/et\/toode\/clique-miami-pusa-pikak-lukuga\/","name":"Clique Miami pusa pika lukuga - Kruze.ee","isPartOf":{"@id":"https:\/\/kruze.ee\/et\/#website"},"datePublished":"2026-04-06T07:57:07+00:00","dateModified":"2026-04-06T08:01:29+00:00","breadcrumb":{"@id":"https:\/\/kruze.ee\/et\/toode\/clique-miami-pusa-pikak-lukuga\/#breadcrumb"},"inLanguage":"et","potentialAction":[{"@type":"ReadAction","target":["https:\/\/kruze.ee\/et\/toode\/clique-miami-pusa-pikak-lukuga\/"]}]},{"@type":"BreadcrumbList","@id":"https:\/\/kruze.ee\/et\/toode\/clique-miami-pusa-pikak-lukuga\/#breadcrumb","itemListElement":[{"@type":"ListItem","position":1,"name":"Home","item":"https:\/\/kruze.ee\/et\/"},{"@type":"ListItem","position":2,"name":"Tooted","item":"https:\/\/kruze.ee\/et\/tooted\/"},{"@type":"ListItem","position":3,"name":"Clique Miami pusa pika lukuga"}]},{"@type":"WebSite","@id":"https:\/\/kruze.ee\/et\/#website","url":"https:\/\/kruze.ee\/et\/","name":"Kruze.ee","description":"Reklaamkingitused, tr&uuml;kiga T-s&auml;rgid, fliisid, dressipluused, tekstiil, joped ja paljud teised logoga meened, &Auml;rikingitused sinu partnerile! Telli juba t&auml;na.","potentialAction":[{"@type":"SearchAction","target":{"@type":"EntryPoint","urlTemplate":"https:\/\/kruze.ee\/et\/?s={search_term_string}"},"query-input":{"@type":"PropertyValueSpecification","valueRequired":true,"valueName":"search_term_string"}}],"inLanguage":"et"}]}},"_links":{"self":[{"href":"https:\/\/kruze.ee\/et\/wp-json\/wp\/v2\/product\/1450422","targetHints":{"allow":["GET"]}}],"collection":[{"href":"https:\/\/kruze.ee\/et\/wp-json\/wp\/v2\/product"}],"about":[{"href":"https:\/\/kruze.ee\/et\/wp-json\/wp\/v2\/types\/product"}],"wp:attachment":[{"href":"https:\/\/kruze.ee\/et\/wp-json\/wp\/v2\/media?parent=1450422"}],"wp:term":[{"taxonomy":"product_brand","embeddable":true,"href":"https:\/\/kruze.ee\/et\/wp-json\/wp\/v2\/product_brand?post=1450422"},{"taxonomy":"product_cat","embeddable":true,"href":"https:\/\/kruze.ee\/et\/wp-json\/wp\/v2\/product_cat?post=1450422"},{"taxonomy":"product_tag","embeddable":true,"href":"https:\/\/kruze.ee\/et\/wp-json\/wp\/v2\/product_tag?post=1450422"}],"curies":[{"name":"wp","href":"https:\/\/api.w.org\/{rel}","templated":true}]}}