{"id":1450273,"date":"2026-03-31T13:35:25","date_gmt":"2026-03-31T10:35:25","guid":{"rendered":"https:\/\/kruze.ee\/product\/zafe-rfid-krediitkaardi-kaitse\/"},"modified":"2026-03-31T13:35:25","modified_gmt":"2026-03-31T10:35:25","slug":"zafe-rfid-krediitkaardi-kaitse","status":"publish","type":"product","link":"https:\/\/kruze.ee\/et\/toode\/zafe-rfid-krediitkaardi-kaitse\/","title":{"rendered":"Zafe RFID krediitkaardi kaitse"},"content":{"rendered":"<p>RFID krediitkaardi kaitse pakub t\u00f5husat kaitset maksepettuste ja identiteedivarguse vastu t\u00e4nu elektromagnetilisele varjestusele. \u00d5huke disain v\u00f5imaldab seda mugavalt hoida rahakotis, k\u00e4ekotis v\u00f5i taskus. Lisaks pakub toode suurt pinda logo v\u00f5i kujunduse tr\u00fckkimiseks.<\/p>\n","protected":false},"excerpt":{"rendered":"<p>RFID krediitkaardi kaitse pakub t\u00f5husat kaitset maksepettuste ja identiteedivarguse vastu t\u00e4nu elektromagnetilisele varjestusele. \u00d5huke disain v\u00f5imaldab seda&#8230;<\/p>\n","protected":false},"featured_media":0,"template":"","meta":[],"product_brand":[],"product_cat":[5402],"product_tag":[],"class_list":{"0":"post-1450273","1":"product","2":"type-product","3":"status-publish","5":"product_cat-rahakotid","6":"pa_gender-uniseks","7":"pa_gender-unisex","11":"first","12":"instock","13":"purchasable","14":"product-type-simple"},"acf":[],"yoast_head":"<!-- This site is optimized with the Yoast SEO plugin v26.0 - https:\/\/yoast.com\/wordpress\/plugins\/seo\/ -->\n<title>Zafe RFID krediitkaardi kaitse - Kruze.ee<\/title>\n<meta name=\"robots\" content=\"index, follow, max-snippet:-1, max-image-preview:large, max-video-preview:-1\" \/>\n<link rel=\"canonical\" href=\"https:\/\/kruze.ee\/et\/toode\/zafe-rfid-krediitkaardi-kaitse\/\" \/>\n<meta property=\"og:locale\" content=\"et_EE\" \/>\n<meta property=\"og:type\" content=\"article\" \/>\n<meta property=\"og:title\" content=\"Zafe RFID krediitkaardi kaitse - Kruze.ee\" \/>\n<meta property=\"og:description\" content=\"RFID krediitkaardi kaitse pakub t\u00f5husat kaitset maksepettuste ja identiteedivarguse vastu t\u00e4nu elektromagnetilisele varjestusele. \u00d5huke disain v\u00f5imaldab seda...\" \/>\n<meta property=\"og:url\" content=\"https:\/\/kruze.ee\/et\/toode\/zafe-rfid-krediitkaardi-kaitse\/\" \/>\n<meta property=\"og:site_name\" content=\"Kruze.ee\" \/>\n<meta name=\"twitter:card\" content=\"summary_large_image\" \/>\n<script type=\"application\/ld+json\" class=\"yoast-schema-graph\">{\"@context\":\"https:\/\/schema.org\",\"@graph\":[{\"@type\":\"WebPage\",\"@id\":\"https:\/\/kruze.ee\/et\/toode\/zafe-rfid-krediitkaardi-kaitse\/\",\"url\":\"https:\/\/kruze.ee\/et\/toode\/zafe-rfid-krediitkaardi-kaitse\/\",\"name\":\"Zafe RFID krediitkaardi kaitse - Kruze.ee\",\"isPartOf\":{\"@id\":\"https:\/\/kruze.ee\/et\/#website\"},\"datePublished\":\"2026-03-31T10:35:25+00:00\",\"breadcrumb\":{\"@id\":\"https:\/\/kruze.ee\/et\/toode\/zafe-rfid-krediitkaardi-kaitse\/#breadcrumb\"},\"inLanguage\":\"et\",\"potentialAction\":[{\"@type\":\"ReadAction\",\"target\":[\"https:\/\/kruze.ee\/et\/toode\/zafe-rfid-krediitkaardi-kaitse\/\"]}]},{\"@type\":\"BreadcrumbList\",\"@id\":\"https:\/\/kruze.ee\/et\/toode\/zafe-rfid-krediitkaardi-kaitse\/#breadcrumb\",\"itemListElement\":[{\"@type\":\"ListItem\",\"position\":1,\"name\":\"Home\",\"item\":\"https:\/\/kruze.ee\/et\/\"},{\"@type\":\"ListItem\",\"position\":2,\"name\":\"Tooted\",\"item\":\"https:\/\/kruze.ee\/et\/tooted\/\"},{\"@type\":\"ListItem\",\"position\":3,\"name\":\"Zafe RFID krediitkaardi kaitse\"}]},{\"@type\":\"WebSite\",\"@id\":\"https:\/\/kruze.ee\/et\/#website\",\"url\":\"https:\/\/kruze.ee\/et\/\",\"name\":\"Kruze.ee\",\"description\":\"Reklaamkingitused, tr&uuml;kiga T-s&auml;rgid, fliisid, dressipluused, tekstiil, joped ja paljud teised logoga meened, &Auml;rikingitused sinu partnerile! Telli juba t&auml;na.\",\"potentialAction\":[{\"@type\":\"SearchAction\",\"target\":{\"@type\":\"EntryPoint\",\"urlTemplate\":\"https:\/\/kruze.ee\/et\/?s={search_term_string}\"},\"query-input\":{\"@type\":\"PropertyValueSpecification\",\"valueRequired\":true,\"valueName\":\"search_term_string\"}}],\"inLanguage\":\"et\"}]}<\/script>\n<!-- \/ Yoast SEO plugin. -->","yoast_head_json":{"title":"Zafe RFID krediitkaardi kaitse - Kruze.ee","robots":{"index":"index","follow":"follow","max-snippet":"max-snippet:-1","max-image-preview":"max-image-preview:large","max-video-preview":"max-video-preview:-1"},"canonical":"https:\/\/kruze.ee\/et\/toode\/zafe-rfid-krediitkaardi-kaitse\/","og_locale":"et_EE","og_type":"article","og_title":"Zafe RFID krediitkaardi kaitse - Kruze.ee","og_description":"RFID krediitkaardi kaitse pakub t\u00f5husat kaitset maksepettuste ja identiteedivarguse vastu t\u00e4nu elektromagnetilisele varjestusele. \u00d5huke disain v\u00f5imaldab seda...","og_url":"https:\/\/kruze.ee\/et\/toode\/zafe-rfid-krediitkaardi-kaitse\/","og_site_name":"Kruze.ee","twitter_card":"summary_large_image","schema":{"@context":"https:\/\/schema.org","@graph":[{"@type":"WebPage","@id":"https:\/\/kruze.ee\/et\/toode\/zafe-rfid-krediitkaardi-kaitse\/","url":"https:\/\/kruze.ee\/et\/toode\/zafe-rfid-krediitkaardi-kaitse\/","name":"Zafe RFID krediitkaardi kaitse - Kruze.ee","isPartOf":{"@id":"https:\/\/kruze.ee\/et\/#website"},"datePublished":"2026-03-31T10:35:25+00:00","breadcrumb":{"@id":"https:\/\/kruze.ee\/et\/toode\/zafe-rfid-krediitkaardi-kaitse\/#breadcrumb"},"inLanguage":"et","potentialAction":[{"@type":"ReadAction","target":["https:\/\/kruze.ee\/et\/toode\/zafe-rfid-krediitkaardi-kaitse\/"]}]},{"@type":"BreadcrumbList","@id":"https:\/\/kruze.ee\/et\/toode\/zafe-rfid-krediitkaardi-kaitse\/#breadcrumb","itemListElement":[{"@type":"ListItem","position":1,"name":"Home","item":"https:\/\/kruze.ee\/et\/"},{"@type":"ListItem","position":2,"name":"Tooted","item":"https:\/\/kruze.ee\/et\/tooted\/"},{"@type":"ListItem","position":3,"name":"Zafe RFID krediitkaardi kaitse"}]},{"@type":"WebSite","@id":"https:\/\/kruze.ee\/et\/#website","url":"https:\/\/kruze.ee\/et\/","name":"Kruze.ee","description":"Reklaamkingitused, tr&uuml;kiga T-s&auml;rgid, fliisid, dressipluused, tekstiil, joped ja paljud teised logoga meened, &Auml;rikingitused sinu partnerile! Telli juba t&auml;na.","potentialAction":[{"@type":"SearchAction","target":{"@type":"EntryPoint","urlTemplate":"https:\/\/kruze.ee\/et\/?s={search_term_string}"},"query-input":{"@type":"PropertyValueSpecification","valueRequired":true,"valueName":"search_term_string"}}],"inLanguage":"et"}]}},"_links":{"self":[{"href":"https:\/\/kruze.ee\/et\/wp-json\/wp\/v2\/product\/1450273","targetHints":{"allow":["GET"]}}],"collection":[{"href":"https:\/\/kruze.ee\/et\/wp-json\/wp\/v2\/product"}],"about":[{"href":"https:\/\/kruze.ee\/et\/wp-json\/wp\/v2\/types\/product"}],"wp:attachment":[{"href":"https:\/\/kruze.ee\/et\/wp-json\/wp\/v2\/media?parent=1450273"}],"wp:term":[{"taxonomy":"product_brand","embeddable":true,"href":"https:\/\/kruze.ee\/et\/wp-json\/wp\/v2\/product_brand?post=1450273"},{"taxonomy":"product_cat","embeddable":true,"href":"https:\/\/kruze.ee\/et\/wp-json\/wp\/v2\/product_cat?post=1450273"},{"taxonomy":"product_tag","embeddable":true,"href":"https:\/\/kruze.ee\/et\/wp-json\/wp\/v2\/product_tag?post=1450273"}],"curies":[{"name":"wp","href":"https:\/\/api.w.org\/{rel}","templated":true}]}}