{"id":1449454,"date":"2026-03-30T21:05:55","date_gmt":"2026-03-30T18:05:55","guid":{"rendered":"https:\/\/kruze.ee\/product\/craft-adv-essence-ss-tee-2-n\/"},"modified":"2026-03-30T21:15:23","modified_gmt":"2026-03-30T18:15:23","slug":"craft-adv-essence-ss-tee-2-n","status":"publish","type":"product","link":"https:\/\/kruze.ee\/et\/toode\/craft-adv-essence-ss-tee-2-n\/","title":{"rendered":"Craft ADV Essence SS Tee 2 N"},"content":{"rendered":"<p>ADV Essence Tee 2 on pehme ja funktsionaalne treenings\u00e4rk, mis on loodud erinevateks k\u00f5rge intensiivsusega treeninguteks. See mitmek\u00fclgne treenings\u00e4rk on valmistatud taaskasutatud pol\u00fcestri ja elastaani segust ning sisaldab v\u00f5rkpaneele ja perforeeritud detaile parema \u00f5huringluse tagamiseks. Lisaks on s\u00e4rgil vormitud ja ergonoomiline disain, mis tagab optimaalse istuvuse ja liikumisvabaduse.<\/p>\n","protected":false},"excerpt":{"rendered":"<p>ADV Essence Tee 2 on pehme ja funktsionaalne treenings\u00e4rk, mis on loodud erinevateks k\u00f5rge intensiivsusega treeninguteks. See mitmek\u00fclgne treenings\u00e4rk on&#8230;<\/p>\n","protected":false},"featured_media":0,"template":"","meta":[],"product_brand":[],"product_cat":[5377],"product_tag":[],"class_list":{"0":"post-1449454","1":"product","2":"type-product","3":"status-publish","5":"product_cat-spordiriided-logoga","6":"pa_brand-craft","7":"pa_color-aprikoos","8":"pa_color-blaze","9":"pa_color-ensign","10":"pa_color-flint","11":"pa_color-glacial","12":"pa_color-graniithall","13":"pa_color-light-syrup","14":"pa_color-black-2","15":"pa_color-orion","16":"pa_color-ploomililla","17":"pa_color-rift","18":"pa_color-valge","19":"pa_gender-naised","20":"pa_gender-women","21":"pa_material-back-body-front-body-sleeves-91-polyester-recycled-9-elastane-front-inset-back-inset-84-polyester-recycled-6-polyester-10-elastane","22":"pa_size-xs","23":"pa_size-s","24":"pa_size-m","25":"pa_size-l","26":"pa_size-xl","27":"pa_size-2xl","29":"first","30":"instock","31":"taxable","32":"shipping-taxable","33":"purchasable","34":"product-type-variable"},"acf":[],"yoast_head":"<!-- This site is optimized with the Yoast SEO plugin v26.0 - https:\/\/yoast.com\/wordpress\/plugins\/seo\/ -->\n<title>Craft ADV Essence SS Tee 2 N - Kruze.ee<\/title>\n<meta name=\"robots\" content=\"index, follow, max-snippet:-1, max-image-preview:large, max-video-preview:-1\" \/>\n<link rel=\"canonical\" href=\"https:\/\/kruze.ee\/et\/toode\/craft-adv-essence-ss-tee-2-n\/\" \/>\n<meta property=\"og:locale\" content=\"et_EE\" \/>\n<meta property=\"og:type\" content=\"article\" \/>\n<meta property=\"og:title\" content=\"Craft ADV Essence SS Tee 2 N - Kruze.ee\" \/>\n<meta property=\"og:description\" content=\"ADV Essence Tee 2 on pehme ja funktsionaalne treenings\u00e4rk, mis on loodud erinevateks k\u00f5rge intensiivsusega treeninguteks. See mitmek\u00fclgne treenings\u00e4rk on...\" \/>\n<meta property=\"og:url\" content=\"https:\/\/kruze.ee\/et\/toode\/craft-adv-essence-ss-tee-2-n\/\" \/>\n<meta property=\"og:site_name\" content=\"Kruze.ee\" \/>\n<meta property=\"article:modified_time\" content=\"2026-03-30T18:15:23+00:00\" \/>\n<meta name=\"twitter:card\" content=\"summary_large_image\" \/>\n<meta name=\"twitter:label1\" content=\"Est. reading time\" \/>\n\t<meta name=\"twitter:data1\" content=\"1 minut\" \/>\n<script type=\"application\/ld+json\" class=\"yoast-schema-graph\">{\"@context\":\"https:\/\/schema.org\",\"@graph\":[{\"@type\":\"WebPage\",\"@id\":\"https:\/\/kruze.ee\/et\/toode\/craft-adv-essence-ss-tee-2-n\/\",\"url\":\"https:\/\/kruze.ee\/et\/toode\/craft-adv-essence-ss-tee-2-n\/\",\"name\":\"Craft ADV Essence SS Tee 2 N - Kruze.ee\",\"isPartOf\":{\"@id\":\"https:\/\/kruze.ee\/et\/#website\"},\"datePublished\":\"2026-03-30T18:05:55+00:00\",\"dateModified\":\"2026-03-30T18:15:23+00:00\",\"breadcrumb\":{\"@id\":\"https:\/\/kruze.ee\/et\/toode\/craft-adv-essence-ss-tee-2-n\/#breadcrumb\"},\"inLanguage\":\"et\",\"potentialAction\":[{\"@type\":\"ReadAction\",\"target\":[\"https:\/\/kruze.ee\/et\/toode\/craft-adv-essence-ss-tee-2-n\/\"]}]},{\"@type\":\"BreadcrumbList\",\"@id\":\"https:\/\/kruze.ee\/et\/toode\/craft-adv-essence-ss-tee-2-n\/#breadcrumb\",\"itemListElement\":[{\"@type\":\"ListItem\",\"position\":1,\"name\":\"Home\",\"item\":\"https:\/\/kruze.ee\/et\/\"},{\"@type\":\"ListItem\",\"position\":2,\"name\":\"Tooted\",\"item\":\"https:\/\/kruze.ee\/et\/tooted\/\"},{\"@type\":\"ListItem\",\"position\":3,\"name\":\"Craft ADV Essence SS Tee 2 N\"}]},{\"@type\":\"WebSite\",\"@id\":\"https:\/\/kruze.ee\/et\/#website\",\"url\":\"https:\/\/kruze.ee\/et\/\",\"name\":\"Kruze.ee\",\"description\":\"Reklaamkingitused, tr&uuml;kiga T-s&auml;rgid, fliisid, dressipluused, tekstiil, joped ja paljud teised logoga meened, &Auml;rikingitused sinu partnerile! Telli juba t&auml;na.\",\"potentialAction\":[{\"@type\":\"SearchAction\",\"target\":{\"@type\":\"EntryPoint\",\"urlTemplate\":\"https:\/\/kruze.ee\/et\/?s={search_term_string}\"},\"query-input\":{\"@type\":\"PropertyValueSpecification\",\"valueRequired\":true,\"valueName\":\"search_term_string\"}}],\"inLanguage\":\"et\"}]}<\/script>\n<!-- \/ Yoast SEO plugin. -->","yoast_head_json":{"title":"Craft ADV Essence SS Tee 2 N - Kruze.ee","robots":{"index":"index","follow":"follow","max-snippet":"max-snippet:-1","max-image-preview":"max-image-preview:large","max-video-preview":"max-video-preview:-1"},"canonical":"https:\/\/kruze.ee\/et\/toode\/craft-adv-essence-ss-tee-2-n\/","og_locale":"et_EE","og_type":"article","og_title":"Craft ADV Essence SS Tee 2 N - Kruze.ee","og_description":"ADV Essence Tee 2 on pehme ja funktsionaalne treenings\u00e4rk, mis on loodud erinevateks k\u00f5rge intensiivsusega treeninguteks. See mitmek\u00fclgne treenings\u00e4rk on...","og_url":"https:\/\/kruze.ee\/et\/toode\/craft-adv-essence-ss-tee-2-n\/","og_site_name":"Kruze.ee","article_modified_time":"2026-03-30T18:15:23+00:00","twitter_card":"summary_large_image","twitter_misc":{"Est. reading time":"1 minut"},"schema":{"@context":"https:\/\/schema.org","@graph":[{"@type":"WebPage","@id":"https:\/\/kruze.ee\/et\/toode\/craft-adv-essence-ss-tee-2-n\/","url":"https:\/\/kruze.ee\/et\/toode\/craft-adv-essence-ss-tee-2-n\/","name":"Craft ADV Essence SS Tee 2 N - Kruze.ee","isPartOf":{"@id":"https:\/\/kruze.ee\/et\/#website"},"datePublished":"2026-03-30T18:05:55+00:00","dateModified":"2026-03-30T18:15:23+00:00","breadcrumb":{"@id":"https:\/\/kruze.ee\/et\/toode\/craft-adv-essence-ss-tee-2-n\/#breadcrumb"},"inLanguage":"et","potentialAction":[{"@type":"ReadAction","target":["https:\/\/kruze.ee\/et\/toode\/craft-adv-essence-ss-tee-2-n\/"]}]},{"@type":"BreadcrumbList","@id":"https:\/\/kruze.ee\/et\/toode\/craft-adv-essence-ss-tee-2-n\/#breadcrumb","itemListElement":[{"@type":"ListItem","position":1,"name":"Home","item":"https:\/\/kruze.ee\/et\/"},{"@type":"ListItem","position":2,"name":"Tooted","item":"https:\/\/kruze.ee\/et\/tooted\/"},{"@type":"ListItem","position":3,"name":"Craft ADV Essence SS Tee 2 N"}]},{"@type":"WebSite","@id":"https:\/\/kruze.ee\/et\/#website","url":"https:\/\/kruze.ee\/et\/","name":"Kruze.ee","description":"Reklaamkingitused, tr&uuml;kiga T-s&auml;rgid, fliisid, dressipluused, tekstiil, joped ja paljud teised logoga meened, &Auml;rikingitused sinu partnerile! Telli juba t&auml;na.","potentialAction":[{"@type":"SearchAction","target":{"@type":"EntryPoint","urlTemplate":"https:\/\/kruze.ee\/et\/?s={search_term_string}"},"query-input":{"@type":"PropertyValueSpecification","valueRequired":true,"valueName":"search_term_string"}}],"inLanguage":"et"}]}},"_links":{"self":[{"href":"https:\/\/kruze.ee\/et\/wp-json\/wp\/v2\/product\/1449454","targetHints":{"allow":["GET"]}}],"collection":[{"href":"https:\/\/kruze.ee\/et\/wp-json\/wp\/v2\/product"}],"about":[{"href":"https:\/\/kruze.ee\/et\/wp-json\/wp\/v2\/types\/product"}],"wp:attachment":[{"href":"https:\/\/kruze.ee\/et\/wp-json\/wp\/v2\/media?parent=1449454"}],"wp:term":[{"taxonomy":"product_brand","embeddable":true,"href":"https:\/\/kruze.ee\/et\/wp-json\/wp\/v2\/product_brand?post=1449454"},{"taxonomy":"product_cat","embeddable":true,"href":"https:\/\/kruze.ee\/et\/wp-json\/wp\/v2\/product_cat?post=1449454"},{"taxonomy":"product_tag","embeddable":true,"href":"https:\/\/kruze.ee\/et\/wp-json\/wp\/v2\/product_tag?post=1449454"}],"curies":[{"name":"wp","href":"https:\/\/api.w.org\/{rel}","templated":true}]}}