{"id":1448921,"date":"2026-03-30T20:58:50","date_gmt":"2026-03-30T17:58:50","guid":{"rendered":"https:\/\/kruze.ee\/product\/craft-adv-essence-singlet-2-m\/"},"modified":"2026-03-30T21:28:04","modified_gmt":"2026-03-30T18:28:04","slug":"craft-adv-essence-singlet-2-m","status":"publish","type":"product","link":"https:\/\/kruze.ee\/et\/toode\/craft-adv-essence-singlet-2-m\/","title":{"rendered":"Craft ADV Essence Singlet 2 M"},"content":{"rendered":"<p>ADV Essence Singlet 2 on pehme ja funktsionaalne treenings\u00e4rk, mis on loodud erinevateks k\u00f5rge intensiivsusega treeninguteks. See mitmek\u00fclgne s\u00e4rk on valmistatud taaskasutatud pol\u00fcestri ja elastaani segust ning sisaldab v\u00f5rkpaneele ja perforeeritud detaile parema \u00f5huringluse tagamiseks. Lisaks on s\u00e4rgil s\u00fcgavam sportlik seljaosa (racerback), mis tagab maksimaalse mugavuse ja liikumisvabaduse. \u00dcmar all\u00e4\u00e4r ja tavaline l\u00f5ige (regular fit).<\/p>\n","protected":false},"excerpt":{"rendered":"<p>ADV Essence Singlet 2 on pehme ja funktsionaalne treenings\u00e4rk, mis on loodud erinevateks k\u00f5rge intensiivsusega treeninguteks. See mitmek\u00fclgne s\u00e4rk on&#8230;<\/p>\n","protected":false},"featured_media":0,"template":"","meta":[],"product_brand":[],"product_cat":[5377],"product_tag":[],"class_list":{"0":"post-1448921","1":"product","2":"type-product","3":"status-publish","5":"product_cat-spordiriided-logoga","6":"pa_brand-craft","7":"pa_color-black-2","8":"pa_color-valge","9":"pa_gender-mehed","10":"pa_gender-men","11":"pa_material-back-body-front-body-91-polyester-recycled-9-elastane-front-inset-back-inset-84-polyester-recycled-6-polyester-10-elastane","12":"pa_size-xs","13":"pa_size-s","14":"pa_size-m","15":"pa_size-l","16":"pa_size-xl","17":"pa_size-2xl","19":"first","20":"instock","21":"taxable","22":"shipping-taxable","23":"purchasable","24":"product-type-variable"},"acf":[],"yoast_head":"<!-- This site is optimized with the Yoast SEO plugin v26.0 - https:\/\/yoast.com\/wordpress\/plugins\/seo\/ -->\n<title>Craft ADV Essence Singlet 2 M - Kruze.ee<\/title>\n<meta name=\"robots\" content=\"index, follow, max-snippet:-1, max-image-preview:large, max-video-preview:-1\" \/>\n<link rel=\"canonical\" href=\"https:\/\/kruze.ee\/et\/toode\/craft-adv-essence-singlet-2-m\/\" \/>\n<meta property=\"og:locale\" content=\"et_EE\" \/>\n<meta property=\"og:type\" content=\"article\" \/>\n<meta property=\"og:title\" content=\"Craft ADV Essence Singlet 2 M - Kruze.ee\" \/>\n<meta property=\"og:description\" content=\"ADV Essence Singlet 2 on pehme ja funktsionaalne treenings\u00e4rk, mis on loodud erinevateks k\u00f5rge intensiivsusega treeninguteks. See mitmek\u00fclgne s\u00e4rk on...\" \/>\n<meta property=\"og:url\" content=\"https:\/\/kruze.ee\/et\/toode\/craft-adv-essence-singlet-2-m\/\" \/>\n<meta property=\"og:site_name\" content=\"Kruze.ee\" \/>\n<meta property=\"article:modified_time\" content=\"2026-03-30T18:28:04+00:00\" \/>\n<meta name=\"twitter:card\" content=\"summary_large_image\" \/>\n<script type=\"application\/ld+json\" class=\"yoast-schema-graph\">{\"@context\":\"https:\/\/schema.org\",\"@graph\":[{\"@type\":\"WebPage\",\"@id\":\"https:\/\/kruze.ee\/et\/toode\/craft-adv-essence-singlet-2-m\/\",\"url\":\"https:\/\/kruze.ee\/et\/toode\/craft-adv-essence-singlet-2-m\/\",\"name\":\"Craft ADV Essence Singlet 2 M - Kruze.ee\",\"isPartOf\":{\"@id\":\"https:\/\/kruze.ee\/et\/#website\"},\"datePublished\":\"2026-03-30T17:58:50+00:00\",\"dateModified\":\"2026-03-30T18:28:04+00:00\",\"breadcrumb\":{\"@id\":\"https:\/\/kruze.ee\/et\/toode\/craft-adv-essence-singlet-2-m\/#breadcrumb\"},\"inLanguage\":\"et\",\"potentialAction\":[{\"@type\":\"ReadAction\",\"target\":[\"https:\/\/kruze.ee\/et\/toode\/craft-adv-essence-singlet-2-m\/\"]}]},{\"@type\":\"BreadcrumbList\",\"@id\":\"https:\/\/kruze.ee\/et\/toode\/craft-adv-essence-singlet-2-m\/#breadcrumb\",\"itemListElement\":[{\"@type\":\"ListItem\",\"position\":1,\"name\":\"Home\",\"item\":\"https:\/\/kruze.ee\/et\/\"},{\"@type\":\"ListItem\",\"position\":2,\"name\":\"Tooted\",\"item\":\"https:\/\/kruze.ee\/et\/tooted\/\"},{\"@type\":\"ListItem\",\"position\":3,\"name\":\"Craft ADV Essence Singlet 2 M\"}]},{\"@type\":\"WebSite\",\"@id\":\"https:\/\/kruze.ee\/et\/#website\",\"url\":\"https:\/\/kruze.ee\/et\/\",\"name\":\"Kruze.ee\",\"description\":\"Reklaamkingitused, tr&uuml;kiga T-s&auml;rgid, fliisid, dressipluused, tekstiil, joped ja paljud teised logoga meened, &Auml;rikingitused sinu partnerile! Telli juba t&auml;na.\",\"potentialAction\":[{\"@type\":\"SearchAction\",\"target\":{\"@type\":\"EntryPoint\",\"urlTemplate\":\"https:\/\/kruze.ee\/et\/?s={search_term_string}\"},\"query-input\":{\"@type\":\"PropertyValueSpecification\",\"valueRequired\":true,\"valueName\":\"search_term_string\"}}],\"inLanguage\":\"et\"}]}<\/script>\n<!-- \/ Yoast SEO plugin. -->","yoast_head_json":{"title":"Craft ADV Essence Singlet 2 M - Kruze.ee","robots":{"index":"index","follow":"follow","max-snippet":"max-snippet:-1","max-image-preview":"max-image-preview:large","max-video-preview":"max-video-preview:-1"},"canonical":"https:\/\/kruze.ee\/et\/toode\/craft-adv-essence-singlet-2-m\/","og_locale":"et_EE","og_type":"article","og_title":"Craft ADV Essence Singlet 2 M - Kruze.ee","og_description":"ADV Essence Singlet 2 on pehme ja funktsionaalne treenings\u00e4rk, mis on loodud erinevateks k\u00f5rge intensiivsusega treeninguteks. See mitmek\u00fclgne s\u00e4rk on...","og_url":"https:\/\/kruze.ee\/et\/toode\/craft-adv-essence-singlet-2-m\/","og_site_name":"Kruze.ee","article_modified_time":"2026-03-30T18:28:04+00:00","twitter_card":"summary_large_image","schema":{"@context":"https:\/\/schema.org","@graph":[{"@type":"WebPage","@id":"https:\/\/kruze.ee\/et\/toode\/craft-adv-essence-singlet-2-m\/","url":"https:\/\/kruze.ee\/et\/toode\/craft-adv-essence-singlet-2-m\/","name":"Craft ADV Essence Singlet 2 M - Kruze.ee","isPartOf":{"@id":"https:\/\/kruze.ee\/et\/#website"},"datePublished":"2026-03-30T17:58:50+00:00","dateModified":"2026-03-30T18:28:04+00:00","breadcrumb":{"@id":"https:\/\/kruze.ee\/et\/toode\/craft-adv-essence-singlet-2-m\/#breadcrumb"},"inLanguage":"et","potentialAction":[{"@type":"ReadAction","target":["https:\/\/kruze.ee\/et\/toode\/craft-adv-essence-singlet-2-m\/"]}]},{"@type":"BreadcrumbList","@id":"https:\/\/kruze.ee\/et\/toode\/craft-adv-essence-singlet-2-m\/#breadcrumb","itemListElement":[{"@type":"ListItem","position":1,"name":"Home","item":"https:\/\/kruze.ee\/et\/"},{"@type":"ListItem","position":2,"name":"Tooted","item":"https:\/\/kruze.ee\/et\/tooted\/"},{"@type":"ListItem","position":3,"name":"Craft ADV Essence Singlet 2 M"}]},{"@type":"WebSite","@id":"https:\/\/kruze.ee\/et\/#website","url":"https:\/\/kruze.ee\/et\/","name":"Kruze.ee","description":"Reklaamkingitused, tr&uuml;kiga T-s&auml;rgid, fliisid, dressipluused, tekstiil, joped ja paljud teised logoga meened, &Auml;rikingitused sinu partnerile! Telli juba t&auml;na.","potentialAction":[{"@type":"SearchAction","target":{"@type":"EntryPoint","urlTemplate":"https:\/\/kruze.ee\/et\/?s={search_term_string}"},"query-input":{"@type":"PropertyValueSpecification","valueRequired":true,"valueName":"search_term_string"}}],"inLanguage":"et"}]}},"_links":{"self":[{"href":"https:\/\/kruze.ee\/et\/wp-json\/wp\/v2\/product\/1448921","targetHints":{"allow":["GET"]}}],"collection":[{"href":"https:\/\/kruze.ee\/et\/wp-json\/wp\/v2\/product"}],"about":[{"href":"https:\/\/kruze.ee\/et\/wp-json\/wp\/v2\/types\/product"}],"wp:attachment":[{"href":"https:\/\/kruze.ee\/et\/wp-json\/wp\/v2\/media?parent=1448921"}],"wp:term":[{"taxonomy":"product_brand","embeddable":true,"href":"https:\/\/kruze.ee\/et\/wp-json\/wp\/v2\/product_brand?post=1448921"},{"taxonomy":"product_cat","embeddable":true,"href":"https:\/\/kruze.ee\/et\/wp-json\/wp\/v2\/product_cat?post=1448921"},{"taxonomy":"product_tag","embeddable":true,"href":"https:\/\/kruze.ee\/et\/wp-json\/wp\/v2\/product_tag?post=1448921"}],"curies":[{"name":"wp","href":"https:\/\/api.w.org\/{rel}","templated":true}]}}