{"id":1448447,"date":"2026-03-30T20:29:23","date_gmt":"2026-03-30T17:29:23","guid":{"rendered":"https:\/\/kruze.ee\/product\/craft-core-unify-naiste-spordisark\/"},"modified":"2026-03-30T20:44:37","modified_gmt":"2026-03-30T17:44:37","slug":"craft-core-unify-naiste-spordisark","status":"publish","type":"product","link":"https:\/\/kruze.ee\/et\/toode\/craft-core-unify-naiste-spordisark\/","title":{"rendered":"Craft CORE Unify naiste spordis\u00e4rk"},"content":{"rendered":"<p>CORE Unify Training Tee on saadaval mitmes silmapaistvas v\u00e4rvitoonis, et tagada maksimaalne m\u00f5ju nii kandjale kui ka sinu br\u00e4ndile. Aktiivsetele inimestele loodud T-s\u00e4rk pakub suurep\u00e4rast mugavust ja head kvaliteeti ning on valmistatud taaskasutatud pehmest ja funktsionaalsest pol\u00fcestrist. Lisaks annavad esiosal kumerad k\u00fclje\u00f5mblused s\u00e4rgile sportliku ja modernse v\u00e4limuse.<\/p>\n","protected":false},"excerpt":{"rendered":"<p>CORE Unify Training Tee on saadaval mitmes silmapaistvas v\u00e4rvitoonis, et tagada maksimaalne m\u00f5ju nii kandjale kui ka sinu br\u00e4ndile. Aktiivsetele inimestele&#8230;<\/p>\n","protected":false},"featured_media":0,"template":"","meta":[],"product_brand":[],"product_cat":[5377],"product_tag":[],"class_list":{"0":"post-1448447","1":"product","2":"type-product","3":"status-publish","5":"product_cat-spordiriided-logoga","6":"pa_brand-craft","7":"pa_color-asfalt","8":"pa_color-crush","9":"pa_color-erkpunane","10":"pa_color-flint","11":"pa_color-hein","12":"pa_color-koobaltsinine","13":"pa_color-leaf","14":"pa_color-magenta","15":"pa_color-mentool","16":"pa_color-monument","17":"pa_color-black-2","18":"pa_color-neoonkollane","19":"pa_color-oranz","20":"pa_color-real","21":"pa_color-rift","22":"pa_color-roheline","23":"pa_color-sidrunikollane","24":"pa_color-true-purple","25":"pa_color-tumesinine","26":"pa_color-valge","27":"pa_gender-naised","28":"pa_gender-women","29":"pa_material-100-polyester-recycled","30":"pa_size-xs","31":"pa_size-s","32":"pa_size-m","33":"pa_size-l","34":"pa_size-xl","35":"pa_size-2xl","37":"first","38":"instock","39":"taxable","40":"shipping-taxable","41":"purchasable","42":"product-type-variable"},"acf":[],"yoast_head":"<!-- This site is optimized with the Yoast SEO plugin v26.0 - https:\/\/yoast.com\/wordpress\/plugins\/seo\/ -->\n<title>Craft CORE Unify naiste spordis\u00e4rk - Kruze.ee<\/title>\n<meta name=\"robots\" content=\"index, follow, max-snippet:-1, max-image-preview:large, max-video-preview:-1\" \/>\n<link rel=\"canonical\" href=\"https:\/\/kruze.ee\/et\/toode\/craft-core-unify-naiste-spordisark\/\" \/>\n<meta property=\"og:locale\" content=\"et_EE\" \/>\n<meta property=\"og:type\" content=\"article\" \/>\n<meta property=\"og:title\" content=\"Craft CORE Unify naiste spordis\u00e4rk - Kruze.ee\" \/>\n<meta property=\"og:description\" content=\"CORE Unify Training Tee on saadaval mitmes silmapaistvas v\u00e4rvitoonis, et tagada maksimaalne m\u00f5ju nii kandjale kui ka sinu br\u00e4ndile. Aktiivsetele inimestele...\" \/>\n<meta property=\"og:url\" content=\"https:\/\/kruze.ee\/et\/toode\/craft-core-unify-naiste-spordisark\/\" \/>\n<meta property=\"og:site_name\" content=\"Kruze.ee\" \/>\n<meta property=\"article:modified_time\" content=\"2026-03-30T17:44:37+00:00\" \/>\n<meta name=\"twitter:card\" content=\"summary_large_image\" \/>\n<script type=\"application\/ld+json\" class=\"yoast-schema-graph\">{\"@context\":\"https:\/\/schema.org\",\"@graph\":[{\"@type\":\"WebPage\",\"@id\":\"https:\/\/kruze.ee\/et\/toode\/craft-core-unify-naiste-spordisark\/\",\"url\":\"https:\/\/kruze.ee\/et\/toode\/craft-core-unify-naiste-spordisark\/\",\"name\":\"Craft CORE Unify naiste spordis\u00e4rk - Kruze.ee\",\"isPartOf\":{\"@id\":\"https:\/\/kruze.ee\/et\/#website\"},\"datePublished\":\"2026-03-30T17:29:23+00:00\",\"dateModified\":\"2026-03-30T17:44:37+00:00\",\"breadcrumb\":{\"@id\":\"https:\/\/kruze.ee\/et\/toode\/craft-core-unify-naiste-spordisark\/#breadcrumb\"},\"inLanguage\":\"et\",\"potentialAction\":[{\"@type\":\"ReadAction\",\"target\":[\"https:\/\/kruze.ee\/et\/toode\/craft-core-unify-naiste-spordisark\/\"]}]},{\"@type\":\"BreadcrumbList\",\"@id\":\"https:\/\/kruze.ee\/et\/toode\/craft-core-unify-naiste-spordisark\/#breadcrumb\",\"itemListElement\":[{\"@type\":\"ListItem\",\"position\":1,\"name\":\"Home\",\"item\":\"https:\/\/kruze.ee\/et\/\"},{\"@type\":\"ListItem\",\"position\":2,\"name\":\"Tooted\",\"item\":\"https:\/\/kruze.ee\/et\/tooted\/\"},{\"@type\":\"ListItem\",\"position\":3,\"name\":\"Craft CORE Unify naiste spordis\u00e4rk\"}]},{\"@type\":\"WebSite\",\"@id\":\"https:\/\/kruze.ee\/et\/#website\",\"url\":\"https:\/\/kruze.ee\/et\/\",\"name\":\"Kruze.ee\",\"description\":\"Reklaamkingitused, tr&uuml;kiga T-s&auml;rgid, fliisid, dressipluused, tekstiil, joped ja paljud teised logoga meened, &Auml;rikingitused sinu partnerile! Telli juba t&auml;na.\",\"potentialAction\":[{\"@type\":\"SearchAction\",\"target\":{\"@type\":\"EntryPoint\",\"urlTemplate\":\"https:\/\/kruze.ee\/et\/?s={search_term_string}\"},\"query-input\":{\"@type\":\"PropertyValueSpecification\",\"valueRequired\":true,\"valueName\":\"search_term_string\"}}],\"inLanguage\":\"et\"}]}<\/script>\n<!-- \/ Yoast SEO plugin. -->","yoast_head_json":{"title":"Craft CORE Unify naiste spordis\u00e4rk - Kruze.ee","robots":{"index":"index","follow":"follow","max-snippet":"max-snippet:-1","max-image-preview":"max-image-preview:large","max-video-preview":"max-video-preview:-1"},"canonical":"https:\/\/kruze.ee\/et\/toode\/craft-core-unify-naiste-spordisark\/","og_locale":"et_EE","og_type":"article","og_title":"Craft CORE Unify naiste spordis\u00e4rk - Kruze.ee","og_description":"CORE Unify Training Tee on saadaval mitmes silmapaistvas v\u00e4rvitoonis, et tagada maksimaalne m\u00f5ju nii kandjale kui ka sinu br\u00e4ndile. Aktiivsetele inimestele...","og_url":"https:\/\/kruze.ee\/et\/toode\/craft-core-unify-naiste-spordisark\/","og_site_name":"Kruze.ee","article_modified_time":"2026-03-30T17:44:37+00:00","twitter_card":"summary_large_image","schema":{"@context":"https:\/\/schema.org","@graph":[{"@type":"WebPage","@id":"https:\/\/kruze.ee\/et\/toode\/craft-core-unify-naiste-spordisark\/","url":"https:\/\/kruze.ee\/et\/toode\/craft-core-unify-naiste-spordisark\/","name":"Craft CORE Unify naiste spordis\u00e4rk - Kruze.ee","isPartOf":{"@id":"https:\/\/kruze.ee\/et\/#website"},"datePublished":"2026-03-30T17:29:23+00:00","dateModified":"2026-03-30T17:44:37+00:00","breadcrumb":{"@id":"https:\/\/kruze.ee\/et\/toode\/craft-core-unify-naiste-spordisark\/#breadcrumb"},"inLanguage":"et","potentialAction":[{"@type":"ReadAction","target":["https:\/\/kruze.ee\/et\/toode\/craft-core-unify-naiste-spordisark\/"]}]},{"@type":"BreadcrumbList","@id":"https:\/\/kruze.ee\/et\/toode\/craft-core-unify-naiste-spordisark\/#breadcrumb","itemListElement":[{"@type":"ListItem","position":1,"name":"Home","item":"https:\/\/kruze.ee\/et\/"},{"@type":"ListItem","position":2,"name":"Tooted","item":"https:\/\/kruze.ee\/et\/tooted\/"},{"@type":"ListItem","position":3,"name":"Craft CORE Unify naiste spordis\u00e4rk"}]},{"@type":"WebSite","@id":"https:\/\/kruze.ee\/et\/#website","url":"https:\/\/kruze.ee\/et\/","name":"Kruze.ee","description":"Reklaamkingitused, tr&uuml;kiga T-s&auml;rgid, fliisid, dressipluused, tekstiil, joped ja paljud teised logoga meened, &Auml;rikingitused sinu partnerile! Telli juba t&auml;na.","potentialAction":[{"@type":"SearchAction","target":{"@type":"EntryPoint","urlTemplate":"https:\/\/kruze.ee\/et\/?s={search_term_string}"},"query-input":{"@type":"PropertyValueSpecification","valueRequired":true,"valueName":"search_term_string"}}],"inLanguage":"et"}]}},"_links":{"self":[{"href":"https:\/\/kruze.ee\/et\/wp-json\/wp\/v2\/product\/1448447","targetHints":{"allow":["GET"]}}],"collection":[{"href":"https:\/\/kruze.ee\/et\/wp-json\/wp\/v2\/product"}],"about":[{"href":"https:\/\/kruze.ee\/et\/wp-json\/wp\/v2\/types\/product"}],"wp:attachment":[{"href":"https:\/\/kruze.ee\/et\/wp-json\/wp\/v2\/media?parent=1448447"}],"wp:term":[{"taxonomy":"product_brand","embeddable":true,"href":"https:\/\/kruze.ee\/et\/wp-json\/wp\/v2\/product_brand?post=1448447"},{"taxonomy":"product_cat","embeddable":true,"href":"https:\/\/kruze.ee\/et\/wp-json\/wp\/v2\/product_cat?post=1448447"},{"taxonomy":"product_tag","embeddable":true,"href":"https:\/\/kruze.ee\/et\/wp-json\/wp\/v2\/product_tag?post=1448447"}],"curies":[{"name":"wp","href":"https:\/\/api.w.org\/{rel}","templated":true}]}}