{"id":1446057,"date":"2026-03-23T19:16:55","date_gmt":"2026-03-23T16:16:55","guid":{"rendered":"https:\/\/kruze.ee\/product\/huggy-fliistekk-kandekotiga-220-x-250-cm\/"},"modified":"2026-03-23T19:16:56","modified_gmt":"2026-03-23T16:16:56","slug":"huggy-fliistekk-kandekotiga-220-x-250-cm","status":"publish","type":"product","link":"https:\/\/kruze.ee\/et\/toode\/huggy-fliistekk-kandekotiga-220-x-250-cm\/","title":{"rendered":"Huggy fliistekk kandekotiga, 220 \u00d7 250 cm"},"content":{"rendered":"<p>\u00dchev\u00e4rviline Huggy pleed on valmistatud 100% polaarfliisist (200 g\/m\u00b2) \u2013 pehme ja mugav materjal, mis annab kiiresti sooja ning hoiab kehasoojust. Rulli tekk kokku ja paiguta see praktilisse n\u00f6\u00f6rkinnitusega kotti, et seda oleks lihtne hoiustada ilma palju ruumi v\u00f5tmata. M\u00f5\u00f5dud: 250 \u00d7 220 cm.<\/p>\n","protected":false},"excerpt":{"rendered":"<p>\u00dchev\u00e4rviline Huggy pleed on valmistatud 100% polaarfliisist (200 g\/m\u00b2) \u2013 pehme ja mugav materjal, mis annab kiiresti sooja ning hoiab kehasoojust. Rulli tekk&#8230;<\/p>\n","protected":false},"featured_media":0,"template":"","meta":[],"product_brand":[],"product_cat":[15076],"product_tag":[],"class_list":{"0":"post-1446057","1":"product","2":"type-product","3":"status-publish","5":"product_cat-pleedid","6":"pa_brand-unbranded","7":"pa_color-beez","8":"pa_color-hall","9":"pa_color-black-2","10":"pa_color-punane","11":"pa_color-blue-2","12":"pa_gender-uniseks","13":"pa_gender-unisex","16":"pa_material-100-polar-fleece","18":"first","19":"instock","20":"taxable","21":"shipping-taxable","22":"purchasable","23":"product-type-variable"},"acf":[],"yoast_head":"<!-- This site is optimized with the Yoast SEO plugin v26.0 - https:\/\/yoast.com\/wordpress\/plugins\/seo\/ -->\n<title>Huggy fliistekk kandekotiga, 220 \u00d7 250 cm - Kruze.ee<\/title>\n<meta name=\"robots\" content=\"index, follow, max-snippet:-1, max-image-preview:large, max-video-preview:-1\" \/>\n<link rel=\"canonical\" href=\"https:\/\/kruze.ee\/et\/toode\/huggy-fliistekk-kandekotiga-220-x-250-cm\/\" \/>\n<meta property=\"og:locale\" content=\"et_EE\" \/>\n<meta property=\"og:type\" content=\"article\" \/>\n<meta property=\"og:title\" content=\"Huggy fliistekk kandekotiga, 220 \u00d7 250 cm - Kruze.ee\" \/>\n<meta property=\"og:description\" content=\"\u00dchev\u00e4rviline Huggy pleed on valmistatud 100% polaarfliisist (200 g\/m\u00b2) \u2013 pehme ja mugav materjal, mis annab kiiresti sooja ning hoiab kehasoojust. Rulli tekk...\" \/>\n<meta property=\"og:url\" content=\"https:\/\/kruze.ee\/et\/toode\/huggy-fliistekk-kandekotiga-220-x-250-cm\/\" \/>\n<meta property=\"og:site_name\" content=\"Kruze.ee\" \/>\n<meta property=\"article:modified_time\" content=\"2026-03-23T16:16:56+00:00\" \/>\n<meta name=\"twitter:card\" content=\"summary_large_image\" \/>\n<script type=\"application\/ld+json\" class=\"yoast-schema-graph\">{\"@context\":\"https:\/\/schema.org\",\"@graph\":[{\"@type\":\"WebPage\",\"@id\":\"https:\/\/kruze.ee\/et\/toode\/huggy-fliistekk-kandekotiga-220-x-250-cm\/\",\"url\":\"https:\/\/kruze.ee\/et\/toode\/huggy-fliistekk-kandekotiga-220-x-250-cm\/\",\"name\":\"Huggy fliistekk kandekotiga, 220 \u00d7 250 cm - Kruze.ee\",\"isPartOf\":{\"@id\":\"https:\/\/kruze.ee\/et\/#website\"},\"datePublished\":\"2026-03-23T16:16:55+00:00\",\"dateModified\":\"2026-03-23T16:16:56+00:00\",\"breadcrumb\":{\"@id\":\"https:\/\/kruze.ee\/et\/toode\/huggy-fliistekk-kandekotiga-220-x-250-cm\/#breadcrumb\"},\"inLanguage\":\"et\",\"potentialAction\":[{\"@type\":\"ReadAction\",\"target\":[\"https:\/\/kruze.ee\/et\/toode\/huggy-fliistekk-kandekotiga-220-x-250-cm\/\"]}]},{\"@type\":\"BreadcrumbList\",\"@id\":\"https:\/\/kruze.ee\/et\/toode\/huggy-fliistekk-kandekotiga-220-x-250-cm\/#breadcrumb\",\"itemListElement\":[{\"@type\":\"ListItem\",\"position\":1,\"name\":\"Home\",\"item\":\"https:\/\/kruze.ee\/et\/\"},{\"@type\":\"ListItem\",\"position\":2,\"name\":\"Tooted\",\"item\":\"https:\/\/kruze.ee\/et\/tooted\/\"},{\"@type\":\"ListItem\",\"position\":3,\"name\":\"Huggy fliistekk kandekotiga, 220 \u00d7 250 cm\"}]},{\"@type\":\"WebSite\",\"@id\":\"https:\/\/kruze.ee\/et\/#website\",\"url\":\"https:\/\/kruze.ee\/et\/\",\"name\":\"Kruze.ee\",\"description\":\"Reklaamkingitused, tr&uuml;kiga T-s&auml;rgid, fliisid, dressipluused, tekstiil, joped ja paljud teised logoga meened, &Auml;rikingitused sinu partnerile! Telli juba t&auml;na.\",\"potentialAction\":[{\"@type\":\"SearchAction\",\"target\":{\"@type\":\"EntryPoint\",\"urlTemplate\":\"https:\/\/kruze.ee\/et\/?s={search_term_string}\"},\"query-input\":{\"@type\":\"PropertyValueSpecification\",\"valueRequired\":true,\"valueName\":\"search_term_string\"}}],\"inLanguage\":\"et\"}]}<\/script>\n<!-- \/ Yoast SEO plugin. -->","yoast_head_json":{"title":"Huggy fliistekk kandekotiga, 220 \u00d7 250 cm - Kruze.ee","robots":{"index":"index","follow":"follow","max-snippet":"max-snippet:-1","max-image-preview":"max-image-preview:large","max-video-preview":"max-video-preview:-1"},"canonical":"https:\/\/kruze.ee\/et\/toode\/huggy-fliistekk-kandekotiga-220-x-250-cm\/","og_locale":"et_EE","og_type":"article","og_title":"Huggy fliistekk kandekotiga, 220 \u00d7 250 cm - Kruze.ee","og_description":"\u00dchev\u00e4rviline Huggy pleed on valmistatud 100% polaarfliisist (200 g\/m\u00b2) \u2013 pehme ja mugav materjal, mis annab kiiresti sooja ning hoiab kehasoojust. Rulli tekk...","og_url":"https:\/\/kruze.ee\/et\/toode\/huggy-fliistekk-kandekotiga-220-x-250-cm\/","og_site_name":"Kruze.ee","article_modified_time":"2026-03-23T16:16:56+00:00","twitter_card":"summary_large_image","schema":{"@context":"https:\/\/schema.org","@graph":[{"@type":"WebPage","@id":"https:\/\/kruze.ee\/et\/toode\/huggy-fliistekk-kandekotiga-220-x-250-cm\/","url":"https:\/\/kruze.ee\/et\/toode\/huggy-fliistekk-kandekotiga-220-x-250-cm\/","name":"Huggy fliistekk kandekotiga, 220 \u00d7 250 cm - Kruze.ee","isPartOf":{"@id":"https:\/\/kruze.ee\/et\/#website"},"datePublished":"2026-03-23T16:16:55+00:00","dateModified":"2026-03-23T16:16:56+00:00","breadcrumb":{"@id":"https:\/\/kruze.ee\/et\/toode\/huggy-fliistekk-kandekotiga-220-x-250-cm\/#breadcrumb"},"inLanguage":"et","potentialAction":[{"@type":"ReadAction","target":["https:\/\/kruze.ee\/et\/toode\/huggy-fliistekk-kandekotiga-220-x-250-cm\/"]}]},{"@type":"BreadcrumbList","@id":"https:\/\/kruze.ee\/et\/toode\/huggy-fliistekk-kandekotiga-220-x-250-cm\/#breadcrumb","itemListElement":[{"@type":"ListItem","position":1,"name":"Home","item":"https:\/\/kruze.ee\/et\/"},{"@type":"ListItem","position":2,"name":"Tooted","item":"https:\/\/kruze.ee\/et\/tooted\/"},{"@type":"ListItem","position":3,"name":"Huggy fliistekk kandekotiga, 220 \u00d7 250 cm"}]},{"@type":"WebSite","@id":"https:\/\/kruze.ee\/et\/#website","url":"https:\/\/kruze.ee\/et\/","name":"Kruze.ee","description":"Reklaamkingitused, tr&uuml;kiga T-s&auml;rgid, fliisid, dressipluused, tekstiil, joped ja paljud teised logoga meened, &Auml;rikingitused sinu partnerile! Telli juba t&auml;na.","potentialAction":[{"@type":"SearchAction","target":{"@type":"EntryPoint","urlTemplate":"https:\/\/kruze.ee\/et\/?s={search_term_string}"},"query-input":{"@type":"PropertyValueSpecification","valueRequired":true,"valueName":"search_term_string"}}],"inLanguage":"et"}]}},"_links":{"self":[{"href":"https:\/\/kruze.ee\/et\/wp-json\/wp\/v2\/product\/1446057","targetHints":{"allow":["GET"]}}],"collection":[{"href":"https:\/\/kruze.ee\/et\/wp-json\/wp\/v2\/product"}],"about":[{"href":"https:\/\/kruze.ee\/et\/wp-json\/wp\/v2\/types\/product"}],"wp:attachment":[{"href":"https:\/\/kruze.ee\/et\/wp-json\/wp\/v2\/media?parent=1446057"}],"wp:term":[{"taxonomy":"product_brand","embeddable":true,"href":"https:\/\/kruze.ee\/et\/wp-json\/wp\/v2\/product_brand?post=1446057"},{"taxonomy":"product_cat","embeddable":true,"href":"https:\/\/kruze.ee\/et\/wp-json\/wp\/v2\/product_cat?post=1446057"},{"taxonomy":"product_tag","embeddable":true,"href":"https:\/\/kruze.ee\/et\/wp-json\/wp\/v2\/product_tag?post=1446057"}],"curies":[{"name":"wp","href":"https:\/\/api.w.org\/{rel}","templated":true}]}}