{"id":1446018,"date":"2026-03-23T19:08:59","date_gmt":"2026-03-23T16:08:59","guid":{"rendered":"https:\/\/kruze.ee\/product\/vinga-monte-ardoise-grillplaat-30-cm-2\/"},"modified":"2026-03-23T19:09:00","modified_gmt":"2026-03-23T16:09:00","slug":"vinga-monte-ardoise-grillplaat-30-cm-2","status":"publish","type":"product","link":"https:\/\/kruze.ee\/et\/toode\/vinga-monte-ardoise-grillplaat-30-cm-2\/","title":{"rendered":"VINGA Monte Ardoise grillplaat, 30 cm"},"content":{"rendered":"<p>Grilli k\u00f6\u00f6givilju, mahlaseid krevette v\u00f5i muid v\u00e4iksemaid toite VINGA Monte Ardoise sarja grillplaadil. Unikaalsed sooned t\u00f5stavad toidu pinnast k\u00f5rgemale, imiteerides traditsioonilise grillimise kaudset kuumust, ning v\u00f5imaldavad rasval \u00e4ra voolata, et toit ei k\u00fcpseks liigses \u00f5lis. Valmistatud mati emailkattega malmist. Sobib k\u00f5ikidele pliidit\u00fc\u00fcpidele, sealhulgas induktsioonpliidile ja grillile. L\u00e4bim\u00f5\u00f5t: 30 cm. Hooldus: pesta k\u00e4sitsi ja kuivatada kohe, et v\u00e4ltida roostej\u00e4lgede teket.<\/p>\n","protected":false},"excerpt":{"rendered":"<p>Grilli k\u00f6\u00f6givilju, mahlaseid krevette v\u00f5i muid v\u00e4iksemaid toite VINGA Monte Ardoise sarja grillplaadil. Unikaalsed sooned t\u00f5stavad toidu pinnast k\u00f5rgemale,&#8230;<\/p>\n","protected":false},"featured_media":0,"template":"","meta":[],"product_brand":[],"product_cat":[5426],"product_tag":[],"class_list":{"0":"post-1446018","1":"product","2":"type-product","3":"status-publish","5":"product_cat-grillitarvikud","6":"pa_gender-uniseks","7":"pa_gender-unisex","11":"first","12":"instock","13":"purchasable","14":"product-type-simple"},"acf":[],"yoast_head":"<!-- This site is optimized with the Yoast SEO plugin v26.0 - https:\/\/yoast.com\/wordpress\/plugins\/seo\/ -->\n<title>VINGA Monte Ardoise grillplaat, 30 cm - Kruze.ee<\/title>\n<meta name=\"robots\" content=\"index, follow, max-snippet:-1, max-image-preview:large, max-video-preview:-1\" \/>\n<link rel=\"canonical\" href=\"https:\/\/kruze.ee\/et\/toode\/vinga-monte-ardoise-grillplaat-30-cm-2\/\" \/>\n<meta property=\"og:locale\" content=\"et_EE\" \/>\n<meta property=\"og:type\" content=\"article\" \/>\n<meta property=\"og:title\" content=\"VINGA Monte Ardoise grillplaat, 30 cm - Kruze.ee\" \/>\n<meta property=\"og:description\" content=\"Grilli k\u00f6\u00f6givilju, mahlaseid krevette v\u00f5i muid v\u00e4iksemaid toite VINGA Monte Ardoise sarja grillplaadil. Unikaalsed sooned t\u00f5stavad toidu pinnast k\u00f5rgemale,...\" \/>\n<meta property=\"og:url\" content=\"https:\/\/kruze.ee\/et\/toode\/vinga-monte-ardoise-grillplaat-30-cm-2\/\" \/>\n<meta property=\"og:site_name\" content=\"Kruze.ee\" \/>\n<meta property=\"article:modified_time\" content=\"2026-03-23T16:09:00+00:00\" \/>\n<meta name=\"twitter:card\" content=\"summary_large_image\" \/>\n<script type=\"application\/ld+json\" class=\"yoast-schema-graph\">{\"@context\":\"https:\/\/schema.org\",\"@graph\":[{\"@type\":\"WebPage\",\"@id\":\"https:\/\/kruze.ee\/et\/toode\/vinga-monte-ardoise-grillplaat-30-cm-2\/\",\"url\":\"https:\/\/kruze.ee\/et\/toode\/vinga-monte-ardoise-grillplaat-30-cm-2\/\",\"name\":\"VINGA Monte Ardoise grillplaat, 30 cm - Kruze.ee\",\"isPartOf\":{\"@id\":\"https:\/\/kruze.ee\/et\/#website\"},\"datePublished\":\"2026-03-23T16:08:59+00:00\",\"dateModified\":\"2026-03-23T16:09:00+00:00\",\"breadcrumb\":{\"@id\":\"https:\/\/kruze.ee\/et\/toode\/vinga-monte-ardoise-grillplaat-30-cm-2\/#breadcrumb\"},\"inLanguage\":\"et\",\"potentialAction\":[{\"@type\":\"ReadAction\",\"target\":[\"https:\/\/kruze.ee\/et\/toode\/vinga-monte-ardoise-grillplaat-30-cm-2\/\"]}]},{\"@type\":\"BreadcrumbList\",\"@id\":\"https:\/\/kruze.ee\/et\/toode\/vinga-monte-ardoise-grillplaat-30-cm-2\/#breadcrumb\",\"itemListElement\":[{\"@type\":\"ListItem\",\"position\":1,\"name\":\"Home\",\"item\":\"https:\/\/kruze.ee\/et\/\"},{\"@type\":\"ListItem\",\"position\":2,\"name\":\"Tooted\",\"item\":\"https:\/\/kruze.ee\/et\/tooted\/\"},{\"@type\":\"ListItem\",\"position\":3,\"name\":\"VINGA Monte Ardoise grillplaat, 30 cm\"}]},{\"@type\":\"WebSite\",\"@id\":\"https:\/\/kruze.ee\/et\/#website\",\"url\":\"https:\/\/kruze.ee\/et\/\",\"name\":\"Kruze.ee\",\"description\":\"Reklaamkingitused, tr&uuml;kiga T-s&auml;rgid, fliisid, dressipluused, tekstiil, joped ja paljud teised logoga meened, &Auml;rikingitused sinu partnerile! Telli juba t&auml;na.\",\"potentialAction\":[{\"@type\":\"SearchAction\",\"target\":{\"@type\":\"EntryPoint\",\"urlTemplate\":\"https:\/\/kruze.ee\/et\/?s={search_term_string}\"},\"query-input\":{\"@type\":\"PropertyValueSpecification\",\"valueRequired\":true,\"valueName\":\"search_term_string\"}}],\"inLanguage\":\"et\"}]}<\/script>\n<!-- \/ Yoast SEO plugin. -->","yoast_head_json":{"title":"VINGA Monte Ardoise grillplaat, 30 cm - Kruze.ee","robots":{"index":"index","follow":"follow","max-snippet":"max-snippet:-1","max-image-preview":"max-image-preview:large","max-video-preview":"max-video-preview:-1"},"canonical":"https:\/\/kruze.ee\/et\/toode\/vinga-monte-ardoise-grillplaat-30-cm-2\/","og_locale":"et_EE","og_type":"article","og_title":"VINGA Monte Ardoise grillplaat, 30 cm - Kruze.ee","og_description":"Grilli k\u00f6\u00f6givilju, mahlaseid krevette v\u00f5i muid v\u00e4iksemaid toite VINGA Monte Ardoise sarja grillplaadil. Unikaalsed sooned t\u00f5stavad toidu pinnast k\u00f5rgemale,...","og_url":"https:\/\/kruze.ee\/et\/toode\/vinga-monte-ardoise-grillplaat-30-cm-2\/","og_site_name":"Kruze.ee","article_modified_time":"2026-03-23T16:09:00+00:00","twitter_card":"summary_large_image","schema":{"@context":"https:\/\/schema.org","@graph":[{"@type":"WebPage","@id":"https:\/\/kruze.ee\/et\/toode\/vinga-monte-ardoise-grillplaat-30-cm-2\/","url":"https:\/\/kruze.ee\/et\/toode\/vinga-monte-ardoise-grillplaat-30-cm-2\/","name":"VINGA Monte Ardoise grillplaat, 30 cm - Kruze.ee","isPartOf":{"@id":"https:\/\/kruze.ee\/et\/#website"},"datePublished":"2026-03-23T16:08:59+00:00","dateModified":"2026-03-23T16:09:00+00:00","breadcrumb":{"@id":"https:\/\/kruze.ee\/et\/toode\/vinga-monte-ardoise-grillplaat-30-cm-2\/#breadcrumb"},"inLanguage":"et","potentialAction":[{"@type":"ReadAction","target":["https:\/\/kruze.ee\/et\/toode\/vinga-monte-ardoise-grillplaat-30-cm-2\/"]}]},{"@type":"BreadcrumbList","@id":"https:\/\/kruze.ee\/et\/toode\/vinga-monte-ardoise-grillplaat-30-cm-2\/#breadcrumb","itemListElement":[{"@type":"ListItem","position":1,"name":"Home","item":"https:\/\/kruze.ee\/et\/"},{"@type":"ListItem","position":2,"name":"Tooted","item":"https:\/\/kruze.ee\/et\/tooted\/"},{"@type":"ListItem","position":3,"name":"VINGA Monte Ardoise grillplaat, 30 cm"}]},{"@type":"WebSite","@id":"https:\/\/kruze.ee\/et\/#website","url":"https:\/\/kruze.ee\/et\/","name":"Kruze.ee","description":"Reklaamkingitused, tr&uuml;kiga T-s&auml;rgid, fliisid, dressipluused, tekstiil, joped ja paljud teised logoga meened, &Auml;rikingitused sinu partnerile! Telli juba t&auml;na.","potentialAction":[{"@type":"SearchAction","target":{"@type":"EntryPoint","urlTemplate":"https:\/\/kruze.ee\/et\/?s={search_term_string}"},"query-input":{"@type":"PropertyValueSpecification","valueRequired":true,"valueName":"search_term_string"}}],"inLanguage":"et"}]}},"_links":{"self":[{"href":"https:\/\/kruze.ee\/et\/wp-json\/wp\/v2\/product\/1446018","targetHints":{"allow":["GET"]}}],"collection":[{"href":"https:\/\/kruze.ee\/et\/wp-json\/wp\/v2\/product"}],"about":[{"href":"https:\/\/kruze.ee\/et\/wp-json\/wp\/v2\/types\/product"}],"wp:attachment":[{"href":"https:\/\/kruze.ee\/et\/wp-json\/wp\/v2\/media?parent=1446018"}],"wp:term":[{"taxonomy":"product_brand","embeddable":true,"href":"https:\/\/kruze.ee\/et\/wp-json\/wp\/v2\/product_brand?post=1446018"},{"taxonomy":"product_cat","embeddable":true,"href":"https:\/\/kruze.ee\/et\/wp-json\/wp\/v2\/product_cat?post=1446018"},{"taxonomy":"product_tag","embeddable":true,"href":"https:\/\/kruze.ee\/et\/wp-json\/wp\/v2\/product_tag?post=1446018"}],"curies":[{"name":"wp","href":"https:\/\/api.w.org\/{rel}","templated":true}]}}