{"id":1446009,"date":"2026-03-23T18:56:36","date_gmt":"2026-03-23T15:56:36","guid":{"rendered":"https:\/\/kruze.ee\/product\/vinga-volonne-aware-taaskasutatud-kangast-rannamatt\/"},"modified":"2026-03-23T18:56:37","modified_gmt":"2026-03-23T15:56:37","slug":"vinga-volonne-aware-taaskasutatud-kangast-rannamatt","status":"publish","type":"product","link":"https:\/\/kruze.ee\/et\/toode\/vinga-volonne-aware-taaskasutatud-kangast-rannamatt\/","title":{"rendered":"VINGA Volonne AWARE\u2122 taaskasutatud kangast rannamatt"},"content":{"rendered":"<p>Mine randa stiilselt ja mugavalt selle elegantse rannamatiga. Valmistatud 340 g\/m\u00b2 taaskasutatud kangast. Rannamatil on praktiline sang, mis teeb selle kokku rullimise ja kaasaskandmise lihtsaks, ning tasku, kuhu saad paigutada oma rannatarbed. Matt on kergelt polsterdatud, pakkudes lisamugavust. Kangas on v\u00e4rvimata ja pleegitamata, v\u00e4hendades kemikaalide kasutamisest tulenevat keskkonnam\u00f5ju. Valmistatud 100% taaskasutatud materjalist, mis r\u00f5hutab meie p\u00fchendumust vastutustundlikule tootmisele. Tootel on AWARE\u2122 tracer-tehnoloogia, mis kinnitab taaskasutatud materjalide tegelikku kasutust.<\/p>\n","protected":false},"excerpt":{"rendered":"<p>Mine randa stiilselt ja mugavalt selle elegantse rannamatiga. Valmistatud 340 g\/m\u00b2 taaskasutatud kangast. Rannamatil on praktiline sang, mis teeb selle kokku&#8230;<\/p>\n","protected":false},"featured_media":0,"template":"","meta":[],"product_brand":[],"product_cat":[5430],"product_tag":[],"class_list":{"0":"post-1446009","1":"product","2":"type-product","3":"status-publish","5":"product_cat-piknik","6":"pa_brand-vinga-2","7":"pa_color-blue-2","8":"pa_color-valge","9":"pa_gender-uniseks","10":"pa_gender-unisex","13":"pa_material-recycled-cotton100-recycled-polyester","15":"first","16":"instock","17":"taxable","18":"shipping-taxable","19":"purchasable","20":"product-type-variable"},"acf":[],"yoast_head":"<!-- This site is optimized with the Yoast SEO plugin v26.0 - https:\/\/yoast.com\/wordpress\/plugins\/seo\/ -->\n<title>VINGA Volonne AWARE\u2122 taaskasutatud kangast rannamatt - Kruze.ee<\/title>\n<meta name=\"robots\" content=\"index, follow, max-snippet:-1, max-image-preview:large, max-video-preview:-1\" \/>\n<link rel=\"canonical\" href=\"https:\/\/kruze.ee\/et\/toode\/vinga-volonne-aware-taaskasutatud-kangast-rannamatt\/\" \/>\n<meta property=\"og:locale\" content=\"et_EE\" \/>\n<meta property=\"og:type\" content=\"article\" \/>\n<meta property=\"og:title\" content=\"VINGA Volonne AWARE\u2122 taaskasutatud kangast rannamatt - Kruze.ee\" \/>\n<meta property=\"og:description\" content=\"Mine randa stiilselt ja mugavalt selle elegantse rannamatiga. Valmistatud 340 g\/m\u00b2 taaskasutatud kangast. Rannamatil on praktiline sang, mis teeb selle kokku...\" \/>\n<meta property=\"og:url\" content=\"https:\/\/kruze.ee\/et\/toode\/vinga-volonne-aware-taaskasutatud-kangast-rannamatt\/\" \/>\n<meta property=\"og:site_name\" content=\"Kruze.ee\" \/>\n<meta property=\"article:modified_time\" content=\"2026-03-23T15:56:37+00:00\" \/>\n<meta name=\"twitter:card\" content=\"summary_large_image\" \/>\n<script type=\"application\/ld+json\" class=\"yoast-schema-graph\">{\"@context\":\"https:\/\/schema.org\",\"@graph\":[{\"@type\":\"WebPage\",\"@id\":\"https:\/\/kruze.ee\/et\/toode\/vinga-volonne-aware-taaskasutatud-kangast-rannamatt\/\",\"url\":\"https:\/\/kruze.ee\/et\/toode\/vinga-volonne-aware-taaskasutatud-kangast-rannamatt\/\",\"name\":\"VINGA Volonne AWARE\u2122 taaskasutatud kangast rannamatt - Kruze.ee\",\"isPartOf\":{\"@id\":\"https:\/\/kruze.ee\/et\/#website\"},\"datePublished\":\"2026-03-23T15:56:36+00:00\",\"dateModified\":\"2026-03-23T15:56:37+00:00\",\"breadcrumb\":{\"@id\":\"https:\/\/kruze.ee\/et\/toode\/vinga-volonne-aware-taaskasutatud-kangast-rannamatt\/#breadcrumb\"},\"inLanguage\":\"et\",\"potentialAction\":[{\"@type\":\"ReadAction\",\"target\":[\"https:\/\/kruze.ee\/et\/toode\/vinga-volonne-aware-taaskasutatud-kangast-rannamatt\/\"]}]},{\"@type\":\"BreadcrumbList\",\"@id\":\"https:\/\/kruze.ee\/et\/toode\/vinga-volonne-aware-taaskasutatud-kangast-rannamatt\/#breadcrumb\",\"itemListElement\":[{\"@type\":\"ListItem\",\"position\":1,\"name\":\"Home\",\"item\":\"https:\/\/kruze.ee\/et\/\"},{\"@type\":\"ListItem\",\"position\":2,\"name\":\"Tooted\",\"item\":\"https:\/\/kruze.ee\/et\/tooted\/\"},{\"@type\":\"ListItem\",\"position\":3,\"name\":\"VINGA Volonne AWARE\u2122 taaskasutatud kangast rannamatt\"}]},{\"@type\":\"WebSite\",\"@id\":\"https:\/\/kruze.ee\/et\/#website\",\"url\":\"https:\/\/kruze.ee\/et\/\",\"name\":\"Kruze.ee\",\"description\":\"Reklaamkingitused, tr&uuml;kiga T-s&auml;rgid, fliisid, dressipluused, tekstiil, joped ja paljud teised logoga meened, &Auml;rikingitused sinu partnerile! Telli juba t&auml;na.\",\"potentialAction\":[{\"@type\":\"SearchAction\",\"target\":{\"@type\":\"EntryPoint\",\"urlTemplate\":\"https:\/\/kruze.ee\/et\/?s={search_term_string}\"},\"query-input\":{\"@type\":\"PropertyValueSpecification\",\"valueRequired\":true,\"valueName\":\"search_term_string\"}}],\"inLanguage\":\"et\"}]}<\/script>\n<!-- \/ Yoast SEO plugin. -->","yoast_head_json":{"title":"VINGA Volonne AWARE\u2122 taaskasutatud kangast rannamatt - Kruze.ee","robots":{"index":"index","follow":"follow","max-snippet":"max-snippet:-1","max-image-preview":"max-image-preview:large","max-video-preview":"max-video-preview:-1"},"canonical":"https:\/\/kruze.ee\/et\/toode\/vinga-volonne-aware-taaskasutatud-kangast-rannamatt\/","og_locale":"et_EE","og_type":"article","og_title":"VINGA Volonne AWARE\u2122 taaskasutatud kangast rannamatt - Kruze.ee","og_description":"Mine randa stiilselt ja mugavalt selle elegantse rannamatiga. Valmistatud 340 g\/m\u00b2 taaskasutatud kangast. Rannamatil on praktiline sang, mis teeb selle kokku...","og_url":"https:\/\/kruze.ee\/et\/toode\/vinga-volonne-aware-taaskasutatud-kangast-rannamatt\/","og_site_name":"Kruze.ee","article_modified_time":"2026-03-23T15:56:37+00:00","twitter_card":"summary_large_image","schema":{"@context":"https:\/\/schema.org","@graph":[{"@type":"WebPage","@id":"https:\/\/kruze.ee\/et\/toode\/vinga-volonne-aware-taaskasutatud-kangast-rannamatt\/","url":"https:\/\/kruze.ee\/et\/toode\/vinga-volonne-aware-taaskasutatud-kangast-rannamatt\/","name":"VINGA Volonne AWARE\u2122 taaskasutatud kangast rannamatt - Kruze.ee","isPartOf":{"@id":"https:\/\/kruze.ee\/et\/#website"},"datePublished":"2026-03-23T15:56:36+00:00","dateModified":"2026-03-23T15:56:37+00:00","breadcrumb":{"@id":"https:\/\/kruze.ee\/et\/toode\/vinga-volonne-aware-taaskasutatud-kangast-rannamatt\/#breadcrumb"},"inLanguage":"et","potentialAction":[{"@type":"ReadAction","target":["https:\/\/kruze.ee\/et\/toode\/vinga-volonne-aware-taaskasutatud-kangast-rannamatt\/"]}]},{"@type":"BreadcrumbList","@id":"https:\/\/kruze.ee\/et\/toode\/vinga-volonne-aware-taaskasutatud-kangast-rannamatt\/#breadcrumb","itemListElement":[{"@type":"ListItem","position":1,"name":"Home","item":"https:\/\/kruze.ee\/et\/"},{"@type":"ListItem","position":2,"name":"Tooted","item":"https:\/\/kruze.ee\/et\/tooted\/"},{"@type":"ListItem","position":3,"name":"VINGA Volonne AWARE\u2122 taaskasutatud kangast rannamatt"}]},{"@type":"WebSite","@id":"https:\/\/kruze.ee\/et\/#website","url":"https:\/\/kruze.ee\/et\/","name":"Kruze.ee","description":"Reklaamkingitused, tr&uuml;kiga T-s&auml;rgid, fliisid, dressipluused, tekstiil, joped ja paljud teised logoga meened, &Auml;rikingitused sinu partnerile! Telli juba t&auml;na.","potentialAction":[{"@type":"SearchAction","target":{"@type":"EntryPoint","urlTemplate":"https:\/\/kruze.ee\/et\/?s={search_term_string}"},"query-input":{"@type":"PropertyValueSpecification","valueRequired":true,"valueName":"search_term_string"}}],"inLanguage":"et"}]}},"_links":{"self":[{"href":"https:\/\/kruze.ee\/et\/wp-json\/wp\/v2\/product\/1446009","targetHints":{"allow":["GET"]}}],"collection":[{"href":"https:\/\/kruze.ee\/et\/wp-json\/wp\/v2\/product"}],"about":[{"href":"https:\/\/kruze.ee\/et\/wp-json\/wp\/v2\/types\/product"}],"wp:attachment":[{"href":"https:\/\/kruze.ee\/et\/wp-json\/wp\/v2\/media?parent=1446009"}],"wp:term":[{"taxonomy":"product_brand","embeddable":true,"href":"https:\/\/kruze.ee\/et\/wp-json\/wp\/v2\/product_brand?post=1446009"},{"taxonomy":"product_cat","embeddable":true,"href":"https:\/\/kruze.ee\/et\/wp-json\/wp\/v2\/product_cat?post=1446009"},{"taxonomy":"product_tag","embeddable":true,"href":"https:\/\/kruze.ee\/et\/wp-json\/wp\/v2\/product_tag?post=1446009"}],"curies":[{"name":"wp","href":"https:\/\/api.w.org\/{rel}","templated":true}]}}