{"id":1445703,"date":"2026-03-18T22:47:04","date_gmt":"2026-03-18T19:47:04","guid":{"rendered":"https:\/\/kruze.ee\/product\/amporia-rcs-taaskasutatud-plastikust-10-000-mah-magnetiline-akupank\/"},"modified":"2026-03-18T22:47:05","modified_gmt":"2026-03-18T19:47:05","slug":"amporia-rcs-taaskasutatud-plastikust-10-000-mah-magnetiline-akupank","status":"publish","type":"product","link":"https:\/\/kruze.ee\/et\/toode\/amporia-rcs-taaskasutatud-plastikust-10-000-mah-magnetiline-akupank\/","title":{"rendered":"Amporia RCS taaskasutatud plastikust 10 000 mAh magnetiline akupank"},"content":{"rendered":"<p>Taskusuurune 10 000 mAh akupank 5W magnetilise juhtmevaba laadijaga, mille korpus on valmistatud RCS-sertifitseeritud taaskasutatud ABS-plastist. RCS (Recycled Claim Standard) standard tagab taaskasutatud materjalide j\u00e4lgitavuse kogu tarneahela ulatuses ning toote kogukaalust moodustab taaskasutatud materjal 15%. Amporia akupank sisaldab vastupidavat A-klassi 10 000 mAh liitiumpol\u00fcmeerakut ning eriti tugevaid magneteid. Laadimisindikaatorid n\u00e4itavad j\u00e4relej\u00e4\u00e4nud energiataset, et teaksid alati, millal uuesti laadida. USB-C sisend: 5V\/2.4A; USB-C v\u00e4ljund: 5V\/2.4A. Toode ja lisatarvikud on PVC-vabad ning komplektis on RCS-sertifitseeritud taaskasutatud TPE-st laadimiskaabel. Pakendatud FSC\u00ae mix pakendisse.<\/p>\n","protected":false},"excerpt":{"rendered":"<p>Taskusuurune 10 000 mAh akupank 5W magnetilise juhtmevaba laadijaga, mille korpus on valmistatud RCS-sertifitseeritud taaskasutatud ABS-plastist. RCS (Recycled&#8230;<\/p>\n","protected":false},"featured_media":0,"template":"","meta":[],"product_brand":[],"product_cat":[5409],"product_tag":[],"class_list":{"0":"post-1445703","1":"product","2":"type-product","3":"status-publish","5":"product_cat-akupangad","6":"pa_gender-uniseks","7":"pa_gender-unisex","11":"first","12":"instock","13":"purchasable","14":"product-type-simple"},"acf":[],"yoast_head":"<!-- This site is optimized with the Yoast SEO plugin v26.0 - https:\/\/yoast.com\/wordpress\/plugins\/seo\/ -->\n<title>Amporia RCS taaskasutatud plastikust 10 000 mAh magnetiline akupank - Kruze.ee<\/title>\n<meta name=\"robots\" content=\"index, follow, max-snippet:-1, max-image-preview:large, max-video-preview:-1\" \/>\n<link rel=\"canonical\" href=\"https:\/\/kruze.ee\/et\/toode\/amporia-rcs-taaskasutatud-plastikust-10-000-mah-magnetiline-akupank\/\" \/>\n<meta property=\"og:locale\" content=\"et_EE\" \/>\n<meta property=\"og:type\" content=\"article\" \/>\n<meta property=\"og:title\" content=\"Amporia RCS taaskasutatud plastikust 10 000 mAh magnetiline akupank - Kruze.ee\" \/>\n<meta property=\"og:description\" content=\"Taskusuurune 10 000 mAh akupank 5W magnetilise juhtmevaba laadijaga, mille korpus on valmistatud RCS-sertifitseeritud taaskasutatud ABS-plastist. RCS (Recycled...\" \/>\n<meta property=\"og:url\" content=\"https:\/\/kruze.ee\/et\/toode\/amporia-rcs-taaskasutatud-plastikust-10-000-mah-magnetiline-akupank\/\" \/>\n<meta property=\"og:site_name\" content=\"Kruze.ee\" \/>\n<meta property=\"article:modified_time\" content=\"2026-03-18T19:47:05+00:00\" \/>\n<meta name=\"twitter:card\" content=\"summary_large_image\" \/>\n<script type=\"application\/ld+json\" class=\"yoast-schema-graph\">{\"@context\":\"https:\/\/schema.org\",\"@graph\":[{\"@type\":\"WebPage\",\"@id\":\"https:\/\/kruze.ee\/et\/toode\/amporia-rcs-taaskasutatud-plastikust-10-000-mah-magnetiline-akupank\/\",\"url\":\"https:\/\/kruze.ee\/et\/toode\/amporia-rcs-taaskasutatud-plastikust-10-000-mah-magnetiline-akupank\/\",\"name\":\"Amporia RCS taaskasutatud plastikust 10 000 mAh magnetiline akupank - Kruze.ee\",\"isPartOf\":{\"@id\":\"https:\/\/kruze.ee\/et\/#website\"},\"datePublished\":\"2026-03-18T19:47:04+00:00\",\"dateModified\":\"2026-03-18T19:47:05+00:00\",\"breadcrumb\":{\"@id\":\"https:\/\/kruze.ee\/et\/toode\/amporia-rcs-taaskasutatud-plastikust-10-000-mah-magnetiline-akupank\/#breadcrumb\"},\"inLanguage\":\"et\",\"potentialAction\":[{\"@type\":\"ReadAction\",\"target\":[\"https:\/\/kruze.ee\/et\/toode\/amporia-rcs-taaskasutatud-plastikust-10-000-mah-magnetiline-akupank\/\"]}]},{\"@type\":\"BreadcrumbList\",\"@id\":\"https:\/\/kruze.ee\/et\/toode\/amporia-rcs-taaskasutatud-plastikust-10-000-mah-magnetiline-akupank\/#breadcrumb\",\"itemListElement\":[{\"@type\":\"ListItem\",\"position\":1,\"name\":\"Home\",\"item\":\"https:\/\/kruze.ee\/et\/\"},{\"@type\":\"ListItem\",\"position\":2,\"name\":\"Tooted\",\"item\":\"https:\/\/kruze.ee\/et\/tooted\/\"},{\"@type\":\"ListItem\",\"position\":3,\"name\":\"Amporia RCS taaskasutatud plastikust 10 000 mAh magnetiline akupank\"}]},{\"@type\":\"WebSite\",\"@id\":\"https:\/\/kruze.ee\/et\/#website\",\"url\":\"https:\/\/kruze.ee\/et\/\",\"name\":\"Kruze.ee\",\"description\":\"Reklaamkingitused, tr&uuml;kiga T-s&auml;rgid, fliisid, dressipluused, tekstiil, joped ja paljud teised logoga meened, &Auml;rikingitused sinu partnerile! Telli juba t&auml;na.\",\"potentialAction\":[{\"@type\":\"SearchAction\",\"target\":{\"@type\":\"EntryPoint\",\"urlTemplate\":\"https:\/\/kruze.ee\/et\/?s={search_term_string}\"},\"query-input\":{\"@type\":\"PropertyValueSpecification\",\"valueRequired\":true,\"valueName\":\"search_term_string\"}}],\"inLanguage\":\"et\"}]}<\/script>\n<!-- \/ Yoast SEO plugin. -->","yoast_head_json":{"title":"Amporia RCS taaskasutatud plastikust 10 000 mAh magnetiline akupank - Kruze.ee","robots":{"index":"index","follow":"follow","max-snippet":"max-snippet:-1","max-image-preview":"max-image-preview:large","max-video-preview":"max-video-preview:-1"},"canonical":"https:\/\/kruze.ee\/et\/toode\/amporia-rcs-taaskasutatud-plastikust-10-000-mah-magnetiline-akupank\/","og_locale":"et_EE","og_type":"article","og_title":"Amporia RCS taaskasutatud plastikust 10 000 mAh magnetiline akupank - Kruze.ee","og_description":"Taskusuurune 10 000 mAh akupank 5W magnetilise juhtmevaba laadijaga, mille korpus on valmistatud RCS-sertifitseeritud taaskasutatud ABS-plastist. RCS (Recycled...","og_url":"https:\/\/kruze.ee\/et\/toode\/amporia-rcs-taaskasutatud-plastikust-10-000-mah-magnetiline-akupank\/","og_site_name":"Kruze.ee","article_modified_time":"2026-03-18T19:47:05+00:00","twitter_card":"summary_large_image","schema":{"@context":"https:\/\/schema.org","@graph":[{"@type":"WebPage","@id":"https:\/\/kruze.ee\/et\/toode\/amporia-rcs-taaskasutatud-plastikust-10-000-mah-magnetiline-akupank\/","url":"https:\/\/kruze.ee\/et\/toode\/amporia-rcs-taaskasutatud-plastikust-10-000-mah-magnetiline-akupank\/","name":"Amporia RCS taaskasutatud plastikust 10 000 mAh magnetiline akupank - Kruze.ee","isPartOf":{"@id":"https:\/\/kruze.ee\/et\/#website"},"datePublished":"2026-03-18T19:47:04+00:00","dateModified":"2026-03-18T19:47:05+00:00","breadcrumb":{"@id":"https:\/\/kruze.ee\/et\/toode\/amporia-rcs-taaskasutatud-plastikust-10-000-mah-magnetiline-akupank\/#breadcrumb"},"inLanguage":"et","potentialAction":[{"@type":"ReadAction","target":["https:\/\/kruze.ee\/et\/toode\/amporia-rcs-taaskasutatud-plastikust-10-000-mah-magnetiline-akupank\/"]}]},{"@type":"BreadcrumbList","@id":"https:\/\/kruze.ee\/et\/toode\/amporia-rcs-taaskasutatud-plastikust-10-000-mah-magnetiline-akupank\/#breadcrumb","itemListElement":[{"@type":"ListItem","position":1,"name":"Home","item":"https:\/\/kruze.ee\/et\/"},{"@type":"ListItem","position":2,"name":"Tooted","item":"https:\/\/kruze.ee\/et\/tooted\/"},{"@type":"ListItem","position":3,"name":"Amporia RCS taaskasutatud plastikust 10 000 mAh magnetiline akupank"}]},{"@type":"WebSite","@id":"https:\/\/kruze.ee\/et\/#website","url":"https:\/\/kruze.ee\/et\/","name":"Kruze.ee","description":"Reklaamkingitused, tr&uuml;kiga T-s&auml;rgid, fliisid, dressipluused, tekstiil, joped ja paljud teised logoga meened, &Auml;rikingitused sinu partnerile! Telli juba t&auml;na.","potentialAction":[{"@type":"SearchAction","target":{"@type":"EntryPoint","urlTemplate":"https:\/\/kruze.ee\/et\/?s={search_term_string}"},"query-input":{"@type":"PropertyValueSpecification","valueRequired":true,"valueName":"search_term_string"}}],"inLanguage":"et"}]}},"_links":{"self":[{"href":"https:\/\/kruze.ee\/et\/wp-json\/wp\/v2\/product\/1445703","targetHints":{"allow":["GET"]}}],"collection":[{"href":"https:\/\/kruze.ee\/et\/wp-json\/wp\/v2\/product"}],"about":[{"href":"https:\/\/kruze.ee\/et\/wp-json\/wp\/v2\/types\/product"}],"wp:attachment":[{"href":"https:\/\/kruze.ee\/et\/wp-json\/wp\/v2\/media?parent=1445703"}],"wp:term":[{"taxonomy":"product_brand","embeddable":true,"href":"https:\/\/kruze.ee\/et\/wp-json\/wp\/v2\/product_brand?post=1445703"},{"taxonomy":"product_cat","embeddable":true,"href":"https:\/\/kruze.ee\/et\/wp-json\/wp\/v2\/product_cat?post=1445703"},{"taxonomy":"product_tag","embeddable":true,"href":"https:\/\/kruze.ee\/et\/wp-json\/wp\/v2\/product_tag?post=1445703"}],"curies":[{"name":"wp","href":"https:\/\/api.w.org\/{rel}","templated":true}]}}