{"id":1445701,"date":"2026-03-18T22:47:02","date_gmt":"2026-03-18T19:47:02","guid":{"rendered":"https:\/\/kruze.ee\/product\/urban-vitamin-menlo-park-rcs-taaskasutatud-plastikust-20-000-mah-20w-pd-akupank\/"},"modified":"2026-03-18T22:47:03","modified_gmt":"2026-03-18T19:47:03","slug":"urban-vitamin-menlo-park-rcs-taaskasutatud-plastikust-20-000-mah-20w-pd-akupank","status":"publish","type":"product","link":"https:\/\/kruze.ee\/et\/toode\/urban-vitamin-menlo-park-rcs-taaskasutatud-plastikust-20-000-mah-20w-pd-akupank\/","title":{"rendered":"Urban Vitamin Menlo Park RCS taaskasutatud plastikust 20 000 mAh 20W PD akupank"},"content":{"rendered":"<p>Tutvu uue kaasaskantava laadimise standardiga. Menlo Park on 20 000 mAh akupank, mis v\u00f5imaldab laadida k\u00f5iki sinu mobiiliseadmeid maksimaalse kiirusega. Lisaks kiirele laadimisele pakub Menlo Park ka \u00fcht kiireimat viisi akupanga enda laadimiseks. Akupangal on kaks USB-v\u00e4ljundit, mis v\u00f5imaldavad laadida korraga kahte seadet \u2013 \u00fchte Type-C pordi kaudu ja teist Type-C kaabliga, m\u00f5lemad toetavad \u00fclikiiret PD kiirlaadimist kuni 20W. Menlo Park on valmistatud RCS (Recycled Claim Standard) sertifitseeritud taaskasutatud ABS-ist ja PC-st, kus taaskasutatud materjali osakaal on 20% toote kogukaalust. Urban Vitamin tooted on PVC-vabad ning pakendatud v\u00e4hendatud plastisisaldusega pakendisse.<\/p>\n","protected":false},"excerpt":{"rendered":"<p>Tutvu uue kaasaskantava laadimise standardiga. Menlo Park on 20 000 mAh akupank, mis v\u00f5imaldab laadida k\u00f5iki sinu mobiiliseadmeid maksimaalse kiirusega. Lisaks&#8230;<\/p>\n","protected":false},"featured_media":0,"template":"","meta":[],"product_brand":[],"product_cat":[5409],"product_tag":[],"class_list":{"0":"post-1445701","1":"product","2":"type-product","3":"status-publish","5":"product_cat-akupangad","6":"pa_gender-uniseks","7":"pa_gender-unisex","11":"first","12":"instock","13":"purchasable","14":"product-type-simple"},"acf":[],"yoast_head":"<!-- This site is optimized with the Yoast SEO plugin v26.0 - https:\/\/yoast.com\/wordpress\/plugins\/seo\/ -->\n<title>Urban Vitamin Menlo Park RCS taaskasutatud plastikust 20 000 mAh 20W PD akupank - Kruze.ee<\/title>\n<meta name=\"robots\" content=\"index, follow, max-snippet:-1, max-image-preview:large, max-video-preview:-1\" \/>\n<link rel=\"canonical\" href=\"https:\/\/kruze.ee\/et\/toode\/urban-vitamin-menlo-park-rcs-taaskasutatud-plastikust-20-000-mah-20w-pd-akupank\/\" \/>\n<meta property=\"og:locale\" content=\"et_EE\" \/>\n<meta property=\"og:type\" content=\"article\" \/>\n<meta property=\"og:title\" content=\"Urban Vitamin Menlo Park RCS taaskasutatud plastikust 20 000 mAh 20W PD akupank - Kruze.ee\" \/>\n<meta property=\"og:description\" content=\"Tutvu uue kaasaskantava laadimise standardiga. Menlo Park on 20 000 mAh akupank, mis v\u00f5imaldab laadida k\u00f5iki sinu mobiiliseadmeid maksimaalse kiirusega. Lisaks...\" \/>\n<meta property=\"og:url\" content=\"https:\/\/kruze.ee\/et\/toode\/urban-vitamin-menlo-park-rcs-taaskasutatud-plastikust-20-000-mah-20w-pd-akupank\/\" \/>\n<meta property=\"og:site_name\" content=\"Kruze.ee\" \/>\n<meta property=\"article:modified_time\" content=\"2026-03-18T19:47:03+00:00\" \/>\n<meta name=\"twitter:card\" content=\"summary_large_image\" \/>\n<script type=\"application\/ld+json\" class=\"yoast-schema-graph\">{\"@context\":\"https:\/\/schema.org\",\"@graph\":[{\"@type\":\"WebPage\",\"@id\":\"https:\/\/kruze.ee\/et\/toode\/urban-vitamin-menlo-park-rcs-taaskasutatud-plastikust-20-000-mah-20w-pd-akupank\/\",\"url\":\"https:\/\/kruze.ee\/et\/toode\/urban-vitamin-menlo-park-rcs-taaskasutatud-plastikust-20-000-mah-20w-pd-akupank\/\",\"name\":\"Urban Vitamin Menlo Park RCS taaskasutatud plastikust 20 000 mAh 20W PD akupank - Kruze.ee\",\"isPartOf\":{\"@id\":\"https:\/\/kruze.ee\/et\/#website\"},\"datePublished\":\"2026-03-18T19:47:02+00:00\",\"dateModified\":\"2026-03-18T19:47:03+00:00\",\"breadcrumb\":{\"@id\":\"https:\/\/kruze.ee\/et\/toode\/urban-vitamin-menlo-park-rcs-taaskasutatud-plastikust-20-000-mah-20w-pd-akupank\/#breadcrumb\"},\"inLanguage\":\"et\",\"potentialAction\":[{\"@type\":\"ReadAction\",\"target\":[\"https:\/\/kruze.ee\/et\/toode\/urban-vitamin-menlo-park-rcs-taaskasutatud-plastikust-20-000-mah-20w-pd-akupank\/\"]}]},{\"@type\":\"BreadcrumbList\",\"@id\":\"https:\/\/kruze.ee\/et\/toode\/urban-vitamin-menlo-park-rcs-taaskasutatud-plastikust-20-000-mah-20w-pd-akupank\/#breadcrumb\",\"itemListElement\":[{\"@type\":\"ListItem\",\"position\":1,\"name\":\"Home\",\"item\":\"https:\/\/kruze.ee\/et\/\"},{\"@type\":\"ListItem\",\"position\":2,\"name\":\"Tooted\",\"item\":\"https:\/\/kruze.ee\/et\/tooted\/\"},{\"@type\":\"ListItem\",\"position\":3,\"name\":\"Urban Vitamin Menlo Park RCS taaskasutatud plastikust 20 000 mAh 20W PD akupank\"}]},{\"@type\":\"WebSite\",\"@id\":\"https:\/\/kruze.ee\/et\/#website\",\"url\":\"https:\/\/kruze.ee\/et\/\",\"name\":\"Kruze.ee\",\"description\":\"Reklaamkingitused, tr&uuml;kiga T-s&auml;rgid, fliisid, dressipluused, tekstiil, joped ja paljud teised logoga meened, &Auml;rikingitused sinu partnerile! Telli juba t&auml;na.\",\"potentialAction\":[{\"@type\":\"SearchAction\",\"target\":{\"@type\":\"EntryPoint\",\"urlTemplate\":\"https:\/\/kruze.ee\/et\/?s={search_term_string}\"},\"query-input\":{\"@type\":\"PropertyValueSpecification\",\"valueRequired\":true,\"valueName\":\"search_term_string\"}}],\"inLanguage\":\"et\"}]}<\/script>\n<!-- \/ Yoast SEO plugin. -->","yoast_head_json":{"title":"Urban Vitamin Menlo Park RCS taaskasutatud plastikust 20 000 mAh 20W PD akupank - Kruze.ee","robots":{"index":"index","follow":"follow","max-snippet":"max-snippet:-1","max-image-preview":"max-image-preview:large","max-video-preview":"max-video-preview:-1"},"canonical":"https:\/\/kruze.ee\/et\/toode\/urban-vitamin-menlo-park-rcs-taaskasutatud-plastikust-20-000-mah-20w-pd-akupank\/","og_locale":"et_EE","og_type":"article","og_title":"Urban Vitamin Menlo Park RCS taaskasutatud plastikust 20 000 mAh 20W PD akupank - Kruze.ee","og_description":"Tutvu uue kaasaskantava laadimise standardiga. Menlo Park on 20 000 mAh akupank, mis v\u00f5imaldab laadida k\u00f5iki sinu mobiiliseadmeid maksimaalse kiirusega. Lisaks...","og_url":"https:\/\/kruze.ee\/et\/toode\/urban-vitamin-menlo-park-rcs-taaskasutatud-plastikust-20-000-mah-20w-pd-akupank\/","og_site_name":"Kruze.ee","article_modified_time":"2026-03-18T19:47:03+00:00","twitter_card":"summary_large_image","schema":{"@context":"https:\/\/schema.org","@graph":[{"@type":"WebPage","@id":"https:\/\/kruze.ee\/et\/toode\/urban-vitamin-menlo-park-rcs-taaskasutatud-plastikust-20-000-mah-20w-pd-akupank\/","url":"https:\/\/kruze.ee\/et\/toode\/urban-vitamin-menlo-park-rcs-taaskasutatud-plastikust-20-000-mah-20w-pd-akupank\/","name":"Urban Vitamin Menlo Park RCS taaskasutatud plastikust 20 000 mAh 20W PD akupank - Kruze.ee","isPartOf":{"@id":"https:\/\/kruze.ee\/et\/#website"},"datePublished":"2026-03-18T19:47:02+00:00","dateModified":"2026-03-18T19:47:03+00:00","breadcrumb":{"@id":"https:\/\/kruze.ee\/et\/toode\/urban-vitamin-menlo-park-rcs-taaskasutatud-plastikust-20-000-mah-20w-pd-akupank\/#breadcrumb"},"inLanguage":"et","potentialAction":[{"@type":"ReadAction","target":["https:\/\/kruze.ee\/et\/toode\/urban-vitamin-menlo-park-rcs-taaskasutatud-plastikust-20-000-mah-20w-pd-akupank\/"]}]},{"@type":"BreadcrumbList","@id":"https:\/\/kruze.ee\/et\/toode\/urban-vitamin-menlo-park-rcs-taaskasutatud-plastikust-20-000-mah-20w-pd-akupank\/#breadcrumb","itemListElement":[{"@type":"ListItem","position":1,"name":"Home","item":"https:\/\/kruze.ee\/et\/"},{"@type":"ListItem","position":2,"name":"Tooted","item":"https:\/\/kruze.ee\/et\/tooted\/"},{"@type":"ListItem","position":3,"name":"Urban Vitamin Menlo Park RCS taaskasutatud plastikust 20 000 mAh 20W PD akupank"}]},{"@type":"WebSite","@id":"https:\/\/kruze.ee\/et\/#website","url":"https:\/\/kruze.ee\/et\/","name":"Kruze.ee","description":"Reklaamkingitused, tr&uuml;kiga T-s&auml;rgid, fliisid, dressipluused, tekstiil, joped ja paljud teised logoga meened, &Auml;rikingitused sinu partnerile! Telli juba t&auml;na.","potentialAction":[{"@type":"SearchAction","target":{"@type":"EntryPoint","urlTemplate":"https:\/\/kruze.ee\/et\/?s={search_term_string}"},"query-input":{"@type":"PropertyValueSpecification","valueRequired":true,"valueName":"search_term_string"}}],"inLanguage":"et"}]}},"_links":{"self":[{"href":"https:\/\/kruze.ee\/et\/wp-json\/wp\/v2\/product\/1445701","targetHints":{"allow":["GET"]}}],"collection":[{"href":"https:\/\/kruze.ee\/et\/wp-json\/wp\/v2\/product"}],"about":[{"href":"https:\/\/kruze.ee\/et\/wp-json\/wp\/v2\/types\/product"}],"wp:attachment":[{"href":"https:\/\/kruze.ee\/et\/wp-json\/wp\/v2\/media?parent=1445701"}],"wp:term":[{"taxonomy":"product_brand","embeddable":true,"href":"https:\/\/kruze.ee\/et\/wp-json\/wp\/v2\/product_brand?post=1445701"},{"taxonomy":"product_cat","embeddable":true,"href":"https:\/\/kruze.ee\/et\/wp-json\/wp\/v2\/product_cat?post=1445701"},{"taxonomy":"product_tag","embeddable":true,"href":"https:\/\/kruze.ee\/et\/wp-json\/wp\/v2\/product_tag?post=1445701"}],"curies":[{"name":"wp","href":"https:\/\/api.w.org\/{rel}","templated":true}]}}