{"id":1445683,"date":"2026-03-18T22:46:51","date_gmt":"2026-03-18T19:46:51","guid":{"rendered":"https:\/\/kruze.ee\/product\/urban-vitamin-los-angeles-rcs-taaskasutatud-plastikust-20w-pd-akupank\/"},"modified":"2026-03-18T22:46:51","modified_gmt":"2026-03-18T19:46:51","slug":"urban-vitamin-los-angeles-rcs-taaskasutatud-plastikust-20w-pd-akupank","status":"publish","type":"product","link":"https:\/\/kruze.ee\/et\/toode\/urban-vitamin-los-angeles-rcs-taaskasutatud-plastikust-20w-pd-akupank\/","title":{"rendered":"Urban Vitamin Los Angeles RCS taaskasutatud plastikust 20W PD akupank"},"content":{"rendered":"<p>Kanna 20W kaasaskantavat energiat taskus ja ole alati valmis kiireks laadimiseks \u00fcksk\u00f5ik kus! Urban Vitamin Los Angeles on kerge, kuid v\u00f5imas 5000 mAh akupank. T\u00e4nu kahele kiirlaadimise v\u00f5imalusele \u2013 integreeritud iOS-\u00fchendusele (iPhone 14 ja vanemad mudelid) ning kaasaegsele Type-C v\u00e4ljundile \u2013 saad oma telefoni laadida ilma eraldi kaablit kaasa v\u00f5tmata. V\u00f5imalik on laadida ka kahte seadet korraga ning k\u00f5ik v\u00e4ljundid toetavad \u00fclikiiret 20W laadimist, mis v\u00f5imaldab seadme laadida kuni 50% v\u00e4hem kui 30 minutiga. Lisaks kahele integreeritud \u00fchendusele on seadmel ka USB-C sisendport akupanga kiireks laadimiseks. Samuti on sellel integreeritud alus, mis v\u00f5imaldab telefoni mugavalt laadimise ajal kasutada n\u00e4iteks filmide vaatamiseks v\u00f5i muusika kuulamiseks. Toode on valmistatud RCS-sertifitseeritud taaskasutatud ABS-ist ja PC-st, kus taaskasutatud materjali osakaal on 24% toote kogukaalust. Urban Vitamin tooted on PVC-vabad ning pakendatud v\u00e4hendatud plastisisaldusega pakendisse.<\/p>\n","protected":false},"excerpt":{"rendered":"<p>Kanna 20W kaasaskantavat energiat taskus ja ole alati valmis kiireks laadimiseks \u00fcksk\u00f5ik kus! Urban Vitamin Los Angeles on kerge, kuid v\u00f5imas 5000 mAh akupank&#8230;.<\/p>\n","protected":false},"featured_media":0,"template":"","meta":[],"product_brand":[],"product_cat":[5409],"product_tag":[],"class_list":{"0":"post-1445683","1":"product","2":"type-product","3":"status-publish","5":"product_cat-akupangad","6":"pa_brand-urban-vitamin-2","7":"pa_color-black-2","8":"pa_color-blue-2","9":"pa_color-valge","10":"pa_gender-uniseks","11":"pa_gender-unisex","14":"pa_material-recycled-polycarbonaterecycled-abs","16":"first","17":"instock","18":"taxable","19":"shipping-taxable","20":"purchasable","21":"product-type-variable"},"acf":[],"yoast_head":"<!-- This site is optimized with the Yoast SEO plugin v26.0 - https:\/\/yoast.com\/wordpress\/plugins\/seo\/ -->\n<title>Urban Vitamin Los Angeles RCS taaskasutatud plastikust 20W PD akupank - Kruze.ee<\/title>\n<meta name=\"robots\" content=\"index, follow, max-snippet:-1, max-image-preview:large, max-video-preview:-1\" \/>\n<link rel=\"canonical\" href=\"https:\/\/kruze.ee\/et\/toode\/urban-vitamin-los-angeles-rcs-taaskasutatud-plastikust-20w-pd-akupank\/\" \/>\n<meta property=\"og:locale\" content=\"et_EE\" \/>\n<meta property=\"og:type\" content=\"article\" \/>\n<meta property=\"og:title\" content=\"Urban Vitamin Los Angeles RCS taaskasutatud plastikust 20W PD akupank - Kruze.ee\" \/>\n<meta property=\"og:description\" content=\"Kanna 20W kaasaskantavat energiat taskus ja ole alati valmis kiireks laadimiseks \u00fcksk\u00f5ik kus! Urban Vitamin Los Angeles on kerge, kuid v\u00f5imas 5000 mAh akupank....\" \/>\n<meta property=\"og:url\" content=\"https:\/\/kruze.ee\/et\/toode\/urban-vitamin-los-angeles-rcs-taaskasutatud-plastikust-20w-pd-akupank\/\" \/>\n<meta property=\"og:site_name\" content=\"Kruze.ee\" \/>\n<meta name=\"twitter:card\" content=\"summary_large_image\" \/>\n<meta name=\"twitter:label1\" content=\"Est. reading time\" \/>\n\t<meta name=\"twitter:data1\" content=\"1 minut\" \/>\n<script type=\"application\/ld+json\" class=\"yoast-schema-graph\">{\"@context\":\"https:\/\/schema.org\",\"@graph\":[{\"@type\":\"WebPage\",\"@id\":\"https:\/\/kruze.ee\/et\/toode\/urban-vitamin-los-angeles-rcs-taaskasutatud-plastikust-20w-pd-akupank\/\",\"url\":\"https:\/\/kruze.ee\/et\/toode\/urban-vitamin-los-angeles-rcs-taaskasutatud-plastikust-20w-pd-akupank\/\",\"name\":\"Urban Vitamin Los Angeles RCS taaskasutatud plastikust 20W PD akupank - Kruze.ee\",\"isPartOf\":{\"@id\":\"https:\/\/kruze.ee\/et\/#website\"},\"datePublished\":\"2026-03-18T19:46:51+00:00\",\"breadcrumb\":{\"@id\":\"https:\/\/kruze.ee\/et\/toode\/urban-vitamin-los-angeles-rcs-taaskasutatud-plastikust-20w-pd-akupank\/#breadcrumb\"},\"inLanguage\":\"et\",\"potentialAction\":[{\"@type\":\"ReadAction\",\"target\":[\"https:\/\/kruze.ee\/et\/toode\/urban-vitamin-los-angeles-rcs-taaskasutatud-plastikust-20w-pd-akupank\/\"]}]},{\"@type\":\"BreadcrumbList\",\"@id\":\"https:\/\/kruze.ee\/et\/toode\/urban-vitamin-los-angeles-rcs-taaskasutatud-plastikust-20w-pd-akupank\/#breadcrumb\",\"itemListElement\":[{\"@type\":\"ListItem\",\"position\":1,\"name\":\"Home\",\"item\":\"https:\/\/kruze.ee\/et\/\"},{\"@type\":\"ListItem\",\"position\":2,\"name\":\"Tooted\",\"item\":\"https:\/\/kruze.ee\/et\/tooted\/\"},{\"@type\":\"ListItem\",\"position\":3,\"name\":\"Urban Vitamin Los Angeles RCS taaskasutatud plastikust 20W PD akupank\"}]},{\"@type\":\"WebSite\",\"@id\":\"https:\/\/kruze.ee\/et\/#website\",\"url\":\"https:\/\/kruze.ee\/et\/\",\"name\":\"Kruze.ee\",\"description\":\"Reklaamkingitused, tr&uuml;kiga T-s&auml;rgid, fliisid, dressipluused, tekstiil, joped ja paljud teised logoga meened, &Auml;rikingitused sinu partnerile! Telli juba t&auml;na.\",\"potentialAction\":[{\"@type\":\"SearchAction\",\"target\":{\"@type\":\"EntryPoint\",\"urlTemplate\":\"https:\/\/kruze.ee\/et\/?s={search_term_string}\"},\"query-input\":{\"@type\":\"PropertyValueSpecification\",\"valueRequired\":true,\"valueName\":\"search_term_string\"}}],\"inLanguage\":\"et\"}]}<\/script>\n<!-- \/ Yoast SEO plugin. -->","yoast_head_json":{"title":"Urban Vitamin Los Angeles RCS taaskasutatud plastikust 20W PD akupank - Kruze.ee","robots":{"index":"index","follow":"follow","max-snippet":"max-snippet:-1","max-image-preview":"max-image-preview:large","max-video-preview":"max-video-preview:-1"},"canonical":"https:\/\/kruze.ee\/et\/toode\/urban-vitamin-los-angeles-rcs-taaskasutatud-plastikust-20w-pd-akupank\/","og_locale":"et_EE","og_type":"article","og_title":"Urban Vitamin Los Angeles RCS taaskasutatud plastikust 20W PD akupank - Kruze.ee","og_description":"Kanna 20W kaasaskantavat energiat taskus ja ole alati valmis kiireks laadimiseks \u00fcksk\u00f5ik kus! Urban Vitamin Los Angeles on kerge, kuid v\u00f5imas 5000 mAh akupank....","og_url":"https:\/\/kruze.ee\/et\/toode\/urban-vitamin-los-angeles-rcs-taaskasutatud-plastikust-20w-pd-akupank\/","og_site_name":"Kruze.ee","twitter_card":"summary_large_image","twitter_misc":{"Est. reading time":"1 minut"},"schema":{"@context":"https:\/\/schema.org","@graph":[{"@type":"WebPage","@id":"https:\/\/kruze.ee\/et\/toode\/urban-vitamin-los-angeles-rcs-taaskasutatud-plastikust-20w-pd-akupank\/","url":"https:\/\/kruze.ee\/et\/toode\/urban-vitamin-los-angeles-rcs-taaskasutatud-plastikust-20w-pd-akupank\/","name":"Urban Vitamin Los Angeles RCS taaskasutatud plastikust 20W PD akupank - Kruze.ee","isPartOf":{"@id":"https:\/\/kruze.ee\/et\/#website"},"datePublished":"2026-03-18T19:46:51+00:00","breadcrumb":{"@id":"https:\/\/kruze.ee\/et\/toode\/urban-vitamin-los-angeles-rcs-taaskasutatud-plastikust-20w-pd-akupank\/#breadcrumb"},"inLanguage":"et","potentialAction":[{"@type":"ReadAction","target":["https:\/\/kruze.ee\/et\/toode\/urban-vitamin-los-angeles-rcs-taaskasutatud-plastikust-20w-pd-akupank\/"]}]},{"@type":"BreadcrumbList","@id":"https:\/\/kruze.ee\/et\/toode\/urban-vitamin-los-angeles-rcs-taaskasutatud-plastikust-20w-pd-akupank\/#breadcrumb","itemListElement":[{"@type":"ListItem","position":1,"name":"Home","item":"https:\/\/kruze.ee\/et\/"},{"@type":"ListItem","position":2,"name":"Tooted","item":"https:\/\/kruze.ee\/et\/tooted\/"},{"@type":"ListItem","position":3,"name":"Urban Vitamin Los Angeles RCS taaskasutatud plastikust 20W PD akupank"}]},{"@type":"WebSite","@id":"https:\/\/kruze.ee\/et\/#website","url":"https:\/\/kruze.ee\/et\/","name":"Kruze.ee","description":"Reklaamkingitused, tr&uuml;kiga T-s&auml;rgid, fliisid, dressipluused, tekstiil, joped ja paljud teised logoga meened, &Auml;rikingitused sinu partnerile! Telli juba t&auml;na.","potentialAction":[{"@type":"SearchAction","target":{"@type":"EntryPoint","urlTemplate":"https:\/\/kruze.ee\/et\/?s={search_term_string}"},"query-input":{"@type":"PropertyValueSpecification","valueRequired":true,"valueName":"search_term_string"}}],"inLanguage":"et"}]}},"_links":{"self":[{"href":"https:\/\/kruze.ee\/et\/wp-json\/wp\/v2\/product\/1445683","targetHints":{"allow":["GET"]}}],"collection":[{"href":"https:\/\/kruze.ee\/et\/wp-json\/wp\/v2\/product"}],"about":[{"href":"https:\/\/kruze.ee\/et\/wp-json\/wp\/v2\/types\/product"}],"wp:attachment":[{"href":"https:\/\/kruze.ee\/et\/wp-json\/wp\/v2\/media?parent=1445683"}],"wp:term":[{"taxonomy":"product_brand","embeddable":true,"href":"https:\/\/kruze.ee\/et\/wp-json\/wp\/v2\/product_brand?post=1445683"},{"taxonomy":"product_cat","embeddable":true,"href":"https:\/\/kruze.ee\/et\/wp-json\/wp\/v2\/product_cat?post=1445683"},{"taxonomy":"product_tag","embeddable":true,"href":"https:\/\/kruze.ee\/et\/wp-json\/wp\/v2\/product_tag?post=1445683"}],"curies":[{"name":"wp","href":"https:\/\/api.w.org\/{rel}","templated":true}]}}