{"id":1445678,"date":"2026-03-18T22:46:46","date_gmt":"2026-03-18T19:46:46","guid":{"rendered":"https:\/\/kruze.ee\/product\/urban-vitamin-compton-rcs-taaskasutatud-plastikust-ja-alumiiniumist-10-000-mah-akupank\/"},"modified":"2026-03-18T22:46:46","modified_gmt":"2026-03-18T19:46:46","slug":"urban-vitamin-compton-rcs-taaskasutatud-plastikust-ja-alumiiniumist-10-000-mah-akupank","status":"publish","type":"product","link":"https:\/\/kruze.ee\/et\/toode\/urban-vitamin-compton-rcs-taaskasutatud-plastikust-ja-alumiiniumist-10-000-mah-akupank\/","title":{"rendered":"Urban Vitamin Compton RCS taaskasutatud plastikust ja alumiiniumist 10 000 mAh akupank"},"content":{"rendered":"<p>Comptoni magnetiline tehnoloogia kinnitub vaevata sinu iPhone 12 ja uuemate mudelite ning ka uue p\u00f5lvkonna Android-telefonide k\u00fclge, tagades sujuva \u00fchenduse ja \u00fclikiire 15W laadimise. Vajad kiiret energialaengut p\u00e4eva jooksul? Compton toetab \u00fclikiiret 20W kiirlaadimist Type-C pordi kaudu nii akupanga enda laadimiseks kui ka sinu seadme kiireks laadimiseks. Kasutamine on lihtne \u2013 kinnita Compton telefonile ja laadimine algab automaatselt. Nutikas disain k\u00e4ivitab laadimise kohe, kui seade on \u00fchendatud, tagades, et sinu seadmed on alati valmis kasutamiseks. Usume vastupidavasse kvaliteeti, mist\u00f5ttu on Compton varustatud kvaliteetse 10 000 mAh akuga.<\/p>\n","protected":false},"excerpt":{"rendered":"<p>Comptoni magnetiline tehnoloogia kinnitub vaevata sinu iPhone 12 ja uuemate mudelite ning ka uue p\u00f5lvkonna Android-telefonide k\u00fclge, tagades sujuva \u00fchenduse ja&#8230;<\/p>\n","protected":false},"featured_media":0,"template":"","meta":[],"product_brand":[],"product_cat":[5409],"product_tag":[],"class_list":{"0":"post-1445678","1":"product","2":"type-product","3":"status-publish","5":"product_cat-akupangad","6":"pa_brand-urban-vitamin-2","7":"pa_color-hobedane","8":"pa_color-black-2","9":"pa_gender-uniseks","10":"pa_gender-unisex","13":"pa_material-recycled-aluminiumrecycled-abs","15":"first","16":"instock","17":"taxable","18":"shipping-taxable","19":"purchasable","20":"product-type-variable"},"acf":[],"yoast_head":"<!-- This site is optimized with the Yoast SEO plugin v26.0 - https:\/\/yoast.com\/wordpress\/plugins\/seo\/ -->\n<title>Urban Vitamin Compton RCS taaskasutatud plastikust ja alumiiniumist 10 000 mAh akupank - Kruze.ee<\/title>\n<meta name=\"robots\" content=\"index, follow, max-snippet:-1, max-image-preview:large, max-video-preview:-1\" \/>\n<link rel=\"canonical\" href=\"https:\/\/kruze.ee\/et\/toode\/urban-vitamin-compton-rcs-taaskasutatud-plastikust-ja-alumiiniumist-10-000-mah-akupank\/\" \/>\n<meta property=\"og:locale\" content=\"et_EE\" \/>\n<meta property=\"og:type\" content=\"article\" \/>\n<meta property=\"og:title\" content=\"Urban Vitamin Compton RCS taaskasutatud plastikust ja alumiiniumist 10 000 mAh akupank - Kruze.ee\" \/>\n<meta property=\"og:description\" content=\"Comptoni magnetiline tehnoloogia kinnitub vaevata sinu iPhone 12 ja uuemate mudelite ning ka uue p\u00f5lvkonna Android-telefonide k\u00fclge, tagades sujuva \u00fchenduse ja...\" \/>\n<meta property=\"og:url\" content=\"https:\/\/kruze.ee\/et\/toode\/urban-vitamin-compton-rcs-taaskasutatud-plastikust-ja-alumiiniumist-10-000-mah-akupank\/\" \/>\n<meta property=\"og:site_name\" content=\"Kruze.ee\" \/>\n<meta name=\"twitter:card\" content=\"summary_large_image\" \/>\n<script type=\"application\/ld+json\" class=\"yoast-schema-graph\">{\"@context\":\"https:\/\/schema.org\",\"@graph\":[{\"@type\":\"WebPage\",\"@id\":\"https:\/\/kruze.ee\/et\/toode\/urban-vitamin-compton-rcs-taaskasutatud-plastikust-ja-alumiiniumist-10-000-mah-akupank\/\",\"url\":\"https:\/\/kruze.ee\/et\/toode\/urban-vitamin-compton-rcs-taaskasutatud-plastikust-ja-alumiiniumist-10-000-mah-akupank\/\",\"name\":\"Urban Vitamin Compton RCS taaskasutatud plastikust ja alumiiniumist 10 000 mAh akupank - Kruze.ee\",\"isPartOf\":{\"@id\":\"https:\/\/kruze.ee\/et\/#website\"},\"datePublished\":\"2026-03-18T19:46:46+00:00\",\"breadcrumb\":{\"@id\":\"https:\/\/kruze.ee\/et\/toode\/urban-vitamin-compton-rcs-taaskasutatud-plastikust-ja-alumiiniumist-10-000-mah-akupank\/#breadcrumb\"},\"inLanguage\":\"et\",\"potentialAction\":[{\"@type\":\"ReadAction\",\"target\":[\"https:\/\/kruze.ee\/et\/toode\/urban-vitamin-compton-rcs-taaskasutatud-plastikust-ja-alumiiniumist-10-000-mah-akupank\/\"]}]},{\"@type\":\"BreadcrumbList\",\"@id\":\"https:\/\/kruze.ee\/et\/toode\/urban-vitamin-compton-rcs-taaskasutatud-plastikust-ja-alumiiniumist-10-000-mah-akupank\/#breadcrumb\",\"itemListElement\":[{\"@type\":\"ListItem\",\"position\":1,\"name\":\"Home\",\"item\":\"https:\/\/kruze.ee\/et\/\"},{\"@type\":\"ListItem\",\"position\":2,\"name\":\"Tooted\",\"item\":\"https:\/\/kruze.ee\/et\/tooted\/\"},{\"@type\":\"ListItem\",\"position\":3,\"name\":\"Urban Vitamin Compton RCS taaskasutatud plastikust ja alumiiniumist 10 000 mAh akupank\"}]},{\"@type\":\"WebSite\",\"@id\":\"https:\/\/kruze.ee\/et\/#website\",\"url\":\"https:\/\/kruze.ee\/et\/\",\"name\":\"Kruze.ee\",\"description\":\"Reklaamkingitused, tr&uuml;kiga T-s&auml;rgid, fliisid, dressipluused, tekstiil, joped ja paljud teised logoga meened, &Auml;rikingitused sinu partnerile! Telli juba t&auml;na.\",\"potentialAction\":[{\"@type\":\"SearchAction\",\"target\":{\"@type\":\"EntryPoint\",\"urlTemplate\":\"https:\/\/kruze.ee\/et\/?s={search_term_string}\"},\"query-input\":{\"@type\":\"PropertyValueSpecification\",\"valueRequired\":true,\"valueName\":\"search_term_string\"}}],\"inLanguage\":\"et\"}]}<\/script>\n<!-- \/ Yoast SEO plugin. -->","yoast_head_json":{"title":"Urban Vitamin Compton RCS taaskasutatud plastikust ja alumiiniumist 10 000 mAh akupank - Kruze.ee","robots":{"index":"index","follow":"follow","max-snippet":"max-snippet:-1","max-image-preview":"max-image-preview:large","max-video-preview":"max-video-preview:-1"},"canonical":"https:\/\/kruze.ee\/et\/toode\/urban-vitamin-compton-rcs-taaskasutatud-plastikust-ja-alumiiniumist-10-000-mah-akupank\/","og_locale":"et_EE","og_type":"article","og_title":"Urban Vitamin Compton RCS taaskasutatud plastikust ja alumiiniumist 10 000 mAh akupank - Kruze.ee","og_description":"Comptoni magnetiline tehnoloogia kinnitub vaevata sinu iPhone 12 ja uuemate mudelite ning ka uue p\u00f5lvkonna Android-telefonide k\u00fclge, tagades sujuva \u00fchenduse ja...","og_url":"https:\/\/kruze.ee\/et\/toode\/urban-vitamin-compton-rcs-taaskasutatud-plastikust-ja-alumiiniumist-10-000-mah-akupank\/","og_site_name":"Kruze.ee","twitter_card":"summary_large_image","schema":{"@context":"https:\/\/schema.org","@graph":[{"@type":"WebPage","@id":"https:\/\/kruze.ee\/et\/toode\/urban-vitamin-compton-rcs-taaskasutatud-plastikust-ja-alumiiniumist-10-000-mah-akupank\/","url":"https:\/\/kruze.ee\/et\/toode\/urban-vitamin-compton-rcs-taaskasutatud-plastikust-ja-alumiiniumist-10-000-mah-akupank\/","name":"Urban Vitamin Compton RCS taaskasutatud plastikust ja alumiiniumist 10 000 mAh akupank - Kruze.ee","isPartOf":{"@id":"https:\/\/kruze.ee\/et\/#website"},"datePublished":"2026-03-18T19:46:46+00:00","breadcrumb":{"@id":"https:\/\/kruze.ee\/et\/toode\/urban-vitamin-compton-rcs-taaskasutatud-plastikust-ja-alumiiniumist-10-000-mah-akupank\/#breadcrumb"},"inLanguage":"et","potentialAction":[{"@type":"ReadAction","target":["https:\/\/kruze.ee\/et\/toode\/urban-vitamin-compton-rcs-taaskasutatud-plastikust-ja-alumiiniumist-10-000-mah-akupank\/"]}]},{"@type":"BreadcrumbList","@id":"https:\/\/kruze.ee\/et\/toode\/urban-vitamin-compton-rcs-taaskasutatud-plastikust-ja-alumiiniumist-10-000-mah-akupank\/#breadcrumb","itemListElement":[{"@type":"ListItem","position":1,"name":"Home","item":"https:\/\/kruze.ee\/et\/"},{"@type":"ListItem","position":2,"name":"Tooted","item":"https:\/\/kruze.ee\/et\/tooted\/"},{"@type":"ListItem","position":3,"name":"Urban Vitamin Compton RCS taaskasutatud plastikust ja alumiiniumist 10 000 mAh akupank"}]},{"@type":"WebSite","@id":"https:\/\/kruze.ee\/et\/#website","url":"https:\/\/kruze.ee\/et\/","name":"Kruze.ee","description":"Reklaamkingitused, tr&uuml;kiga T-s&auml;rgid, fliisid, dressipluused, tekstiil, joped ja paljud teised logoga meened, &Auml;rikingitused sinu partnerile! Telli juba t&auml;na.","potentialAction":[{"@type":"SearchAction","target":{"@type":"EntryPoint","urlTemplate":"https:\/\/kruze.ee\/et\/?s={search_term_string}"},"query-input":{"@type":"PropertyValueSpecification","valueRequired":true,"valueName":"search_term_string"}}],"inLanguage":"et"}]}},"_links":{"self":[{"href":"https:\/\/kruze.ee\/et\/wp-json\/wp\/v2\/product\/1445678","targetHints":{"allow":["GET"]}}],"collection":[{"href":"https:\/\/kruze.ee\/et\/wp-json\/wp\/v2\/product"}],"about":[{"href":"https:\/\/kruze.ee\/et\/wp-json\/wp\/v2\/types\/product"}],"wp:attachment":[{"href":"https:\/\/kruze.ee\/et\/wp-json\/wp\/v2\/media?parent=1445678"}],"wp:term":[{"taxonomy":"product_brand","embeddable":true,"href":"https:\/\/kruze.ee\/et\/wp-json\/wp\/v2\/product_brand?post=1445678"},{"taxonomy":"product_cat","embeddable":true,"href":"https:\/\/kruze.ee\/et\/wp-json\/wp\/v2\/product_cat?post=1445678"},{"taxonomy":"product_tag","embeddable":true,"href":"https:\/\/kruze.ee\/et\/wp-json\/wp\/v2\/product_tag?post=1445678"}],"curies":[{"name":"wp","href":"https:\/\/api.w.org\/{rel}","templated":true}]}}