{"id":1445676,"date":"2026-03-18T22:46:43","date_gmt":"2026-03-18T19:46:43","guid":{"rendered":"https:\/\/kruze.ee\/product\/urban-vitamin-malibu-rcs-taaskasutatud-plastikust-ja-alumiiniumist-5000-mah-akupank\/"},"modified":"2026-03-18T22:46:43","modified_gmt":"2026-03-18T19:46:43","slug":"urban-vitamin-malibu-rcs-taaskasutatud-plastikust-ja-alumiiniumist-5000-mah-akupank","status":"publish","type":"product","link":"https:\/\/kruze.ee\/et\/toode\/urban-vitamin-malibu-rcs-taaskasutatud-plastikust-ja-alumiiniumist-5000-mah-akupank\/","title":{"rendered":"Urban Vitamin Malibu RCS taaskasutatud plastikust ja alumiiniumist 5000 mAh akupank"},"content":{"rendered":"<p>Malibu magnetiline tehnoloogia kinnitub vaevata sinu iPhone 12 ja uuemate mudelite ning ka uue p\u00f5lvkonna Android-telefonide k\u00fclge, tagades sujuva \u00fchenduse ja \u00fclikiire 15W laadimise. Vajad kiiret energialaengut p\u00e4eva jooksul? Malibu toetab \u00fclikiiret 20W kiirlaadimist Type-C pordi kaudu nii akupanga enda laadimiseks kui ka sinu seadme kiireks laadimiseks. Ei mingit ootamist \u2013 saad kiiresti j\u00e4tkata sellega, mis on k\u00f5ige olulisem. Kasutamine on lihtne \u2013 kinnita Malibu telefonile ja laadimine algab automaatselt. Nutikas disain k\u00e4ivitab laadimise kohe, kui seade on \u00fchendatud, tagades, et sinu seadmed on alati valmis kasutamiseks. Lisaks on sellel integreeritud kellalaadija iOS nutikelladele. Usume vastupidavasse kvaliteeti, mist\u00f5ttu on Malibu varustatud kvaliteetse 5 000 mAh akuga.<\/p>\n","protected":false},"excerpt":{"rendered":"<p>Malibu magnetiline tehnoloogia kinnitub vaevata sinu iPhone 12 ja uuemate mudelite ning ka uue p\u00f5lvkonna Android-telefonide k\u00fclge, tagades sujuva \u00fchenduse ja&#8230;<\/p>\n","protected":false},"featured_media":0,"template":"","meta":[],"product_brand":[],"product_cat":[5409],"product_tag":[],"class_list":{"0":"post-1445676","1":"product","2":"type-product","3":"status-publish","5":"product_cat-akupangad","6":"pa_gender-uniseks","7":"pa_gender-unisex","11":"first","12":"instock","13":"purchasable","14":"product-type-simple"},"acf":[],"yoast_head":"<!-- This site is optimized with the Yoast SEO plugin v26.0 - https:\/\/yoast.com\/wordpress\/plugins\/seo\/ -->\n<title>Urban Vitamin Malibu RCS taaskasutatud plastikust ja alumiiniumist 5000 mAh akupank - Kruze.ee<\/title>\n<meta name=\"robots\" content=\"index, follow, max-snippet:-1, max-image-preview:large, max-video-preview:-1\" \/>\n<link rel=\"canonical\" href=\"https:\/\/kruze.ee\/et\/toode\/urban-vitamin-malibu-rcs-taaskasutatud-plastikust-ja-alumiiniumist-5000-mah-akupank\/\" \/>\n<meta property=\"og:locale\" content=\"et_EE\" \/>\n<meta property=\"og:type\" content=\"article\" \/>\n<meta property=\"og:title\" content=\"Urban Vitamin Malibu RCS taaskasutatud plastikust ja alumiiniumist 5000 mAh akupank - Kruze.ee\" \/>\n<meta property=\"og:description\" content=\"Malibu magnetiline tehnoloogia kinnitub vaevata sinu iPhone 12 ja uuemate mudelite ning ka uue p\u00f5lvkonna Android-telefonide k\u00fclge, tagades sujuva \u00fchenduse ja...\" \/>\n<meta property=\"og:url\" content=\"https:\/\/kruze.ee\/et\/toode\/urban-vitamin-malibu-rcs-taaskasutatud-plastikust-ja-alumiiniumist-5000-mah-akupank\/\" \/>\n<meta property=\"og:site_name\" content=\"Kruze.ee\" \/>\n<meta name=\"twitter:card\" content=\"summary_large_image\" \/>\n<meta name=\"twitter:label1\" content=\"Est. reading time\" \/>\n\t<meta name=\"twitter:data1\" content=\"1 minut\" \/>\n<script type=\"application\/ld+json\" class=\"yoast-schema-graph\">{\"@context\":\"https:\/\/schema.org\",\"@graph\":[{\"@type\":\"WebPage\",\"@id\":\"https:\/\/kruze.ee\/et\/toode\/urban-vitamin-malibu-rcs-taaskasutatud-plastikust-ja-alumiiniumist-5000-mah-akupank\/\",\"url\":\"https:\/\/kruze.ee\/et\/toode\/urban-vitamin-malibu-rcs-taaskasutatud-plastikust-ja-alumiiniumist-5000-mah-akupank\/\",\"name\":\"Urban Vitamin Malibu RCS taaskasutatud plastikust ja alumiiniumist 5000 mAh akupank - Kruze.ee\",\"isPartOf\":{\"@id\":\"https:\/\/kruze.ee\/et\/#website\"},\"datePublished\":\"2026-03-18T19:46:43+00:00\",\"breadcrumb\":{\"@id\":\"https:\/\/kruze.ee\/et\/toode\/urban-vitamin-malibu-rcs-taaskasutatud-plastikust-ja-alumiiniumist-5000-mah-akupank\/#breadcrumb\"},\"inLanguage\":\"et\",\"potentialAction\":[{\"@type\":\"ReadAction\",\"target\":[\"https:\/\/kruze.ee\/et\/toode\/urban-vitamin-malibu-rcs-taaskasutatud-plastikust-ja-alumiiniumist-5000-mah-akupank\/\"]}]},{\"@type\":\"BreadcrumbList\",\"@id\":\"https:\/\/kruze.ee\/et\/toode\/urban-vitamin-malibu-rcs-taaskasutatud-plastikust-ja-alumiiniumist-5000-mah-akupank\/#breadcrumb\",\"itemListElement\":[{\"@type\":\"ListItem\",\"position\":1,\"name\":\"Home\",\"item\":\"https:\/\/kruze.ee\/et\/\"},{\"@type\":\"ListItem\",\"position\":2,\"name\":\"Tooted\",\"item\":\"https:\/\/kruze.ee\/et\/tooted\/\"},{\"@type\":\"ListItem\",\"position\":3,\"name\":\"Urban Vitamin Malibu RCS taaskasutatud plastikust ja alumiiniumist 5000 mAh akupank\"}]},{\"@type\":\"WebSite\",\"@id\":\"https:\/\/kruze.ee\/et\/#website\",\"url\":\"https:\/\/kruze.ee\/et\/\",\"name\":\"Kruze.ee\",\"description\":\"Reklaamkingitused, tr&uuml;kiga T-s&auml;rgid, fliisid, dressipluused, tekstiil, joped ja paljud teised logoga meened, &Auml;rikingitused sinu partnerile! Telli juba t&auml;na.\",\"potentialAction\":[{\"@type\":\"SearchAction\",\"target\":{\"@type\":\"EntryPoint\",\"urlTemplate\":\"https:\/\/kruze.ee\/et\/?s={search_term_string}\"},\"query-input\":{\"@type\":\"PropertyValueSpecification\",\"valueRequired\":true,\"valueName\":\"search_term_string\"}}],\"inLanguage\":\"et\"}]}<\/script>\n<!-- \/ Yoast SEO plugin. -->","yoast_head_json":{"title":"Urban Vitamin Malibu RCS taaskasutatud plastikust ja alumiiniumist 5000 mAh akupank - Kruze.ee","robots":{"index":"index","follow":"follow","max-snippet":"max-snippet:-1","max-image-preview":"max-image-preview:large","max-video-preview":"max-video-preview:-1"},"canonical":"https:\/\/kruze.ee\/et\/toode\/urban-vitamin-malibu-rcs-taaskasutatud-plastikust-ja-alumiiniumist-5000-mah-akupank\/","og_locale":"et_EE","og_type":"article","og_title":"Urban Vitamin Malibu RCS taaskasutatud plastikust ja alumiiniumist 5000 mAh akupank - Kruze.ee","og_description":"Malibu magnetiline tehnoloogia kinnitub vaevata sinu iPhone 12 ja uuemate mudelite ning ka uue p\u00f5lvkonna Android-telefonide k\u00fclge, tagades sujuva \u00fchenduse ja...","og_url":"https:\/\/kruze.ee\/et\/toode\/urban-vitamin-malibu-rcs-taaskasutatud-plastikust-ja-alumiiniumist-5000-mah-akupank\/","og_site_name":"Kruze.ee","twitter_card":"summary_large_image","twitter_misc":{"Est. reading time":"1 minut"},"schema":{"@context":"https:\/\/schema.org","@graph":[{"@type":"WebPage","@id":"https:\/\/kruze.ee\/et\/toode\/urban-vitamin-malibu-rcs-taaskasutatud-plastikust-ja-alumiiniumist-5000-mah-akupank\/","url":"https:\/\/kruze.ee\/et\/toode\/urban-vitamin-malibu-rcs-taaskasutatud-plastikust-ja-alumiiniumist-5000-mah-akupank\/","name":"Urban Vitamin Malibu RCS taaskasutatud plastikust ja alumiiniumist 5000 mAh akupank - Kruze.ee","isPartOf":{"@id":"https:\/\/kruze.ee\/et\/#website"},"datePublished":"2026-03-18T19:46:43+00:00","breadcrumb":{"@id":"https:\/\/kruze.ee\/et\/toode\/urban-vitamin-malibu-rcs-taaskasutatud-plastikust-ja-alumiiniumist-5000-mah-akupank\/#breadcrumb"},"inLanguage":"et","potentialAction":[{"@type":"ReadAction","target":["https:\/\/kruze.ee\/et\/toode\/urban-vitamin-malibu-rcs-taaskasutatud-plastikust-ja-alumiiniumist-5000-mah-akupank\/"]}]},{"@type":"BreadcrumbList","@id":"https:\/\/kruze.ee\/et\/toode\/urban-vitamin-malibu-rcs-taaskasutatud-plastikust-ja-alumiiniumist-5000-mah-akupank\/#breadcrumb","itemListElement":[{"@type":"ListItem","position":1,"name":"Home","item":"https:\/\/kruze.ee\/et\/"},{"@type":"ListItem","position":2,"name":"Tooted","item":"https:\/\/kruze.ee\/et\/tooted\/"},{"@type":"ListItem","position":3,"name":"Urban Vitamin Malibu RCS taaskasutatud plastikust ja alumiiniumist 5000 mAh akupank"}]},{"@type":"WebSite","@id":"https:\/\/kruze.ee\/et\/#website","url":"https:\/\/kruze.ee\/et\/","name":"Kruze.ee","description":"Reklaamkingitused, tr&uuml;kiga T-s&auml;rgid, fliisid, dressipluused, tekstiil, joped ja paljud teised logoga meened, &Auml;rikingitused sinu partnerile! Telli juba t&auml;na.","potentialAction":[{"@type":"SearchAction","target":{"@type":"EntryPoint","urlTemplate":"https:\/\/kruze.ee\/et\/?s={search_term_string}"},"query-input":{"@type":"PropertyValueSpecification","valueRequired":true,"valueName":"search_term_string"}}],"inLanguage":"et"}]}},"_links":{"self":[{"href":"https:\/\/kruze.ee\/et\/wp-json\/wp\/v2\/product\/1445676","targetHints":{"allow":["GET"]}}],"collection":[{"href":"https:\/\/kruze.ee\/et\/wp-json\/wp\/v2\/product"}],"about":[{"href":"https:\/\/kruze.ee\/et\/wp-json\/wp\/v2\/types\/product"}],"wp:attachment":[{"href":"https:\/\/kruze.ee\/et\/wp-json\/wp\/v2\/media?parent=1445676"}],"wp:term":[{"taxonomy":"product_brand","embeddable":true,"href":"https:\/\/kruze.ee\/et\/wp-json\/wp\/v2\/product_brand?post=1445676"},{"taxonomy":"product_cat","embeddable":true,"href":"https:\/\/kruze.ee\/et\/wp-json\/wp\/v2\/product_cat?post=1445676"},{"taxonomy":"product_tag","embeddable":true,"href":"https:\/\/kruze.ee\/et\/wp-json\/wp\/v2\/product_tag?post=1445676"}],"curies":[{"name":"wp","href":"https:\/\/api.w.org\/{rel}","templated":true}]}}