{"id":1445669,"date":"2026-03-18T22:46:37","date_gmt":"2026-03-18T19:46:37","guid":{"rendered":"https:\/\/kruze.ee\/product\/gridley-rcs-taaskasutatud-plastikust-20-000-mah-65w-sulearvuti-akupank\/"},"modified":"2026-03-18T22:46:37","modified_gmt":"2026-03-18T19:46:37","slug":"gridley-rcs-taaskasutatud-plastikust-20-000-mah-65w-sulearvuti-akupank","status":"publish","type":"product","link":"https:\/\/kruze.ee\/et\/toode\/gridley-rcs-taaskasutatud-plastikust-20-000-mah-65w-sulearvuti-akupank\/","title":{"rendered":"Gridley RCS taaskasutatud plastikust 20 000 mAh 65W s\u00fclearvuti akupank"},"content":{"rendered":"<p>T\u00fcdinenud pidevast pistikupesade otsimisest? Tutvu 65W Supercharge akupangaga! Tegemist on 20 000 mAh 20W PD akupangaga, mille korpus on valmistatud RCS-sertifitseeritud taaskasutatud ABS-plastist. RCS (Recycled Claim Standard) standard tagab taaskasutatud materjalide j\u00e4lgitavuse kogu tarneahela ulatuses ning toote kogukaalust moodustab taaskasutatud materjal 13%. Lae k\u00f5iki oma seadmeid mugavalt t\u00e4nu v\u00f5imsale 65W v\u00e4ljundile ning integreeritud Type-C ja iOS kaablitele. \u00dctle h\u00fcvasti sassis juhtmetele ja ootamisele \u2013 see akupank toetab \u00fclikiiret 45W laadimist Type-C kaudu ning eriti v\u00f5imsat laadimist nii Type-C (kuni 65W) kui ka USB-A (kuni 22.5W) kaudu. Olgu sa h\u00f5ivatud professionaal, reisisell v\u00f5i aktiivne kasutaja \u2013 see akupank on alati valmis kaasa tulema.<\/p>\n","protected":false},"excerpt":{"rendered":"<p>T\u00fcdinenud pidevast pistikupesade otsimisest? Tutvu 65W Supercharge akupangaga! Tegemist on 20 000 mAh 20W PD akupangaga, mille korpus on valmistatud&#8230;<\/p>\n","protected":false},"featured_media":0,"template":"","meta":[],"product_brand":[],"product_cat":[5409],"product_tag":[],"class_list":{"0":"post-1445669","1":"product","2":"type-product","3":"status-publish","5":"product_cat-akupangad","6":"pa_gender-uniseks","7":"pa_gender-unisex","11":"first","12":"instock","13":"purchasable","14":"product-type-simple"},"acf":[],"yoast_head":"<!-- This site is optimized with the Yoast SEO plugin v26.0 - https:\/\/yoast.com\/wordpress\/plugins\/seo\/ -->\n<title>Gridley RCS taaskasutatud plastikust 20 000 mAh 65W s\u00fclearvuti akupank - Kruze.ee<\/title>\n<meta name=\"robots\" content=\"index, follow, max-snippet:-1, max-image-preview:large, max-video-preview:-1\" \/>\n<link rel=\"canonical\" href=\"https:\/\/kruze.ee\/et\/toode\/gridley-rcs-taaskasutatud-plastikust-20-000-mah-65w-sulearvuti-akupank\/\" \/>\n<meta property=\"og:locale\" content=\"et_EE\" \/>\n<meta property=\"og:type\" content=\"article\" \/>\n<meta property=\"og:title\" content=\"Gridley RCS taaskasutatud plastikust 20 000 mAh 65W s\u00fclearvuti akupank - Kruze.ee\" \/>\n<meta property=\"og:description\" content=\"T\u00fcdinenud pidevast pistikupesade otsimisest? Tutvu 65W Supercharge akupangaga! Tegemist on 20 000 mAh 20W PD akupangaga, mille korpus on valmistatud...\" \/>\n<meta property=\"og:url\" content=\"https:\/\/kruze.ee\/et\/toode\/gridley-rcs-taaskasutatud-plastikust-20-000-mah-65w-sulearvuti-akupank\/\" \/>\n<meta property=\"og:site_name\" content=\"Kruze.ee\" \/>\n<meta name=\"twitter:card\" content=\"summary_large_image\" \/>\n<meta name=\"twitter:label1\" content=\"Est. reading time\" \/>\n\t<meta name=\"twitter:data1\" content=\"1 minut\" \/>\n<script type=\"application\/ld+json\" class=\"yoast-schema-graph\">{\"@context\":\"https:\/\/schema.org\",\"@graph\":[{\"@type\":\"WebPage\",\"@id\":\"https:\/\/kruze.ee\/et\/toode\/gridley-rcs-taaskasutatud-plastikust-20-000-mah-65w-sulearvuti-akupank\/\",\"url\":\"https:\/\/kruze.ee\/et\/toode\/gridley-rcs-taaskasutatud-plastikust-20-000-mah-65w-sulearvuti-akupank\/\",\"name\":\"Gridley RCS taaskasutatud plastikust 20 000 mAh 65W s\u00fclearvuti akupank - Kruze.ee\",\"isPartOf\":{\"@id\":\"https:\/\/kruze.ee\/et\/#website\"},\"datePublished\":\"2026-03-18T19:46:37+00:00\",\"breadcrumb\":{\"@id\":\"https:\/\/kruze.ee\/et\/toode\/gridley-rcs-taaskasutatud-plastikust-20-000-mah-65w-sulearvuti-akupank\/#breadcrumb\"},\"inLanguage\":\"et\",\"potentialAction\":[{\"@type\":\"ReadAction\",\"target\":[\"https:\/\/kruze.ee\/et\/toode\/gridley-rcs-taaskasutatud-plastikust-20-000-mah-65w-sulearvuti-akupank\/\"]}]},{\"@type\":\"BreadcrumbList\",\"@id\":\"https:\/\/kruze.ee\/et\/toode\/gridley-rcs-taaskasutatud-plastikust-20-000-mah-65w-sulearvuti-akupank\/#breadcrumb\",\"itemListElement\":[{\"@type\":\"ListItem\",\"position\":1,\"name\":\"Home\",\"item\":\"https:\/\/kruze.ee\/et\/\"},{\"@type\":\"ListItem\",\"position\":2,\"name\":\"Tooted\",\"item\":\"https:\/\/kruze.ee\/et\/tooted\/\"},{\"@type\":\"ListItem\",\"position\":3,\"name\":\"Gridley RCS taaskasutatud plastikust 20 000 mAh 65W s\u00fclearvuti akupank\"}]},{\"@type\":\"WebSite\",\"@id\":\"https:\/\/kruze.ee\/et\/#website\",\"url\":\"https:\/\/kruze.ee\/et\/\",\"name\":\"Kruze.ee\",\"description\":\"Reklaamkingitused, tr&uuml;kiga T-s&auml;rgid, fliisid, dressipluused, tekstiil, joped ja paljud teised logoga meened, &Auml;rikingitused sinu partnerile! Telli juba t&auml;na.\",\"potentialAction\":[{\"@type\":\"SearchAction\",\"target\":{\"@type\":\"EntryPoint\",\"urlTemplate\":\"https:\/\/kruze.ee\/et\/?s={search_term_string}\"},\"query-input\":{\"@type\":\"PropertyValueSpecification\",\"valueRequired\":true,\"valueName\":\"search_term_string\"}}],\"inLanguage\":\"et\"}]}<\/script>\n<!-- \/ Yoast SEO plugin. -->","yoast_head_json":{"title":"Gridley RCS taaskasutatud plastikust 20 000 mAh 65W s\u00fclearvuti akupank - Kruze.ee","robots":{"index":"index","follow":"follow","max-snippet":"max-snippet:-1","max-image-preview":"max-image-preview:large","max-video-preview":"max-video-preview:-1"},"canonical":"https:\/\/kruze.ee\/et\/toode\/gridley-rcs-taaskasutatud-plastikust-20-000-mah-65w-sulearvuti-akupank\/","og_locale":"et_EE","og_type":"article","og_title":"Gridley RCS taaskasutatud plastikust 20 000 mAh 65W s\u00fclearvuti akupank - Kruze.ee","og_description":"T\u00fcdinenud pidevast pistikupesade otsimisest? Tutvu 65W Supercharge akupangaga! Tegemist on 20 000 mAh 20W PD akupangaga, mille korpus on valmistatud...","og_url":"https:\/\/kruze.ee\/et\/toode\/gridley-rcs-taaskasutatud-plastikust-20-000-mah-65w-sulearvuti-akupank\/","og_site_name":"Kruze.ee","twitter_card":"summary_large_image","twitter_misc":{"Est. reading time":"1 minut"},"schema":{"@context":"https:\/\/schema.org","@graph":[{"@type":"WebPage","@id":"https:\/\/kruze.ee\/et\/toode\/gridley-rcs-taaskasutatud-plastikust-20-000-mah-65w-sulearvuti-akupank\/","url":"https:\/\/kruze.ee\/et\/toode\/gridley-rcs-taaskasutatud-plastikust-20-000-mah-65w-sulearvuti-akupank\/","name":"Gridley RCS taaskasutatud plastikust 20 000 mAh 65W s\u00fclearvuti akupank - Kruze.ee","isPartOf":{"@id":"https:\/\/kruze.ee\/et\/#website"},"datePublished":"2026-03-18T19:46:37+00:00","breadcrumb":{"@id":"https:\/\/kruze.ee\/et\/toode\/gridley-rcs-taaskasutatud-plastikust-20-000-mah-65w-sulearvuti-akupank\/#breadcrumb"},"inLanguage":"et","potentialAction":[{"@type":"ReadAction","target":["https:\/\/kruze.ee\/et\/toode\/gridley-rcs-taaskasutatud-plastikust-20-000-mah-65w-sulearvuti-akupank\/"]}]},{"@type":"BreadcrumbList","@id":"https:\/\/kruze.ee\/et\/toode\/gridley-rcs-taaskasutatud-plastikust-20-000-mah-65w-sulearvuti-akupank\/#breadcrumb","itemListElement":[{"@type":"ListItem","position":1,"name":"Home","item":"https:\/\/kruze.ee\/et\/"},{"@type":"ListItem","position":2,"name":"Tooted","item":"https:\/\/kruze.ee\/et\/tooted\/"},{"@type":"ListItem","position":3,"name":"Gridley RCS taaskasutatud plastikust 20 000 mAh 65W s\u00fclearvuti akupank"}]},{"@type":"WebSite","@id":"https:\/\/kruze.ee\/et\/#website","url":"https:\/\/kruze.ee\/et\/","name":"Kruze.ee","description":"Reklaamkingitused, tr&uuml;kiga T-s&auml;rgid, fliisid, dressipluused, tekstiil, joped ja paljud teised logoga meened, &Auml;rikingitused sinu partnerile! Telli juba t&auml;na.","potentialAction":[{"@type":"SearchAction","target":{"@type":"EntryPoint","urlTemplate":"https:\/\/kruze.ee\/et\/?s={search_term_string}"},"query-input":{"@type":"PropertyValueSpecification","valueRequired":true,"valueName":"search_term_string"}}],"inLanguage":"et"}]}},"_links":{"self":[{"href":"https:\/\/kruze.ee\/et\/wp-json\/wp\/v2\/product\/1445669","targetHints":{"allow":["GET"]}}],"collection":[{"href":"https:\/\/kruze.ee\/et\/wp-json\/wp\/v2\/product"}],"about":[{"href":"https:\/\/kruze.ee\/et\/wp-json\/wp\/v2\/types\/product"}],"wp:attachment":[{"href":"https:\/\/kruze.ee\/et\/wp-json\/wp\/v2\/media?parent=1445669"}],"wp:term":[{"taxonomy":"product_brand","embeddable":true,"href":"https:\/\/kruze.ee\/et\/wp-json\/wp\/v2\/product_brand?post=1445669"},{"taxonomy":"product_cat","embeddable":true,"href":"https:\/\/kruze.ee\/et\/wp-json\/wp\/v2\/product_cat?post=1445669"},{"taxonomy":"product_tag","embeddable":true,"href":"https:\/\/kruze.ee\/et\/wp-json\/wp\/v2\/product_tag?post=1445669"}],"curies":[{"name":"wp","href":"https:\/\/api.w.org\/{rel}","templated":true}]}}