{"id":1445667,"date":"2026-03-18T22:46:35","date_gmt":"2026-03-18T19:46:35","guid":{"rendered":"https:\/\/kruze.ee\/product\/urban-vitamin-stanford-165w-20-000-mah-akupank\/"},"modified":"2026-03-18T22:46:35","modified_gmt":"2026-03-18T19:46:35","slug":"urban-vitamin-stanford-165w-20-000-mah-akupank","status":"publish","type":"product","link":"https:\/\/kruze.ee\/et\/toode\/urban-vitamin-stanford-165w-20-000-mah-akupank\/","title":{"rendered":"Urban Vitamin Stanford 165W 20 000 mAh akupank"},"content":{"rendered":"<p>Urban Vitamin Stanford akupank on tipptasemel laadimistehnoloogia kehastus, pakkudes suurep\u00e4rast j\u00f5udlust neile, kes n\u00f5uavad parimat. 20 000 mAh mahutavusega Stanford toetab muljetavaldavat kuni 165W \u00fclikiiret laadimist, v\u00f5imaldades samaaegselt ja v\u00e4ga kiiresti laadida mitut seadet, sealhulgas s\u00fclearvuteid ja MacBooke. Varustatud kolme v\u00e4ljundiga \u2013 kahe USB-C ja \u00fche USB-A pordiga \u2013 pakub see maksimaalset paindlikkust. Lisaks on akupangal integreeritud 70 cm sisset\u00f5mmatav USB-C kiirlaadimiskaabel (kuni 100W), mis v\u00e4hendab vajadust lisatarvikute j\u00e4rele. Kvaliteetne TFT-v\u00e4rviekraan kuvab reaalajas infot laadimiskiiruse ja seadmete oleku kohta, hoides sind iga laadimise ajal t\u00e4ielikult kursis. Vastupidav alumiiniumkorpus annab seadmele premium-klassi v\u00e4limuse ja tunde, s\u00e4ilitades samas kerge ja kaasaskantava disaini. Urban Vitamin tooted on valmistatud ilma PVC-ta ning pakendatud v\u00e4hendatud plastisisaldusega pakendisse.<\/p>\n","protected":false},"excerpt":{"rendered":"<p>Urban Vitamin Stanford akupank on tipptasemel laadimistehnoloogia kehastus, pakkudes suurep\u00e4rast j\u00f5udlust neile, kes n\u00f5uavad parimat. 20 000 mAh mahutavusega&#8230;<\/p>\n","protected":false},"featured_media":0,"template":"","meta":[],"product_brand":[],"product_cat":[5409],"product_tag":[],"class_list":{"0":"post-1445667","1":"product","2":"type-product","3":"status-publish","5":"product_cat-akupangad","6":"pa_gender-uniseks","7":"pa_gender-unisex","11":"first","12":"instock","13":"purchasable","14":"product-type-simple"},"acf":[],"yoast_head":"<!-- This site is optimized with the Yoast SEO plugin v26.0 - https:\/\/yoast.com\/wordpress\/plugins\/seo\/ -->\n<title>Urban Vitamin Stanford 165W 20 000 mAh akupank - Kruze.ee<\/title>\n<meta name=\"robots\" content=\"index, follow, max-snippet:-1, max-image-preview:large, max-video-preview:-1\" \/>\n<link rel=\"canonical\" href=\"https:\/\/kruze.ee\/et\/toode\/urban-vitamin-stanford-165w-20-000-mah-akupank\/\" \/>\n<meta property=\"og:locale\" content=\"et_EE\" \/>\n<meta property=\"og:type\" content=\"article\" \/>\n<meta property=\"og:title\" content=\"Urban Vitamin Stanford 165W 20 000 mAh akupank - Kruze.ee\" \/>\n<meta property=\"og:description\" content=\"Urban Vitamin Stanford akupank on tipptasemel laadimistehnoloogia kehastus, pakkudes suurep\u00e4rast j\u00f5udlust neile, kes n\u00f5uavad parimat. 20 000 mAh mahutavusega...\" \/>\n<meta property=\"og:url\" content=\"https:\/\/kruze.ee\/et\/toode\/urban-vitamin-stanford-165w-20-000-mah-akupank\/\" \/>\n<meta property=\"og:site_name\" content=\"Kruze.ee\" \/>\n<meta name=\"twitter:card\" content=\"summary_large_image\" \/>\n<meta name=\"twitter:label1\" content=\"Est. reading time\" \/>\n\t<meta name=\"twitter:data1\" content=\"1 minut\" \/>\n<script type=\"application\/ld+json\" class=\"yoast-schema-graph\">{\"@context\":\"https:\/\/schema.org\",\"@graph\":[{\"@type\":\"WebPage\",\"@id\":\"https:\/\/kruze.ee\/et\/toode\/urban-vitamin-stanford-165w-20-000-mah-akupank\/\",\"url\":\"https:\/\/kruze.ee\/et\/toode\/urban-vitamin-stanford-165w-20-000-mah-akupank\/\",\"name\":\"Urban Vitamin Stanford 165W 20 000 mAh akupank - Kruze.ee\",\"isPartOf\":{\"@id\":\"https:\/\/kruze.ee\/et\/#website\"},\"datePublished\":\"2026-03-18T19:46:35+00:00\",\"breadcrumb\":{\"@id\":\"https:\/\/kruze.ee\/et\/toode\/urban-vitamin-stanford-165w-20-000-mah-akupank\/#breadcrumb\"},\"inLanguage\":\"et\",\"potentialAction\":[{\"@type\":\"ReadAction\",\"target\":[\"https:\/\/kruze.ee\/et\/toode\/urban-vitamin-stanford-165w-20-000-mah-akupank\/\"]}]},{\"@type\":\"BreadcrumbList\",\"@id\":\"https:\/\/kruze.ee\/et\/toode\/urban-vitamin-stanford-165w-20-000-mah-akupank\/#breadcrumb\",\"itemListElement\":[{\"@type\":\"ListItem\",\"position\":1,\"name\":\"Home\",\"item\":\"https:\/\/kruze.ee\/et\/\"},{\"@type\":\"ListItem\",\"position\":2,\"name\":\"Tooted\",\"item\":\"https:\/\/kruze.ee\/et\/tooted\/\"},{\"@type\":\"ListItem\",\"position\":3,\"name\":\"Urban Vitamin Stanford 165W 20 000 mAh akupank\"}]},{\"@type\":\"WebSite\",\"@id\":\"https:\/\/kruze.ee\/et\/#website\",\"url\":\"https:\/\/kruze.ee\/et\/\",\"name\":\"Kruze.ee\",\"description\":\"Reklaamkingitused, tr&uuml;kiga T-s&auml;rgid, fliisid, dressipluused, tekstiil, joped ja paljud teised logoga meened, &Auml;rikingitused sinu partnerile! Telli juba t&auml;na.\",\"potentialAction\":[{\"@type\":\"SearchAction\",\"target\":{\"@type\":\"EntryPoint\",\"urlTemplate\":\"https:\/\/kruze.ee\/et\/?s={search_term_string}\"},\"query-input\":{\"@type\":\"PropertyValueSpecification\",\"valueRequired\":true,\"valueName\":\"search_term_string\"}}],\"inLanguage\":\"et\"}]}<\/script>\n<!-- \/ Yoast SEO plugin. -->","yoast_head_json":{"title":"Urban Vitamin Stanford 165W 20 000 mAh akupank - Kruze.ee","robots":{"index":"index","follow":"follow","max-snippet":"max-snippet:-1","max-image-preview":"max-image-preview:large","max-video-preview":"max-video-preview:-1"},"canonical":"https:\/\/kruze.ee\/et\/toode\/urban-vitamin-stanford-165w-20-000-mah-akupank\/","og_locale":"et_EE","og_type":"article","og_title":"Urban Vitamin Stanford 165W 20 000 mAh akupank - Kruze.ee","og_description":"Urban Vitamin Stanford akupank on tipptasemel laadimistehnoloogia kehastus, pakkudes suurep\u00e4rast j\u00f5udlust neile, kes n\u00f5uavad parimat. 20 000 mAh mahutavusega...","og_url":"https:\/\/kruze.ee\/et\/toode\/urban-vitamin-stanford-165w-20-000-mah-akupank\/","og_site_name":"Kruze.ee","twitter_card":"summary_large_image","twitter_misc":{"Est. reading time":"1 minut"},"schema":{"@context":"https:\/\/schema.org","@graph":[{"@type":"WebPage","@id":"https:\/\/kruze.ee\/et\/toode\/urban-vitamin-stanford-165w-20-000-mah-akupank\/","url":"https:\/\/kruze.ee\/et\/toode\/urban-vitamin-stanford-165w-20-000-mah-akupank\/","name":"Urban Vitamin Stanford 165W 20 000 mAh akupank - Kruze.ee","isPartOf":{"@id":"https:\/\/kruze.ee\/et\/#website"},"datePublished":"2026-03-18T19:46:35+00:00","breadcrumb":{"@id":"https:\/\/kruze.ee\/et\/toode\/urban-vitamin-stanford-165w-20-000-mah-akupank\/#breadcrumb"},"inLanguage":"et","potentialAction":[{"@type":"ReadAction","target":["https:\/\/kruze.ee\/et\/toode\/urban-vitamin-stanford-165w-20-000-mah-akupank\/"]}]},{"@type":"BreadcrumbList","@id":"https:\/\/kruze.ee\/et\/toode\/urban-vitamin-stanford-165w-20-000-mah-akupank\/#breadcrumb","itemListElement":[{"@type":"ListItem","position":1,"name":"Home","item":"https:\/\/kruze.ee\/et\/"},{"@type":"ListItem","position":2,"name":"Tooted","item":"https:\/\/kruze.ee\/et\/tooted\/"},{"@type":"ListItem","position":3,"name":"Urban Vitamin Stanford 165W 20 000 mAh akupank"}]},{"@type":"WebSite","@id":"https:\/\/kruze.ee\/et\/#website","url":"https:\/\/kruze.ee\/et\/","name":"Kruze.ee","description":"Reklaamkingitused, tr&uuml;kiga T-s&auml;rgid, fliisid, dressipluused, tekstiil, joped ja paljud teised logoga meened, &Auml;rikingitused sinu partnerile! Telli juba t&auml;na.","potentialAction":[{"@type":"SearchAction","target":{"@type":"EntryPoint","urlTemplate":"https:\/\/kruze.ee\/et\/?s={search_term_string}"},"query-input":{"@type":"PropertyValueSpecification","valueRequired":true,"valueName":"search_term_string"}}],"inLanguage":"et"}]}},"_links":{"self":[{"href":"https:\/\/kruze.ee\/et\/wp-json\/wp\/v2\/product\/1445667","targetHints":{"allow":["GET"]}}],"collection":[{"href":"https:\/\/kruze.ee\/et\/wp-json\/wp\/v2\/product"}],"about":[{"href":"https:\/\/kruze.ee\/et\/wp-json\/wp\/v2\/types\/product"}],"wp:attachment":[{"href":"https:\/\/kruze.ee\/et\/wp-json\/wp\/v2\/media?parent=1445667"}],"wp:term":[{"taxonomy":"product_brand","embeddable":true,"href":"https:\/\/kruze.ee\/et\/wp-json\/wp\/v2\/product_brand?post=1445667"},{"taxonomy":"product_cat","embeddable":true,"href":"https:\/\/kruze.ee\/et\/wp-json\/wp\/v2\/product_cat?post=1445667"},{"taxonomy":"product_tag","embeddable":true,"href":"https:\/\/kruze.ee\/et\/wp-json\/wp\/v2\/product_tag?post=1445667"}],"curies":[{"name":"wp","href":"https:\/\/api.w.org\/{rel}","templated":true}]}}