{"id":1445665,"date":"2026-03-18T22:46:33","date_gmt":"2026-03-18T19:46:33","guid":{"rendered":"https:\/\/kruze.ee\/product\/urban-vitamin-campbell-55w-10-000-mah-tasku-suuruses-akupank\/"},"modified":"2026-03-18T22:46:33","modified_gmt":"2026-03-18T19:46:33","slug":"urban-vitamin-campbell-55w-10-000-mah-tasku-suuruses-akupank","status":"publish","type":"product","link":"https:\/\/kruze.ee\/et\/toode\/urban-vitamin-campbell-55w-10-000-mah-tasku-suuruses-akupank\/","title":{"rendered":"Urban Vitamin Campbell 55W 10 000 mAh tasku suuruses akupank"},"content":{"rendered":"<p>Urban Vitamin Campbell akupank on tipptasemel laadimislahendus, mis hoiab sinu seadmed alati t\u00f6\u00f6korras ka liikvel olles. V\u00f5imas 10 000 mAh mahutavus on pakitud taskusuuruses disaini, tagades, et sinu seadmed on alati valmis, kui neid vajad. Kvaliteetne TFT-v\u00e4rviekraan kuvab reaalajas infot laadimiskiiruse ja muude oluliste n\u00e4itajate kohta, andes sulle t\u00e4ieliku \u00fclevaate ja kontrolli. Akupangal on kolm v\u00e4ljundporti \u2013 kaks USB-C ja \u00fcks USB-A \u2013 ning see pakub kuni 55W v\u00f5imsust, v\u00f5imaldades laadida nutitelefone, tahvelarvuteid ning isegi s\u00fclearvuteid ja MacBooke t\u00e4iskiirusel. Vastupidavast alumiiniumist valmistatud korpus \u00fchendab premium-v\u00e4limuse ja tugeva konstruktsiooni, muutes selle stiilseks ja usaldusv\u00e4\u00e4rseks kaaslaseks igap\u00e4evases kasutuses.<\/p>\n","protected":false},"excerpt":{"rendered":"<p>Urban Vitamin Campbell akupank on tipptasemel laadimislahendus, mis hoiab sinu seadmed alati t\u00f6\u00f6korras ka liikvel olles. V\u00f5imas 10 000 mAh mahutavus on pakitud&#8230;<\/p>\n","protected":false},"featured_media":0,"template":"","meta":[],"product_brand":[],"product_cat":[5409],"product_tag":[],"class_list":{"0":"post-1445665","1":"product","2":"type-product","3":"status-publish","5":"product_cat-akupangad","6":"pa_gender-uniseks","7":"pa_gender-unisex","11":"first","12":"instock","13":"purchasable","14":"product-type-simple"},"acf":[],"yoast_head":"<!-- This site is optimized with the Yoast SEO plugin v26.0 - https:\/\/yoast.com\/wordpress\/plugins\/seo\/ -->\n<title>Urban Vitamin Campbell 55W 10 000 mAh tasku suuruses akupank - Kruze.ee<\/title>\n<meta name=\"robots\" content=\"index, follow, max-snippet:-1, max-image-preview:large, max-video-preview:-1\" \/>\n<link rel=\"canonical\" href=\"https:\/\/kruze.ee\/et\/toode\/urban-vitamin-campbell-55w-10-000-mah-tasku-suuruses-akupank\/\" \/>\n<meta property=\"og:locale\" content=\"et_EE\" \/>\n<meta property=\"og:type\" content=\"article\" \/>\n<meta property=\"og:title\" content=\"Urban Vitamin Campbell 55W 10 000 mAh tasku suuruses akupank - Kruze.ee\" \/>\n<meta property=\"og:description\" content=\"Urban Vitamin Campbell akupank on tipptasemel laadimislahendus, mis hoiab sinu seadmed alati t\u00f6\u00f6korras ka liikvel olles. V\u00f5imas 10 000 mAh mahutavus on pakitud...\" \/>\n<meta property=\"og:url\" content=\"https:\/\/kruze.ee\/et\/toode\/urban-vitamin-campbell-55w-10-000-mah-tasku-suuruses-akupank\/\" \/>\n<meta property=\"og:site_name\" content=\"Kruze.ee\" \/>\n<meta name=\"twitter:card\" content=\"summary_large_image\" \/>\n<meta name=\"twitter:label1\" content=\"Est. reading time\" \/>\n\t<meta name=\"twitter:data1\" content=\"1 minut\" \/>\n<script type=\"application\/ld+json\" class=\"yoast-schema-graph\">{\"@context\":\"https:\/\/schema.org\",\"@graph\":[{\"@type\":\"WebPage\",\"@id\":\"https:\/\/kruze.ee\/et\/toode\/urban-vitamin-campbell-55w-10-000-mah-tasku-suuruses-akupank\/\",\"url\":\"https:\/\/kruze.ee\/et\/toode\/urban-vitamin-campbell-55w-10-000-mah-tasku-suuruses-akupank\/\",\"name\":\"Urban Vitamin Campbell 55W 10 000 mAh tasku suuruses akupank - Kruze.ee\",\"isPartOf\":{\"@id\":\"https:\/\/kruze.ee\/et\/#website\"},\"datePublished\":\"2026-03-18T19:46:33+00:00\",\"breadcrumb\":{\"@id\":\"https:\/\/kruze.ee\/et\/toode\/urban-vitamin-campbell-55w-10-000-mah-tasku-suuruses-akupank\/#breadcrumb\"},\"inLanguage\":\"et\",\"potentialAction\":[{\"@type\":\"ReadAction\",\"target\":[\"https:\/\/kruze.ee\/et\/toode\/urban-vitamin-campbell-55w-10-000-mah-tasku-suuruses-akupank\/\"]}]},{\"@type\":\"BreadcrumbList\",\"@id\":\"https:\/\/kruze.ee\/et\/toode\/urban-vitamin-campbell-55w-10-000-mah-tasku-suuruses-akupank\/#breadcrumb\",\"itemListElement\":[{\"@type\":\"ListItem\",\"position\":1,\"name\":\"Home\",\"item\":\"https:\/\/kruze.ee\/et\/\"},{\"@type\":\"ListItem\",\"position\":2,\"name\":\"Tooted\",\"item\":\"https:\/\/kruze.ee\/et\/tooted\/\"},{\"@type\":\"ListItem\",\"position\":3,\"name\":\"Urban Vitamin Campbell 55W 10 000 mAh tasku suuruses akupank\"}]},{\"@type\":\"WebSite\",\"@id\":\"https:\/\/kruze.ee\/et\/#website\",\"url\":\"https:\/\/kruze.ee\/et\/\",\"name\":\"Kruze.ee\",\"description\":\"Reklaamkingitused, tr&uuml;kiga T-s&auml;rgid, fliisid, dressipluused, tekstiil, joped ja paljud teised logoga meened, &Auml;rikingitused sinu partnerile! Telli juba t&auml;na.\",\"potentialAction\":[{\"@type\":\"SearchAction\",\"target\":{\"@type\":\"EntryPoint\",\"urlTemplate\":\"https:\/\/kruze.ee\/et\/?s={search_term_string}\"},\"query-input\":{\"@type\":\"PropertyValueSpecification\",\"valueRequired\":true,\"valueName\":\"search_term_string\"}}],\"inLanguage\":\"et\"}]}<\/script>\n<!-- \/ Yoast SEO plugin. -->","yoast_head_json":{"title":"Urban Vitamin Campbell 55W 10 000 mAh tasku suuruses akupank - Kruze.ee","robots":{"index":"index","follow":"follow","max-snippet":"max-snippet:-1","max-image-preview":"max-image-preview:large","max-video-preview":"max-video-preview:-1"},"canonical":"https:\/\/kruze.ee\/et\/toode\/urban-vitamin-campbell-55w-10-000-mah-tasku-suuruses-akupank\/","og_locale":"et_EE","og_type":"article","og_title":"Urban Vitamin Campbell 55W 10 000 mAh tasku suuruses akupank - Kruze.ee","og_description":"Urban Vitamin Campbell akupank on tipptasemel laadimislahendus, mis hoiab sinu seadmed alati t\u00f6\u00f6korras ka liikvel olles. V\u00f5imas 10 000 mAh mahutavus on pakitud...","og_url":"https:\/\/kruze.ee\/et\/toode\/urban-vitamin-campbell-55w-10-000-mah-tasku-suuruses-akupank\/","og_site_name":"Kruze.ee","twitter_card":"summary_large_image","twitter_misc":{"Est. reading time":"1 minut"},"schema":{"@context":"https:\/\/schema.org","@graph":[{"@type":"WebPage","@id":"https:\/\/kruze.ee\/et\/toode\/urban-vitamin-campbell-55w-10-000-mah-tasku-suuruses-akupank\/","url":"https:\/\/kruze.ee\/et\/toode\/urban-vitamin-campbell-55w-10-000-mah-tasku-suuruses-akupank\/","name":"Urban Vitamin Campbell 55W 10 000 mAh tasku suuruses akupank - Kruze.ee","isPartOf":{"@id":"https:\/\/kruze.ee\/et\/#website"},"datePublished":"2026-03-18T19:46:33+00:00","breadcrumb":{"@id":"https:\/\/kruze.ee\/et\/toode\/urban-vitamin-campbell-55w-10-000-mah-tasku-suuruses-akupank\/#breadcrumb"},"inLanguage":"et","potentialAction":[{"@type":"ReadAction","target":["https:\/\/kruze.ee\/et\/toode\/urban-vitamin-campbell-55w-10-000-mah-tasku-suuruses-akupank\/"]}]},{"@type":"BreadcrumbList","@id":"https:\/\/kruze.ee\/et\/toode\/urban-vitamin-campbell-55w-10-000-mah-tasku-suuruses-akupank\/#breadcrumb","itemListElement":[{"@type":"ListItem","position":1,"name":"Home","item":"https:\/\/kruze.ee\/et\/"},{"@type":"ListItem","position":2,"name":"Tooted","item":"https:\/\/kruze.ee\/et\/tooted\/"},{"@type":"ListItem","position":3,"name":"Urban Vitamin Campbell 55W 10 000 mAh tasku suuruses akupank"}]},{"@type":"WebSite","@id":"https:\/\/kruze.ee\/et\/#website","url":"https:\/\/kruze.ee\/et\/","name":"Kruze.ee","description":"Reklaamkingitused, tr&uuml;kiga T-s&auml;rgid, fliisid, dressipluused, tekstiil, joped ja paljud teised logoga meened, &Auml;rikingitused sinu partnerile! Telli juba t&auml;na.","potentialAction":[{"@type":"SearchAction","target":{"@type":"EntryPoint","urlTemplate":"https:\/\/kruze.ee\/et\/?s={search_term_string}"},"query-input":{"@type":"PropertyValueSpecification","valueRequired":true,"valueName":"search_term_string"}}],"inLanguage":"et"}]}},"_links":{"self":[{"href":"https:\/\/kruze.ee\/et\/wp-json\/wp\/v2\/product\/1445665","targetHints":{"allow":["GET"]}}],"collection":[{"href":"https:\/\/kruze.ee\/et\/wp-json\/wp\/v2\/product"}],"about":[{"href":"https:\/\/kruze.ee\/et\/wp-json\/wp\/v2\/types\/product"}],"wp:attachment":[{"href":"https:\/\/kruze.ee\/et\/wp-json\/wp\/v2\/media?parent=1445665"}],"wp:term":[{"taxonomy":"product_brand","embeddable":true,"href":"https:\/\/kruze.ee\/et\/wp-json\/wp\/v2\/product_brand?post=1445665"},{"taxonomy":"product_cat","embeddable":true,"href":"https:\/\/kruze.ee\/et\/wp-json\/wp\/v2\/product_cat?post=1445665"},{"taxonomy":"product_tag","embeddable":true,"href":"https:\/\/kruze.ee\/et\/wp-json\/wp\/v2\/product_tag?post=1445665"}],"curies":[{"name":"wp","href":"https:\/\/api.w.org\/{rel}","templated":true}]}}