{"id":1445655,"date":"2026-03-18T22:46:26","date_gmt":"2026-03-18T19:46:26","guid":{"rendered":"https:\/\/kruze.ee\/product\/urban-vitamin-delano-5-in-1-10-000-mah-20w-pd-magnetiline-akupank\/"},"modified":"2026-03-18T22:46:26","modified_gmt":"2026-03-18T19:46:26","slug":"urban-vitamin-delano-5-in-1-10-000-mah-20w-pd-magnetiline-akupank","status":"publish","type":"product","link":"https:\/\/kruze.ee\/et\/toode\/urban-vitamin-delano-5-in-1-10-000-mah-20w-pd-magnetiline-akupank\/","title":{"rendered":"Urban Vitamin Delano 5-in-1 10 000 mAh 20W PD magnetiline akupank"},"content":{"rendered":"<p>K\u00f5ik vajalikud laadimisv\u00f5imalused \u00fches \u00f5hukeses disainis akupangas. Tutvu Delano mudeliga \u2013 10 000 mAh 5-in-1 20W PD kiirlaadimisega akupank. Sellel on eriti tugev 15W magnetiline juhtmevaba laadija, mis v\u00f5imaldab sinu telefoni maksimaalse kiirusega juhtmevabalt laadida, sobides ka AirPodside ja Apple Watchi laadimiseks. Vajad veel kiiremat energialaengut? Delano toetab \u00fclikiiret 20W laadimist USB-C pordi kaudu nii akupanga enda laadimiseks kui ka sinu seadme kiireks laadimiseks. Lisaks on sellel integreeritud USB-C kiirlaadimiskaabel ja sisseehitatud Lightning-kaabel vanemate iPhone mudelite jaoks. T\u00e4nu integreeritud tugijalale saad telefoni laadimise ajal mugavalt p\u00fcsti asetada, et vaadata filme v\u00f5i muud sisu. Valmistatud RCS (Recycled Claim Standard) sertifitseeritud taaskasutatud materjalidest.<\/p>\n","protected":false},"excerpt":{"rendered":"<p>K\u00f5ik vajalikud laadimisv\u00f5imalused \u00fches \u00f5hukeses disainis akupangas. Tutvu Delano mudeliga \u2013 10 000 mAh 5-in-1 20W PD kiirlaadimisega akupank. Sellel on eriti&#8230;<\/p>\n","protected":false},"featured_media":0,"template":"","meta":[],"product_brand":[],"product_cat":[5409],"product_tag":[],"class_list":{"0":"post-1445655","1":"product","2":"type-product","3":"status-publish","5":"product_cat-akupangad","6":"pa_gender-uniseks","7":"pa_gender-unisex","11":"first","12":"instock","13":"purchasable","14":"product-type-simple"},"acf":[],"yoast_head":"<!-- This site is optimized with the Yoast SEO plugin v26.0 - https:\/\/yoast.com\/wordpress\/plugins\/seo\/ -->\n<title>Urban Vitamin Delano 5-in-1 10 000 mAh 20W PD magnetiline akupank - Kruze.ee<\/title>\n<meta name=\"robots\" content=\"index, follow, max-snippet:-1, max-image-preview:large, max-video-preview:-1\" \/>\n<link rel=\"canonical\" href=\"https:\/\/kruze.ee\/et\/toode\/urban-vitamin-delano-5-in-1-10-000-mah-20w-pd-magnetiline-akupank\/\" \/>\n<meta property=\"og:locale\" content=\"et_EE\" \/>\n<meta property=\"og:type\" content=\"article\" \/>\n<meta property=\"og:title\" content=\"Urban Vitamin Delano 5-in-1 10 000 mAh 20W PD magnetiline akupank - Kruze.ee\" \/>\n<meta property=\"og:description\" content=\"K\u00f5ik vajalikud laadimisv\u00f5imalused \u00fches \u00f5hukeses disainis akupangas. Tutvu Delano mudeliga \u2013 10 000 mAh 5-in-1 20W PD kiirlaadimisega akupank. Sellel on eriti...\" \/>\n<meta property=\"og:url\" content=\"https:\/\/kruze.ee\/et\/toode\/urban-vitamin-delano-5-in-1-10-000-mah-20w-pd-magnetiline-akupank\/\" \/>\n<meta property=\"og:site_name\" content=\"Kruze.ee\" \/>\n<meta name=\"twitter:card\" content=\"summary_large_image\" \/>\n<meta name=\"twitter:label1\" content=\"Est. reading time\" \/>\n\t<meta name=\"twitter:data1\" content=\"1 minut\" \/>\n<script type=\"application\/ld+json\" class=\"yoast-schema-graph\">{\"@context\":\"https:\/\/schema.org\",\"@graph\":[{\"@type\":\"WebPage\",\"@id\":\"https:\/\/kruze.ee\/et\/toode\/urban-vitamin-delano-5-in-1-10-000-mah-20w-pd-magnetiline-akupank\/\",\"url\":\"https:\/\/kruze.ee\/et\/toode\/urban-vitamin-delano-5-in-1-10-000-mah-20w-pd-magnetiline-akupank\/\",\"name\":\"Urban Vitamin Delano 5-in-1 10 000 mAh 20W PD magnetiline akupank - Kruze.ee\",\"isPartOf\":{\"@id\":\"https:\/\/kruze.ee\/et\/#website\"},\"datePublished\":\"2026-03-18T19:46:26+00:00\",\"breadcrumb\":{\"@id\":\"https:\/\/kruze.ee\/et\/toode\/urban-vitamin-delano-5-in-1-10-000-mah-20w-pd-magnetiline-akupank\/#breadcrumb\"},\"inLanguage\":\"et\",\"potentialAction\":[{\"@type\":\"ReadAction\",\"target\":[\"https:\/\/kruze.ee\/et\/toode\/urban-vitamin-delano-5-in-1-10-000-mah-20w-pd-magnetiline-akupank\/\"]}]},{\"@type\":\"BreadcrumbList\",\"@id\":\"https:\/\/kruze.ee\/et\/toode\/urban-vitamin-delano-5-in-1-10-000-mah-20w-pd-magnetiline-akupank\/#breadcrumb\",\"itemListElement\":[{\"@type\":\"ListItem\",\"position\":1,\"name\":\"Home\",\"item\":\"https:\/\/kruze.ee\/et\/\"},{\"@type\":\"ListItem\",\"position\":2,\"name\":\"Tooted\",\"item\":\"https:\/\/kruze.ee\/et\/tooted\/\"},{\"@type\":\"ListItem\",\"position\":3,\"name\":\"Urban Vitamin Delano 5-in-1 10 000 mAh 20W PD magnetiline akupank\"}]},{\"@type\":\"WebSite\",\"@id\":\"https:\/\/kruze.ee\/et\/#website\",\"url\":\"https:\/\/kruze.ee\/et\/\",\"name\":\"Kruze.ee\",\"description\":\"Reklaamkingitused, tr&uuml;kiga T-s&auml;rgid, fliisid, dressipluused, tekstiil, joped ja paljud teised logoga meened, &Auml;rikingitused sinu partnerile! Telli juba t&auml;na.\",\"potentialAction\":[{\"@type\":\"SearchAction\",\"target\":{\"@type\":\"EntryPoint\",\"urlTemplate\":\"https:\/\/kruze.ee\/et\/?s={search_term_string}\"},\"query-input\":{\"@type\":\"PropertyValueSpecification\",\"valueRequired\":true,\"valueName\":\"search_term_string\"}}],\"inLanguage\":\"et\"}]}<\/script>\n<!-- \/ Yoast SEO plugin. -->","yoast_head_json":{"title":"Urban Vitamin Delano 5-in-1 10 000 mAh 20W PD magnetiline akupank - Kruze.ee","robots":{"index":"index","follow":"follow","max-snippet":"max-snippet:-1","max-image-preview":"max-image-preview:large","max-video-preview":"max-video-preview:-1"},"canonical":"https:\/\/kruze.ee\/et\/toode\/urban-vitamin-delano-5-in-1-10-000-mah-20w-pd-magnetiline-akupank\/","og_locale":"et_EE","og_type":"article","og_title":"Urban Vitamin Delano 5-in-1 10 000 mAh 20W PD magnetiline akupank - Kruze.ee","og_description":"K\u00f5ik vajalikud laadimisv\u00f5imalused \u00fches \u00f5hukeses disainis akupangas. Tutvu Delano mudeliga \u2013 10 000 mAh 5-in-1 20W PD kiirlaadimisega akupank. Sellel on eriti...","og_url":"https:\/\/kruze.ee\/et\/toode\/urban-vitamin-delano-5-in-1-10-000-mah-20w-pd-magnetiline-akupank\/","og_site_name":"Kruze.ee","twitter_card":"summary_large_image","twitter_misc":{"Est. reading time":"1 minut"},"schema":{"@context":"https:\/\/schema.org","@graph":[{"@type":"WebPage","@id":"https:\/\/kruze.ee\/et\/toode\/urban-vitamin-delano-5-in-1-10-000-mah-20w-pd-magnetiline-akupank\/","url":"https:\/\/kruze.ee\/et\/toode\/urban-vitamin-delano-5-in-1-10-000-mah-20w-pd-magnetiline-akupank\/","name":"Urban Vitamin Delano 5-in-1 10 000 mAh 20W PD magnetiline akupank - Kruze.ee","isPartOf":{"@id":"https:\/\/kruze.ee\/et\/#website"},"datePublished":"2026-03-18T19:46:26+00:00","breadcrumb":{"@id":"https:\/\/kruze.ee\/et\/toode\/urban-vitamin-delano-5-in-1-10-000-mah-20w-pd-magnetiline-akupank\/#breadcrumb"},"inLanguage":"et","potentialAction":[{"@type":"ReadAction","target":["https:\/\/kruze.ee\/et\/toode\/urban-vitamin-delano-5-in-1-10-000-mah-20w-pd-magnetiline-akupank\/"]}]},{"@type":"BreadcrumbList","@id":"https:\/\/kruze.ee\/et\/toode\/urban-vitamin-delano-5-in-1-10-000-mah-20w-pd-magnetiline-akupank\/#breadcrumb","itemListElement":[{"@type":"ListItem","position":1,"name":"Home","item":"https:\/\/kruze.ee\/et\/"},{"@type":"ListItem","position":2,"name":"Tooted","item":"https:\/\/kruze.ee\/et\/tooted\/"},{"@type":"ListItem","position":3,"name":"Urban Vitamin Delano 5-in-1 10 000 mAh 20W PD magnetiline akupank"}]},{"@type":"WebSite","@id":"https:\/\/kruze.ee\/et\/#website","url":"https:\/\/kruze.ee\/et\/","name":"Kruze.ee","description":"Reklaamkingitused, tr&uuml;kiga T-s&auml;rgid, fliisid, dressipluused, tekstiil, joped ja paljud teised logoga meened, &Auml;rikingitused sinu partnerile! Telli juba t&auml;na.","potentialAction":[{"@type":"SearchAction","target":{"@type":"EntryPoint","urlTemplate":"https:\/\/kruze.ee\/et\/?s={search_term_string}"},"query-input":{"@type":"PropertyValueSpecification","valueRequired":true,"valueName":"search_term_string"}}],"inLanguage":"et"}]}},"_links":{"self":[{"href":"https:\/\/kruze.ee\/et\/wp-json\/wp\/v2\/product\/1445655","targetHints":{"allow":["GET"]}}],"collection":[{"href":"https:\/\/kruze.ee\/et\/wp-json\/wp\/v2\/product"}],"about":[{"href":"https:\/\/kruze.ee\/et\/wp-json\/wp\/v2\/types\/product"}],"wp:attachment":[{"href":"https:\/\/kruze.ee\/et\/wp-json\/wp\/v2\/media?parent=1445655"}],"wp:term":[{"taxonomy":"product_brand","embeddable":true,"href":"https:\/\/kruze.ee\/et\/wp-json\/wp\/v2\/product_brand?post=1445655"},{"taxonomy":"product_cat","embeddable":true,"href":"https:\/\/kruze.ee\/et\/wp-json\/wp\/v2\/product_cat?post=1445655"},{"taxonomy":"product_tag","embeddable":true,"href":"https:\/\/kruze.ee\/et\/wp-json\/wp\/v2\/product_tag?post=1445655"}],"curies":[{"name":"wp","href":"https:\/\/api.w.org\/{rel}","templated":true}]}}