{"id":1445645,"date":"2026-03-18T22:46:19","date_gmt":"2026-03-18T19:46:19","guid":{"rendered":"https:\/\/kruze.ee\/product\/urban-vitamin-alameda-10-000-mah-18w-pd-akupank\/"},"modified":"2026-03-18T22:46:19","modified_gmt":"2026-03-18T19:46:19","slug":"urban-vitamin-alameda-10-000-mah-18w-pd-akupank","status":"publish","type":"product","link":"https:\/\/kruze.ee\/et\/toode\/urban-vitamin-alameda-10-000-mah-18w-pd-akupank\/","title":{"rendered":"Urban Vitamin Alameda 10 000 mAh 18W PD akupank"},"content":{"rendered":"<p>Lae oma telefoni kuni 2,5 korda selle kiirlaadimisega akupangaga. T\u00e4nu \u00fclikiirele Type-C 18W PD pordile laeb akupank end rekordajaga t\u00e4is ning telefoni laadimine kuni 50% v\u00f5tab vaid 30 minutit \u2013 aeglane laadimine on minevik. Akupank on varustatud vastupidava A-klassi 10 000 mAh akuga, mis sobib ideaalselt k\u00f5igi sinu seadmete laadimiseks nii reisidel kui igap\u00e4evaselt. Kahe USB-A ja \u00fche Type-C pordi abil saad korraga laadida kuni kolme seadet. Urban Vitamin tooted on valmistatud ilma PVC-ta ning pakendatud v\u00e4hendatud plastisisaldusega pakendisse. Tehnilised andmed: Type-C sisend 5V\/3A, 9V\/2A; Micro USB sisend 5V\/2A, 9V\/2A; Type-C v\u00e4ljund 5V\/3A, 9V\/2A, 12V\/1.5A; USB v\u00e4ljund 5V\/2.4A, 9V\/2A, 12V\/1.5A.<\/p>\n","protected":false},"excerpt":{"rendered":"<p>Lae oma telefoni kuni 2,5 korda selle kiirlaadimisega akupangaga. T\u00e4nu \u00fclikiirele Type-C 18W PD pordile laeb akupank end rekordajaga t\u00e4is ning telefoni&#8230;<\/p>\n","protected":false},"featured_media":0,"template":"","meta":[],"product_brand":[],"product_cat":[5409],"product_tag":[],"class_list":{"0":"post-1445645","1":"product","2":"type-product","3":"status-publish","5":"product_cat-akupangad","6":"pa_brand-urban-vitamin-2","7":"pa_color-black-2","8":"pa_color-blue-2","9":"pa_color-valge","10":"pa_gender-uniseks","11":"pa_gender-unisex","14":"pa_material-abspolycarbonate","16":"first","17":"instock","18":"taxable","19":"shipping-taxable","20":"purchasable","21":"product-type-variable"},"acf":[],"yoast_head":"<!-- This site is optimized with the Yoast SEO plugin v26.0 - https:\/\/yoast.com\/wordpress\/plugins\/seo\/ -->\n<title>Urban Vitamin Alameda 10 000 mAh 18W PD akupank - Kruze.ee<\/title>\n<meta name=\"robots\" content=\"index, follow, max-snippet:-1, max-image-preview:large, max-video-preview:-1\" \/>\n<link rel=\"canonical\" href=\"https:\/\/kruze.ee\/et\/toode\/urban-vitamin-alameda-10-000-mah-18w-pd-akupank\/\" \/>\n<meta property=\"og:locale\" content=\"et_EE\" \/>\n<meta property=\"og:type\" content=\"article\" \/>\n<meta property=\"og:title\" content=\"Urban Vitamin Alameda 10 000 mAh 18W PD akupank - Kruze.ee\" \/>\n<meta property=\"og:description\" content=\"Lae oma telefoni kuni 2,5 korda selle kiirlaadimisega akupangaga. T\u00e4nu \u00fclikiirele Type-C 18W PD pordile laeb akupank end rekordajaga t\u00e4is ning telefoni...\" \/>\n<meta property=\"og:url\" content=\"https:\/\/kruze.ee\/et\/toode\/urban-vitamin-alameda-10-000-mah-18w-pd-akupank\/\" \/>\n<meta property=\"og:site_name\" content=\"Kruze.ee\" \/>\n<meta name=\"twitter:card\" content=\"summary_large_image\" \/>\n<meta name=\"twitter:label1\" content=\"Est. reading time\" \/>\n\t<meta name=\"twitter:data1\" content=\"1 minut\" \/>\n<script type=\"application\/ld+json\" class=\"yoast-schema-graph\">{\"@context\":\"https:\/\/schema.org\",\"@graph\":[{\"@type\":\"WebPage\",\"@id\":\"https:\/\/kruze.ee\/et\/toode\/urban-vitamin-alameda-10-000-mah-18w-pd-akupank\/\",\"url\":\"https:\/\/kruze.ee\/et\/toode\/urban-vitamin-alameda-10-000-mah-18w-pd-akupank\/\",\"name\":\"Urban Vitamin Alameda 10 000 mAh 18W PD akupank - Kruze.ee\",\"isPartOf\":{\"@id\":\"https:\/\/kruze.ee\/et\/#website\"},\"datePublished\":\"2026-03-18T19:46:19+00:00\",\"breadcrumb\":{\"@id\":\"https:\/\/kruze.ee\/et\/toode\/urban-vitamin-alameda-10-000-mah-18w-pd-akupank\/#breadcrumb\"},\"inLanguage\":\"et\",\"potentialAction\":[{\"@type\":\"ReadAction\",\"target\":[\"https:\/\/kruze.ee\/et\/toode\/urban-vitamin-alameda-10-000-mah-18w-pd-akupank\/\"]}]},{\"@type\":\"BreadcrumbList\",\"@id\":\"https:\/\/kruze.ee\/et\/toode\/urban-vitamin-alameda-10-000-mah-18w-pd-akupank\/#breadcrumb\",\"itemListElement\":[{\"@type\":\"ListItem\",\"position\":1,\"name\":\"Home\",\"item\":\"https:\/\/kruze.ee\/et\/\"},{\"@type\":\"ListItem\",\"position\":2,\"name\":\"Tooted\",\"item\":\"https:\/\/kruze.ee\/et\/tooted\/\"},{\"@type\":\"ListItem\",\"position\":3,\"name\":\"Urban Vitamin Alameda 10 000 mAh 18W PD akupank\"}]},{\"@type\":\"WebSite\",\"@id\":\"https:\/\/kruze.ee\/et\/#website\",\"url\":\"https:\/\/kruze.ee\/et\/\",\"name\":\"Kruze.ee\",\"description\":\"Reklaamkingitused, tr&uuml;kiga T-s&auml;rgid, fliisid, dressipluused, tekstiil, joped ja paljud teised logoga meened, &Auml;rikingitused sinu partnerile! Telli juba t&auml;na.\",\"potentialAction\":[{\"@type\":\"SearchAction\",\"target\":{\"@type\":\"EntryPoint\",\"urlTemplate\":\"https:\/\/kruze.ee\/et\/?s={search_term_string}\"},\"query-input\":{\"@type\":\"PropertyValueSpecification\",\"valueRequired\":true,\"valueName\":\"search_term_string\"}}],\"inLanguage\":\"et\"}]}<\/script>\n<!-- \/ Yoast SEO plugin. -->","yoast_head_json":{"title":"Urban Vitamin Alameda 10 000 mAh 18W PD akupank - Kruze.ee","robots":{"index":"index","follow":"follow","max-snippet":"max-snippet:-1","max-image-preview":"max-image-preview:large","max-video-preview":"max-video-preview:-1"},"canonical":"https:\/\/kruze.ee\/et\/toode\/urban-vitamin-alameda-10-000-mah-18w-pd-akupank\/","og_locale":"et_EE","og_type":"article","og_title":"Urban Vitamin Alameda 10 000 mAh 18W PD akupank - Kruze.ee","og_description":"Lae oma telefoni kuni 2,5 korda selle kiirlaadimisega akupangaga. T\u00e4nu \u00fclikiirele Type-C 18W PD pordile laeb akupank end rekordajaga t\u00e4is ning telefoni...","og_url":"https:\/\/kruze.ee\/et\/toode\/urban-vitamin-alameda-10-000-mah-18w-pd-akupank\/","og_site_name":"Kruze.ee","twitter_card":"summary_large_image","twitter_misc":{"Est. reading time":"1 minut"},"schema":{"@context":"https:\/\/schema.org","@graph":[{"@type":"WebPage","@id":"https:\/\/kruze.ee\/et\/toode\/urban-vitamin-alameda-10-000-mah-18w-pd-akupank\/","url":"https:\/\/kruze.ee\/et\/toode\/urban-vitamin-alameda-10-000-mah-18w-pd-akupank\/","name":"Urban Vitamin Alameda 10 000 mAh 18W PD akupank - Kruze.ee","isPartOf":{"@id":"https:\/\/kruze.ee\/et\/#website"},"datePublished":"2026-03-18T19:46:19+00:00","breadcrumb":{"@id":"https:\/\/kruze.ee\/et\/toode\/urban-vitamin-alameda-10-000-mah-18w-pd-akupank\/#breadcrumb"},"inLanguage":"et","potentialAction":[{"@type":"ReadAction","target":["https:\/\/kruze.ee\/et\/toode\/urban-vitamin-alameda-10-000-mah-18w-pd-akupank\/"]}]},{"@type":"BreadcrumbList","@id":"https:\/\/kruze.ee\/et\/toode\/urban-vitamin-alameda-10-000-mah-18w-pd-akupank\/#breadcrumb","itemListElement":[{"@type":"ListItem","position":1,"name":"Home","item":"https:\/\/kruze.ee\/et\/"},{"@type":"ListItem","position":2,"name":"Tooted","item":"https:\/\/kruze.ee\/et\/tooted\/"},{"@type":"ListItem","position":3,"name":"Urban Vitamin Alameda 10 000 mAh 18W PD akupank"}]},{"@type":"WebSite","@id":"https:\/\/kruze.ee\/et\/#website","url":"https:\/\/kruze.ee\/et\/","name":"Kruze.ee","description":"Reklaamkingitused, tr&uuml;kiga T-s&auml;rgid, fliisid, dressipluused, tekstiil, joped ja paljud teised logoga meened, &Auml;rikingitused sinu partnerile! Telli juba t&auml;na.","potentialAction":[{"@type":"SearchAction","target":{"@type":"EntryPoint","urlTemplate":"https:\/\/kruze.ee\/et\/?s={search_term_string}"},"query-input":{"@type":"PropertyValueSpecification","valueRequired":true,"valueName":"search_term_string"}}],"inLanguage":"et"}]}},"_links":{"self":[{"href":"https:\/\/kruze.ee\/et\/wp-json\/wp\/v2\/product\/1445645","targetHints":{"allow":["GET"]}}],"collection":[{"href":"https:\/\/kruze.ee\/et\/wp-json\/wp\/v2\/product"}],"about":[{"href":"https:\/\/kruze.ee\/et\/wp-json\/wp\/v2\/types\/product"}],"wp:attachment":[{"href":"https:\/\/kruze.ee\/et\/wp-json\/wp\/v2\/media?parent=1445645"}],"wp:term":[{"taxonomy":"product_brand","embeddable":true,"href":"https:\/\/kruze.ee\/et\/wp-json\/wp\/v2\/product_brand?post=1445645"},{"taxonomy":"product_cat","embeddable":true,"href":"https:\/\/kruze.ee\/et\/wp-json\/wp\/v2\/product_cat?post=1445645"},{"taxonomy":"product_tag","embeddable":true,"href":"https:\/\/kruze.ee\/et\/wp-json\/wp\/v2\/product_tag?post=1445645"}],"curies":[{"name":"wp","href":"https:\/\/api.w.org\/{rel}","templated":true}]}}