{"id":1445643,"date":"2026-03-18T22:35:32","date_gmt":"2026-03-18T19:35:32","guid":{"rendered":"https:\/\/kruze.ee\/product\/terra-rcs-recycled-aluminium-powerbank-5-000-mah\/"},"modified":"2026-03-18T22:35:32","modified_gmt":"2026-03-18T19:35:32","slug":"terra-rcs-recycled-aluminium-powerbank-5-000-mah","status":"publish","type":"product","link":"https:\/\/kruze.ee\/et\/toode\/terra-rcs-recycled-aluminium-powerbank-5-000-mah\/","title":{"rendered":"Terra RCS recycled aluminium powerbank 5.000 mAh"},"content":{"rendered":"<p>RCS (Recycled Claim Standard) sertifikaadiga taaskasutatud alumiiniumist ja ABS-plastikust valmistatud powerbank, mille kogukaalust moodustab taaskasutatud materjal 36%. RCS sertifikaat tagab taaskasutatud materjalide t\u00e4ielikult j\u00e4lgitava tarneahela. Alumiinium s\u00e4ilitab taaskasutamisel oma omadused ning on l\u00f5putult \u00fcmbert\u00f6\u00f6deldav. Akupank sisaldab kauakestvat A-klassi 5 000 mAh liitiumpol\u00fcmeerakut. Laadimisindikaatorid n\u00e4itavad allesj\u00e4\u00e4nud energiataset, et teaksite alati, millal seadet uuesti laadida. Toode ja selle lisatarvikud on 100% PVC-vabad. Komplektis on Type-C laadimiskaabel, mis on valmistatud RCS-sertifitseeritud taaskasutatud alumiiniumist, TPE-st ja PET-ist. Pakendatud FSC\u00ae mix sertifikaadiga pakendisse. V\u00e4ljundid: USB 5V\/2.4A ja Type-C 5V\/2.4A. Sisendid: Type-C 2.4A ja Micro USB 5V\/2A.<\/p>\n","protected":false},"excerpt":{"rendered":"<p>RCS (Recycled Claim Standard) sertifikaadiga taaskasutatud alumiiniumist ja ABS-plastikust valmistatud powerbank, mille kogukaalust moodustab taaskasutatud&#8230;<\/p>\n","protected":false},"featured_media":0,"template":"","meta":[],"product_brand":[],"product_cat":[5409],"product_tag":[],"class_list":{"0":"post-1445643","1":"product","2":"type-product","3":"status-publish","5":"product_cat-akupangad","6":"pa_gender-uniseks","7":"pa_gender-unisex","11":"first","12":"instock","13":"purchasable","14":"product-type-simple"},"acf":[],"yoast_head":"<!-- This site is optimized with the Yoast SEO plugin v26.0 - https:\/\/yoast.com\/wordpress\/plugins\/seo\/ -->\n<title>Terra RCS recycled aluminium powerbank 5.000 mAh - Kruze.ee<\/title>\n<meta name=\"robots\" content=\"index, follow, max-snippet:-1, max-image-preview:large, max-video-preview:-1\" \/>\n<link rel=\"canonical\" href=\"https:\/\/kruze.ee\/et\/toode\/terra-rcs-recycled-aluminium-powerbank-5-000-mah\/\" \/>\n<meta property=\"og:locale\" content=\"et_EE\" \/>\n<meta property=\"og:type\" content=\"article\" \/>\n<meta property=\"og:title\" content=\"Terra RCS recycled aluminium powerbank 5.000 mAh - Kruze.ee\" \/>\n<meta property=\"og:description\" content=\"RCS (Recycled Claim Standard) sertifikaadiga taaskasutatud alumiiniumist ja ABS-plastikust valmistatud powerbank, mille kogukaalust moodustab taaskasutatud...\" \/>\n<meta property=\"og:url\" content=\"https:\/\/kruze.ee\/et\/toode\/terra-rcs-recycled-aluminium-powerbank-5-000-mah\/\" \/>\n<meta property=\"og:site_name\" content=\"Kruze.ee\" \/>\n<meta name=\"twitter:card\" content=\"summary_large_image\" \/>\n<script type=\"application\/ld+json\" class=\"yoast-schema-graph\">{\"@context\":\"https:\/\/schema.org\",\"@graph\":[{\"@type\":\"WebPage\",\"@id\":\"https:\/\/kruze.ee\/et\/toode\/terra-rcs-recycled-aluminium-powerbank-5-000-mah\/\",\"url\":\"https:\/\/kruze.ee\/et\/toode\/terra-rcs-recycled-aluminium-powerbank-5-000-mah\/\",\"name\":\"Terra RCS recycled aluminium powerbank 5.000 mAh - Kruze.ee\",\"isPartOf\":{\"@id\":\"https:\/\/kruze.ee\/et\/#website\"},\"datePublished\":\"2026-03-18T19:35:32+00:00\",\"breadcrumb\":{\"@id\":\"https:\/\/kruze.ee\/et\/toode\/terra-rcs-recycled-aluminium-powerbank-5-000-mah\/#breadcrumb\"},\"inLanguage\":\"et\",\"potentialAction\":[{\"@type\":\"ReadAction\",\"target\":[\"https:\/\/kruze.ee\/et\/toode\/terra-rcs-recycled-aluminium-powerbank-5-000-mah\/\"]}]},{\"@type\":\"BreadcrumbList\",\"@id\":\"https:\/\/kruze.ee\/et\/toode\/terra-rcs-recycled-aluminium-powerbank-5-000-mah\/#breadcrumb\",\"itemListElement\":[{\"@type\":\"ListItem\",\"position\":1,\"name\":\"Home\",\"item\":\"https:\/\/kruze.ee\/et\/\"},{\"@type\":\"ListItem\",\"position\":2,\"name\":\"Tooted\",\"item\":\"https:\/\/kruze.ee\/et\/tooted\/\"},{\"@type\":\"ListItem\",\"position\":3,\"name\":\"Terra RCS recycled aluminium powerbank 5.000 mAh\"}]},{\"@type\":\"WebSite\",\"@id\":\"https:\/\/kruze.ee\/et\/#website\",\"url\":\"https:\/\/kruze.ee\/et\/\",\"name\":\"Kruze.ee\",\"description\":\"Reklaamkingitused, tr&uuml;kiga T-s&auml;rgid, fliisid, dressipluused, tekstiil, joped ja paljud teised logoga meened, &Auml;rikingitused sinu partnerile! Telli juba t&auml;na.\",\"potentialAction\":[{\"@type\":\"SearchAction\",\"target\":{\"@type\":\"EntryPoint\",\"urlTemplate\":\"https:\/\/kruze.ee\/et\/?s={search_term_string}\"},\"query-input\":{\"@type\":\"PropertyValueSpecification\",\"valueRequired\":true,\"valueName\":\"search_term_string\"}}],\"inLanguage\":\"et\"}]}<\/script>\n<!-- \/ Yoast SEO plugin. -->","yoast_head_json":{"title":"Terra RCS recycled aluminium powerbank 5.000 mAh - Kruze.ee","robots":{"index":"index","follow":"follow","max-snippet":"max-snippet:-1","max-image-preview":"max-image-preview:large","max-video-preview":"max-video-preview:-1"},"canonical":"https:\/\/kruze.ee\/et\/toode\/terra-rcs-recycled-aluminium-powerbank-5-000-mah\/","og_locale":"et_EE","og_type":"article","og_title":"Terra RCS recycled aluminium powerbank 5.000 mAh - Kruze.ee","og_description":"RCS (Recycled Claim Standard) sertifikaadiga taaskasutatud alumiiniumist ja ABS-plastikust valmistatud powerbank, mille kogukaalust moodustab taaskasutatud...","og_url":"https:\/\/kruze.ee\/et\/toode\/terra-rcs-recycled-aluminium-powerbank-5-000-mah\/","og_site_name":"Kruze.ee","twitter_card":"summary_large_image","schema":{"@context":"https:\/\/schema.org","@graph":[{"@type":"WebPage","@id":"https:\/\/kruze.ee\/et\/toode\/terra-rcs-recycled-aluminium-powerbank-5-000-mah\/","url":"https:\/\/kruze.ee\/et\/toode\/terra-rcs-recycled-aluminium-powerbank-5-000-mah\/","name":"Terra RCS recycled aluminium powerbank 5.000 mAh - Kruze.ee","isPartOf":{"@id":"https:\/\/kruze.ee\/et\/#website"},"datePublished":"2026-03-18T19:35:32+00:00","breadcrumb":{"@id":"https:\/\/kruze.ee\/et\/toode\/terra-rcs-recycled-aluminium-powerbank-5-000-mah\/#breadcrumb"},"inLanguage":"et","potentialAction":[{"@type":"ReadAction","target":["https:\/\/kruze.ee\/et\/toode\/terra-rcs-recycled-aluminium-powerbank-5-000-mah\/"]}]},{"@type":"BreadcrumbList","@id":"https:\/\/kruze.ee\/et\/toode\/terra-rcs-recycled-aluminium-powerbank-5-000-mah\/#breadcrumb","itemListElement":[{"@type":"ListItem","position":1,"name":"Home","item":"https:\/\/kruze.ee\/et\/"},{"@type":"ListItem","position":2,"name":"Tooted","item":"https:\/\/kruze.ee\/et\/tooted\/"},{"@type":"ListItem","position":3,"name":"Terra RCS recycled aluminium powerbank 5.000 mAh"}]},{"@type":"WebSite","@id":"https:\/\/kruze.ee\/et\/#website","url":"https:\/\/kruze.ee\/et\/","name":"Kruze.ee","description":"Reklaamkingitused, tr&uuml;kiga T-s&auml;rgid, fliisid, dressipluused, tekstiil, joped ja paljud teised logoga meened, &Auml;rikingitused sinu partnerile! Telli juba t&auml;na.","potentialAction":[{"@type":"SearchAction","target":{"@type":"EntryPoint","urlTemplate":"https:\/\/kruze.ee\/et\/?s={search_term_string}"},"query-input":{"@type":"PropertyValueSpecification","valueRequired":true,"valueName":"search_term_string"}}],"inLanguage":"et"}]}},"_links":{"self":[{"href":"https:\/\/kruze.ee\/et\/wp-json\/wp\/v2\/product\/1445643","targetHints":{"allow":["GET"]}}],"collection":[{"href":"https:\/\/kruze.ee\/et\/wp-json\/wp\/v2\/product"}],"about":[{"href":"https:\/\/kruze.ee\/et\/wp-json\/wp\/v2\/types\/product"}],"wp:attachment":[{"href":"https:\/\/kruze.ee\/et\/wp-json\/wp\/v2\/media?parent=1445643"}],"wp:term":[{"taxonomy":"product_brand","embeddable":true,"href":"https:\/\/kruze.ee\/et\/wp-json\/wp\/v2\/product_brand?post=1445643"},{"taxonomy":"product_cat","embeddable":true,"href":"https:\/\/kruze.ee\/et\/wp-json\/wp\/v2\/product_cat?post=1445643"},{"taxonomy":"product_tag","embeddable":true,"href":"https:\/\/kruze.ee\/et\/wp-json\/wp\/v2\/product_tag?post=1445643"}],"curies":[{"name":"wp","href":"https:\/\/api.w.org\/{rel}","templated":true}]}}