{"id":1445629,"date":"2026-03-18T21:58:53","date_gmt":"2026-03-18T18:58:53","guid":{"rendered":"https:\/\/kruze.ee\/product\/urban-vitamin-long-beach-enc-taaskasutatud-plastikust-juhtmevabad-korvaklapid\/"},"modified":"2026-03-18T21:58:54","modified_gmt":"2026-03-18T18:58:54","slug":"urban-vitamin-long-beach-enc-taaskasutatud-plastikust-juhtmevabad-korvaklapid","status":"publish","type":"product","link":"https:\/\/kruze.ee\/et\/toode\/urban-vitamin-long-beach-enc-taaskasutatud-plastikust-juhtmevabad-korvaklapid\/","title":{"rendered":"Urban Vitamin Long Beach ENC taaskasutatud plastikust juhtmevabad k\u00f5rvaklapid"},"content":{"rendered":"<p>Tutvu uue p\u00f5lvkonna stiilsete k\u00f5rvaklappidega \u2013 Long Beach open wireless earbuds. Need k\u00f5rvaklapid ei l\u00e4he k\u00f5rva sisse, vaid kinnituvad k\u00f5rva k\u00fclge, p\u00fcsides kindlalt paigal. Nii saad nautida oma lemmikmuusikat ja samal ajal kuulda ka \u00fcmbritsevat maailma. Kuula muusikat ja elu samaaegselt \u2013 rikkaliku ja privaatse heliga. Kuna klapid ei asu k\u00f5rva sees, on need eriti mugavad kanda ka pikema aja jooksul. Sujuvad juhtnupud tagavad lihtsa kasutamise. Aku kestvus on kuni 6,5 tundi k\u00f5rvaklappidel ja kuni 20 tundi laadimiskarbiga. ENC-tehnoloogia tagab kristallselged k\u00f5ned. Veekindlusklass IPX4 kaitseb niiskuse ja pritsmete eest. Long Beach k\u00f5rvaklapid on valmistatud RCS (Recycled Claim Standard) sertifikaadiga taaskasutatud ABS-plastist. Taaskasutatud materjali osakaal on 15% toote kogukaalust. Urban Vitamin tooted on PVC-vabad ning pakendatud v\u00e4hendatud plastikasutusega pakendisse.<\/p>\n","protected":false},"excerpt":{"rendered":"<p>Tutvu uue p\u00f5lvkonna stiilsete k\u00f5rvaklappidega \u2013 Long Beach open wireless earbuds. Need k\u00f5rvaklapid ei l\u00e4he k\u00f5rva sisse, vaid kinnituvad k\u00f5rva k\u00fclge, p\u00fcsides&#8230;<\/p>\n","protected":false},"featured_media":0,"template":"","meta":[],"product_brand":[],"product_cat":[5410],"product_tag":[],"class_list":{"0":"post-1445629","1":"product","2":"type-product","3":"status-publish","5":"product_cat-korvaklapid","6":"pa_gender-uniseks","7":"pa_gender-unisex","11":"first","12":"instock","13":"purchasable","14":"product-type-simple"},"acf":[],"yoast_head":"<!-- This site is optimized with the Yoast SEO plugin v26.0 - https:\/\/yoast.com\/wordpress\/plugins\/seo\/ -->\n<title>Urban Vitamin Long Beach ENC taaskasutatud plastikust juhtmevabad k\u00f5rvaklapid - Kruze.ee<\/title>\n<meta name=\"robots\" content=\"index, follow, max-snippet:-1, max-image-preview:large, max-video-preview:-1\" \/>\n<link rel=\"canonical\" href=\"https:\/\/kruze.ee\/et\/toode\/urban-vitamin-long-beach-enc-taaskasutatud-plastikust-juhtmevabad-korvaklapid\/\" \/>\n<meta property=\"og:locale\" content=\"et_EE\" \/>\n<meta property=\"og:type\" content=\"article\" \/>\n<meta property=\"og:title\" content=\"Urban Vitamin Long Beach ENC taaskasutatud plastikust juhtmevabad k\u00f5rvaklapid - Kruze.ee\" \/>\n<meta property=\"og:description\" content=\"Tutvu uue p\u00f5lvkonna stiilsete k\u00f5rvaklappidega \u2013 Long Beach open wireless earbuds. Need k\u00f5rvaklapid ei l\u00e4he k\u00f5rva sisse, vaid kinnituvad k\u00f5rva k\u00fclge, p\u00fcsides...\" \/>\n<meta property=\"og:url\" content=\"https:\/\/kruze.ee\/et\/toode\/urban-vitamin-long-beach-enc-taaskasutatud-plastikust-juhtmevabad-korvaklapid\/\" \/>\n<meta property=\"og:site_name\" content=\"Kruze.ee\" \/>\n<meta property=\"article:modified_time\" content=\"2026-03-18T18:58:54+00:00\" \/>\n<meta name=\"twitter:card\" content=\"summary_large_image\" \/>\n<meta name=\"twitter:label1\" content=\"Est. reading time\" \/>\n\t<meta name=\"twitter:data1\" content=\"1 minut\" \/>\n<script type=\"application\/ld+json\" class=\"yoast-schema-graph\">{\"@context\":\"https:\/\/schema.org\",\"@graph\":[{\"@type\":\"WebPage\",\"@id\":\"https:\/\/kruze.ee\/et\/toode\/urban-vitamin-long-beach-enc-taaskasutatud-plastikust-juhtmevabad-korvaklapid\/\",\"url\":\"https:\/\/kruze.ee\/et\/toode\/urban-vitamin-long-beach-enc-taaskasutatud-plastikust-juhtmevabad-korvaklapid\/\",\"name\":\"Urban Vitamin Long Beach ENC taaskasutatud plastikust juhtmevabad k\u00f5rvaklapid - Kruze.ee\",\"isPartOf\":{\"@id\":\"https:\/\/kruze.ee\/et\/#website\"},\"datePublished\":\"2026-03-18T18:58:53+00:00\",\"dateModified\":\"2026-03-18T18:58:54+00:00\",\"breadcrumb\":{\"@id\":\"https:\/\/kruze.ee\/et\/toode\/urban-vitamin-long-beach-enc-taaskasutatud-plastikust-juhtmevabad-korvaklapid\/#breadcrumb\"},\"inLanguage\":\"et\",\"potentialAction\":[{\"@type\":\"ReadAction\",\"target\":[\"https:\/\/kruze.ee\/et\/toode\/urban-vitamin-long-beach-enc-taaskasutatud-plastikust-juhtmevabad-korvaklapid\/\"]}]},{\"@type\":\"BreadcrumbList\",\"@id\":\"https:\/\/kruze.ee\/et\/toode\/urban-vitamin-long-beach-enc-taaskasutatud-plastikust-juhtmevabad-korvaklapid\/#breadcrumb\",\"itemListElement\":[{\"@type\":\"ListItem\",\"position\":1,\"name\":\"Home\",\"item\":\"https:\/\/kruze.ee\/et\/\"},{\"@type\":\"ListItem\",\"position\":2,\"name\":\"Tooted\",\"item\":\"https:\/\/kruze.ee\/et\/tooted\/\"},{\"@type\":\"ListItem\",\"position\":3,\"name\":\"Urban Vitamin Long Beach ENC taaskasutatud plastikust juhtmevabad k\u00f5rvaklapid\"}]},{\"@type\":\"WebSite\",\"@id\":\"https:\/\/kruze.ee\/et\/#website\",\"url\":\"https:\/\/kruze.ee\/et\/\",\"name\":\"Kruze.ee\",\"description\":\"Reklaamkingitused, tr&uuml;kiga T-s&auml;rgid, fliisid, dressipluused, tekstiil, joped ja paljud teised logoga meened, &Auml;rikingitused sinu partnerile! Telli juba t&auml;na.\",\"potentialAction\":[{\"@type\":\"SearchAction\",\"target\":{\"@type\":\"EntryPoint\",\"urlTemplate\":\"https:\/\/kruze.ee\/et\/?s={search_term_string}\"},\"query-input\":{\"@type\":\"PropertyValueSpecification\",\"valueRequired\":true,\"valueName\":\"search_term_string\"}}],\"inLanguage\":\"et\"}]}<\/script>\n<!-- \/ Yoast SEO plugin. -->","yoast_head_json":{"title":"Urban Vitamin Long Beach ENC taaskasutatud plastikust juhtmevabad k\u00f5rvaklapid - Kruze.ee","robots":{"index":"index","follow":"follow","max-snippet":"max-snippet:-1","max-image-preview":"max-image-preview:large","max-video-preview":"max-video-preview:-1"},"canonical":"https:\/\/kruze.ee\/et\/toode\/urban-vitamin-long-beach-enc-taaskasutatud-plastikust-juhtmevabad-korvaklapid\/","og_locale":"et_EE","og_type":"article","og_title":"Urban Vitamin Long Beach ENC taaskasutatud plastikust juhtmevabad k\u00f5rvaklapid - Kruze.ee","og_description":"Tutvu uue p\u00f5lvkonna stiilsete k\u00f5rvaklappidega \u2013 Long Beach open wireless earbuds. Need k\u00f5rvaklapid ei l\u00e4he k\u00f5rva sisse, vaid kinnituvad k\u00f5rva k\u00fclge, p\u00fcsides...","og_url":"https:\/\/kruze.ee\/et\/toode\/urban-vitamin-long-beach-enc-taaskasutatud-plastikust-juhtmevabad-korvaklapid\/","og_site_name":"Kruze.ee","article_modified_time":"2026-03-18T18:58:54+00:00","twitter_card":"summary_large_image","twitter_misc":{"Est. reading time":"1 minut"},"schema":{"@context":"https:\/\/schema.org","@graph":[{"@type":"WebPage","@id":"https:\/\/kruze.ee\/et\/toode\/urban-vitamin-long-beach-enc-taaskasutatud-plastikust-juhtmevabad-korvaklapid\/","url":"https:\/\/kruze.ee\/et\/toode\/urban-vitamin-long-beach-enc-taaskasutatud-plastikust-juhtmevabad-korvaklapid\/","name":"Urban Vitamin Long Beach ENC taaskasutatud plastikust juhtmevabad k\u00f5rvaklapid - Kruze.ee","isPartOf":{"@id":"https:\/\/kruze.ee\/et\/#website"},"datePublished":"2026-03-18T18:58:53+00:00","dateModified":"2026-03-18T18:58:54+00:00","breadcrumb":{"@id":"https:\/\/kruze.ee\/et\/toode\/urban-vitamin-long-beach-enc-taaskasutatud-plastikust-juhtmevabad-korvaklapid\/#breadcrumb"},"inLanguage":"et","potentialAction":[{"@type":"ReadAction","target":["https:\/\/kruze.ee\/et\/toode\/urban-vitamin-long-beach-enc-taaskasutatud-plastikust-juhtmevabad-korvaklapid\/"]}]},{"@type":"BreadcrumbList","@id":"https:\/\/kruze.ee\/et\/toode\/urban-vitamin-long-beach-enc-taaskasutatud-plastikust-juhtmevabad-korvaklapid\/#breadcrumb","itemListElement":[{"@type":"ListItem","position":1,"name":"Home","item":"https:\/\/kruze.ee\/et\/"},{"@type":"ListItem","position":2,"name":"Tooted","item":"https:\/\/kruze.ee\/et\/tooted\/"},{"@type":"ListItem","position":3,"name":"Urban Vitamin Long Beach ENC taaskasutatud plastikust juhtmevabad k\u00f5rvaklapid"}]},{"@type":"WebSite","@id":"https:\/\/kruze.ee\/et\/#website","url":"https:\/\/kruze.ee\/et\/","name":"Kruze.ee","description":"Reklaamkingitused, tr&uuml;kiga T-s&auml;rgid, fliisid, dressipluused, tekstiil, joped ja paljud teised logoga meened, &Auml;rikingitused sinu partnerile! Telli juba t&auml;na.","potentialAction":[{"@type":"SearchAction","target":{"@type":"EntryPoint","urlTemplate":"https:\/\/kruze.ee\/et\/?s={search_term_string}"},"query-input":{"@type":"PropertyValueSpecification","valueRequired":true,"valueName":"search_term_string"}}],"inLanguage":"et"}]}},"_links":{"self":[{"href":"https:\/\/kruze.ee\/et\/wp-json\/wp\/v2\/product\/1445629","targetHints":{"allow":["GET"]}}],"collection":[{"href":"https:\/\/kruze.ee\/et\/wp-json\/wp\/v2\/product"}],"about":[{"href":"https:\/\/kruze.ee\/et\/wp-json\/wp\/v2\/types\/product"}],"wp:attachment":[{"href":"https:\/\/kruze.ee\/et\/wp-json\/wp\/v2\/media?parent=1445629"}],"wp:term":[{"taxonomy":"product_brand","embeddable":true,"href":"https:\/\/kruze.ee\/et\/wp-json\/wp\/v2\/product_brand?post=1445629"},{"taxonomy":"product_cat","embeddable":true,"href":"https:\/\/kruze.ee\/et\/wp-json\/wp\/v2\/product_cat?post=1445629"},{"taxonomy":"product_tag","embeddable":true,"href":"https:\/\/kruze.ee\/et\/wp-json\/wp\/v2\/product_tag?post=1445629"}],"curies":[{"name":"wp","href":"https:\/\/api.w.org\/{rel}","templated":true}]}}