{"id":1445627,"date":"2026-03-18T21:58:52","date_gmt":"2026-03-18T18:58:52","guid":{"rendered":"https:\/\/kruze.ee\/product\/lakewood-rcs-taaskasutatud-ja-parandatavad-juhtmevabad-korvaklapid\/"},"modified":"2026-03-18T21:58:52","modified_gmt":"2026-03-18T18:58:52","slug":"lakewood-rcs-taaskasutatud-ja-parandatavad-juhtmevabad-korvaklapid","status":"publish","type":"product","link":"https:\/\/kruze.ee\/et\/toode\/lakewood-rcs-taaskasutatud-ja-parandatavad-juhtmevabad-korvaklapid\/","title":{"rendered":"Lakewood RCS taaskasutatud ja parandatavad juhtmevabad k\u00f5rvaklapid"},"content":{"rendered":"<p>Tutvu tulevikuga. Tulevikuga, kus tooted on loodud kestma kauem ja disainitud nii, et neid oleks lihtne parandada. Lakewood k\u00f5rvaklapid pakuvad kvaliteetset Hi-Fi heli. Suurep\u00e4rase kvaliteediga ANC (32 dB) ja ENC-re\u017eiim tagavad v\u00e4ga selged k\u00f5ned. K\u00f5rvaklapid on varustatud 6 mikrofoni ja h\u00e4\u00e4lassistendiga, mis parandavad k\u00f5nekvaliteeti veelgi. ANC-funktsiooni saab vajadusel l\u00fclitada ka l\u00e4bipaistvusre\u017eiimile. Lakewoodi laadimiskarp on disainitud eemaldatava akuga, mida saab vajadusel lihtsalt vahetada, et pikendada k\u00f5rvaklappide eluiga. T\u00e4nu topelt\u00fchenduse re\u017eiimile saab neid \u00fchendada mitme seadmega. Lakewood pakub kuni 6 tundi kasutusaega.<\/p>\n","protected":false},"excerpt":{"rendered":"<p>Tutvu tulevikuga. Tulevikuga, kus tooted on loodud kestma kauem ja disainitud nii, et neid oleks lihtne parandada. Lakewood k\u00f5rvaklapid pakuvad kvaliteetset&#8230;<\/p>\n","protected":false},"featured_media":0,"template":"","meta":[],"product_brand":[],"product_cat":[5410],"product_tag":[],"class_list":{"0":"post-1445627","1":"product","2":"type-product","3":"status-publish","5":"product_cat-korvaklapid","6":"pa_gender-uniseks","7":"pa_gender-unisex","11":"first","12":"instock","13":"purchasable","14":"product-type-simple"},"acf":[],"yoast_head":"<!-- This site is optimized with the Yoast SEO plugin v26.0 - https:\/\/yoast.com\/wordpress\/plugins\/seo\/ -->\n<title>Lakewood RCS taaskasutatud ja parandatavad juhtmevabad k\u00f5rvaklapid - Kruze.ee<\/title>\n<meta name=\"robots\" content=\"index, follow, max-snippet:-1, max-image-preview:large, max-video-preview:-1\" \/>\n<link rel=\"canonical\" href=\"https:\/\/kruze.ee\/et\/toode\/lakewood-rcs-taaskasutatud-ja-parandatavad-juhtmevabad-korvaklapid\/\" \/>\n<meta property=\"og:locale\" content=\"et_EE\" \/>\n<meta property=\"og:type\" content=\"article\" \/>\n<meta property=\"og:title\" content=\"Lakewood RCS taaskasutatud ja parandatavad juhtmevabad k\u00f5rvaklapid - Kruze.ee\" \/>\n<meta property=\"og:description\" content=\"Tutvu tulevikuga. Tulevikuga, kus tooted on loodud kestma kauem ja disainitud nii, et neid oleks lihtne parandada. Lakewood k\u00f5rvaklapid pakuvad kvaliteetset...\" \/>\n<meta property=\"og:url\" content=\"https:\/\/kruze.ee\/et\/toode\/lakewood-rcs-taaskasutatud-ja-parandatavad-juhtmevabad-korvaklapid\/\" \/>\n<meta property=\"og:site_name\" content=\"Kruze.ee\" \/>\n<meta name=\"twitter:card\" content=\"summary_large_image\" \/>\n<script type=\"application\/ld+json\" class=\"yoast-schema-graph\">{\"@context\":\"https:\/\/schema.org\",\"@graph\":[{\"@type\":\"WebPage\",\"@id\":\"https:\/\/kruze.ee\/et\/toode\/lakewood-rcs-taaskasutatud-ja-parandatavad-juhtmevabad-korvaklapid\/\",\"url\":\"https:\/\/kruze.ee\/et\/toode\/lakewood-rcs-taaskasutatud-ja-parandatavad-juhtmevabad-korvaklapid\/\",\"name\":\"Lakewood RCS taaskasutatud ja parandatavad juhtmevabad k\u00f5rvaklapid - Kruze.ee\",\"isPartOf\":{\"@id\":\"https:\/\/kruze.ee\/et\/#website\"},\"datePublished\":\"2026-03-18T18:58:52+00:00\",\"breadcrumb\":{\"@id\":\"https:\/\/kruze.ee\/et\/toode\/lakewood-rcs-taaskasutatud-ja-parandatavad-juhtmevabad-korvaklapid\/#breadcrumb\"},\"inLanguage\":\"et\",\"potentialAction\":[{\"@type\":\"ReadAction\",\"target\":[\"https:\/\/kruze.ee\/et\/toode\/lakewood-rcs-taaskasutatud-ja-parandatavad-juhtmevabad-korvaklapid\/\"]}]},{\"@type\":\"BreadcrumbList\",\"@id\":\"https:\/\/kruze.ee\/et\/toode\/lakewood-rcs-taaskasutatud-ja-parandatavad-juhtmevabad-korvaklapid\/#breadcrumb\",\"itemListElement\":[{\"@type\":\"ListItem\",\"position\":1,\"name\":\"Home\",\"item\":\"https:\/\/kruze.ee\/et\/\"},{\"@type\":\"ListItem\",\"position\":2,\"name\":\"Tooted\",\"item\":\"https:\/\/kruze.ee\/et\/tooted\/\"},{\"@type\":\"ListItem\",\"position\":3,\"name\":\"Lakewood RCS taaskasutatud ja parandatavad juhtmevabad k\u00f5rvaklapid\"}]},{\"@type\":\"WebSite\",\"@id\":\"https:\/\/kruze.ee\/et\/#website\",\"url\":\"https:\/\/kruze.ee\/et\/\",\"name\":\"Kruze.ee\",\"description\":\"Reklaamkingitused, tr&uuml;kiga T-s&auml;rgid, fliisid, dressipluused, tekstiil, joped ja paljud teised logoga meened, &Auml;rikingitused sinu partnerile! Telli juba t&auml;na.\",\"potentialAction\":[{\"@type\":\"SearchAction\",\"target\":{\"@type\":\"EntryPoint\",\"urlTemplate\":\"https:\/\/kruze.ee\/et\/?s={search_term_string}\"},\"query-input\":{\"@type\":\"PropertyValueSpecification\",\"valueRequired\":true,\"valueName\":\"search_term_string\"}}],\"inLanguage\":\"et\"}]}<\/script>\n<!-- \/ Yoast SEO plugin. -->","yoast_head_json":{"title":"Lakewood RCS taaskasutatud ja parandatavad juhtmevabad k\u00f5rvaklapid - Kruze.ee","robots":{"index":"index","follow":"follow","max-snippet":"max-snippet:-1","max-image-preview":"max-image-preview:large","max-video-preview":"max-video-preview:-1"},"canonical":"https:\/\/kruze.ee\/et\/toode\/lakewood-rcs-taaskasutatud-ja-parandatavad-juhtmevabad-korvaklapid\/","og_locale":"et_EE","og_type":"article","og_title":"Lakewood RCS taaskasutatud ja parandatavad juhtmevabad k\u00f5rvaklapid - Kruze.ee","og_description":"Tutvu tulevikuga. Tulevikuga, kus tooted on loodud kestma kauem ja disainitud nii, et neid oleks lihtne parandada. Lakewood k\u00f5rvaklapid pakuvad kvaliteetset...","og_url":"https:\/\/kruze.ee\/et\/toode\/lakewood-rcs-taaskasutatud-ja-parandatavad-juhtmevabad-korvaklapid\/","og_site_name":"Kruze.ee","twitter_card":"summary_large_image","schema":{"@context":"https:\/\/schema.org","@graph":[{"@type":"WebPage","@id":"https:\/\/kruze.ee\/et\/toode\/lakewood-rcs-taaskasutatud-ja-parandatavad-juhtmevabad-korvaklapid\/","url":"https:\/\/kruze.ee\/et\/toode\/lakewood-rcs-taaskasutatud-ja-parandatavad-juhtmevabad-korvaklapid\/","name":"Lakewood RCS taaskasutatud ja parandatavad juhtmevabad k\u00f5rvaklapid - Kruze.ee","isPartOf":{"@id":"https:\/\/kruze.ee\/et\/#website"},"datePublished":"2026-03-18T18:58:52+00:00","breadcrumb":{"@id":"https:\/\/kruze.ee\/et\/toode\/lakewood-rcs-taaskasutatud-ja-parandatavad-juhtmevabad-korvaklapid\/#breadcrumb"},"inLanguage":"et","potentialAction":[{"@type":"ReadAction","target":["https:\/\/kruze.ee\/et\/toode\/lakewood-rcs-taaskasutatud-ja-parandatavad-juhtmevabad-korvaklapid\/"]}]},{"@type":"BreadcrumbList","@id":"https:\/\/kruze.ee\/et\/toode\/lakewood-rcs-taaskasutatud-ja-parandatavad-juhtmevabad-korvaklapid\/#breadcrumb","itemListElement":[{"@type":"ListItem","position":1,"name":"Home","item":"https:\/\/kruze.ee\/et\/"},{"@type":"ListItem","position":2,"name":"Tooted","item":"https:\/\/kruze.ee\/et\/tooted\/"},{"@type":"ListItem","position":3,"name":"Lakewood RCS taaskasutatud ja parandatavad juhtmevabad k\u00f5rvaklapid"}]},{"@type":"WebSite","@id":"https:\/\/kruze.ee\/et\/#website","url":"https:\/\/kruze.ee\/et\/","name":"Kruze.ee","description":"Reklaamkingitused, tr&uuml;kiga T-s&auml;rgid, fliisid, dressipluused, tekstiil, joped ja paljud teised logoga meened, &Auml;rikingitused sinu partnerile! Telli juba t&auml;na.","potentialAction":[{"@type":"SearchAction","target":{"@type":"EntryPoint","urlTemplate":"https:\/\/kruze.ee\/et\/?s={search_term_string}"},"query-input":{"@type":"PropertyValueSpecification","valueRequired":true,"valueName":"search_term_string"}}],"inLanguage":"et"}]}},"_links":{"self":[{"href":"https:\/\/kruze.ee\/et\/wp-json\/wp\/v2\/product\/1445627","targetHints":{"allow":["GET"]}}],"collection":[{"href":"https:\/\/kruze.ee\/et\/wp-json\/wp\/v2\/product"}],"about":[{"href":"https:\/\/kruze.ee\/et\/wp-json\/wp\/v2\/types\/product"}],"wp:attachment":[{"href":"https:\/\/kruze.ee\/et\/wp-json\/wp\/v2\/media?parent=1445627"}],"wp:term":[{"taxonomy":"product_brand","embeddable":true,"href":"https:\/\/kruze.ee\/et\/wp-json\/wp\/v2\/product_brand?post=1445627"},{"taxonomy":"product_cat","embeddable":true,"href":"https:\/\/kruze.ee\/et\/wp-json\/wp\/v2\/product_cat?post=1445627"},{"taxonomy":"product_tag","embeddable":true,"href":"https:\/\/kruze.ee\/et\/wp-json\/wp\/v2\/product_tag?post=1445627"}],"curies":[{"name":"wp","href":"https:\/\/api.w.org\/{rel}","templated":true}]}}