{"id":1445625,"date":"2026-03-18T21:58:50","date_gmt":"2026-03-18T18:58:50","guid":{"rendered":"https:\/\/kruze.ee\/product\/airtune-rcs-taaskasutatud-plastikust-anc-korvaklapid-puutetundliku-ekraaniga\/"},"modified":"2026-03-18T21:58:50","modified_gmt":"2026-03-18T18:58:50","slug":"airtune-rcs-taaskasutatud-plastikust-anc-korvaklapid-puutetundliku-ekraaniga","status":"publish","type":"product","link":"https:\/\/kruze.ee\/et\/toode\/airtune-rcs-taaskasutatud-plastikust-anc-korvaklapid-puutetundliku-ekraaniga\/","title":{"rendered":"Airtune RCS taaskasutatud plastikust ANC k\u00f5rvaklapid puutetundliku ekraaniga"},"content":{"rendered":"<p>ANC-funktsiooniga juhtmevabade k\u00f5rvaklappidega, kus aktiivne m\u00fcrasummutus v\u00e4hendab \u00fcmbritsevat m\u00fcra ja aitab paremini keskenduda. Laadimiskarbile integreeritud TFT puuteekraan v\u00f5imaldab mugavalt leida k\u00f5rvaklappe, reguleerida helitugevust, valida j\u00e4rgmise loo, vastata k\u00f5nedele ning vahetada keelt (valikus 8 keelt) ja kasutada mitmeid teisi funktsioone. K\u00f5rvaklapid ja laadimiskarp on valmistatud RCS (Recycled Claim Standard) sertifitseeritud taaskasutatud ABS-materjalist, millest 43% moodustab toote kogukaalust, tagades kontrollitud ja sertifitseeritud tarneahela. BT 5.3 tehnoloogia tagab automaatse ja stabiilse \u00fchenduse, 30 mAh aku v\u00f5imaldab kuni 6 tundi m\u00e4ngimisaega ANC re\u017eiimis ning laadimine kestab umbes 1,5 tundi laadimiskarbis. M\u00fcrasummutuse tase on 23 dB ning komplekti kuulub 3 erineva suurusega k\u00f5rvaotsikut.<\/p>\n","protected":false},"excerpt":{"rendered":"<p>ANC-funktsiooniga juhtmevabade k\u00f5rvaklappidega, kus aktiivne m\u00fcrasummutus v\u00e4hendab \u00fcmbritsevat m\u00fcra ja aitab paremini keskenduda. Laadimiskarbile integreeritud&#8230;<\/p>\n","protected":false},"featured_media":0,"template":"","meta":[],"product_brand":[],"product_cat":[5410],"product_tag":[],"class_list":{"0":"post-1445625","1":"product","2":"type-product","3":"status-publish","5":"product_cat-korvaklapid","6":"pa_gender-uniseks","7":"pa_gender-unisex","11":"first","12":"instock","13":"purchasable","14":"product-type-simple"},"acf":[],"yoast_head":"<!-- This site is optimized with the Yoast SEO plugin v26.0 - https:\/\/yoast.com\/wordpress\/plugins\/seo\/ -->\n<title>Airtune RCS taaskasutatud plastikust ANC k\u00f5rvaklapid puutetundliku ekraaniga - Kruze.ee<\/title>\n<meta name=\"robots\" content=\"index, follow, max-snippet:-1, max-image-preview:large, max-video-preview:-1\" \/>\n<link rel=\"canonical\" href=\"https:\/\/kruze.ee\/et\/toode\/airtune-rcs-taaskasutatud-plastikust-anc-korvaklapid-puutetundliku-ekraaniga\/\" \/>\n<meta property=\"og:locale\" content=\"et_EE\" \/>\n<meta property=\"og:type\" content=\"article\" \/>\n<meta property=\"og:title\" content=\"Airtune RCS taaskasutatud plastikust ANC k\u00f5rvaklapid puutetundliku ekraaniga - Kruze.ee\" \/>\n<meta property=\"og:description\" content=\"ANC-funktsiooniga juhtmevabade k\u00f5rvaklappidega, kus aktiivne m\u00fcrasummutus v\u00e4hendab \u00fcmbritsevat m\u00fcra ja aitab paremini keskenduda. Laadimiskarbile integreeritud...\" \/>\n<meta property=\"og:url\" content=\"https:\/\/kruze.ee\/et\/toode\/airtune-rcs-taaskasutatud-plastikust-anc-korvaklapid-puutetundliku-ekraaniga\/\" \/>\n<meta property=\"og:site_name\" content=\"Kruze.ee\" \/>\n<meta name=\"twitter:card\" content=\"summary_large_image\" \/>\n<meta name=\"twitter:label1\" content=\"Est. reading time\" \/>\n\t<meta name=\"twitter:data1\" content=\"1 minut\" \/>\n<script type=\"application\/ld+json\" class=\"yoast-schema-graph\">{\"@context\":\"https:\/\/schema.org\",\"@graph\":[{\"@type\":\"WebPage\",\"@id\":\"https:\/\/kruze.ee\/et\/toode\/airtune-rcs-taaskasutatud-plastikust-anc-korvaklapid-puutetundliku-ekraaniga\/\",\"url\":\"https:\/\/kruze.ee\/et\/toode\/airtune-rcs-taaskasutatud-plastikust-anc-korvaklapid-puutetundliku-ekraaniga\/\",\"name\":\"Airtune RCS taaskasutatud plastikust ANC k\u00f5rvaklapid puutetundliku ekraaniga - Kruze.ee\",\"isPartOf\":{\"@id\":\"https:\/\/kruze.ee\/et\/#website\"},\"datePublished\":\"2026-03-18T18:58:50+00:00\",\"breadcrumb\":{\"@id\":\"https:\/\/kruze.ee\/et\/toode\/airtune-rcs-taaskasutatud-plastikust-anc-korvaklapid-puutetundliku-ekraaniga\/#breadcrumb\"},\"inLanguage\":\"et\",\"potentialAction\":[{\"@type\":\"ReadAction\",\"target\":[\"https:\/\/kruze.ee\/et\/toode\/airtune-rcs-taaskasutatud-plastikust-anc-korvaklapid-puutetundliku-ekraaniga\/\"]}]},{\"@type\":\"BreadcrumbList\",\"@id\":\"https:\/\/kruze.ee\/et\/toode\/airtune-rcs-taaskasutatud-plastikust-anc-korvaklapid-puutetundliku-ekraaniga\/#breadcrumb\",\"itemListElement\":[{\"@type\":\"ListItem\",\"position\":1,\"name\":\"Home\",\"item\":\"https:\/\/kruze.ee\/et\/\"},{\"@type\":\"ListItem\",\"position\":2,\"name\":\"Tooted\",\"item\":\"https:\/\/kruze.ee\/et\/tooted\/\"},{\"@type\":\"ListItem\",\"position\":3,\"name\":\"Airtune RCS taaskasutatud plastikust ANC k\u00f5rvaklapid puutetundliku ekraaniga\"}]},{\"@type\":\"WebSite\",\"@id\":\"https:\/\/kruze.ee\/et\/#website\",\"url\":\"https:\/\/kruze.ee\/et\/\",\"name\":\"Kruze.ee\",\"description\":\"Reklaamkingitused, tr&uuml;kiga T-s&auml;rgid, fliisid, dressipluused, tekstiil, joped ja paljud teised logoga meened, &Auml;rikingitused sinu partnerile! Telli juba t&auml;na.\",\"potentialAction\":[{\"@type\":\"SearchAction\",\"target\":{\"@type\":\"EntryPoint\",\"urlTemplate\":\"https:\/\/kruze.ee\/et\/?s={search_term_string}\"},\"query-input\":{\"@type\":\"PropertyValueSpecification\",\"valueRequired\":true,\"valueName\":\"search_term_string\"}}],\"inLanguage\":\"et\"}]}<\/script>\n<!-- \/ Yoast SEO plugin. -->","yoast_head_json":{"title":"Airtune RCS taaskasutatud plastikust ANC k\u00f5rvaklapid puutetundliku ekraaniga - Kruze.ee","robots":{"index":"index","follow":"follow","max-snippet":"max-snippet:-1","max-image-preview":"max-image-preview:large","max-video-preview":"max-video-preview:-1"},"canonical":"https:\/\/kruze.ee\/et\/toode\/airtune-rcs-taaskasutatud-plastikust-anc-korvaklapid-puutetundliku-ekraaniga\/","og_locale":"et_EE","og_type":"article","og_title":"Airtune RCS taaskasutatud plastikust ANC k\u00f5rvaklapid puutetundliku ekraaniga - Kruze.ee","og_description":"ANC-funktsiooniga juhtmevabade k\u00f5rvaklappidega, kus aktiivne m\u00fcrasummutus v\u00e4hendab \u00fcmbritsevat m\u00fcra ja aitab paremini keskenduda. Laadimiskarbile integreeritud...","og_url":"https:\/\/kruze.ee\/et\/toode\/airtune-rcs-taaskasutatud-plastikust-anc-korvaklapid-puutetundliku-ekraaniga\/","og_site_name":"Kruze.ee","twitter_card":"summary_large_image","twitter_misc":{"Est. reading time":"1 minut"},"schema":{"@context":"https:\/\/schema.org","@graph":[{"@type":"WebPage","@id":"https:\/\/kruze.ee\/et\/toode\/airtune-rcs-taaskasutatud-plastikust-anc-korvaklapid-puutetundliku-ekraaniga\/","url":"https:\/\/kruze.ee\/et\/toode\/airtune-rcs-taaskasutatud-plastikust-anc-korvaklapid-puutetundliku-ekraaniga\/","name":"Airtune RCS taaskasutatud plastikust ANC k\u00f5rvaklapid puutetundliku ekraaniga - Kruze.ee","isPartOf":{"@id":"https:\/\/kruze.ee\/et\/#website"},"datePublished":"2026-03-18T18:58:50+00:00","breadcrumb":{"@id":"https:\/\/kruze.ee\/et\/toode\/airtune-rcs-taaskasutatud-plastikust-anc-korvaklapid-puutetundliku-ekraaniga\/#breadcrumb"},"inLanguage":"et","potentialAction":[{"@type":"ReadAction","target":["https:\/\/kruze.ee\/et\/toode\/airtune-rcs-taaskasutatud-plastikust-anc-korvaklapid-puutetundliku-ekraaniga\/"]}]},{"@type":"BreadcrumbList","@id":"https:\/\/kruze.ee\/et\/toode\/airtune-rcs-taaskasutatud-plastikust-anc-korvaklapid-puutetundliku-ekraaniga\/#breadcrumb","itemListElement":[{"@type":"ListItem","position":1,"name":"Home","item":"https:\/\/kruze.ee\/et\/"},{"@type":"ListItem","position":2,"name":"Tooted","item":"https:\/\/kruze.ee\/et\/tooted\/"},{"@type":"ListItem","position":3,"name":"Airtune RCS taaskasutatud plastikust ANC k\u00f5rvaklapid puutetundliku ekraaniga"}]},{"@type":"WebSite","@id":"https:\/\/kruze.ee\/et\/#website","url":"https:\/\/kruze.ee\/et\/","name":"Kruze.ee","description":"Reklaamkingitused, tr&uuml;kiga T-s&auml;rgid, fliisid, dressipluused, tekstiil, joped ja paljud teised logoga meened, &Auml;rikingitused sinu partnerile! Telli juba t&auml;na.","potentialAction":[{"@type":"SearchAction","target":{"@type":"EntryPoint","urlTemplate":"https:\/\/kruze.ee\/et\/?s={search_term_string}"},"query-input":{"@type":"PropertyValueSpecification","valueRequired":true,"valueName":"search_term_string"}}],"inLanguage":"et"}]}},"_links":{"self":[{"href":"https:\/\/kruze.ee\/et\/wp-json\/wp\/v2\/product\/1445625","targetHints":{"allow":["GET"]}}],"collection":[{"href":"https:\/\/kruze.ee\/et\/wp-json\/wp\/v2\/product"}],"about":[{"href":"https:\/\/kruze.ee\/et\/wp-json\/wp\/v2\/types\/product"}],"wp:attachment":[{"href":"https:\/\/kruze.ee\/et\/wp-json\/wp\/v2\/media?parent=1445625"}],"wp:term":[{"taxonomy":"product_brand","embeddable":true,"href":"https:\/\/kruze.ee\/et\/wp-json\/wp\/v2\/product_brand?post=1445625"},{"taxonomy":"product_cat","embeddable":true,"href":"https:\/\/kruze.ee\/et\/wp-json\/wp\/v2\/product_cat?post=1445625"},{"taxonomy":"product_tag","embeddable":true,"href":"https:\/\/kruze.ee\/et\/wp-json\/wp\/v2\/product_tag?post=1445625"}],"curies":[{"name":"wp","href":"https:\/\/api.w.org\/{rel}","templated":true}]}}