{"id":1445623,"date":"2026-03-18T21:58:48","date_gmt":"2026-03-18T18:58:48","guid":{"rendered":"https:\/\/kruze.ee\/product\/fitsound-rcs-taaskasutatud-plastikust-avatud-disainiga-tws-korvaklapid\/"},"modified":"2026-03-18T21:58:48","modified_gmt":"2026-03-18T18:58:48","slug":"fitsound-rcs-taaskasutatud-plastikust-avatud-disainiga-tws-korvaklapid","status":"publish","type":"product","link":"https:\/\/kruze.ee\/et\/toode\/fitsound-rcs-taaskasutatud-plastikust-avatud-disainiga-tws-korvaklapid\/","title":{"rendered":"Fitsound RCS taaskasutatud plastikust avatud disainiga TWS k\u00f5rvaklapid"},"content":{"rendered":"<p>Avatud disainiga juhtmevabad k\u00f5rvaklapid on valmistatud RCS (Recycled Claim Standard) sertifitseeritud taaskasutatud ABS-materjalist, millest 58% moodustab toote kogukaalust, tagades t\u00e4ielikult kontrollitud taaskasutatud materjalide tarneahela. T\u00e4nu k\u00f5rvakonksule ja avatud ehitusele on neid mugav kanda kogu p\u00e4eva ning kuna klapid ei l\u00e4he k\u00f5rva sisse, saad samal ajal kuulata muusikat ja olla teadlik \u00fcmbritsevast. K\u00f5rvaklappidel on 30 mAh aku ning need laevad 200 mAh laadimiskarbis umbes 1,5 tunniga, pakkudes kuni 5 tundi m\u00e4ngimisaega keskmisel helitugevusel. BT 5.3 tagab stabiilse \u00fchenduse kuni 10 meetri ulatuses ning sisseehitatud mikrofon v\u00f5imaldab ka k\u00f5nesid teha. Komplekti kuulub RCS sertifitseeritud taaskasutatud TPE laadimiskaabel ning toode on pakendatud FSC\u00ae mix kraft-pakendisse koos k\u00f5ikide lisatarvikutega.<\/p>\n","protected":false},"excerpt":{"rendered":"<p>Avatud disainiga juhtmevabad k\u00f5rvaklapid on valmistatud RCS (Recycled Claim Standard) sertifitseeritud taaskasutatud ABS-materjalist, millest 58% moodustab&#8230;<\/p>\n","protected":false},"featured_media":0,"template":"","meta":[],"product_brand":[],"product_cat":[5410],"product_tag":[],"class_list":{"0":"post-1445623","1":"product","2":"type-product","3":"status-publish","5":"product_cat-korvaklapid","6":"pa_gender-uniseks","7":"pa_gender-unisex","11":"first","12":"instock","13":"purchasable","14":"product-type-simple"},"acf":[],"yoast_head":"<!-- This site is optimized with the Yoast SEO plugin v26.0 - https:\/\/yoast.com\/wordpress\/plugins\/seo\/ -->\n<title>Fitsound RCS taaskasutatud plastikust avatud disainiga TWS k\u00f5rvaklapid - Kruze.ee<\/title>\n<meta name=\"robots\" content=\"index, follow, max-snippet:-1, max-image-preview:large, max-video-preview:-1\" \/>\n<link rel=\"canonical\" href=\"https:\/\/kruze.ee\/et\/toode\/fitsound-rcs-taaskasutatud-plastikust-avatud-disainiga-tws-korvaklapid\/\" \/>\n<meta property=\"og:locale\" content=\"et_EE\" \/>\n<meta property=\"og:type\" content=\"article\" \/>\n<meta property=\"og:title\" content=\"Fitsound RCS taaskasutatud plastikust avatud disainiga TWS k\u00f5rvaklapid - Kruze.ee\" \/>\n<meta property=\"og:description\" content=\"Avatud disainiga juhtmevabad k\u00f5rvaklapid on valmistatud RCS (Recycled Claim Standard) sertifitseeritud taaskasutatud ABS-materjalist, millest 58% moodustab...\" \/>\n<meta property=\"og:url\" content=\"https:\/\/kruze.ee\/et\/toode\/fitsound-rcs-taaskasutatud-plastikust-avatud-disainiga-tws-korvaklapid\/\" \/>\n<meta property=\"og:site_name\" content=\"Kruze.ee\" \/>\n<meta name=\"twitter:card\" content=\"summary_large_image\" \/>\n<meta name=\"twitter:label1\" content=\"Est. reading time\" \/>\n\t<meta name=\"twitter:data1\" content=\"1 minut\" \/>\n<script type=\"application\/ld+json\" class=\"yoast-schema-graph\">{\"@context\":\"https:\/\/schema.org\",\"@graph\":[{\"@type\":\"WebPage\",\"@id\":\"https:\/\/kruze.ee\/et\/toode\/fitsound-rcs-taaskasutatud-plastikust-avatud-disainiga-tws-korvaklapid\/\",\"url\":\"https:\/\/kruze.ee\/et\/toode\/fitsound-rcs-taaskasutatud-plastikust-avatud-disainiga-tws-korvaklapid\/\",\"name\":\"Fitsound RCS taaskasutatud plastikust avatud disainiga TWS k\u00f5rvaklapid - Kruze.ee\",\"isPartOf\":{\"@id\":\"https:\/\/kruze.ee\/et\/#website\"},\"datePublished\":\"2026-03-18T18:58:48+00:00\",\"breadcrumb\":{\"@id\":\"https:\/\/kruze.ee\/et\/toode\/fitsound-rcs-taaskasutatud-plastikust-avatud-disainiga-tws-korvaklapid\/#breadcrumb\"},\"inLanguage\":\"et\",\"potentialAction\":[{\"@type\":\"ReadAction\",\"target\":[\"https:\/\/kruze.ee\/et\/toode\/fitsound-rcs-taaskasutatud-plastikust-avatud-disainiga-tws-korvaklapid\/\"]}]},{\"@type\":\"BreadcrumbList\",\"@id\":\"https:\/\/kruze.ee\/et\/toode\/fitsound-rcs-taaskasutatud-plastikust-avatud-disainiga-tws-korvaklapid\/#breadcrumb\",\"itemListElement\":[{\"@type\":\"ListItem\",\"position\":1,\"name\":\"Home\",\"item\":\"https:\/\/kruze.ee\/et\/\"},{\"@type\":\"ListItem\",\"position\":2,\"name\":\"Tooted\",\"item\":\"https:\/\/kruze.ee\/et\/tooted\/\"},{\"@type\":\"ListItem\",\"position\":3,\"name\":\"Fitsound RCS taaskasutatud plastikust avatud disainiga TWS k\u00f5rvaklapid\"}]},{\"@type\":\"WebSite\",\"@id\":\"https:\/\/kruze.ee\/et\/#website\",\"url\":\"https:\/\/kruze.ee\/et\/\",\"name\":\"Kruze.ee\",\"description\":\"Reklaamkingitused, tr&uuml;kiga T-s&auml;rgid, fliisid, dressipluused, tekstiil, joped ja paljud teised logoga meened, &Auml;rikingitused sinu partnerile! Telli juba t&auml;na.\",\"potentialAction\":[{\"@type\":\"SearchAction\",\"target\":{\"@type\":\"EntryPoint\",\"urlTemplate\":\"https:\/\/kruze.ee\/et\/?s={search_term_string}\"},\"query-input\":{\"@type\":\"PropertyValueSpecification\",\"valueRequired\":true,\"valueName\":\"search_term_string\"}}],\"inLanguage\":\"et\"}]}<\/script>\n<!-- \/ Yoast SEO plugin. -->","yoast_head_json":{"title":"Fitsound RCS taaskasutatud plastikust avatud disainiga TWS k\u00f5rvaklapid - Kruze.ee","robots":{"index":"index","follow":"follow","max-snippet":"max-snippet:-1","max-image-preview":"max-image-preview:large","max-video-preview":"max-video-preview:-1"},"canonical":"https:\/\/kruze.ee\/et\/toode\/fitsound-rcs-taaskasutatud-plastikust-avatud-disainiga-tws-korvaklapid\/","og_locale":"et_EE","og_type":"article","og_title":"Fitsound RCS taaskasutatud plastikust avatud disainiga TWS k\u00f5rvaklapid - Kruze.ee","og_description":"Avatud disainiga juhtmevabad k\u00f5rvaklapid on valmistatud RCS (Recycled Claim Standard) sertifitseeritud taaskasutatud ABS-materjalist, millest 58% moodustab...","og_url":"https:\/\/kruze.ee\/et\/toode\/fitsound-rcs-taaskasutatud-plastikust-avatud-disainiga-tws-korvaklapid\/","og_site_name":"Kruze.ee","twitter_card":"summary_large_image","twitter_misc":{"Est. reading time":"1 minut"},"schema":{"@context":"https:\/\/schema.org","@graph":[{"@type":"WebPage","@id":"https:\/\/kruze.ee\/et\/toode\/fitsound-rcs-taaskasutatud-plastikust-avatud-disainiga-tws-korvaklapid\/","url":"https:\/\/kruze.ee\/et\/toode\/fitsound-rcs-taaskasutatud-plastikust-avatud-disainiga-tws-korvaklapid\/","name":"Fitsound RCS taaskasutatud plastikust avatud disainiga TWS k\u00f5rvaklapid - Kruze.ee","isPartOf":{"@id":"https:\/\/kruze.ee\/et\/#website"},"datePublished":"2026-03-18T18:58:48+00:00","breadcrumb":{"@id":"https:\/\/kruze.ee\/et\/toode\/fitsound-rcs-taaskasutatud-plastikust-avatud-disainiga-tws-korvaklapid\/#breadcrumb"},"inLanguage":"et","potentialAction":[{"@type":"ReadAction","target":["https:\/\/kruze.ee\/et\/toode\/fitsound-rcs-taaskasutatud-plastikust-avatud-disainiga-tws-korvaklapid\/"]}]},{"@type":"BreadcrumbList","@id":"https:\/\/kruze.ee\/et\/toode\/fitsound-rcs-taaskasutatud-plastikust-avatud-disainiga-tws-korvaklapid\/#breadcrumb","itemListElement":[{"@type":"ListItem","position":1,"name":"Home","item":"https:\/\/kruze.ee\/et\/"},{"@type":"ListItem","position":2,"name":"Tooted","item":"https:\/\/kruze.ee\/et\/tooted\/"},{"@type":"ListItem","position":3,"name":"Fitsound RCS taaskasutatud plastikust avatud disainiga TWS k\u00f5rvaklapid"}]},{"@type":"WebSite","@id":"https:\/\/kruze.ee\/et\/#website","url":"https:\/\/kruze.ee\/et\/","name":"Kruze.ee","description":"Reklaamkingitused, tr&uuml;kiga T-s&auml;rgid, fliisid, dressipluused, tekstiil, joped ja paljud teised logoga meened, &Auml;rikingitused sinu partnerile! Telli juba t&auml;na.","potentialAction":[{"@type":"SearchAction","target":{"@type":"EntryPoint","urlTemplate":"https:\/\/kruze.ee\/et\/?s={search_term_string}"},"query-input":{"@type":"PropertyValueSpecification","valueRequired":true,"valueName":"search_term_string"}}],"inLanguage":"et"}]}},"_links":{"self":[{"href":"https:\/\/kruze.ee\/et\/wp-json\/wp\/v2\/product\/1445623","targetHints":{"allow":["GET"]}}],"collection":[{"href":"https:\/\/kruze.ee\/et\/wp-json\/wp\/v2\/product"}],"about":[{"href":"https:\/\/kruze.ee\/et\/wp-json\/wp\/v2\/types\/product"}],"wp:attachment":[{"href":"https:\/\/kruze.ee\/et\/wp-json\/wp\/v2\/media?parent=1445623"}],"wp:term":[{"taxonomy":"product_brand","embeddable":true,"href":"https:\/\/kruze.ee\/et\/wp-json\/wp\/v2\/product_brand?post=1445623"},{"taxonomy":"product_cat","embeddable":true,"href":"https:\/\/kruze.ee\/et\/wp-json\/wp\/v2\/product_cat?post=1445623"},{"taxonomy":"product_tag","embeddable":true,"href":"https:\/\/kruze.ee\/et\/wp-json\/wp\/v2\/product_tag?post=1445623"}],"curies":[{"name":"wp","href":"https:\/\/api.w.org\/{rel}","templated":true}]}}