{"id":1445621,"date":"2026-03-18T21:58:46","date_gmt":"2026-03-18T18:58:46","guid":{"rendered":"https:\/\/kruze.ee\/product\/bambusest-tws-korvaklapid-rcs-taaskasutatud-plastikuga\/"},"modified":"2026-03-18T21:58:47","modified_gmt":"2026-03-18T18:58:47","slug":"bambusest-tws-korvaklapid-rcs-taaskasutatud-plastikuga","status":"publish","type":"product","link":"https:\/\/kruze.ee\/et\/toode\/bambusest-tws-korvaklapid-rcs-taaskasutatud-plastikuga\/","title":{"rendered":"Bambusest TWS k\u00f5rvaklapid RCS taaskasutatud plastikuga"},"content":{"rendered":"<p>Bambusest t\u00f5elised juhtmevabad k\u00f5rvaklapid koos laadimiskarbiga. K\u00f5rvaklapid ja laadimiskarp on valmistatud RCS (Recycled Claim Standard) sertifikaadiga taaskasutatud ABS-plastikust ning FSC\u00ae 100% bambusest. Taaskasutatud materjali osakaal on kokku 28% toote kogukaalust ning RCS sertifikaat tagab t\u00e4ielikult kontrollitud ja sertifitseeritud tarneahela. T\u00e4iuslikult sobituvad k\u00f5rvaklapid on varustatud 40 mAh akuga ning neid saab 400 mAh laadimiskarbis t\u00e4is laadida umbes 1 tunniga. Automaatse sidumise funktsioon v\u00f5imaldab lihtsat \u00fchendamist mobiiliseadmega. M\u00e4nguaeg keskmise helitugevuse juures kuni 14 tundi. BT 5.3 tagab stabiilse ja optimaalse \u00fchenduse ning t\u00f6\u00f6raadius on kuni 10 meetrit. K\u00f5rvaklappidel on k\u00f5nede vastuv\u00f5tmise funktsioon ja sisseehitatud mikrofon. Komplektis on 3 erineva suurusega silikoonist k\u00f5rvaotsikut, RCS sertifikaadiga taaskasutatud TPE laadimiskaabel ning toode on pakendatud FSC\u00ae mix kraft-karpi.<\/p>\n","protected":false},"excerpt":{"rendered":"<p>Bambusest t\u00f5elised juhtmevabad k\u00f5rvaklapid koos laadimiskarbiga. K\u00f5rvaklapid ja laadimiskarp on valmistatud RCS (Recycled Claim Standard) sertifikaadiga&#8230;<\/p>\n","protected":false},"featured_media":0,"template":"","meta":[],"product_brand":[],"product_cat":[5410],"product_tag":[],"class_list":{"0":"post-1445621","1":"product","2":"type-product","3":"status-publish","5":"product_cat-korvaklapid","6":"pa_gender-uniseks","7":"pa_gender-unisex","11":"first","12":"instock","13":"purchasable","14":"product-type-simple"},"acf":[],"yoast_head":"<!-- This site is optimized with the Yoast SEO plugin v26.0 - https:\/\/yoast.com\/wordpress\/plugins\/seo\/ -->\n<title>Bambusest TWS k\u00f5rvaklapid RCS taaskasutatud plastikuga - Kruze.ee<\/title>\n<meta name=\"robots\" content=\"index, follow, max-snippet:-1, max-image-preview:large, max-video-preview:-1\" \/>\n<link rel=\"canonical\" href=\"https:\/\/kruze.ee\/et\/toode\/bambusest-tws-korvaklapid-rcs-taaskasutatud-plastikuga\/\" \/>\n<meta property=\"og:locale\" content=\"et_EE\" \/>\n<meta property=\"og:type\" content=\"article\" \/>\n<meta property=\"og:title\" content=\"Bambusest TWS k\u00f5rvaklapid RCS taaskasutatud plastikuga - Kruze.ee\" \/>\n<meta property=\"og:description\" content=\"Bambusest t\u00f5elised juhtmevabad k\u00f5rvaklapid koos laadimiskarbiga. K\u00f5rvaklapid ja laadimiskarp on valmistatud RCS (Recycled Claim Standard) sertifikaadiga...\" \/>\n<meta property=\"og:url\" content=\"https:\/\/kruze.ee\/et\/toode\/bambusest-tws-korvaklapid-rcs-taaskasutatud-plastikuga\/\" \/>\n<meta property=\"og:site_name\" content=\"Kruze.ee\" \/>\n<meta property=\"article:modified_time\" content=\"2026-03-18T18:58:47+00:00\" \/>\n<meta name=\"twitter:card\" content=\"summary_large_image\" \/>\n<meta name=\"twitter:label1\" content=\"Est. reading time\" \/>\n\t<meta name=\"twitter:data1\" content=\"1 minut\" \/>\n<script type=\"application\/ld+json\" class=\"yoast-schema-graph\">{\"@context\":\"https:\/\/schema.org\",\"@graph\":[{\"@type\":\"WebPage\",\"@id\":\"https:\/\/kruze.ee\/et\/toode\/bambusest-tws-korvaklapid-rcs-taaskasutatud-plastikuga\/\",\"url\":\"https:\/\/kruze.ee\/et\/toode\/bambusest-tws-korvaklapid-rcs-taaskasutatud-plastikuga\/\",\"name\":\"Bambusest TWS k\u00f5rvaklapid RCS taaskasutatud plastikuga - Kruze.ee\",\"isPartOf\":{\"@id\":\"https:\/\/kruze.ee\/et\/#website\"},\"datePublished\":\"2026-03-18T18:58:46+00:00\",\"dateModified\":\"2026-03-18T18:58:47+00:00\",\"breadcrumb\":{\"@id\":\"https:\/\/kruze.ee\/et\/toode\/bambusest-tws-korvaklapid-rcs-taaskasutatud-plastikuga\/#breadcrumb\"},\"inLanguage\":\"et\",\"potentialAction\":[{\"@type\":\"ReadAction\",\"target\":[\"https:\/\/kruze.ee\/et\/toode\/bambusest-tws-korvaklapid-rcs-taaskasutatud-plastikuga\/\"]}]},{\"@type\":\"BreadcrumbList\",\"@id\":\"https:\/\/kruze.ee\/et\/toode\/bambusest-tws-korvaklapid-rcs-taaskasutatud-plastikuga\/#breadcrumb\",\"itemListElement\":[{\"@type\":\"ListItem\",\"position\":1,\"name\":\"Home\",\"item\":\"https:\/\/kruze.ee\/et\/\"},{\"@type\":\"ListItem\",\"position\":2,\"name\":\"Tooted\",\"item\":\"https:\/\/kruze.ee\/et\/tooted\/\"},{\"@type\":\"ListItem\",\"position\":3,\"name\":\"Bambusest TWS k\u00f5rvaklapid RCS taaskasutatud plastikuga\"}]},{\"@type\":\"WebSite\",\"@id\":\"https:\/\/kruze.ee\/et\/#website\",\"url\":\"https:\/\/kruze.ee\/et\/\",\"name\":\"Kruze.ee\",\"description\":\"Reklaamkingitused, tr&uuml;kiga T-s&auml;rgid, fliisid, dressipluused, tekstiil, joped ja paljud teised logoga meened, &Auml;rikingitused sinu partnerile! Telli juba t&auml;na.\",\"potentialAction\":[{\"@type\":\"SearchAction\",\"target\":{\"@type\":\"EntryPoint\",\"urlTemplate\":\"https:\/\/kruze.ee\/et\/?s={search_term_string}\"},\"query-input\":{\"@type\":\"PropertyValueSpecification\",\"valueRequired\":true,\"valueName\":\"search_term_string\"}}],\"inLanguage\":\"et\"}]}<\/script>\n<!-- \/ Yoast SEO plugin. -->","yoast_head_json":{"title":"Bambusest TWS k\u00f5rvaklapid RCS taaskasutatud plastikuga - Kruze.ee","robots":{"index":"index","follow":"follow","max-snippet":"max-snippet:-1","max-image-preview":"max-image-preview:large","max-video-preview":"max-video-preview:-1"},"canonical":"https:\/\/kruze.ee\/et\/toode\/bambusest-tws-korvaklapid-rcs-taaskasutatud-plastikuga\/","og_locale":"et_EE","og_type":"article","og_title":"Bambusest TWS k\u00f5rvaklapid RCS taaskasutatud plastikuga - Kruze.ee","og_description":"Bambusest t\u00f5elised juhtmevabad k\u00f5rvaklapid koos laadimiskarbiga. K\u00f5rvaklapid ja laadimiskarp on valmistatud RCS (Recycled Claim Standard) sertifikaadiga...","og_url":"https:\/\/kruze.ee\/et\/toode\/bambusest-tws-korvaklapid-rcs-taaskasutatud-plastikuga\/","og_site_name":"Kruze.ee","article_modified_time":"2026-03-18T18:58:47+00:00","twitter_card":"summary_large_image","twitter_misc":{"Est. reading time":"1 minut"},"schema":{"@context":"https:\/\/schema.org","@graph":[{"@type":"WebPage","@id":"https:\/\/kruze.ee\/et\/toode\/bambusest-tws-korvaklapid-rcs-taaskasutatud-plastikuga\/","url":"https:\/\/kruze.ee\/et\/toode\/bambusest-tws-korvaklapid-rcs-taaskasutatud-plastikuga\/","name":"Bambusest TWS k\u00f5rvaklapid RCS taaskasutatud plastikuga - Kruze.ee","isPartOf":{"@id":"https:\/\/kruze.ee\/et\/#website"},"datePublished":"2026-03-18T18:58:46+00:00","dateModified":"2026-03-18T18:58:47+00:00","breadcrumb":{"@id":"https:\/\/kruze.ee\/et\/toode\/bambusest-tws-korvaklapid-rcs-taaskasutatud-plastikuga\/#breadcrumb"},"inLanguage":"et","potentialAction":[{"@type":"ReadAction","target":["https:\/\/kruze.ee\/et\/toode\/bambusest-tws-korvaklapid-rcs-taaskasutatud-plastikuga\/"]}]},{"@type":"BreadcrumbList","@id":"https:\/\/kruze.ee\/et\/toode\/bambusest-tws-korvaklapid-rcs-taaskasutatud-plastikuga\/#breadcrumb","itemListElement":[{"@type":"ListItem","position":1,"name":"Home","item":"https:\/\/kruze.ee\/et\/"},{"@type":"ListItem","position":2,"name":"Tooted","item":"https:\/\/kruze.ee\/et\/tooted\/"},{"@type":"ListItem","position":3,"name":"Bambusest TWS k\u00f5rvaklapid RCS taaskasutatud plastikuga"}]},{"@type":"WebSite","@id":"https:\/\/kruze.ee\/et\/#website","url":"https:\/\/kruze.ee\/et\/","name":"Kruze.ee","description":"Reklaamkingitused, tr&uuml;kiga T-s&auml;rgid, fliisid, dressipluused, tekstiil, joped ja paljud teised logoga meened, &Auml;rikingitused sinu partnerile! Telli juba t&auml;na.","potentialAction":[{"@type":"SearchAction","target":{"@type":"EntryPoint","urlTemplate":"https:\/\/kruze.ee\/et\/?s={search_term_string}"},"query-input":{"@type":"PropertyValueSpecification","valueRequired":true,"valueName":"search_term_string"}}],"inLanguage":"et"}]}},"_links":{"self":[{"href":"https:\/\/kruze.ee\/et\/wp-json\/wp\/v2\/product\/1445621","targetHints":{"allow":["GET"]}}],"collection":[{"href":"https:\/\/kruze.ee\/et\/wp-json\/wp\/v2\/product"}],"about":[{"href":"https:\/\/kruze.ee\/et\/wp-json\/wp\/v2\/types\/product"}],"wp:attachment":[{"href":"https:\/\/kruze.ee\/et\/wp-json\/wp\/v2\/media?parent=1445621"}],"wp:term":[{"taxonomy":"product_brand","embeddable":true,"href":"https:\/\/kruze.ee\/et\/wp-json\/wp\/v2\/product_brand?post=1445621"},{"taxonomy":"product_cat","embeddable":true,"href":"https:\/\/kruze.ee\/et\/wp-json\/wp\/v2\/product_cat?post=1445621"},{"taxonomy":"product_tag","embeddable":true,"href":"https:\/\/kruze.ee\/et\/wp-json\/wp\/v2\/product_tag?post=1445621"}],"curies":[{"name":"wp","href":"https:\/\/api.w.org\/{rel}","templated":true}]}}