{"id":1445614,"date":"2026-03-18T21:58:40","date_gmt":"2026-03-18T18:58:40","guid":{"rendered":"https:\/\/kruze.ee\/product\/swiss-peak-rcs-taaskasutatud-plastikust-tws-korvaklapid-2-0\/"},"modified":"2026-03-18T21:58:40","modified_gmt":"2026-03-18T18:58:40","slug":"swiss-peak-rcs-taaskasutatud-plastikust-tws-korvaklapid-2-0","status":"publish","type":"product","link":"https:\/\/kruze.ee\/et\/toode\/swiss-peak-rcs-taaskasutatud-plastikust-tws-korvaklapid-2-0\/","title":{"rendered":"Swiss Peak RCS taaskasutatud plastikust TWS k\u00f5rvaklapid 2.0"},"content":{"rendered":"<p>Uue p\u00f5lvkonna t\u00f5elised juhtmevabad k\u00f5rvaklapid. K\u00f5rvaklapid ja laadimiskarp on valmistatud RCS (Recycled Claim Standard) sertifikaadiga taaskasutatud ABS-plastikust ning taaskasutatud materjali osakaal on kokku 59% toote kogukaalust, mis tagab t\u00e4ielikult kontrollitud ja sertifitseeritud tarneahela. K\u00f5rvaklapid on pakitud kompaktsesse 400 mAh laadimiskarpi, mis v\u00f5imaldab neid mugavalt laadida ja k\u00f5ikjale kaasa v\u00f5tta. K\u00f5rvaklapid kasutavad BT 5.3 tehnoloogiat, mis tagab automaatse ja probleemivaba sidumise ning stabiilse \u00fchenduse.<\/p>\n","protected":false},"excerpt":{"rendered":"<p>Uue p\u00f5lvkonna t\u00f5elised juhtmevabad k\u00f5rvaklapid. K\u00f5rvaklapid ja laadimiskarp on valmistatud RCS (Recycled Claim Standard) sertifikaadiga taaskasutatud&#8230;<\/p>\n","protected":false},"featured_media":0,"template":"","meta":[],"product_brand":[],"product_cat":[5410],"product_tag":[],"class_list":{"0":"post-1445614","1":"product","2":"type-product","3":"status-publish","5":"product_cat-korvaklapid","6":"pa_gender-uniseks","7":"pa_gender-unisex","11":"first","12":"instock","13":"purchasable","14":"product-type-simple"},"acf":[],"yoast_head":"<!-- This site is optimized with the Yoast SEO plugin v26.0 - https:\/\/yoast.com\/wordpress\/plugins\/seo\/ -->\n<title>Swiss Peak RCS taaskasutatud plastikust TWS k\u00f5rvaklapid 2.0 - Kruze.ee<\/title>\n<meta name=\"robots\" content=\"index, follow, max-snippet:-1, max-image-preview:large, max-video-preview:-1\" \/>\n<link rel=\"canonical\" href=\"https:\/\/kruze.ee\/et\/toode\/swiss-peak-rcs-taaskasutatud-plastikust-tws-korvaklapid-2-0\/\" \/>\n<meta property=\"og:locale\" content=\"et_EE\" \/>\n<meta property=\"og:type\" content=\"article\" \/>\n<meta property=\"og:title\" content=\"Swiss Peak RCS taaskasutatud plastikust TWS k\u00f5rvaklapid 2.0 - Kruze.ee\" \/>\n<meta property=\"og:description\" content=\"Uue p\u00f5lvkonna t\u00f5elised juhtmevabad k\u00f5rvaklapid. K\u00f5rvaklapid ja laadimiskarp on valmistatud RCS (Recycled Claim Standard) sertifikaadiga taaskasutatud...\" \/>\n<meta property=\"og:url\" content=\"https:\/\/kruze.ee\/et\/toode\/swiss-peak-rcs-taaskasutatud-plastikust-tws-korvaklapid-2-0\/\" \/>\n<meta property=\"og:site_name\" content=\"Kruze.ee\" \/>\n<meta name=\"twitter:card\" content=\"summary_large_image\" \/>\n<script type=\"application\/ld+json\" class=\"yoast-schema-graph\">{\"@context\":\"https:\/\/schema.org\",\"@graph\":[{\"@type\":\"WebPage\",\"@id\":\"https:\/\/kruze.ee\/et\/toode\/swiss-peak-rcs-taaskasutatud-plastikust-tws-korvaklapid-2-0\/\",\"url\":\"https:\/\/kruze.ee\/et\/toode\/swiss-peak-rcs-taaskasutatud-plastikust-tws-korvaklapid-2-0\/\",\"name\":\"Swiss Peak RCS taaskasutatud plastikust TWS k\u00f5rvaklapid 2.0 - Kruze.ee\",\"isPartOf\":{\"@id\":\"https:\/\/kruze.ee\/et\/#website\"},\"datePublished\":\"2026-03-18T18:58:40+00:00\",\"breadcrumb\":{\"@id\":\"https:\/\/kruze.ee\/et\/toode\/swiss-peak-rcs-taaskasutatud-plastikust-tws-korvaklapid-2-0\/#breadcrumb\"},\"inLanguage\":\"et\",\"potentialAction\":[{\"@type\":\"ReadAction\",\"target\":[\"https:\/\/kruze.ee\/et\/toode\/swiss-peak-rcs-taaskasutatud-plastikust-tws-korvaklapid-2-0\/\"]}]},{\"@type\":\"BreadcrumbList\",\"@id\":\"https:\/\/kruze.ee\/et\/toode\/swiss-peak-rcs-taaskasutatud-plastikust-tws-korvaklapid-2-0\/#breadcrumb\",\"itemListElement\":[{\"@type\":\"ListItem\",\"position\":1,\"name\":\"Home\",\"item\":\"https:\/\/kruze.ee\/et\/\"},{\"@type\":\"ListItem\",\"position\":2,\"name\":\"Tooted\",\"item\":\"https:\/\/kruze.ee\/et\/tooted\/\"},{\"@type\":\"ListItem\",\"position\":3,\"name\":\"Swiss Peak RCS taaskasutatud plastikust TWS k\u00f5rvaklapid 2.0\"}]},{\"@type\":\"WebSite\",\"@id\":\"https:\/\/kruze.ee\/et\/#website\",\"url\":\"https:\/\/kruze.ee\/et\/\",\"name\":\"Kruze.ee\",\"description\":\"Reklaamkingitused, tr&uuml;kiga T-s&auml;rgid, fliisid, dressipluused, tekstiil, joped ja paljud teised logoga meened, &Auml;rikingitused sinu partnerile! Telli juba t&auml;na.\",\"potentialAction\":[{\"@type\":\"SearchAction\",\"target\":{\"@type\":\"EntryPoint\",\"urlTemplate\":\"https:\/\/kruze.ee\/et\/?s={search_term_string}\"},\"query-input\":{\"@type\":\"PropertyValueSpecification\",\"valueRequired\":true,\"valueName\":\"search_term_string\"}}],\"inLanguage\":\"et\"}]}<\/script>\n<!-- \/ Yoast SEO plugin. -->","yoast_head_json":{"title":"Swiss Peak RCS taaskasutatud plastikust TWS k\u00f5rvaklapid 2.0 - Kruze.ee","robots":{"index":"index","follow":"follow","max-snippet":"max-snippet:-1","max-image-preview":"max-image-preview:large","max-video-preview":"max-video-preview:-1"},"canonical":"https:\/\/kruze.ee\/et\/toode\/swiss-peak-rcs-taaskasutatud-plastikust-tws-korvaklapid-2-0\/","og_locale":"et_EE","og_type":"article","og_title":"Swiss Peak RCS taaskasutatud plastikust TWS k\u00f5rvaklapid 2.0 - Kruze.ee","og_description":"Uue p\u00f5lvkonna t\u00f5elised juhtmevabad k\u00f5rvaklapid. K\u00f5rvaklapid ja laadimiskarp on valmistatud RCS (Recycled Claim Standard) sertifikaadiga taaskasutatud...","og_url":"https:\/\/kruze.ee\/et\/toode\/swiss-peak-rcs-taaskasutatud-plastikust-tws-korvaklapid-2-0\/","og_site_name":"Kruze.ee","twitter_card":"summary_large_image","schema":{"@context":"https:\/\/schema.org","@graph":[{"@type":"WebPage","@id":"https:\/\/kruze.ee\/et\/toode\/swiss-peak-rcs-taaskasutatud-plastikust-tws-korvaklapid-2-0\/","url":"https:\/\/kruze.ee\/et\/toode\/swiss-peak-rcs-taaskasutatud-plastikust-tws-korvaklapid-2-0\/","name":"Swiss Peak RCS taaskasutatud plastikust TWS k\u00f5rvaklapid 2.0 - Kruze.ee","isPartOf":{"@id":"https:\/\/kruze.ee\/et\/#website"},"datePublished":"2026-03-18T18:58:40+00:00","breadcrumb":{"@id":"https:\/\/kruze.ee\/et\/toode\/swiss-peak-rcs-taaskasutatud-plastikust-tws-korvaklapid-2-0\/#breadcrumb"},"inLanguage":"et","potentialAction":[{"@type":"ReadAction","target":["https:\/\/kruze.ee\/et\/toode\/swiss-peak-rcs-taaskasutatud-plastikust-tws-korvaklapid-2-0\/"]}]},{"@type":"BreadcrumbList","@id":"https:\/\/kruze.ee\/et\/toode\/swiss-peak-rcs-taaskasutatud-plastikust-tws-korvaklapid-2-0\/#breadcrumb","itemListElement":[{"@type":"ListItem","position":1,"name":"Home","item":"https:\/\/kruze.ee\/et\/"},{"@type":"ListItem","position":2,"name":"Tooted","item":"https:\/\/kruze.ee\/et\/tooted\/"},{"@type":"ListItem","position":3,"name":"Swiss Peak RCS taaskasutatud plastikust TWS k\u00f5rvaklapid 2.0"}]},{"@type":"WebSite","@id":"https:\/\/kruze.ee\/et\/#website","url":"https:\/\/kruze.ee\/et\/","name":"Kruze.ee","description":"Reklaamkingitused, tr&uuml;kiga T-s&auml;rgid, fliisid, dressipluused, tekstiil, joped ja paljud teised logoga meened, &Auml;rikingitused sinu partnerile! Telli juba t&auml;na.","potentialAction":[{"@type":"SearchAction","target":{"@type":"EntryPoint","urlTemplate":"https:\/\/kruze.ee\/et\/?s={search_term_string}"},"query-input":{"@type":"PropertyValueSpecification","valueRequired":true,"valueName":"search_term_string"}}],"inLanguage":"et"}]}},"_links":{"self":[{"href":"https:\/\/kruze.ee\/et\/wp-json\/wp\/v2\/product\/1445614","targetHints":{"allow":["GET"]}}],"collection":[{"href":"https:\/\/kruze.ee\/et\/wp-json\/wp\/v2\/product"}],"about":[{"href":"https:\/\/kruze.ee\/et\/wp-json\/wp\/v2\/types\/product"}],"wp:attachment":[{"href":"https:\/\/kruze.ee\/et\/wp-json\/wp\/v2\/media?parent=1445614"}],"wp:term":[{"taxonomy":"product_brand","embeddable":true,"href":"https:\/\/kruze.ee\/et\/wp-json\/wp\/v2\/product_brand?post=1445614"},{"taxonomy":"product_cat","embeddable":true,"href":"https:\/\/kruze.ee\/et\/wp-json\/wp\/v2\/product_cat?post=1445614"},{"taxonomy":"product_tag","embeddable":true,"href":"https:\/\/kruze.ee\/et\/wp-json\/wp\/v2\/product_tag?post=1445614"}],"curies":[{"name":"wp","href":"https:\/\/api.w.org\/{rel}","templated":true}]}}