{"id":1445602,"date":"2026-03-18T21:58:31","date_gmt":"2026-03-18T18:58:31","guid":{"rendered":"https:\/\/kruze.ee\/product\/urban-vitamin-pacifica-rcs-taaskasutatud-plastikust-korvaklapid\/"},"modified":"2026-03-18T21:58:31","modified_gmt":"2026-03-18T18:58:31","slug":"urban-vitamin-pacifica-rcs-taaskasutatud-plastikust-korvaklapid","status":"publish","type":"product","link":"https:\/\/kruze.ee\/et\/toode\/urban-vitamin-pacifica-rcs-taaskasutatud-plastikust-korvaklapid\/","title":{"rendered":"Urban Vitamin Pacifica RCS taaskasutatud plastikust k\u00f5rvaklapid"},"content":{"rendered":"<p>\u00dcleta iseennast ja vii oma treening uuele tasemele nende ideaalselt sobivate spordik\u00f5rvaklappidega. Reguleeritavad ja kohandatavad k\u00f5rvakonksud ning erinevad otsikud tagavad maksimaalse mugavuse ja kindla p\u00fcsivuse ka k\u00f5ige intensiivsema treeningu ajal. Kerged k\u00f5rvaklapid on loodud tippsoorituseks, vastupidava disainiga ning IPX5 kaitsetasemega, mis muudab need higi-, tolmu- ja veekindlaks. T\u00e4nu Bluetooth 5.3 tehnoloogiale pakuvad need kuni 8 tundi kuulamisaega ning v\u00f5imsat ja tasakaalustatud heli, et hoida motivatsioon k\u00f5rgel. K\u00f5rvaklapid ja 600 mAh laadimiskarp on valmistatud RCS (Recycled Claim Standard) sertifitseeritud taaskasutatud ABS- ja TPE-materjalidest, kus taaskasutatud sisu moodustab 55% toote kogukaalust ning sertifikaat tagab t\u00e4ielikult kontrollitud tarneahela.<\/p>\n","protected":false},"excerpt":{"rendered":"<p>\u00dcleta iseennast ja vii oma treening uuele tasemele nende ideaalselt sobivate spordik\u00f5rvaklappidega. Reguleeritavad ja kohandatavad k\u00f5rvakonksud ning erinevad&#8230;<\/p>\n","protected":false},"featured_media":0,"template":"","meta":[],"product_brand":[],"product_cat":[5410],"product_tag":[],"class_list":{"0":"post-1445602","1":"product","2":"type-product","3":"status-publish","5":"product_cat-korvaklapid","6":"pa_gender-uniseks","7":"pa_gender-unisex","11":"first","12":"instock","13":"purchasable","14":"product-type-simple"},"acf":[],"yoast_head":"<!-- This site is optimized with the Yoast SEO plugin v26.0 - https:\/\/yoast.com\/wordpress\/plugins\/seo\/ -->\n<title>Urban Vitamin Pacifica RCS taaskasutatud plastikust k\u00f5rvaklapid - Kruze.ee<\/title>\n<meta name=\"robots\" content=\"index, follow, max-snippet:-1, max-image-preview:large, max-video-preview:-1\" \/>\n<link rel=\"canonical\" href=\"https:\/\/kruze.ee\/et\/toode\/urban-vitamin-pacifica-rcs-taaskasutatud-plastikust-korvaklapid\/\" \/>\n<meta property=\"og:locale\" content=\"et_EE\" \/>\n<meta property=\"og:type\" content=\"article\" \/>\n<meta property=\"og:title\" content=\"Urban Vitamin Pacifica RCS taaskasutatud plastikust k\u00f5rvaklapid - Kruze.ee\" \/>\n<meta property=\"og:description\" content=\"\u00dcleta iseennast ja vii oma treening uuele tasemele nende ideaalselt sobivate spordik\u00f5rvaklappidega. Reguleeritavad ja kohandatavad k\u00f5rvakonksud ning erinevad...\" \/>\n<meta property=\"og:url\" content=\"https:\/\/kruze.ee\/et\/toode\/urban-vitamin-pacifica-rcs-taaskasutatud-plastikust-korvaklapid\/\" \/>\n<meta property=\"og:site_name\" content=\"Kruze.ee\" \/>\n<meta name=\"twitter:card\" content=\"summary_large_image\" \/>\n<meta name=\"twitter:label1\" content=\"Est. reading time\" \/>\n\t<meta name=\"twitter:data1\" content=\"1 minut\" \/>\n<script type=\"application\/ld+json\" class=\"yoast-schema-graph\">{\"@context\":\"https:\/\/schema.org\",\"@graph\":[{\"@type\":\"WebPage\",\"@id\":\"https:\/\/kruze.ee\/et\/toode\/urban-vitamin-pacifica-rcs-taaskasutatud-plastikust-korvaklapid\/\",\"url\":\"https:\/\/kruze.ee\/et\/toode\/urban-vitamin-pacifica-rcs-taaskasutatud-plastikust-korvaklapid\/\",\"name\":\"Urban Vitamin Pacifica RCS taaskasutatud plastikust k\u00f5rvaklapid - Kruze.ee\",\"isPartOf\":{\"@id\":\"https:\/\/kruze.ee\/et\/#website\"},\"datePublished\":\"2026-03-18T18:58:31+00:00\",\"breadcrumb\":{\"@id\":\"https:\/\/kruze.ee\/et\/toode\/urban-vitamin-pacifica-rcs-taaskasutatud-plastikust-korvaklapid\/#breadcrumb\"},\"inLanguage\":\"et\",\"potentialAction\":[{\"@type\":\"ReadAction\",\"target\":[\"https:\/\/kruze.ee\/et\/toode\/urban-vitamin-pacifica-rcs-taaskasutatud-plastikust-korvaklapid\/\"]}]},{\"@type\":\"BreadcrumbList\",\"@id\":\"https:\/\/kruze.ee\/et\/toode\/urban-vitamin-pacifica-rcs-taaskasutatud-plastikust-korvaklapid\/#breadcrumb\",\"itemListElement\":[{\"@type\":\"ListItem\",\"position\":1,\"name\":\"Home\",\"item\":\"https:\/\/kruze.ee\/et\/\"},{\"@type\":\"ListItem\",\"position\":2,\"name\":\"Tooted\",\"item\":\"https:\/\/kruze.ee\/et\/tooted\/\"},{\"@type\":\"ListItem\",\"position\":3,\"name\":\"Urban Vitamin Pacifica RCS taaskasutatud plastikust k\u00f5rvaklapid\"}]},{\"@type\":\"WebSite\",\"@id\":\"https:\/\/kruze.ee\/et\/#website\",\"url\":\"https:\/\/kruze.ee\/et\/\",\"name\":\"Kruze.ee\",\"description\":\"Reklaamkingitused, tr&uuml;kiga T-s&auml;rgid, fliisid, dressipluused, tekstiil, joped ja paljud teised logoga meened, &Auml;rikingitused sinu partnerile! Telli juba t&auml;na.\",\"potentialAction\":[{\"@type\":\"SearchAction\",\"target\":{\"@type\":\"EntryPoint\",\"urlTemplate\":\"https:\/\/kruze.ee\/et\/?s={search_term_string}\"},\"query-input\":{\"@type\":\"PropertyValueSpecification\",\"valueRequired\":true,\"valueName\":\"search_term_string\"}}],\"inLanguage\":\"et\"}]}<\/script>\n<!-- \/ Yoast SEO plugin. -->","yoast_head_json":{"title":"Urban Vitamin Pacifica RCS taaskasutatud plastikust k\u00f5rvaklapid - Kruze.ee","robots":{"index":"index","follow":"follow","max-snippet":"max-snippet:-1","max-image-preview":"max-image-preview:large","max-video-preview":"max-video-preview:-1"},"canonical":"https:\/\/kruze.ee\/et\/toode\/urban-vitamin-pacifica-rcs-taaskasutatud-plastikust-korvaklapid\/","og_locale":"et_EE","og_type":"article","og_title":"Urban Vitamin Pacifica RCS taaskasutatud plastikust k\u00f5rvaklapid - Kruze.ee","og_description":"\u00dcleta iseennast ja vii oma treening uuele tasemele nende ideaalselt sobivate spordik\u00f5rvaklappidega. Reguleeritavad ja kohandatavad k\u00f5rvakonksud ning erinevad...","og_url":"https:\/\/kruze.ee\/et\/toode\/urban-vitamin-pacifica-rcs-taaskasutatud-plastikust-korvaklapid\/","og_site_name":"Kruze.ee","twitter_card":"summary_large_image","twitter_misc":{"Est. reading time":"1 minut"},"schema":{"@context":"https:\/\/schema.org","@graph":[{"@type":"WebPage","@id":"https:\/\/kruze.ee\/et\/toode\/urban-vitamin-pacifica-rcs-taaskasutatud-plastikust-korvaklapid\/","url":"https:\/\/kruze.ee\/et\/toode\/urban-vitamin-pacifica-rcs-taaskasutatud-plastikust-korvaklapid\/","name":"Urban Vitamin Pacifica RCS taaskasutatud plastikust k\u00f5rvaklapid - Kruze.ee","isPartOf":{"@id":"https:\/\/kruze.ee\/et\/#website"},"datePublished":"2026-03-18T18:58:31+00:00","breadcrumb":{"@id":"https:\/\/kruze.ee\/et\/toode\/urban-vitamin-pacifica-rcs-taaskasutatud-plastikust-korvaklapid\/#breadcrumb"},"inLanguage":"et","potentialAction":[{"@type":"ReadAction","target":["https:\/\/kruze.ee\/et\/toode\/urban-vitamin-pacifica-rcs-taaskasutatud-plastikust-korvaklapid\/"]}]},{"@type":"BreadcrumbList","@id":"https:\/\/kruze.ee\/et\/toode\/urban-vitamin-pacifica-rcs-taaskasutatud-plastikust-korvaklapid\/#breadcrumb","itemListElement":[{"@type":"ListItem","position":1,"name":"Home","item":"https:\/\/kruze.ee\/et\/"},{"@type":"ListItem","position":2,"name":"Tooted","item":"https:\/\/kruze.ee\/et\/tooted\/"},{"@type":"ListItem","position":3,"name":"Urban Vitamin Pacifica RCS taaskasutatud plastikust k\u00f5rvaklapid"}]},{"@type":"WebSite","@id":"https:\/\/kruze.ee\/et\/#website","url":"https:\/\/kruze.ee\/et\/","name":"Kruze.ee","description":"Reklaamkingitused, tr&uuml;kiga T-s&auml;rgid, fliisid, dressipluused, tekstiil, joped ja paljud teised logoga meened, &Auml;rikingitused sinu partnerile! Telli juba t&auml;na.","potentialAction":[{"@type":"SearchAction","target":{"@type":"EntryPoint","urlTemplate":"https:\/\/kruze.ee\/et\/?s={search_term_string}"},"query-input":{"@type":"PropertyValueSpecification","valueRequired":true,"valueName":"search_term_string"}}],"inLanguage":"et"}]}},"_links":{"self":[{"href":"https:\/\/kruze.ee\/et\/wp-json\/wp\/v2\/product\/1445602","targetHints":{"allow":["GET"]}}],"collection":[{"href":"https:\/\/kruze.ee\/et\/wp-json\/wp\/v2\/product"}],"about":[{"href":"https:\/\/kruze.ee\/et\/wp-json\/wp\/v2\/types\/product"}],"wp:attachment":[{"href":"https:\/\/kruze.ee\/et\/wp-json\/wp\/v2\/media?parent=1445602"}],"wp:term":[{"taxonomy":"product_brand","embeddable":true,"href":"https:\/\/kruze.ee\/et\/wp-json\/wp\/v2\/product_brand?post=1445602"},{"taxonomy":"product_cat","embeddable":true,"href":"https:\/\/kruze.ee\/et\/wp-json\/wp\/v2\/product_cat?post=1445602"},{"taxonomy":"product_tag","embeddable":true,"href":"https:\/\/kruze.ee\/et\/wp-json\/wp\/v2\/product_tag?post=1445602"}],"curies":[{"name":"wp","href":"https:\/\/api.w.org\/{rel}","templated":true}]}}