{"id":1445594,"date":"2026-03-18T21:58:27","date_gmt":"2026-03-18T18:58:27","guid":{"rendered":"https:\/\/kruze.ee\/product\/urban-vitamin-byron-enc-korvaklapid\/"},"modified":"2026-03-18T21:58:28","modified_gmt":"2026-03-18T18:58:28","slug":"urban-vitamin-byron-enc-korvaklapid","status":"publish","type":"product","link":"https:\/\/kruze.ee\/et\/toode\/urban-vitamin-byron-enc-korvaklapid\/","title":{"rendered":"Urban Vitamin Byron ENC k\u00f5rvaklapid"},"content":{"rendered":"<p>Naudi t\u00e4ielikult juhtmevaba kogemust nende kompaktsete, kuid v\u00f5imsate k\u00f5rvaklappidega. K\u00f5rvaklappidel on madala latentsusega m\u00e4ngure\u017eiim (65 ms), mis v\u00e4hendab heli viivitust ekraani ja heli vahel m\u00e4ngimise ajal. T\u00e4nu keskkonnam\u00fcra summutamisele (ENC) on telefonik\u00f5ned kristallselged, kuna taustam\u00fcra filtreeritakse v\u00e4lja \u2013 enam ei pea oma juttu \u00fcle kordama. Puutetundlik juhtimine v\u00f5imaldab k\u00f5nedele vastata lihtsa puudutusega. Mugavad k\u00f5rvaklapid pakuvad kuni 5 tundi kuulamisaega ning taskusuurune laadimiskarp pikendab kasutusaega kuni 18 tunnini. IPX4 kaitse muudab k\u00f5rvaklapid vastupidavaks nii ilmastiku kui ka higistamise suhtes, nii et v\u00f5id neid muretult ka \u00f5ues kasutada. Urban Vitamin tooted on PVC-vabad ning pakendatud v\u00e4hendatud plastikasutusega pakendisse.<\/p>\n","protected":false},"excerpt":{"rendered":"<p>Naudi t\u00e4ielikult juhtmevaba kogemust nende kompaktsete, kuid v\u00f5imsate k\u00f5rvaklappidega. K\u00f5rvaklappidel on madala latentsusega m\u00e4ngure\u017eiim (65 ms), mis v\u00e4hendab&#8230;<\/p>\n","protected":false},"featured_media":0,"template":"","meta":[],"product_brand":[],"product_cat":[5410],"product_tag":[],"class_list":{"0":"post-1445594","1":"product","2":"type-product","3":"status-publish","5":"product_cat-korvaklapid","6":"pa_brand-urban-vitamin-2","7":"pa_color-black-2","8":"pa_color-blue-2","9":"pa_color-valge","10":"pa_gender-uniseks","11":"pa_gender-unisex","14":"pa_material-abs","16":"first","17":"instock","18":"taxable","19":"shipping-taxable","20":"purchasable","21":"product-type-variable"},"acf":[],"yoast_head":"<!-- This site is optimized with the Yoast SEO plugin v26.0 - https:\/\/yoast.com\/wordpress\/plugins\/seo\/ -->\n<title>Urban Vitamin Byron ENC k\u00f5rvaklapid - Kruze.ee<\/title>\n<meta name=\"robots\" content=\"index, follow, max-snippet:-1, max-image-preview:large, max-video-preview:-1\" \/>\n<link rel=\"canonical\" href=\"https:\/\/kruze.ee\/et\/toode\/urban-vitamin-byron-enc-korvaklapid\/\" \/>\n<meta property=\"og:locale\" content=\"et_EE\" \/>\n<meta property=\"og:type\" content=\"article\" \/>\n<meta property=\"og:title\" content=\"Urban Vitamin Byron ENC k\u00f5rvaklapid - Kruze.ee\" \/>\n<meta property=\"og:description\" content=\"Naudi t\u00e4ielikult juhtmevaba kogemust nende kompaktsete, kuid v\u00f5imsate k\u00f5rvaklappidega. K\u00f5rvaklappidel on madala latentsusega m\u00e4ngure\u017eiim (65 ms), mis v\u00e4hendab...\" \/>\n<meta property=\"og:url\" content=\"https:\/\/kruze.ee\/et\/toode\/urban-vitamin-byron-enc-korvaklapid\/\" \/>\n<meta property=\"og:site_name\" content=\"Kruze.ee\" \/>\n<meta property=\"article:modified_time\" content=\"2026-03-18T18:58:28+00:00\" \/>\n<meta name=\"twitter:card\" content=\"summary_large_image\" \/>\n<meta name=\"twitter:label1\" content=\"Est. reading time\" \/>\n\t<meta name=\"twitter:data1\" content=\"1 minut\" \/>\n<script type=\"application\/ld+json\" class=\"yoast-schema-graph\">{\"@context\":\"https:\/\/schema.org\",\"@graph\":[{\"@type\":\"WebPage\",\"@id\":\"https:\/\/kruze.ee\/et\/toode\/urban-vitamin-byron-enc-korvaklapid\/\",\"url\":\"https:\/\/kruze.ee\/et\/toode\/urban-vitamin-byron-enc-korvaklapid\/\",\"name\":\"Urban Vitamin Byron ENC k\u00f5rvaklapid - Kruze.ee\",\"isPartOf\":{\"@id\":\"https:\/\/kruze.ee\/et\/#website\"},\"datePublished\":\"2026-03-18T18:58:27+00:00\",\"dateModified\":\"2026-03-18T18:58:28+00:00\",\"breadcrumb\":{\"@id\":\"https:\/\/kruze.ee\/et\/toode\/urban-vitamin-byron-enc-korvaklapid\/#breadcrumb\"},\"inLanguage\":\"et\",\"potentialAction\":[{\"@type\":\"ReadAction\",\"target\":[\"https:\/\/kruze.ee\/et\/toode\/urban-vitamin-byron-enc-korvaklapid\/\"]}]},{\"@type\":\"BreadcrumbList\",\"@id\":\"https:\/\/kruze.ee\/et\/toode\/urban-vitamin-byron-enc-korvaklapid\/#breadcrumb\",\"itemListElement\":[{\"@type\":\"ListItem\",\"position\":1,\"name\":\"Home\",\"item\":\"https:\/\/kruze.ee\/et\/\"},{\"@type\":\"ListItem\",\"position\":2,\"name\":\"Tooted\",\"item\":\"https:\/\/kruze.ee\/et\/tooted\/\"},{\"@type\":\"ListItem\",\"position\":3,\"name\":\"Urban Vitamin Byron ENC k\u00f5rvaklapid\"}]},{\"@type\":\"WebSite\",\"@id\":\"https:\/\/kruze.ee\/et\/#website\",\"url\":\"https:\/\/kruze.ee\/et\/\",\"name\":\"Kruze.ee\",\"description\":\"Reklaamkingitused, tr&uuml;kiga T-s&auml;rgid, fliisid, dressipluused, tekstiil, joped ja paljud teised logoga meened, &Auml;rikingitused sinu partnerile! Telli juba t&auml;na.\",\"potentialAction\":[{\"@type\":\"SearchAction\",\"target\":{\"@type\":\"EntryPoint\",\"urlTemplate\":\"https:\/\/kruze.ee\/et\/?s={search_term_string}\"},\"query-input\":{\"@type\":\"PropertyValueSpecification\",\"valueRequired\":true,\"valueName\":\"search_term_string\"}}],\"inLanguage\":\"et\"}]}<\/script>\n<!-- \/ Yoast SEO plugin. -->","yoast_head_json":{"title":"Urban Vitamin Byron ENC k\u00f5rvaklapid - Kruze.ee","robots":{"index":"index","follow":"follow","max-snippet":"max-snippet:-1","max-image-preview":"max-image-preview:large","max-video-preview":"max-video-preview:-1"},"canonical":"https:\/\/kruze.ee\/et\/toode\/urban-vitamin-byron-enc-korvaklapid\/","og_locale":"et_EE","og_type":"article","og_title":"Urban Vitamin Byron ENC k\u00f5rvaklapid - Kruze.ee","og_description":"Naudi t\u00e4ielikult juhtmevaba kogemust nende kompaktsete, kuid v\u00f5imsate k\u00f5rvaklappidega. K\u00f5rvaklappidel on madala latentsusega m\u00e4ngure\u017eiim (65 ms), mis v\u00e4hendab...","og_url":"https:\/\/kruze.ee\/et\/toode\/urban-vitamin-byron-enc-korvaklapid\/","og_site_name":"Kruze.ee","article_modified_time":"2026-03-18T18:58:28+00:00","twitter_card":"summary_large_image","twitter_misc":{"Est. reading time":"1 minut"},"schema":{"@context":"https:\/\/schema.org","@graph":[{"@type":"WebPage","@id":"https:\/\/kruze.ee\/et\/toode\/urban-vitamin-byron-enc-korvaklapid\/","url":"https:\/\/kruze.ee\/et\/toode\/urban-vitamin-byron-enc-korvaklapid\/","name":"Urban Vitamin Byron ENC k\u00f5rvaklapid - Kruze.ee","isPartOf":{"@id":"https:\/\/kruze.ee\/et\/#website"},"datePublished":"2026-03-18T18:58:27+00:00","dateModified":"2026-03-18T18:58:28+00:00","breadcrumb":{"@id":"https:\/\/kruze.ee\/et\/toode\/urban-vitamin-byron-enc-korvaklapid\/#breadcrumb"},"inLanguage":"et","potentialAction":[{"@type":"ReadAction","target":["https:\/\/kruze.ee\/et\/toode\/urban-vitamin-byron-enc-korvaklapid\/"]}]},{"@type":"BreadcrumbList","@id":"https:\/\/kruze.ee\/et\/toode\/urban-vitamin-byron-enc-korvaklapid\/#breadcrumb","itemListElement":[{"@type":"ListItem","position":1,"name":"Home","item":"https:\/\/kruze.ee\/et\/"},{"@type":"ListItem","position":2,"name":"Tooted","item":"https:\/\/kruze.ee\/et\/tooted\/"},{"@type":"ListItem","position":3,"name":"Urban Vitamin Byron ENC k\u00f5rvaklapid"}]},{"@type":"WebSite","@id":"https:\/\/kruze.ee\/et\/#website","url":"https:\/\/kruze.ee\/et\/","name":"Kruze.ee","description":"Reklaamkingitused, tr&uuml;kiga T-s&auml;rgid, fliisid, dressipluused, tekstiil, joped ja paljud teised logoga meened, &Auml;rikingitused sinu partnerile! Telli juba t&auml;na.","potentialAction":[{"@type":"SearchAction","target":{"@type":"EntryPoint","urlTemplate":"https:\/\/kruze.ee\/et\/?s={search_term_string}"},"query-input":{"@type":"PropertyValueSpecification","valueRequired":true,"valueName":"search_term_string"}}],"inLanguage":"et"}]}},"_links":{"self":[{"href":"https:\/\/kruze.ee\/et\/wp-json\/wp\/v2\/product\/1445594","targetHints":{"allow":["GET"]}}],"collection":[{"href":"https:\/\/kruze.ee\/et\/wp-json\/wp\/v2\/product"}],"about":[{"href":"https:\/\/kruze.ee\/et\/wp-json\/wp\/v2\/types\/product"}],"wp:attachment":[{"href":"https:\/\/kruze.ee\/et\/wp-json\/wp\/v2\/media?parent=1445594"}],"wp:term":[{"taxonomy":"product_brand","embeddable":true,"href":"https:\/\/kruze.ee\/et\/wp-json\/wp\/v2\/product_brand?post=1445594"},{"taxonomy":"product_cat","embeddable":true,"href":"https:\/\/kruze.ee\/et\/wp-json\/wp\/v2\/product_cat?post=1445594"},{"taxonomy":"product_tag","embeddable":true,"href":"https:\/\/kruze.ee\/et\/wp-json\/wp\/v2\/product_tag?post=1445594"}],"curies":[{"name":"wp","href":"https:\/\/api.w.org\/{rel}","templated":true}]}}