{"id":1445586,"date":"2026-03-18T21:58:22","date_gmt":"2026-03-18T18:58:22","guid":{"rendered":"https:\/\/kruze.ee\/product\/urban-vitamin-alamo-anc-korvaklapid\/"},"modified":"2026-03-18T21:58:22","modified_gmt":"2026-03-18T18:58:22","slug":"urban-vitamin-alamo-anc-korvaklapid","status":"publish","type":"product","link":"https:\/\/kruze.ee\/et\/toode\/urban-vitamin-alamo-anc-korvaklapid\/","title":{"rendered":"Urban Vitamin Alamo ANC k\u00f5rvaklapid"},"content":{"rendered":"<p>Blokeeri soovimatu \u00fcmbritsev m\u00fcra aktiivse m\u00fcrasummutuse (ANC) abil ning kui soovid kuulda enda \u00fcmbrust, l\u00fclitu \u00fche puudutusega l\u00e4bipaistvusre\u017eiimile. Mugavad k\u00f5rvaklapid pakuvad kuni 5 tundi kuulamisaega ning laadimiskarp pikendab selle kuni 20 tunnini. K\u00f5rvaklapid on loodud pakkuma v\u00f5imsat ja tasakaalustatud heli, mille tulemuseks on s\u00fcgav ja emotsionaalne kuulamiskogemus. Sisseehitatud mikrofon tagab selged k\u00f5ned ning puutetundlik juhtimine v\u00f5imaldab vastata k\u00f5nedele v\u00f5i peatada muusika lihtsa puudutusega. IPX4 kaitseklass teeb k\u00f5rvaklapid vastupidavaks nii ilmastiku kui ka higi suhtes, seega sobivad need h\u00e4sti ka \u00f5ues kasutamiseks. ANC m\u00fcrasummutuse tase kuni 25 dB. Urban Vitamin tooted on valmistatud ilma PVC-ta ning pakendatud v\u00e4hendatud plastisisaldusega pakendisse.<\/p>\n","protected":false},"excerpt":{"rendered":"<p>Blokeeri soovimatu \u00fcmbritsev m\u00fcra aktiivse m\u00fcrasummutuse (ANC) abil ning kui soovid kuulda enda \u00fcmbrust, l\u00fclitu \u00fche puudutusega l\u00e4bipaistvusre\u017eiimile. Mugavad&#8230;<\/p>\n","protected":false},"featured_media":0,"template":"","meta":[],"product_brand":[],"product_cat":[5410],"product_tag":[],"class_list":{"0":"post-1445586","1":"product","2":"type-product","3":"status-publish","5":"product_cat-korvaklapid","6":"pa_brand-urban-vitamin-2","7":"pa_color-black-2","8":"pa_color-blue-2","9":"pa_color-valge","10":"pa_gender-uniseks","11":"pa_gender-unisex","14":"pa_material-abs","16":"first","17":"instock","18":"taxable","19":"shipping-taxable","20":"purchasable","21":"product-type-variable"},"acf":[],"yoast_head":"<!-- This site is optimized with the Yoast SEO plugin v26.0 - https:\/\/yoast.com\/wordpress\/plugins\/seo\/ -->\n<title>Urban Vitamin Alamo ANC k\u00f5rvaklapid - Kruze.ee<\/title>\n<meta name=\"robots\" content=\"index, follow, max-snippet:-1, max-image-preview:large, max-video-preview:-1\" \/>\n<link rel=\"canonical\" href=\"https:\/\/kruze.ee\/et\/toode\/urban-vitamin-alamo-anc-korvaklapid\/\" \/>\n<meta property=\"og:locale\" content=\"et_EE\" \/>\n<meta property=\"og:type\" content=\"article\" \/>\n<meta property=\"og:title\" content=\"Urban Vitamin Alamo ANC k\u00f5rvaklapid - Kruze.ee\" \/>\n<meta property=\"og:description\" content=\"Blokeeri soovimatu \u00fcmbritsev m\u00fcra aktiivse m\u00fcrasummutuse (ANC) abil ning kui soovid kuulda enda \u00fcmbrust, l\u00fclitu \u00fche puudutusega l\u00e4bipaistvusre\u017eiimile. Mugavad...\" \/>\n<meta property=\"og:url\" content=\"https:\/\/kruze.ee\/et\/toode\/urban-vitamin-alamo-anc-korvaklapid\/\" \/>\n<meta property=\"og:site_name\" content=\"Kruze.ee\" \/>\n<meta name=\"twitter:card\" content=\"summary_large_image\" \/>\n<meta name=\"twitter:label1\" content=\"Est. reading time\" \/>\n\t<meta name=\"twitter:data1\" content=\"1 minut\" \/>\n<script type=\"application\/ld+json\" class=\"yoast-schema-graph\">{\"@context\":\"https:\/\/schema.org\",\"@graph\":[{\"@type\":\"WebPage\",\"@id\":\"https:\/\/kruze.ee\/et\/toode\/urban-vitamin-alamo-anc-korvaklapid\/\",\"url\":\"https:\/\/kruze.ee\/et\/toode\/urban-vitamin-alamo-anc-korvaklapid\/\",\"name\":\"Urban Vitamin Alamo ANC k\u00f5rvaklapid - Kruze.ee\",\"isPartOf\":{\"@id\":\"https:\/\/kruze.ee\/et\/#website\"},\"datePublished\":\"2026-03-18T18:58:22+00:00\",\"breadcrumb\":{\"@id\":\"https:\/\/kruze.ee\/et\/toode\/urban-vitamin-alamo-anc-korvaklapid\/#breadcrumb\"},\"inLanguage\":\"et\",\"potentialAction\":[{\"@type\":\"ReadAction\",\"target\":[\"https:\/\/kruze.ee\/et\/toode\/urban-vitamin-alamo-anc-korvaklapid\/\"]}]},{\"@type\":\"BreadcrumbList\",\"@id\":\"https:\/\/kruze.ee\/et\/toode\/urban-vitamin-alamo-anc-korvaklapid\/#breadcrumb\",\"itemListElement\":[{\"@type\":\"ListItem\",\"position\":1,\"name\":\"Home\",\"item\":\"https:\/\/kruze.ee\/et\/\"},{\"@type\":\"ListItem\",\"position\":2,\"name\":\"Tooted\",\"item\":\"https:\/\/kruze.ee\/et\/tooted\/\"},{\"@type\":\"ListItem\",\"position\":3,\"name\":\"Urban Vitamin Alamo ANC k\u00f5rvaklapid\"}]},{\"@type\":\"WebSite\",\"@id\":\"https:\/\/kruze.ee\/et\/#website\",\"url\":\"https:\/\/kruze.ee\/et\/\",\"name\":\"Kruze.ee\",\"description\":\"Reklaamkingitused, tr&uuml;kiga T-s&auml;rgid, fliisid, dressipluused, tekstiil, joped ja paljud teised logoga meened, &Auml;rikingitused sinu partnerile! Telli juba t&auml;na.\",\"potentialAction\":[{\"@type\":\"SearchAction\",\"target\":{\"@type\":\"EntryPoint\",\"urlTemplate\":\"https:\/\/kruze.ee\/et\/?s={search_term_string}\"},\"query-input\":{\"@type\":\"PropertyValueSpecification\",\"valueRequired\":true,\"valueName\":\"search_term_string\"}}],\"inLanguage\":\"et\"}]}<\/script>\n<!-- \/ Yoast SEO plugin. -->","yoast_head_json":{"title":"Urban Vitamin Alamo ANC k\u00f5rvaklapid - Kruze.ee","robots":{"index":"index","follow":"follow","max-snippet":"max-snippet:-1","max-image-preview":"max-image-preview:large","max-video-preview":"max-video-preview:-1"},"canonical":"https:\/\/kruze.ee\/et\/toode\/urban-vitamin-alamo-anc-korvaklapid\/","og_locale":"et_EE","og_type":"article","og_title":"Urban Vitamin Alamo ANC k\u00f5rvaklapid - Kruze.ee","og_description":"Blokeeri soovimatu \u00fcmbritsev m\u00fcra aktiivse m\u00fcrasummutuse (ANC) abil ning kui soovid kuulda enda \u00fcmbrust, l\u00fclitu \u00fche puudutusega l\u00e4bipaistvusre\u017eiimile. Mugavad...","og_url":"https:\/\/kruze.ee\/et\/toode\/urban-vitamin-alamo-anc-korvaklapid\/","og_site_name":"Kruze.ee","twitter_card":"summary_large_image","twitter_misc":{"Est. reading time":"1 minut"},"schema":{"@context":"https:\/\/schema.org","@graph":[{"@type":"WebPage","@id":"https:\/\/kruze.ee\/et\/toode\/urban-vitamin-alamo-anc-korvaklapid\/","url":"https:\/\/kruze.ee\/et\/toode\/urban-vitamin-alamo-anc-korvaklapid\/","name":"Urban Vitamin Alamo ANC k\u00f5rvaklapid - Kruze.ee","isPartOf":{"@id":"https:\/\/kruze.ee\/et\/#website"},"datePublished":"2026-03-18T18:58:22+00:00","breadcrumb":{"@id":"https:\/\/kruze.ee\/et\/toode\/urban-vitamin-alamo-anc-korvaklapid\/#breadcrumb"},"inLanguage":"et","potentialAction":[{"@type":"ReadAction","target":["https:\/\/kruze.ee\/et\/toode\/urban-vitamin-alamo-anc-korvaklapid\/"]}]},{"@type":"BreadcrumbList","@id":"https:\/\/kruze.ee\/et\/toode\/urban-vitamin-alamo-anc-korvaklapid\/#breadcrumb","itemListElement":[{"@type":"ListItem","position":1,"name":"Home","item":"https:\/\/kruze.ee\/et\/"},{"@type":"ListItem","position":2,"name":"Tooted","item":"https:\/\/kruze.ee\/et\/tooted\/"},{"@type":"ListItem","position":3,"name":"Urban Vitamin Alamo ANC k\u00f5rvaklapid"}]},{"@type":"WebSite","@id":"https:\/\/kruze.ee\/et\/#website","url":"https:\/\/kruze.ee\/et\/","name":"Kruze.ee","description":"Reklaamkingitused, tr&uuml;kiga T-s&auml;rgid, fliisid, dressipluused, tekstiil, joped ja paljud teised logoga meened, &Auml;rikingitused sinu partnerile! Telli juba t&auml;na.","potentialAction":[{"@type":"SearchAction","target":{"@type":"EntryPoint","urlTemplate":"https:\/\/kruze.ee\/et\/?s={search_term_string}"},"query-input":{"@type":"PropertyValueSpecification","valueRequired":true,"valueName":"search_term_string"}}],"inLanguage":"et"}]}},"_links":{"self":[{"href":"https:\/\/kruze.ee\/et\/wp-json\/wp\/v2\/product\/1445586","targetHints":{"allow":["GET"]}}],"collection":[{"href":"https:\/\/kruze.ee\/et\/wp-json\/wp\/v2\/product"}],"about":[{"href":"https:\/\/kruze.ee\/et\/wp-json\/wp\/v2\/types\/product"}],"wp:attachment":[{"href":"https:\/\/kruze.ee\/et\/wp-json\/wp\/v2\/media?parent=1445586"}],"wp:term":[{"taxonomy":"product_brand","embeddable":true,"href":"https:\/\/kruze.ee\/et\/wp-json\/wp\/v2\/product_brand?post=1445586"},{"taxonomy":"product_cat","embeddable":true,"href":"https:\/\/kruze.ee\/et\/wp-json\/wp\/v2\/product_cat?post=1445586"},{"taxonomy":"product_tag","embeddable":true,"href":"https:\/\/kruze.ee\/et\/wp-json\/wp\/v2\/product_tag?post=1445586"}],"curies":[{"name":"wp","href":"https:\/\/api.w.org\/{rel}","templated":true}]}}