{"id":1445581,"date":"2026-03-18T21:58:17","date_gmt":"2026-03-18T18:58:17","guid":{"rendered":"https:\/\/kruze.ee\/product\/urban-vitamin-gilroy-hubriidse-anc-ja-enc-tehnoloogiaga-korvaklapid\/"},"modified":"2026-03-18T21:58:17","modified_gmt":"2026-03-18T18:58:17","slug":"urban-vitamin-gilroy-hubriidse-anc-ja-enc-tehnoloogiaga-korvaklapid","status":"publish","type":"product","link":"https:\/\/kruze.ee\/et\/toode\/urban-vitamin-gilroy-hubriidse-anc-ja-enc-tehnoloogiaga-korvaklapid\/","title":{"rendered":"Urban Vitamin Gilroy h\u00fcbriidse ANC ja ENC tehnoloogiaga k\u00f5rvaklapid"},"content":{"rendered":"<p>Parim heli algab parimast vaikusest. See sinu peopesasse mahtuv toode vastab sellele ootusele, pakkudes s\u00fcgavat ja selget helikvaliteeti. K\u00f5rvaklapid on varustatud aktiivse m\u00fcrasummutusega (ANC), mis blokeerib \u00fcmbritseva m\u00fcra, et saaksid nautida oma lemmikmuusikat, podcaste v\u00f5i videoid. T\u00e4nu keskkonnam\u00fcra summutusele (ENC) on ka telefonik\u00f5ned kristallselged, filtreerides taustam\u00fcra sinu k\u00f5ne ajal \u2013 enam ei pea oma juttu kordama. Puutetundliku juhtimise abil saad k\u00f5nedele vastata lihtsalt k\u00f5rvaklappi puudutades. IPX5 veekindluse tase muudab k\u00f5rvaklapid vastupidavaks higi ja kerge vihma suhtes.<\/p>\n","protected":false},"excerpt":{"rendered":"<p>Parim heli algab parimast vaikusest. See sinu peopesasse mahtuv toode vastab sellele ootusele, pakkudes s\u00fcgavat ja selget helikvaliteeti. K\u00f5rvaklapid on&#8230;<\/p>\n","protected":false},"featured_media":0,"template":"","meta":[],"product_brand":[],"product_cat":[5410],"product_tag":[],"class_list":{"0":"post-1445581","1":"product","2":"type-product","3":"status-publish","5":"product_cat-korvaklapid","6":"pa_brand-urban-vitamin-2","7":"pa_color-black-2","8":"pa_color-valge","9":"pa_gender-uniseks","10":"pa_gender-unisex","13":"pa_material-abspolycarbonate","15":"first","16":"instock","17":"taxable","18":"shipping-taxable","19":"purchasable","20":"product-type-variable"},"acf":[],"yoast_head":"<!-- This site is optimized with the Yoast SEO plugin v26.0 - https:\/\/yoast.com\/wordpress\/plugins\/seo\/ -->\n<title>Urban Vitamin Gilroy h\u00fcbriidse ANC ja ENC tehnoloogiaga k\u00f5rvaklapid - Kruze.ee<\/title>\n<meta name=\"robots\" content=\"index, follow, max-snippet:-1, max-image-preview:large, max-video-preview:-1\" \/>\n<link rel=\"canonical\" href=\"https:\/\/kruze.ee\/et\/toode\/urban-vitamin-gilroy-hubriidse-anc-ja-enc-tehnoloogiaga-korvaklapid\/\" \/>\n<meta property=\"og:locale\" content=\"et_EE\" \/>\n<meta property=\"og:type\" content=\"article\" \/>\n<meta property=\"og:title\" content=\"Urban Vitamin Gilroy h\u00fcbriidse ANC ja ENC tehnoloogiaga k\u00f5rvaklapid - Kruze.ee\" \/>\n<meta property=\"og:description\" content=\"Parim heli algab parimast vaikusest. See sinu peopesasse mahtuv toode vastab sellele ootusele, pakkudes s\u00fcgavat ja selget helikvaliteeti. K\u00f5rvaklapid on...\" \/>\n<meta property=\"og:url\" content=\"https:\/\/kruze.ee\/et\/toode\/urban-vitamin-gilroy-hubriidse-anc-ja-enc-tehnoloogiaga-korvaklapid\/\" \/>\n<meta property=\"og:site_name\" content=\"Kruze.ee\" \/>\n<meta name=\"twitter:card\" content=\"summary_large_image\" \/>\n<script type=\"application\/ld+json\" class=\"yoast-schema-graph\">{\"@context\":\"https:\/\/schema.org\",\"@graph\":[{\"@type\":\"WebPage\",\"@id\":\"https:\/\/kruze.ee\/et\/toode\/urban-vitamin-gilroy-hubriidse-anc-ja-enc-tehnoloogiaga-korvaklapid\/\",\"url\":\"https:\/\/kruze.ee\/et\/toode\/urban-vitamin-gilroy-hubriidse-anc-ja-enc-tehnoloogiaga-korvaklapid\/\",\"name\":\"Urban Vitamin Gilroy h\u00fcbriidse ANC ja ENC tehnoloogiaga k\u00f5rvaklapid - Kruze.ee\",\"isPartOf\":{\"@id\":\"https:\/\/kruze.ee\/et\/#website\"},\"datePublished\":\"2026-03-18T18:58:17+00:00\",\"breadcrumb\":{\"@id\":\"https:\/\/kruze.ee\/et\/toode\/urban-vitamin-gilroy-hubriidse-anc-ja-enc-tehnoloogiaga-korvaklapid\/#breadcrumb\"},\"inLanguage\":\"et\",\"potentialAction\":[{\"@type\":\"ReadAction\",\"target\":[\"https:\/\/kruze.ee\/et\/toode\/urban-vitamin-gilroy-hubriidse-anc-ja-enc-tehnoloogiaga-korvaklapid\/\"]}]},{\"@type\":\"BreadcrumbList\",\"@id\":\"https:\/\/kruze.ee\/et\/toode\/urban-vitamin-gilroy-hubriidse-anc-ja-enc-tehnoloogiaga-korvaklapid\/#breadcrumb\",\"itemListElement\":[{\"@type\":\"ListItem\",\"position\":1,\"name\":\"Home\",\"item\":\"https:\/\/kruze.ee\/et\/\"},{\"@type\":\"ListItem\",\"position\":2,\"name\":\"Tooted\",\"item\":\"https:\/\/kruze.ee\/et\/tooted\/\"},{\"@type\":\"ListItem\",\"position\":3,\"name\":\"Urban Vitamin Gilroy h\u00fcbriidse ANC ja ENC tehnoloogiaga k\u00f5rvaklapid\"}]},{\"@type\":\"WebSite\",\"@id\":\"https:\/\/kruze.ee\/et\/#website\",\"url\":\"https:\/\/kruze.ee\/et\/\",\"name\":\"Kruze.ee\",\"description\":\"Reklaamkingitused, tr&uuml;kiga T-s&auml;rgid, fliisid, dressipluused, tekstiil, joped ja paljud teised logoga meened, &Auml;rikingitused sinu partnerile! Telli juba t&auml;na.\",\"potentialAction\":[{\"@type\":\"SearchAction\",\"target\":{\"@type\":\"EntryPoint\",\"urlTemplate\":\"https:\/\/kruze.ee\/et\/?s={search_term_string}\"},\"query-input\":{\"@type\":\"PropertyValueSpecification\",\"valueRequired\":true,\"valueName\":\"search_term_string\"}}],\"inLanguage\":\"et\"}]}<\/script>\n<!-- \/ Yoast SEO plugin. -->","yoast_head_json":{"title":"Urban Vitamin Gilroy h\u00fcbriidse ANC ja ENC tehnoloogiaga k\u00f5rvaklapid - Kruze.ee","robots":{"index":"index","follow":"follow","max-snippet":"max-snippet:-1","max-image-preview":"max-image-preview:large","max-video-preview":"max-video-preview:-1"},"canonical":"https:\/\/kruze.ee\/et\/toode\/urban-vitamin-gilroy-hubriidse-anc-ja-enc-tehnoloogiaga-korvaklapid\/","og_locale":"et_EE","og_type":"article","og_title":"Urban Vitamin Gilroy h\u00fcbriidse ANC ja ENC tehnoloogiaga k\u00f5rvaklapid - Kruze.ee","og_description":"Parim heli algab parimast vaikusest. See sinu peopesasse mahtuv toode vastab sellele ootusele, pakkudes s\u00fcgavat ja selget helikvaliteeti. K\u00f5rvaklapid on...","og_url":"https:\/\/kruze.ee\/et\/toode\/urban-vitamin-gilroy-hubriidse-anc-ja-enc-tehnoloogiaga-korvaklapid\/","og_site_name":"Kruze.ee","twitter_card":"summary_large_image","schema":{"@context":"https:\/\/schema.org","@graph":[{"@type":"WebPage","@id":"https:\/\/kruze.ee\/et\/toode\/urban-vitamin-gilroy-hubriidse-anc-ja-enc-tehnoloogiaga-korvaklapid\/","url":"https:\/\/kruze.ee\/et\/toode\/urban-vitamin-gilroy-hubriidse-anc-ja-enc-tehnoloogiaga-korvaklapid\/","name":"Urban Vitamin Gilroy h\u00fcbriidse ANC ja ENC tehnoloogiaga k\u00f5rvaklapid - Kruze.ee","isPartOf":{"@id":"https:\/\/kruze.ee\/et\/#website"},"datePublished":"2026-03-18T18:58:17+00:00","breadcrumb":{"@id":"https:\/\/kruze.ee\/et\/toode\/urban-vitamin-gilroy-hubriidse-anc-ja-enc-tehnoloogiaga-korvaklapid\/#breadcrumb"},"inLanguage":"et","potentialAction":[{"@type":"ReadAction","target":["https:\/\/kruze.ee\/et\/toode\/urban-vitamin-gilroy-hubriidse-anc-ja-enc-tehnoloogiaga-korvaklapid\/"]}]},{"@type":"BreadcrumbList","@id":"https:\/\/kruze.ee\/et\/toode\/urban-vitamin-gilroy-hubriidse-anc-ja-enc-tehnoloogiaga-korvaklapid\/#breadcrumb","itemListElement":[{"@type":"ListItem","position":1,"name":"Home","item":"https:\/\/kruze.ee\/et\/"},{"@type":"ListItem","position":2,"name":"Tooted","item":"https:\/\/kruze.ee\/et\/tooted\/"},{"@type":"ListItem","position":3,"name":"Urban Vitamin Gilroy h\u00fcbriidse ANC ja ENC tehnoloogiaga k\u00f5rvaklapid"}]},{"@type":"WebSite","@id":"https:\/\/kruze.ee\/et\/#website","url":"https:\/\/kruze.ee\/et\/","name":"Kruze.ee","description":"Reklaamkingitused, tr&uuml;kiga T-s&auml;rgid, fliisid, dressipluused, tekstiil, joped ja paljud teised logoga meened, &Auml;rikingitused sinu partnerile! Telli juba t&auml;na.","potentialAction":[{"@type":"SearchAction","target":{"@type":"EntryPoint","urlTemplate":"https:\/\/kruze.ee\/et\/?s={search_term_string}"},"query-input":{"@type":"PropertyValueSpecification","valueRequired":true,"valueName":"search_term_string"}}],"inLanguage":"et"}]}},"_links":{"self":[{"href":"https:\/\/kruze.ee\/et\/wp-json\/wp\/v2\/product\/1445581","targetHints":{"allow":["GET"]}}],"collection":[{"href":"https:\/\/kruze.ee\/et\/wp-json\/wp\/v2\/product"}],"about":[{"href":"https:\/\/kruze.ee\/et\/wp-json\/wp\/v2\/types\/product"}],"wp:attachment":[{"href":"https:\/\/kruze.ee\/et\/wp-json\/wp\/v2\/media?parent=1445581"}],"wp:term":[{"taxonomy":"product_brand","embeddable":true,"href":"https:\/\/kruze.ee\/et\/wp-json\/wp\/v2\/product_brand?post=1445581"},{"taxonomy":"product_cat","embeddable":true,"href":"https:\/\/kruze.ee\/et\/wp-json\/wp\/v2\/product_cat?post=1445581"},{"taxonomy":"product_tag","embeddable":true,"href":"https:\/\/kruze.ee\/et\/wp-json\/wp\/v2\/product_tag?post=1445581"}],"curies":[{"name":"wp","href":"https:\/\/api.w.org\/{rel}","templated":true}]}}