{"id":1445579,"date":"2026-03-18T21:58:13","date_gmt":"2026-03-18T18:58:13","guid":{"rendered":"https:\/\/kruze.ee\/product\/liberty-pro-rcs-taaskasutatud-plastikust-juhtmevabad-korvaklapid\/"},"modified":"2026-03-18T21:58:13","modified_gmt":"2026-03-18T18:58:13","slug":"liberty-pro-rcs-taaskasutatud-plastikust-juhtmevabad-korvaklapid","status":"publish","type":"product","link":"https:\/\/kruze.ee\/et\/toode\/liberty-pro-rcs-taaskasutatud-plastikust-juhtmevabad-korvaklapid\/","title":{"rendered":"Liberty Pro RCS taaskasutatud plastikust juhtmevabad k\u00f5rvaklapid"},"content":{"rendered":"<p>Uue p\u00f5lvkonna juhtmevabad k\u00f5rvaklapid laadimiskarbiga, mis on valmistatud RCS (Recycled Claim Standard) sertifitseeritud taaskasutatud ABS-materjalist, kus taaskasutatud sisu moodustab 56% toote kogukaalust ning sertifikaat tagab t\u00e4ielikult kontrollitud tarneahela; ergonoomilise disainiga k\u00f5rvaklappidel on 35 mAh aku ja neid saab 300 mAh laadimiskarbis t\u00e4is laadida umbes 2 tunniga, automaatne sidumine teeb \u00fchendamise mobiiliseadmega lihtsaks, m\u00e4nguaeg keskmisel helitugevusel on umbes 3 tundi ning Bluetooth 5.3 tagab stabiilse \u00fchenduse kuni 10 meetri ulatuses; k\u00f5rvaklappidel on puutetundlik juhtimine ja sisseehitatud mikrofon, mis v\u00f5imaldab muusikat peatada v\u00f5i k\u00f5nedele vastata lihtsa puudutusega ning kasutada stereoheli k\u00f5nede jaoks, komplektis on 3 erineva suurusega silikoonist otsikut ja GRS-sertifikaadiga taaskasutatud TPE laadimiskaabel.<\/p>\n","protected":false},"excerpt":{"rendered":"<p>Uue p\u00f5lvkonna juhtmevabad k\u00f5rvaklapid laadimiskarbiga, mis on valmistatud RCS (Recycled Claim Standard) sertifitseeritud taaskasutatud ABS-materjalist, kus&#8230;<\/p>\n","protected":false},"featured_media":0,"template":"","meta":[],"product_brand":[],"product_cat":[5410],"product_tag":[],"class_list":{"0":"post-1445579","1":"product","2":"type-product","3":"status-publish","5":"product_cat-korvaklapid","6":"pa_gender-uniseks","7":"pa_gender-unisex","11":"first","12":"instock","13":"purchasable","14":"product-type-simple"},"acf":[],"yoast_head":"<!-- This site is optimized with the Yoast SEO plugin v26.0 - https:\/\/yoast.com\/wordpress\/plugins\/seo\/ -->\n<title>Liberty Pro RCS taaskasutatud plastikust juhtmevabad k\u00f5rvaklapid - Kruze.ee<\/title>\n<meta name=\"robots\" content=\"index, follow, max-snippet:-1, max-image-preview:large, max-video-preview:-1\" \/>\n<link rel=\"canonical\" href=\"https:\/\/kruze.ee\/et\/toode\/liberty-pro-rcs-taaskasutatud-plastikust-juhtmevabad-korvaklapid\/\" \/>\n<meta property=\"og:locale\" content=\"et_EE\" \/>\n<meta property=\"og:type\" content=\"article\" \/>\n<meta property=\"og:title\" content=\"Liberty Pro RCS taaskasutatud plastikust juhtmevabad k\u00f5rvaklapid - Kruze.ee\" \/>\n<meta property=\"og:description\" content=\"Uue p\u00f5lvkonna juhtmevabad k\u00f5rvaklapid laadimiskarbiga, mis on valmistatud RCS (Recycled Claim Standard) sertifitseeritud taaskasutatud ABS-materjalist, kus...\" \/>\n<meta property=\"og:url\" content=\"https:\/\/kruze.ee\/et\/toode\/liberty-pro-rcs-taaskasutatud-plastikust-juhtmevabad-korvaklapid\/\" \/>\n<meta property=\"og:site_name\" content=\"Kruze.ee\" \/>\n<meta name=\"twitter:card\" content=\"summary_large_image\" \/>\n<meta name=\"twitter:label1\" content=\"Est. reading time\" \/>\n\t<meta name=\"twitter:data1\" content=\"1 minut\" \/>\n<script type=\"application\/ld+json\" class=\"yoast-schema-graph\">{\"@context\":\"https:\/\/schema.org\",\"@graph\":[{\"@type\":\"WebPage\",\"@id\":\"https:\/\/kruze.ee\/et\/toode\/liberty-pro-rcs-taaskasutatud-plastikust-juhtmevabad-korvaklapid\/\",\"url\":\"https:\/\/kruze.ee\/et\/toode\/liberty-pro-rcs-taaskasutatud-plastikust-juhtmevabad-korvaklapid\/\",\"name\":\"Liberty Pro RCS taaskasutatud plastikust juhtmevabad k\u00f5rvaklapid - Kruze.ee\",\"isPartOf\":{\"@id\":\"https:\/\/kruze.ee\/et\/#website\"},\"datePublished\":\"2026-03-18T18:58:13+00:00\",\"breadcrumb\":{\"@id\":\"https:\/\/kruze.ee\/et\/toode\/liberty-pro-rcs-taaskasutatud-plastikust-juhtmevabad-korvaklapid\/#breadcrumb\"},\"inLanguage\":\"et\",\"potentialAction\":[{\"@type\":\"ReadAction\",\"target\":[\"https:\/\/kruze.ee\/et\/toode\/liberty-pro-rcs-taaskasutatud-plastikust-juhtmevabad-korvaklapid\/\"]}]},{\"@type\":\"BreadcrumbList\",\"@id\":\"https:\/\/kruze.ee\/et\/toode\/liberty-pro-rcs-taaskasutatud-plastikust-juhtmevabad-korvaklapid\/#breadcrumb\",\"itemListElement\":[{\"@type\":\"ListItem\",\"position\":1,\"name\":\"Home\",\"item\":\"https:\/\/kruze.ee\/et\/\"},{\"@type\":\"ListItem\",\"position\":2,\"name\":\"Tooted\",\"item\":\"https:\/\/kruze.ee\/et\/tooted\/\"},{\"@type\":\"ListItem\",\"position\":3,\"name\":\"Liberty Pro RCS taaskasutatud plastikust juhtmevabad k\u00f5rvaklapid\"}]},{\"@type\":\"WebSite\",\"@id\":\"https:\/\/kruze.ee\/et\/#website\",\"url\":\"https:\/\/kruze.ee\/et\/\",\"name\":\"Kruze.ee\",\"description\":\"Reklaamkingitused, tr&uuml;kiga T-s&auml;rgid, fliisid, dressipluused, tekstiil, joped ja paljud teised logoga meened, &Auml;rikingitused sinu partnerile! Telli juba t&auml;na.\",\"potentialAction\":[{\"@type\":\"SearchAction\",\"target\":{\"@type\":\"EntryPoint\",\"urlTemplate\":\"https:\/\/kruze.ee\/et\/?s={search_term_string}\"},\"query-input\":{\"@type\":\"PropertyValueSpecification\",\"valueRequired\":true,\"valueName\":\"search_term_string\"}}],\"inLanguage\":\"et\"}]}<\/script>\n<!-- \/ Yoast SEO plugin. -->","yoast_head_json":{"title":"Liberty Pro RCS taaskasutatud plastikust juhtmevabad k\u00f5rvaklapid - Kruze.ee","robots":{"index":"index","follow":"follow","max-snippet":"max-snippet:-1","max-image-preview":"max-image-preview:large","max-video-preview":"max-video-preview:-1"},"canonical":"https:\/\/kruze.ee\/et\/toode\/liberty-pro-rcs-taaskasutatud-plastikust-juhtmevabad-korvaklapid\/","og_locale":"et_EE","og_type":"article","og_title":"Liberty Pro RCS taaskasutatud plastikust juhtmevabad k\u00f5rvaklapid - Kruze.ee","og_description":"Uue p\u00f5lvkonna juhtmevabad k\u00f5rvaklapid laadimiskarbiga, mis on valmistatud RCS (Recycled Claim Standard) sertifitseeritud taaskasutatud ABS-materjalist, kus...","og_url":"https:\/\/kruze.ee\/et\/toode\/liberty-pro-rcs-taaskasutatud-plastikust-juhtmevabad-korvaklapid\/","og_site_name":"Kruze.ee","twitter_card":"summary_large_image","twitter_misc":{"Est. reading time":"1 minut"},"schema":{"@context":"https:\/\/schema.org","@graph":[{"@type":"WebPage","@id":"https:\/\/kruze.ee\/et\/toode\/liberty-pro-rcs-taaskasutatud-plastikust-juhtmevabad-korvaklapid\/","url":"https:\/\/kruze.ee\/et\/toode\/liberty-pro-rcs-taaskasutatud-plastikust-juhtmevabad-korvaklapid\/","name":"Liberty Pro RCS taaskasutatud plastikust juhtmevabad k\u00f5rvaklapid - Kruze.ee","isPartOf":{"@id":"https:\/\/kruze.ee\/et\/#website"},"datePublished":"2026-03-18T18:58:13+00:00","breadcrumb":{"@id":"https:\/\/kruze.ee\/et\/toode\/liberty-pro-rcs-taaskasutatud-plastikust-juhtmevabad-korvaklapid\/#breadcrumb"},"inLanguage":"et","potentialAction":[{"@type":"ReadAction","target":["https:\/\/kruze.ee\/et\/toode\/liberty-pro-rcs-taaskasutatud-plastikust-juhtmevabad-korvaklapid\/"]}]},{"@type":"BreadcrumbList","@id":"https:\/\/kruze.ee\/et\/toode\/liberty-pro-rcs-taaskasutatud-plastikust-juhtmevabad-korvaklapid\/#breadcrumb","itemListElement":[{"@type":"ListItem","position":1,"name":"Home","item":"https:\/\/kruze.ee\/et\/"},{"@type":"ListItem","position":2,"name":"Tooted","item":"https:\/\/kruze.ee\/et\/tooted\/"},{"@type":"ListItem","position":3,"name":"Liberty Pro RCS taaskasutatud plastikust juhtmevabad k\u00f5rvaklapid"}]},{"@type":"WebSite","@id":"https:\/\/kruze.ee\/et\/#website","url":"https:\/\/kruze.ee\/et\/","name":"Kruze.ee","description":"Reklaamkingitused, tr&uuml;kiga T-s&auml;rgid, fliisid, dressipluused, tekstiil, joped ja paljud teised logoga meened, &Auml;rikingitused sinu partnerile! Telli juba t&auml;na.","potentialAction":[{"@type":"SearchAction","target":{"@type":"EntryPoint","urlTemplate":"https:\/\/kruze.ee\/et\/?s={search_term_string}"},"query-input":{"@type":"PropertyValueSpecification","valueRequired":true,"valueName":"search_term_string"}}],"inLanguage":"et"}]}},"_links":{"self":[{"href":"https:\/\/kruze.ee\/et\/wp-json\/wp\/v2\/product\/1445579","targetHints":{"allow":["GET"]}}],"collection":[{"href":"https:\/\/kruze.ee\/et\/wp-json\/wp\/v2\/product"}],"about":[{"href":"https:\/\/kruze.ee\/et\/wp-json\/wp\/v2\/types\/product"}],"wp:attachment":[{"href":"https:\/\/kruze.ee\/et\/wp-json\/wp\/v2\/media?parent=1445579"}],"wp:term":[{"taxonomy":"product_brand","embeddable":true,"href":"https:\/\/kruze.ee\/et\/wp-json\/wp\/v2\/product_brand?post=1445579"},{"taxonomy":"product_cat","embeddable":true,"href":"https:\/\/kruze.ee\/et\/wp-json\/wp\/v2\/product_cat?post=1445579"},{"taxonomy":"product_tag","embeddable":true,"href":"https:\/\/kruze.ee\/et\/wp-json\/wp\/v2\/product_tag?post=1445579"}],"curies":[{"name":"wp","href":"https:\/\/api.w.org\/{rel}","templated":true}]}}