{"id":1445577,"date":"2026-03-18T21:58:11","date_gmt":"2026-03-18T18:58:11","guid":{"rendered":"https:\/\/kruze.ee\/product\/rgb-manguri-korvaklapid-enc-funktsiooniga\/"},"modified":"2026-03-18T21:58:12","modified_gmt":"2026-03-18T18:58:12","slug":"rgb-manguri-korvaklapid-enc-funktsiooniga","status":"publish","type":"product","link":"https:\/\/kruze.ee\/et\/toode\/rgb-manguri-korvaklapid-enc-funktsiooniga\/","title":{"rendered":"RGB m\u00e4nguri k\u00f5rvaklapid ENC-funktsiooniga"},"content":{"rendered":"<p>T\u00f5use t\u00f5eliseks m\u00e4ngukangelaseks nende kvaliteetsete m\u00e4nguri k\u00f5rvaklappidega, mis on loodud t\u00f5sistele m\u00e4nguritele. 60 ms madala latentsusega m\u00e4ngure\u017eiim tagab, et heli ja pilt on ideaalselt s\u00fcnkroonis ilma viivituseta. T\u00e4ielik puutetundlik juhtimine v\u00f5imaldab mugavalt hallata k\u00f5rvaklappe ka keset m\u00e4ngu. Integreeritud ENC-tehnoloogia tagab kristallselge suhtluse ja k\u00f5ned ka m\u00fcrarikkas keskkonnas. Sisseehitatud RGB-valgustust saab seadistada erinevates re\u017eiimides. BT 5.1 tagab sujuva \u00fchenduse kuni 10 meetri ulatuses. IPX4 veekindlus kaitseb niiskuse ja pritsmete eest. Aku kestvus kuni 6 tundi ning k\u00f5rvaklapid laevad t\u00e4is umbes 1 tunniga, laadimiskarp v\u00f5imaldab t\u00e4iendavat laadimist liikvel olles.<\/p>\n","protected":false},"excerpt":{"rendered":"<p>T\u00f5use t\u00f5eliseks m\u00e4ngukangelaseks nende kvaliteetsete m\u00e4nguri k\u00f5rvaklappidega, mis on loodud t\u00f5sistele m\u00e4nguritele. 60 ms madala latentsusega m\u00e4ngure\u017eiim tagab,&#8230;<\/p>\n","protected":false},"featured_media":0,"template":"","meta":[],"product_brand":[],"product_cat":[5410],"product_tag":[],"class_list":{"0":"post-1445577","1":"product","2":"type-product","3":"status-publish","5":"product_cat-korvaklapid","6":"pa_gender-uniseks","7":"pa_gender-unisex","11":"first","12":"instock","13":"purchasable","14":"product-type-simple"},"acf":[],"yoast_head":"<!-- This site is optimized with the Yoast SEO plugin v26.0 - https:\/\/yoast.com\/wordpress\/plugins\/seo\/ -->\n<title>RGB m\u00e4nguri k\u00f5rvaklapid ENC-funktsiooniga - Kruze.ee<\/title>\n<meta name=\"robots\" content=\"index, follow, max-snippet:-1, max-image-preview:large, max-video-preview:-1\" \/>\n<link rel=\"canonical\" href=\"https:\/\/kruze.ee\/et\/toode\/rgb-manguri-korvaklapid-enc-funktsiooniga\/\" \/>\n<meta property=\"og:locale\" content=\"et_EE\" \/>\n<meta property=\"og:type\" content=\"article\" \/>\n<meta property=\"og:title\" content=\"RGB m\u00e4nguri k\u00f5rvaklapid ENC-funktsiooniga - Kruze.ee\" \/>\n<meta property=\"og:description\" content=\"T\u00f5use t\u00f5eliseks m\u00e4ngukangelaseks nende kvaliteetsete m\u00e4nguri k\u00f5rvaklappidega, mis on loodud t\u00f5sistele m\u00e4nguritele. 60 ms madala latentsusega m\u00e4ngure\u017eiim tagab,...\" \/>\n<meta property=\"og:url\" content=\"https:\/\/kruze.ee\/et\/toode\/rgb-manguri-korvaklapid-enc-funktsiooniga\/\" \/>\n<meta property=\"og:site_name\" content=\"Kruze.ee\" \/>\n<meta property=\"article:modified_time\" content=\"2026-03-18T18:58:12+00:00\" \/>\n<meta name=\"twitter:card\" content=\"summary_large_image\" \/>\n<meta name=\"twitter:label1\" content=\"Est. reading time\" \/>\n\t<meta name=\"twitter:data1\" content=\"1 minut\" \/>\n<script type=\"application\/ld+json\" class=\"yoast-schema-graph\">{\"@context\":\"https:\/\/schema.org\",\"@graph\":[{\"@type\":\"WebPage\",\"@id\":\"https:\/\/kruze.ee\/et\/toode\/rgb-manguri-korvaklapid-enc-funktsiooniga\/\",\"url\":\"https:\/\/kruze.ee\/et\/toode\/rgb-manguri-korvaklapid-enc-funktsiooniga\/\",\"name\":\"RGB m\u00e4nguri k\u00f5rvaklapid ENC-funktsiooniga - Kruze.ee\",\"isPartOf\":{\"@id\":\"https:\/\/kruze.ee\/et\/#website\"},\"datePublished\":\"2026-03-18T18:58:11+00:00\",\"dateModified\":\"2026-03-18T18:58:12+00:00\",\"breadcrumb\":{\"@id\":\"https:\/\/kruze.ee\/et\/toode\/rgb-manguri-korvaklapid-enc-funktsiooniga\/#breadcrumb\"},\"inLanguage\":\"et\",\"potentialAction\":[{\"@type\":\"ReadAction\",\"target\":[\"https:\/\/kruze.ee\/et\/toode\/rgb-manguri-korvaklapid-enc-funktsiooniga\/\"]}]},{\"@type\":\"BreadcrumbList\",\"@id\":\"https:\/\/kruze.ee\/et\/toode\/rgb-manguri-korvaklapid-enc-funktsiooniga\/#breadcrumb\",\"itemListElement\":[{\"@type\":\"ListItem\",\"position\":1,\"name\":\"Home\",\"item\":\"https:\/\/kruze.ee\/et\/\"},{\"@type\":\"ListItem\",\"position\":2,\"name\":\"Tooted\",\"item\":\"https:\/\/kruze.ee\/et\/tooted\/\"},{\"@type\":\"ListItem\",\"position\":3,\"name\":\"RGB m\u00e4nguri k\u00f5rvaklapid ENC-funktsiooniga\"}]},{\"@type\":\"WebSite\",\"@id\":\"https:\/\/kruze.ee\/et\/#website\",\"url\":\"https:\/\/kruze.ee\/et\/\",\"name\":\"Kruze.ee\",\"description\":\"Reklaamkingitused, tr&uuml;kiga T-s&auml;rgid, fliisid, dressipluused, tekstiil, joped ja paljud teised logoga meened, &Auml;rikingitused sinu partnerile! Telli juba t&auml;na.\",\"potentialAction\":[{\"@type\":\"SearchAction\",\"target\":{\"@type\":\"EntryPoint\",\"urlTemplate\":\"https:\/\/kruze.ee\/et\/?s={search_term_string}\"},\"query-input\":{\"@type\":\"PropertyValueSpecification\",\"valueRequired\":true,\"valueName\":\"search_term_string\"}}],\"inLanguage\":\"et\"}]}<\/script>\n<!-- \/ Yoast SEO plugin. -->","yoast_head_json":{"title":"RGB m\u00e4nguri k\u00f5rvaklapid ENC-funktsiooniga - Kruze.ee","robots":{"index":"index","follow":"follow","max-snippet":"max-snippet:-1","max-image-preview":"max-image-preview:large","max-video-preview":"max-video-preview:-1"},"canonical":"https:\/\/kruze.ee\/et\/toode\/rgb-manguri-korvaklapid-enc-funktsiooniga\/","og_locale":"et_EE","og_type":"article","og_title":"RGB m\u00e4nguri k\u00f5rvaklapid ENC-funktsiooniga - Kruze.ee","og_description":"T\u00f5use t\u00f5eliseks m\u00e4ngukangelaseks nende kvaliteetsete m\u00e4nguri k\u00f5rvaklappidega, mis on loodud t\u00f5sistele m\u00e4nguritele. 60 ms madala latentsusega m\u00e4ngure\u017eiim tagab,...","og_url":"https:\/\/kruze.ee\/et\/toode\/rgb-manguri-korvaklapid-enc-funktsiooniga\/","og_site_name":"Kruze.ee","article_modified_time":"2026-03-18T18:58:12+00:00","twitter_card":"summary_large_image","twitter_misc":{"Est. reading time":"1 minut"},"schema":{"@context":"https:\/\/schema.org","@graph":[{"@type":"WebPage","@id":"https:\/\/kruze.ee\/et\/toode\/rgb-manguri-korvaklapid-enc-funktsiooniga\/","url":"https:\/\/kruze.ee\/et\/toode\/rgb-manguri-korvaklapid-enc-funktsiooniga\/","name":"RGB m\u00e4nguri k\u00f5rvaklapid ENC-funktsiooniga - Kruze.ee","isPartOf":{"@id":"https:\/\/kruze.ee\/et\/#website"},"datePublished":"2026-03-18T18:58:11+00:00","dateModified":"2026-03-18T18:58:12+00:00","breadcrumb":{"@id":"https:\/\/kruze.ee\/et\/toode\/rgb-manguri-korvaklapid-enc-funktsiooniga\/#breadcrumb"},"inLanguage":"et","potentialAction":[{"@type":"ReadAction","target":["https:\/\/kruze.ee\/et\/toode\/rgb-manguri-korvaklapid-enc-funktsiooniga\/"]}]},{"@type":"BreadcrumbList","@id":"https:\/\/kruze.ee\/et\/toode\/rgb-manguri-korvaklapid-enc-funktsiooniga\/#breadcrumb","itemListElement":[{"@type":"ListItem","position":1,"name":"Home","item":"https:\/\/kruze.ee\/et\/"},{"@type":"ListItem","position":2,"name":"Tooted","item":"https:\/\/kruze.ee\/et\/tooted\/"},{"@type":"ListItem","position":3,"name":"RGB m\u00e4nguri k\u00f5rvaklapid ENC-funktsiooniga"}]},{"@type":"WebSite","@id":"https:\/\/kruze.ee\/et\/#website","url":"https:\/\/kruze.ee\/et\/","name":"Kruze.ee","description":"Reklaamkingitused, tr&uuml;kiga T-s&auml;rgid, fliisid, dressipluused, tekstiil, joped ja paljud teised logoga meened, &Auml;rikingitused sinu partnerile! Telli juba t&auml;na.","potentialAction":[{"@type":"SearchAction","target":{"@type":"EntryPoint","urlTemplate":"https:\/\/kruze.ee\/et\/?s={search_term_string}"},"query-input":{"@type":"PropertyValueSpecification","valueRequired":true,"valueName":"search_term_string"}}],"inLanguage":"et"}]}},"_links":{"self":[{"href":"https:\/\/kruze.ee\/et\/wp-json\/wp\/v2\/product\/1445577","targetHints":{"allow":["GET"]}}],"collection":[{"href":"https:\/\/kruze.ee\/et\/wp-json\/wp\/v2\/product"}],"about":[{"href":"https:\/\/kruze.ee\/et\/wp-json\/wp\/v2\/types\/product"}],"wp:attachment":[{"href":"https:\/\/kruze.ee\/et\/wp-json\/wp\/v2\/media?parent=1445577"}],"wp:term":[{"taxonomy":"product_brand","embeddable":true,"href":"https:\/\/kruze.ee\/et\/wp-json\/wp\/v2\/product_brand?post=1445577"},{"taxonomy":"product_cat","embeddable":true,"href":"https:\/\/kruze.ee\/et\/wp-json\/wp\/v2\/product_cat?post=1445577"},{"taxonomy":"product_tag","embeddable":true,"href":"https:\/\/kruze.ee\/et\/wp-json\/wp\/v2\/product_tag?post=1445577"}],"curies":[{"name":"wp","href":"https:\/\/api.w.org\/{rel}","templated":true}]}}