{"id":1445573,"date":"2026-03-18T21:58:08","date_gmt":"2026-03-18T18:58:08","guid":{"rendered":"https:\/\/kruze.ee\/product\/liberty-juhtmevabad-korvaklapid-laadimiskarbis\/"},"modified":"2026-03-18T21:58:08","modified_gmt":"2026-03-18T18:58:08","slug":"liberty-juhtmevabad-korvaklapid-laadimiskarbis","status":"publish","type":"product","link":"https:\/\/kruze.ee\/et\/toode\/liberty-juhtmevabad-korvaklapid-laadimiskarbis\/","title":{"rendered":"Liberty juhtmevabad k\u00f5rvaklapid laadimiskarbis"},"content":{"rendered":"<p>K\u00f5rvaklappidel on 35 mAh aku ning neid saab 400 mAh laadimiskarbis t\u00e4is laadida umbes 1 tunniga. Lihtne \u00fchendada sinu mobiiliseadmega, et kuulata lemmikmuusikat. M\u00e4nguaeg keskmise helitugevusega umbes 2 tundi. Varustatud Bluetooth 5.0 \u00fchendusega stabiilseks ja kvaliteetseks kasutuseks. T\u00f6\u00f6raadius kuni 10 meetrit. Sisseehitatud mikrofon. Komplektis 3 erineva suurusega k\u00f5rvaklapiotsikut. Valmistatud ABS-materjalist.<\/p>\n","protected":false},"excerpt":{"rendered":"<p>K\u00f5rvaklappidel on 35 mAh aku ning neid saab 400 mAh laadimiskarbis t\u00e4is laadida umbes 1 tunniga. Lihtne \u00fchendada sinu mobiiliseadmega, et kuulata&#8230;<\/p>\n","protected":false},"featured_media":0,"template":"","meta":[],"product_brand":[],"product_cat":[5410],"product_tag":[],"class_list":{"0":"post-1445573","1":"product","2":"type-product","3":"status-publish","5":"product_cat-korvaklapid","6":"pa_gender-uniseks","7":"pa_gender-unisex","11":"first","12":"instock","13":"purchasable","14":"product-type-simple"},"acf":[],"yoast_head":"<!-- This site is optimized with the Yoast SEO plugin v26.0 - https:\/\/yoast.com\/wordpress\/plugins\/seo\/ -->\n<title>Liberty juhtmevabad k\u00f5rvaklapid laadimiskarbis - Kruze.ee<\/title>\n<meta name=\"robots\" content=\"index, follow, max-snippet:-1, max-image-preview:large, max-video-preview:-1\" \/>\n<link rel=\"canonical\" href=\"https:\/\/kruze.ee\/et\/toode\/liberty-juhtmevabad-korvaklapid-laadimiskarbis\/\" \/>\n<meta property=\"og:locale\" content=\"et_EE\" \/>\n<meta property=\"og:type\" content=\"article\" \/>\n<meta property=\"og:title\" content=\"Liberty juhtmevabad k\u00f5rvaklapid laadimiskarbis - Kruze.ee\" \/>\n<meta property=\"og:description\" content=\"K\u00f5rvaklappidel on 35 mAh aku ning neid saab 400 mAh laadimiskarbis t\u00e4is laadida umbes 1 tunniga. Lihtne \u00fchendada sinu mobiiliseadmega, et kuulata...\" \/>\n<meta property=\"og:url\" content=\"https:\/\/kruze.ee\/et\/toode\/liberty-juhtmevabad-korvaklapid-laadimiskarbis\/\" \/>\n<meta property=\"og:site_name\" content=\"Kruze.ee\" \/>\n<meta name=\"twitter:card\" content=\"summary_large_image\" \/>\n<script type=\"application\/ld+json\" class=\"yoast-schema-graph\">{\"@context\":\"https:\/\/schema.org\",\"@graph\":[{\"@type\":\"WebPage\",\"@id\":\"https:\/\/kruze.ee\/et\/toode\/liberty-juhtmevabad-korvaklapid-laadimiskarbis\/\",\"url\":\"https:\/\/kruze.ee\/et\/toode\/liberty-juhtmevabad-korvaklapid-laadimiskarbis\/\",\"name\":\"Liberty juhtmevabad k\u00f5rvaklapid laadimiskarbis - Kruze.ee\",\"isPartOf\":{\"@id\":\"https:\/\/kruze.ee\/et\/#website\"},\"datePublished\":\"2026-03-18T18:58:08+00:00\",\"breadcrumb\":{\"@id\":\"https:\/\/kruze.ee\/et\/toode\/liberty-juhtmevabad-korvaklapid-laadimiskarbis\/#breadcrumb\"},\"inLanguage\":\"et\",\"potentialAction\":[{\"@type\":\"ReadAction\",\"target\":[\"https:\/\/kruze.ee\/et\/toode\/liberty-juhtmevabad-korvaklapid-laadimiskarbis\/\"]}]},{\"@type\":\"BreadcrumbList\",\"@id\":\"https:\/\/kruze.ee\/et\/toode\/liberty-juhtmevabad-korvaklapid-laadimiskarbis\/#breadcrumb\",\"itemListElement\":[{\"@type\":\"ListItem\",\"position\":1,\"name\":\"Home\",\"item\":\"https:\/\/kruze.ee\/et\/\"},{\"@type\":\"ListItem\",\"position\":2,\"name\":\"Tooted\",\"item\":\"https:\/\/kruze.ee\/et\/tooted\/\"},{\"@type\":\"ListItem\",\"position\":3,\"name\":\"Liberty juhtmevabad k\u00f5rvaklapid laadimiskarbis\"}]},{\"@type\":\"WebSite\",\"@id\":\"https:\/\/kruze.ee\/et\/#website\",\"url\":\"https:\/\/kruze.ee\/et\/\",\"name\":\"Kruze.ee\",\"description\":\"Reklaamkingitused, tr&uuml;kiga T-s&auml;rgid, fliisid, dressipluused, tekstiil, joped ja paljud teised logoga meened, &Auml;rikingitused sinu partnerile! Telli juba t&auml;na.\",\"potentialAction\":[{\"@type\":\"SearchAction\",\"target\":{\"@type\":\"EntryPoint\",\"urlTemplate\":\"https:\/\/kruze.ee\/et\/?s={search_term_string}\"},\"query-input\":{\"@type\":\"PropertyValueSpecification\",\"valueRequired\":true,\"valueName\":\"search_term_string\"}}],\"inLanguage\":\"et\"}]}<\/script>\n<!-- \/ Yoast SEO plugin. -->","yoast_head_json":{"title":"Liberty juhtmevabad k\u00f5rvaklapid laadimiskarbis - Kruze.ee","robots":{"index":"index","follow":"follow","max-snippet":"max-snippet:-1","max-image-preview":"max-image-preview:large","max-video-preview":"max-video-preview:-1"},"canonical":"https:\/\/kruze.ee\/et\/toode\/liberty-juhtmevabad-korvaklapid-laadimiskarbis\/","og_locale":"et_EE","og_type":"article","og_title":"Liberty juhtmevabad k\u00f5rvaklapid laadimiskarbis - Kruze.ee","og_description":"K\u00f5rvaklappidel on 35 mAh aku ning neid saab 400 mAh laadimiskarbis t\u00e4is laadida umbes 1 tunniga. Lihtne \u00fchendada sinu mobiiliseadmega, et kuulata...","og_url":"https:\/\/kruze.ee\/et\/toode\/liberty-juhtmevabad-korvaklapid-laadimiskarbis\/","og_site_name":"Kruze.ee","twitter_card":"summary_large_image","schema":{"@context":"https:\/\/schema.org","@graph":[{"@type":"WebPage","@id":"https:\/\/kruze.ee\/et\/toode\/liberty-juhtmevabad-korvaklapid-laadimiskarbis\/","url":"https:\/\/kruze.ee\/et\/toode\/liberty-juhtmevabad-korvaklapid-laadimiskarbis\/","name":"Liberty juhtmevabad k\u00f5rvaklapid laadimiskarbis - Kruze.ee","isPartOf":{"@id":"https:\/\/kruze.ee\/et\/#website"},"datePublished":"2026-03-18T18:58:08+00:00","breadcrumb":{"@id":"https:\/\/kruze.ee\/et\/toode\/liberty-juhtmevabad-korvaklapid-laadimiskarbis\/#breadcrumb"},"inLanguage":"et","potentialAction":[{"@type":"ReadAction","target":["https:\/\/kruze.ee\/et\/toode\/liberty-juhtmevabad-korvaklapid-laadimiskarbis\/"]}]},{"@type":"BreadcrumbList","@id":"https:\/\/kruze.ee\/et\/toode\/liberty-juhtmevabad-korvaklapid-laadimiskarbis\/#breadcrumb","itemListElement":[{"@type":"ListItem","position":1,"name":"Home","item":"https:\/\/kruze.ee\/et\/"},{"@type":"ListItem","position":2,"name":"Tooted","item":"https:\/\/kruze.ee\/et\/tooted\/"},{"@type":"ListItem","position":3,"name":"Liberty juhtmevabad k\u00f5rvaklapid laadimiskarbis"}]},{"@type":"WebSite","@id":"https:\/\/kruze.ee\/et\/#website","url":"https:\/\/kruze.ee\/et\/","name":"Kruze.ee","description":"Reklaamkingitused, tr&uuml;kiga T-s&auml;rgid, fliisid, dressipluused, tekstiil, joped ja paljud teised logoga meened, &Auml;rikingitused sinu partnerile! Telli juba t&auml;na.","potentialAction":[{"@type":"SearchAction","target":{"@type":"EntryPoint","urlTemplate":"https:\/\/kruze.ee\/et\/?s={search_term_string}"},"query-input":{"@type":"PropertyValueSpecification","valueRequired":true,"valueName":"search_term_string"}}],"inLanguage":"et"}]}},"_links":{"self":[{"href":"https:\/\/kruze.ee\/et\/wp-json\/wp\/v2\/product\/1445573","targetHints":{"allow":["GET"]}}],"collection":[{"href":"https:\/\/kruze.ee\/et\/wp-json\/wp\/v2\/product"}],"about":[{"href":"https:\/\/kruze.ee\/et\/wp-json\/wp\/v2\/types\/product"}],"wp:attachment":[{"href":"https:\/\/kruze.ee\/et\/wp-json\/wp\/v2\/media?parent=1445573"}],"wp:term":[{"taxonomy":"product_brand","embeddable":true,"href":"https:\/\/kruze.ee\/et\/wp-json\/wp\/v2\/product_brand?post=1445573"},{"taxonomy":"product_cat","embeddable":true,"href":"https:\/\/kruze.ee\/et\/wp-json\/wp\/v2\/product_cat?post=1445573"},{"taxonomy":"product_tag","embeddable":true,"href":"https:\/\/kruze.ee\/et\/wp-json\/wp\/v2\/product_tag?post=1445573"}],"curies":[{"name":"wp","href":"https:\/\/api.w.org\/{rel}","templated":true}]}}